{"id":508,"date":"2023-05-17T14:58:28","date_gmt":"2023-05-17T17:58:28","guid":{"rendered":"https:\/\/sites.uel.br\/ccb\/?page_id=508"},"modified":"2023-10-10T19:47:27","modified_gmt":"2023-10-10T22:47:27","slug":"lato-sensu","status":"publish","type":"page","link":"https:\/\/sites.uel.br\/ccb\/lato-sensu\/","title":{"rendered":"Lato sensu"},"content":{"rendered":"\n<ul class=\"wp-block-list\">\n<li><a href=\"http:\/\/www.uel.br\/pos\/biologiatd\/\" target=\"_blank\" rel=\"noreferrer noopener\">Biologia Tecidual e do Desenvolvimento<\/a><\/li>\n\n\n\n<li><a href=\"http:\/\/www.uel.br\/pos\/clinicapsicanalitica\/\" target=\"_blank\" rel=\"noreferrer noopener\">Cl\u00ednica Psicanal\u00edtica<\/a><\/li>\n\n\n\n<li><a href=\"http:\/\/www.uel.br\/pos\/ecb\/\" target=\"_blank\" rel=\"noreferrer noopener\">Ensino de Ci\u00eancias Biol\u00f3gicas<\/a><\/li>\n\n\n\n<li><a href=\"http:\/\/www.uel.br\/pos\/fisiologia\/\" target=\"_blank\" rel=\"noreferrer noopener\">Fisiologia Translacional: da Sa\u00fade \u00e0 Doen\u00e7a<\/a><\/li>\n\n\n\n<li><a href=\"http:\/\/www.uel.br\/pos\/genap\/\" target=\"_blank\" rel=\"noreferrer noopener\">Gen\u00e9tica Aplicada<\/a><\/li>\n\n\n\n<li><a href=\"http:\/\/www.uel.br\/pos\/neurociencias\/\" target=\"_blank\" rel=\"noreferrer noopener\">Neuroci\u00eancias<\/a><\/li>\n\n\n\n<li><a href=\"https:\/\/pos.uel.br\/biologiaaplicasaude\" target=\"_blank\" rel=\"noreferrer noopener\">Pesquisa Translacional e Inova\u00e7\u00e3o em Sa\u00fade<\/a><\/li>\n<\/ul>\n","protected":false},"excerpt":{"rendered":"","protected":false},"author":11,"featured_media":0,"parent":0,"menu_order":0,"comment_status":"closed","ping_status":"closed","template":"","meta":{"footnotes":""},"class_list":["post-508","page","type-page","status-publish","hentry"],"_links":{"self":[{"href":"https:\/\/sites.uel.br\/ccb\/wp-json\/wp\/v2\/pages\/508","targetHints":{"allow":["GET"]}}],"collection":[{"href":"https:\/\/sites.uel.br\/ccb\/wp-json\/wp\/v2\/pages"}],"about":[{"href":"https:\/\/sites.uel.br\/ccb\/wp-json\/wp\/v2\/types\/page"}],"author":[{"embeddable":true,"href":"https:\/\/sites.uel.br\/ccb\/wp-json\/wp\/v2\/users\/11"}],"replies":[{"embeddable":true,"href":"https:\/\/sites.uel.br\/ccb\/wp-json\/wp\/v2\/comments?post=508"}],"version-history":[{"count":4,"href":"https:\/\/sites.uel.br\/ccb\/wp-json\/wp\/v2\/pages\/508\/revisions"}],"predecessor-version":[{"id":592,"href":"https:\/\/sites.uel.br\/ccb\/wp-json\/wp\/v2\/pages\/508\/revisions\/592"}],"wp:attachment":[{"href":"https:\/\/sites.uel.br\/ccb\/wp-json\/wp\/v2\/media?parent=508"}],"curies":[{"name":"wp","href":"https:\/\/api.w.org\/{rel}","templated":true}]}}