{"id":376,"date":"2021-04-28T17:42:58","date_gmt":"2021-04-28T20:42:58","guid":{"rendered":"https:\/\/sites.uel.br\/ccb\/?page_id=376"},"modified":"2026-02-09T09:52:06","modified_gmt":"2026-02-09T12:52:06","slug":"reserva-de-salas-e-anfiteatros","status":"publish","type":"page","link":"https:\/\/sites.uel.br\/ccb\/reserva-de-salas-e-anfiteatros\/","title":{"rendered":"Reserva de salas e Anfiteatros"},"content":{"rendered":"\n<h2 class=\"wp-block-heading\">&nbsp;<strong>1. Anfiteatros Dispon\u00edveis<\/strong> \ud83c\udfeb<\/h2>\n\n\n\n<p>O CCB disp\u00f5e de quatro anfiteatros destinados a atividades acad\u00eamicas. Informa\u00e7\u00f5es detalhadas sobre equipamentos, normas de uso e demais requisitos est\u00e3o descritas nas orienta\u00e7\u00f5es espec\u00edficas de cada espa\u00e7o.<\/p>\n\n\n\n<p><strong>Lota\u00e7\u00e3o dos Anfiteatros:<\/strong><\/p>\n\n\n\n<p>\ud83d\udccd<strong>Sala 250 \u2013 Anfiteatro Cyro Grossi:<\/strong> 380 cadeiras<\/p>\n\n\n\n<p>\ud83d\udccd<strong>Sala 201 \u2013 Anfiteatro Piniquinho:<\/strong> 90 cadeiras<\/p>\n\n\n\n<p>\ud83d\udccd<strong>Sala 202 \u2013 Anfiteatro da Gen\u00e9tica:<\/strong> 120 cadeiras<\/p>\n\n\n\n<p>\ud83d\udccd<strong>Sala 241 \u2013 Anfiteatro da Morfologia:<\/strong> Interditado para reforma<\/p>\n\n\n\n<p><\/p>\n\n\n\n<p><strong>Agenda para visualiza\u00e7\u00e3o<\/strong>:<\/p>\n\n\n\n<p><iframe loading=\"lazy\" src=\"https:\/\/calendar.google.com\/calendar\/embed?title= Clique sobre o evento para obter detalhes da Agenda, tais como: numero da sala %20dos%20Anfiteatros&amp;mode=AGENDA&amp;height=800&amp;wkst=1&amp;hl=pt_BR&amp;bgcolor=%23FFFFFF&amp;src=uel.br_c914shh22c953gldg0il79ter4%40group.calendar.google.com&amp;color=%23182C57&amp;src=uel.br_fon271gmpvp70a8bq506sgb6m0%40group.calendar.google.com&amp;color=%23125A12&amp;src=uel.br_fus67pj7g3thjbbavck7o2uv3o%40group.calendar.google.com&amp;color=%238C500B&amp;src=uel.br_jnibpltb9bf8miib77gri4cv0g%40group.calendar.google.com&amp;color=%23711616&amp;ctz=America%2FSao_Paulo\" style=\"border:solid 1px #777\" width=\"595\" height=\"800\" frameborder=\"0\" scrolling=\"no\"><\/iframe><\/p>\n\n\n\n<p>\u25b6\ufe0fV\u00eddeo explicativo: acesso \u00e0 agenda mensal e filtro de anfiteatro para consulta.&nbsp;&nbsp;<a href=\"https:\/\/www.youtube.com\/watch?v=cynDvNwkIqY\">[VIDEO]<\/a><\/p>\n\n\n\n<h2 class=\"wp-block-heading\"><strong>2. Regras Gerais de Solicita\u00e7\u00e3o<\/strong><\/h2>\n\n\n\n<p>Conforme delibera\u00e7\u00e3o do Conselho do Centro, as reservas devem ser realizadas <strong>exclusivamente por docentes e\/ou servidores da UEL<\/strong> para atividades de ensino, pesquisa e extens\u00e3o.<\/p>\n\n\n\n<h3 class=\"wp-block-heading\"><strong>Solicita\u00e7\u00f5es por Discentes da UEL<\/strong> \ud83c\udf93<\/h3>\n\n\n\n<ul class=\"wp-block-list\">\n<li>Discentes podem solicitar reservas desde que <strong>haja um docente do curso ciente e respons\u00e1vel pelo evento<\/strong>.<\/li>\n\n\n\n<li>Quando n\u00e3o for poss\u00edvel vincular um docente \u2014 como em atividades de associa\u00e7\u00f5es estudantis \u2014 a solicita\u00e7\u00e3o ser\u00e1 encaminhada para <strong>avalia\u00e7\u00e3o da Dire\u00e7\u00e3o do Centro<\/strong>.<\/li>\n\n\n\n<li>O discente solicitante deve estar <strong>regularmente matriculado<\/strong> no curso ao qual pertence.<\/li>\n\n\n\n<li>Na aus\u00eancia de docente respons\u00e1vel, o discente dever\u00e1 <strong>assumir integralmente a responsabilidade por quaisquer danos ou problemas<\/strong> que ocorram durante o uso do espa\u00e7o.<\/li>\n<\/ul>\n\n\n\n<h3 class=\"wp-block-heading\"><strong>Solicita\u00e7\u00f5es por Institui\u00e7\u00f5es Externas<\/strong>\ud83c\udf10<\/h3>\n\n\n\n<ul class=\"wp-block-list\">\n<li><strong>\u00d3rg\u00e3os p\u00fablicos municipais, estaduais ou federais<\/strong> poder\u00e3o utilizar os anfiteatros <strong>com isen\u00e7\u00e3o de taxa<\/strong>\ud83c\udfdb\ufe0f, mediante an\u00e1lise e aprova\u00e7\u00e3o da Dire\u00e7\u00e3o.<\/li>\n\n\n\n<li><strong>Entidades privadas<\/strong> poder\u00e3o utilizar os espa\u00e7os mediante <strong>pagamento da taxa correspondente<\/strong>, conforme previsto na <strong>Resolu\u00e7\u00e3o CA n\u00ba 059\/2021 \u2013 Cess\u00e3o de Espa\u00e7os F\u00edsicos da UEL<\/strong>\ud83d\udcc4:<\/li>\n<\/ul>\n\n\n\n<p><a href=\"https:\/\/drive.google.com\/file\/d\/1bPiY563FybP5BMcPy0xHxVtPtqsM9cTR\/view?usp=sharing\">RESOLU\u00c7\u00c3O CA N.\u00b0 059\/2021- Regulamenta a cess\u00e3o de espa\u00e7o f\u00edsico de salas de aula e anfiteatros da Universidade Estadual de Londrina.pdf<\/a><\/p>\n\n\n\n<h2 class=\"wp-block-heading\">3. <strong>Etapas do Processo de Reserva<\/strong><\/h2>\n\n\n\n<p>1\ufe0f\u20e3&nbsp;<strong>Solicita\u00e7\u00e3o:<\/strong>&nbsp;Envie o pedido de reserva por e-mail \u2709\ufe0f(reservaccb@uel.br). <\/p>\n\n\n\n<p>2\ufe0f\u20e3&nbsp;<strong>Confirma\u00e7\u00e3o:<\/strong>&nbsp;A confirma\u00e7\u00e3o da reserva ser\u00e1 enviada por e-mail. Aguarde o recebimento da mensagem. (Para o preenchimento do termo, \u00e9 necess\u00e1rio aguardar a confirma\u00e7\u00e3o da solicita\u00e7\u00e3o. A visualiza\u00e7\u00e3o da p\u00e1gina e a indica\u00e7\u00e3o de que a data est\u00e1 livre <strong>n\u00e3o garantem<\/strong> a disponibilidade. As reservas s\u00e3o realizadas por <strong>ordem de recebimento dos e-mails<\/strong>, portanto, pode ocorrer de outro solicitante ter enviado a solicita\u00e7\u00e3o antes da sua.<\/p>\n\n\n\n<p>3\ufe0f\u20e3&nbsp;<strong>Valida\u00e7\u00e3o:<\/strong><\/p>\n\n\n\n<ul class=\"wp-block-list\">\n<li>Visualize a agenda para confirmar se as datas e hor\u00e1rios solicitados est\u00e3o corretos;<\/li>\n\n\n\n<li>Preencha o formul\u00e1rio na se\u00e7\u00e3o 4;<\/li>\n\n\n\n<li>Anexe o&nbsp;<strong>Termo de Compromisso<\/strong>&nbsp;e&nbsp;<strong>Responsabilidade&nbsp;<\/strong>devidamente assinado.<\/li>\n\n\n\n<li>\u26a0\ufe0f&nbsp;<strong>Reservas sem envio do termo assinado n\u00e3o ser\u00e3o validadas.<\/strong><\/li>\n<\/ul>\n\n\n\n<p>\u2714\ufe0f&nbsp;<strong>Importante:<\/strong>&nbsp;Consulte a agenda apenas para confer\u00eancia.<br>\ud83d\udccc&nbsp;<strong>N\u00e3o \u00e9 necess\u00e1rio enviar novo e-mail<\/strong>, exceto se houver diverg\u00eancia de data ou hor\u00e1rio.<\/p>\n\n\n\n<p><\/p>\n\n\n\n<p>\n  <strong><span style=\"color: red\">Observa\u00e7\u00e3o:<\/span><\/strong>\n  Eventos que demandam per\u00edodo adicional para prepara\u00e7\u00e3o e decora\u00e7\u00e3o, como formaturas que utilizam o per\u00edodo da tarde para montagem e ambienta\u00e7\u00e3o e ocorrem no per\u00edodo noturno. Nesses casos, quando necess\u00e1rio, ser\u00e1 solicitada a utiliza\u00e7\u00e3o do per\u00edodo da tarde para atendimento de demandas imprescind\u00edveis e de interesse do Centro.\n<\/p>\n\n\n\n<h2 class=\"wp-block-heading\">4 .<strong>Formul\u00e1rios, Orienta\u00e7\u00f5es de Uso e Termo de Responsabilidade \ud83d\uddc2\ufe0f<\/strong><\/h2>\n\n\n\n<p>\ud83d\udcc4 <strong>Formul\u00e1rio para Preenchimento<\/strong> <\/p>\n\n\n\n<p><em>Discentes do CCB, discentes de outros centros, docentes de outros centros e solicitantes externos <strong>devem preencher<\/strong> o formul\u00e1rio e seguir as orienta\u00e7\u00f5es dispon\u00edveis no documento<\/em>:<\/p>\n\n\n\n<p><img decoding=\"async\" alt=\"\u27a1\ufe0f\" src=\"https:\/\/fonts.gstatic.com\/s\/e\/notoemoji\/16.0\/27a1_fe0f\/32.png\">&nbsp;<a href=\"https:\/\/docs.google.com\/forms\/d\/e\/1FAIpQLSdzPUJyGoTcO6RGVmYRyJh0RpabZIAiNSFyFcmyceh_b2r2fQ\/viewform?usp=sharing&amp;ouid=104927385521536891670\" target=\"_blank\" rel=\"noreferrer noopener\">Formul\u00e1rio para Preenchimento<\/a><\/p>\n\n\n\n<p><strong>\u00d3rg\u00e3os da Reitoria da Universidade Estadual de Londrina e docentes vinculados ao CCB<\/strong> est\u00e3o dispensados do preenchimento do formul\u00e1rio e do envio do documento assinado. Contudo, para fins de ci\u00eancia e adequado uso dos espa\u00e7os, dever\u00e3o consultar as <strong>Orienta\u00e7\u00f5es de Uso<\/strong> e o <strong>Termo de Responsabilidade<\/strong> correspondentes a cada sala.<\/p>\n\n\n\n<p><img decoding=\"async\" src=\"https:\/\/fonts.gstatic.com\/s\/e\/notoemoji\/16.0\/1f4d8\/32.png\" alt=\"\ud83d\udcd8\"> <strong>Orienta\u00e7\u00f5es de Uso de Salas e Anfiteatros:<\/strong> <a href=\"https:\/\/drive.google.com\/drive\/u\/1\/folders\/18qSsCwP0FPTHAIoPUznakm8r_HuNvkax\" target=\"_blank\" rel=\"noreferrer noopener\">ORIENTA\u00c7\u00d5ES_DE_USO<\/a><br><img decoding=\"async\" src=\"https:\/\/fonts.gstatic.com\/s\/e\/notoemoji\/16.0\/1f4c4\/32.png\" alt=\"\ud83d\udcc4\"> <strong>Termo de Responsabilidade:<\/strong> <a href=\"https:\/\/drive.google.com\/drive\/folders\/1u9cPmRT_hhmh4sTAhROgsUIgyS1EcfKk?usp=sharing\" target=\"_blank\" rel=\"noreferrer noopener\">TERMO_DE_COMPROMISSO<\/a><\/p>\n\n\n\n<p><strong>&nbsp;Contato\ud83d\udcde<\/strong><br><strong>Bruno Muniz dos Santos<\/strong>\ud83d\udc64<br>Encarregado da Secretaria Acad\u00eamica \u2013 CCB\/UEL<br><img decoding=\"async\" src=\"https:\/\/fonts.gstatic.com\/s\/e\/notoemoji\/16.0\/1f4f1\/32.png\" alt=\"\ud83d\udcf1\">&nbsp;Telefone: (43) 3371-4853<br><img decoding=\"async\" src=\"https:\/\/fonts.gstatic.com\/s\/e\/notoemoji\/16.0\/1f4ac\/32.png\" alt=\"\ud83d\udcac\">&nbsp;WhatsApp:&nbsp;<a href=\"https:\/\/wa.me\/554333714853\" target=\"_blank\" rel=\"noreferrer noopener\">[clique aqui para conversar]<\/a><\/p>\n\n\n\n<p><\/p>\n\n\n\n<p><\/p>\n\n\n\n<p><\/p>\n\n\n\n<p><\/p>\n\n\n\n<p><\/p>\n","protected":false},"excerpt":{"rendered":"<p>&nbsp;1. Anfiteatros Dispon\u00edveis \ud83c\udfeb O CCB disp\u00f5e de quatro anfiteatros destinados a atividades acad\u00eamicas. Informa\u00e7\u00f5es detalhadas sobre equipamentos, normas de uso e demais requisitos est\u00e3o descritas nas orienta\u00e7\u00f5es espec\u00edficas de cada espa\u00e7o. Lota\u00e7\u00e3o dos Anfiteatros: \ud83d\udccdSala 250 \u2013 Anfiteatro Cyro Grossi: 380 cadeiras \ud83d\udccdSala 201 \u2013 Anfiteatro Piniquinho: 90 cadeiras \ud83d\udccdSala 202 \u2013 Anfiteatro da [&hellip;]<\/p>\n","protected":false},"author":7,"featured_media":0,"parent":0,"menu_order":0,"comment_status":"closed","ping_status":"closed","template":"","meta":{"footnotes":""},"class_list":["post-376","page","type-page","status-publish","hentry"],"_links":{"self":[{"href":"https:\/\/sites.uel.br\/ccb\/wp-json\/wp\/v2\/pages\/376","targetHints":{"allow":["GET"]}}],"collection":[{"href":"https:\/\/sites.uel.br\/ccb\/wp-json\/wp\/v2\/pages"}],"about":[{"href":"https:\/\/sites.uel.br\/ccb\/wp-json\/wp\/v2\/types\/page"}],"author":[{"embeddable":true,"href":"https:\/\/sites.uel.br\/ccb\/wp-json\/wp\/v2\/users\/7"}],"replies":[{"embeddable":true,"href":"https:\/\/sites.uel.br\/ccb\/wp-json\/wp\/v2\/comments?post=376"}],"version-history":[{"count":32,"href":"https:\/\/sites.uel.br\/ccb\/wp-json\/wp\/v2\/pages\/376\/revisions"}],"predecessor-version":[{"id":760,"href":"https:\/\/sites.uel.br\/ccb\/wp-json\/wp\/v2\/pages\/376\/revisions\/760"}],"wp:attachment":[{"href":"https:\/\/sites.uel.br\/ccb\/wp-json\/wp\/v2\/media?parent=376"}],"curies":[{"name":"wp","href":"https:\/\/api.w.org\/{rel}","templated":true}]}}