{"id":312,"date":"2021-04-06T13:05:30","date_gmt":"2021-04-06T16:05:30","guid":{"rendered":"https:\/\/sites.uel.br\/ccb\/?page_id=312"},"modified":"2021-04-06T13:59:04","modified_gmt":"2021-04-06T16:59:04","slug":"revistas","status":"publish","type":"page","link":"https:\/\/sites.uel.br\/ccb\/revistas\/","title":{"rendered":"Revistas"},"content":{"rendered":"\n<p class=\"has-medium-font-size\"><strong><a href=\"http:\/\/www.uel.br\/revistas\/uel\/index.php\/eip\" target=\"_blank\" rel=\"noreferrer noopener\">Estudos Interdisciplinares em Psicologia<\/a><\/strong><\/p>\n\n\n\n<p>A&nbsp;<strong>Revista Estudos Interdisciplinares em Psicologia<\/strong>&nbsp;(ISSN 2236-6407) \u00e9 uma publica\u00e7\u00e3o do Departamento de Psicologia e Psican\u00e1lise da UEL. Veicula informa\u00e7\u00f5es cient\u00edficas na \u00e1rea de Psicologia e sua interface com outras \u00e1reas do conhecimento. Publica relatos de pesquisas originais, artigos com pesquisas de campo e&nbsp; pesquisas te\u00f3ricas, bem como sugest\u00f5es pr\u00e1ticas implicadas no fazer profissional do psic\u00f3logo e resenhas de obras recentes na \u00e1rea da psicologia.<\/p>\n\n\n\n<p>e-mail: revistaeip@uel.br<\/p>\n\n\n\n<hr class=\"wp-block-separator is-style-wide\" \/>\n\n\n\n<h3 class=\"has-medium-font-size wp-block-heading\"><a rel=\"noreferrer noopener\" href=\"Ci\u00eancias Biol\u00f3gicas e da Sa\u00fade\" data-type=\"URL\" data-id=\"Semina: Ci\u00eancias Biol\u00f3gicas e da Sa\u00fade\" target=\"_blank\"><strong>Semina: Ci\u00eancias Biol\u00f3gicas e da Sa\u00fade<\/strong><\/a><\/h3>\n\n\n\n<p>A Revista&nbsp;<strong>Semina: Ci\u00eancias Biol\u00f3gicas e da Sa\u00fade<\/strong>&nbsp;\u00e9 uma publica\u00e7\u00e3o semestral de divulga\u00e7\u00e3o cient\u00edfica e tecnol\u00f3gica vinculada \u00e0 Universidade Estadual de Londrina. Publica artigos originais, comunica\u00e7\u00f5es e resenhas voltados \u00e0 Ci\u00eancias Biol\u00f3gicas e da Sa\u00fade&nbsp;&nbsp;de pesquisadores doutores e doutorandos. Mestrandos e graduandos podem publicar em co-autoria com doutores.&nbsp;<\/p>\n\n\n\n<p>e-mail:&nbsp;seminabio@uel.br<\/p>\n","protected":false},"excerpt":{"rendered":"<p>Estudos Interdisciplinares em Psicologia A&nbsp;Revista Estudos Interdisciplinares em Psicologia&nbsp;(ISSN 2236-6407) \u00e9 uma publica\u00e7\u00e3o do Departamento de Psicologia e Psican\u00e1lise da UEL. Veicula informa\u00e7\u00f5es cient\u00edficas na \u00e1rea de Psicologia e sua interface com outras \u00e1reas do conhecimento. Publica relatos de pesquisas originais, artigos com pesquisas de campo e&nbsp; pesquisas te\u00f3ricas, bem como sugest\u00f5es pr\u00e1ticas implicadas no [&hellip;]<\/p>\n","protected":false},"author":12,"featured_media":0,"parent":0,"menu_order":0,"comment_status":"closed","ping_status":"closed","template":"","meta":{"footnotes":""},"class_list":["post-312","page","type-page","status-publish","hentry"],"_links":{"self":[{"href":"https:\/\/sites.uel.br\/ccb\/wp-json\/wp\/v2\/pages\/312","targetHints":{"allow":["GET"]}}],"collection":[{"href":"https:\/\/sites.uel.br\/ccb\/wp-json\/wp\/v2\/pages"}],"about":[{"href":"https:\/\/sites.uel.br\/ccb\/wp-json\/wp\/v2\/types\/page"}],"author":[{"embeddable":true,"href":"https:\/\/sites.uel.br\/ccb\/wp-json\/wp\/v2\/users\/12"}],"replies":[{"embeddable":true,"href":"https:\/\/sites.uel.br\/ccb\/wp-json\/wp\/v2\/comments?post=312"}],"version-history":[{"count":4,"href":"https:\/\/sites.uel.br\/ccb\/wp-json\/wp\/v2\/pages\/312\/revisions"}],"predecessor-version":[{"id":335,"href":"https:\/\/sites.uel.br\/ccb\/wp-json\/wp\/v2\/pages\/312\/revisions\/335"}],"wp:attachment":[{"href":"https:\/\/sites.uel.br\/ccb\/wp-json\/wp\/v2\/media?parent=312"}],"curies":[{"name":"wp","href":"https:\/\/api.w.org\/{rel}","templated":true}]}}