{"id":22,"date":"2021-03-29T11:24:57","date_gmt":"2021-03-29T14:24:57","guid":{"rendered":"https:\/\/sites.uel.br\/ccb\/?page_id=22"},"modified":"2025-09-26T15:40:06","modified_gmt":"2025-09-26T18:40:06","slug":"stricto-sensu","status":"publish","type":"page","link":"https:\/\/sites.uel.br\/ccb\/stricto-sensu\/","title":{"rendered":"Stricto sensu"},"content":{"rendered":"\n<ul class=\"wp-block-list\">\n<li><a href=\"http:\/\/www.uel.br\/pos\/pgac\/\">An\u00e1lise do Comportamento<\/a><\/li>\n\n\n\n<li><a href=\"https:\/\/pos.uel.br\/biologicas\/\" target=\"_blank\" rel=\"noreferrer noopener\">Ci\u00eancias Biol\u00f3gicas<\/a><\/li>\n\n\n\n<li><a rel=\"noreferrer noopener\" href=\"http:\/\/uel.br\/pos\/pgcif\/\" data-type=\"URL\" data-id=\"uel.br\/pos\/pgcif\/\" target=\"_blank\">Ci\u00eancias Fisiol\u00f3gicas \/ Multic\u00eantrico em Ci\u00eancias Fisiol\u00f3gicas<\/a><\/li>\n\n\n\n<li><a href=\"https:\/\/pos.uel.br\/gbm\" target=\"_blank\" rel=\"noreferrer noopener\">Gen\u00e9tica e Biologia Molecular<\/a><\/li>\n\n\n\n<li><a rel=\"noreferrer noopener\" href=\"http:\/\/uel.br\/pos\/microbiologia\/\" target=\"_blank\">Microbiologia<\/a><\/li>\n\n\n\n<li><a rel=\"noreferrer noopener\" href=\"http:\/\/uel.br\/pos\/patologiaexperimental\/\" target=\"_blank\">Patologia Experimental<\/a><\/li>\n\n\n\n<li><a href=\"https:\/\/pos.uel.br\/psicologia\/\" target=\"_blank\" rel=\"noreferrer noopener\">Psicologia<\/a><\/li>\n<\/ul>\n\n\n\n<p><\/p>\n","protected":false},"excerpt":{"rendered":"","protected":false},"author":7,"featured_media":0,"parent":0,"menu_order":0,"comment_status":"closed","ping_status":"closed","template":"","meta":{"footnotes":""},"class_list":["post-22","page","type-page","status-publish","hentry"],"_links":{"self":[{"href":"https:\/\/sites.uel.br\/ccb\/wp-json\/wp\/v2\/pages\/22","targetHints":{"allow":["GET"]}}],"collection":[{"href":"https:\/\/sites.uel.br\/ccb\/wp-json\/wp\/v2\/pages"}],"about":[{"href":"https:\/\/sites.uel.br\/ccb\/wp-json\/wp\/v2\/types\/page"}],"author":[{"embeddable":true,"href":"https:\/\/sites.uel.br\/ccb\/wp-json\/wp\/v2\/users\/7"}],"replies":[{"embeddable":true,"href":"https:\/\/sites.uel.br\/ccb\/wp-json\/wp\/v2\/comments?post=22"}],"version-history":[{"count":7,"href":"https:\/\/sites.uel.br\/ccb\/wp-json\/wp\/v2\/pages\/22\/revisions"}],"predecessor-version":[{"id":699,"href":"https:\/\/sites.uel.br\/ccb\/wp-json\/wp\/v2\/pages\/22\/revisions\/699"}],"wp:attachment":[{"href":"https:\/\/sites.uel.br\/ccb\/wp-json\/wp\/v2\/media?parent=22"}],"curies":[{"name":"wp","href":"https:\/\/api.w.org\/{rel}","templated":true}]}}