{"id":15,"date":"2021-03-29T11:24:57","date_gmt":"2021-03-29T14:24:57","guid":{"rendered":"https:\/\/sites.uel.br\/ccb\/?page_id=15"},"modified":"2025-07-10T09:08:06","modified_gmt":"2025-07-10T12:08:06","slug":"direcao","status":"publish","type":"page","link":"https:\/\/sites.uel.br\/ccb\/direcao\/","title":{"rendered":"DIRE\u00c7\u00c3O"},"content":{"rendered":"\n<p><strong>Gest\u00e3o 2022-2026:<\/strong><\/p>\n\n\n\n<div class=\"wp-block-columns is-layout-flex wp-container-core-columns-is-layout-9d6595d7 wp-block-columns-is-layout-flex\">\n<div class=\"wp-block-column is-layout-flow wp-block-column-is-layout-flow\" style=\"flex-basis:30%\">\n<figure class=\"wp-block-image size-large is-resized\"><img loading=\"lazy\" decoding=\"async\" width=\"727\" height=\"1024\" src=\"https:\/\/sites.uel.br\/ccb\/wp-content\/uploads\/2023\/08\/Foto-zequi-pagina-ccb-727x1024.jpg\" alt=\"\" class=\"wp-image-517\" srcset=\"https:\/\/sites.uel.br\/ccb\/wp-content\/uploads\/2023\/08\/Foto-zequi-pagina-ccb-727x1024.jpg 727w, https:\/\/sites.uel.br\/ccb\/wp-content\/uploads\/2023\/08\/Foto-zequi-pagina-ccb-213x300.jpg 213w, https:\/\/sites.uel.br\/ccb\/wp-content\/uploads\/2023\/08\/Foto-zequi-pagina-ccb-768x1082.jpg 768w, https:\/\/sites.uel.br\/ccb\/wp-content\/uploads\/2023\/08\/Foto-zequi-pagina-ccb-1091x1536.jpg 1091w, https:\/\/sites.uel.br\/ccb\/wp-content\/uploads\/2023\/08\/Foto-zequi-pagina-ccb.jpg 1136w\" sizes=\"auto, (max-width: 727px) 100vw, 727px\" \/><\/figure>\n<\/div>\n\n\n\n<div class=\"wp-block-column is-layout-flow wp-block-column-is-layout-flow\">\n<p><strong>Diretor: Prof. Dr. Jo\u00e3o Zequi<\/strong><\/p>\n\n\n\n<p class=\"has-text-align-left\">Graduado em Ci\u00eancias Biol\u00f3gicas pela Universidade Estadual de Londrina (1999), mestre e doutor na \u00e1rea de Entomologia pela Universidade Estadual de Londrina (2005). Pesquisador Adjunto &#8211; Padr\u00e3o I (Mal\u00e1ria e Dengue) do Instituto Nacional de Pesquisas da Amaz\u00f4nia (INPA), entre 2013 \u00e0 2015. Atualmente \u00e9 docente do Departamento de Biologia Animal e Vegetal (BAV) e do Programa de P\u00f3s-gradua\u00e7\u00e3o em Ci\u00eancias Biol\u00f3gicas da Universidade Estadual de Londrina. Foi chefe do BAV de 2019 a 2022. Tem experi\u00eancia na \u00e1rea de Zoologia, com \u00eanfase em Entomologia, atuando principalmente nos seguintes temas com pesquisa: Culicidae, Controle Biol\u00f3gico e Dengue. Coordenador do grupo de pesquisa: &#8220;Biologia, Ecologia e Controle de Culicidae (Diptera)&#8221;, Editor do Informativo da Sociedade Entomol\u00f3gica do Brasil (ISEB). Avaliador ad hoc de curso de gradua\u00e7\u00e3o pelo INEP\/MEC.<\/p>\n<\/div>\n<\/div>\n\n\n\n<hr class=\"wp-block-separator has-css-opacity is-style-wide\" \/>\n\n\n\n<div class=\"wp-block-columns is-layout-flex wp-container-core-columns-is-layout-9d6595d7 wp-block-columns-is-layout-flex\">\n<div class=\"wp-block-column is-layout-flow wp-block-column-is-layout-flow\" style=\"flex-basis:30%\">\n<figure class=\"wp-block-image size-large is-resized\"><img loading=\"lazy\" decoding=\"async\" width=\"769\" height=\"1024\" src=\"https:\/\/sites.uel.br\/ccb\/wp-content\/uploads\/2023\/08\/IMG_0977_Original-1-769x1024.jpg\" alt=\"\" class=\"wp-image-518\" srcset=\"https:\/\/sites.uel.br\/ccb\/wp-content\/uploads\/2023\/08\/IMG_0977_Original-1-769x1024.jpg 769w, https:\/\/sites.uel.br\/ccb\/wp-content\/uploads\/2023\/08\/IMG_0977_Original-1-225x300.jpg 225w, https:\/\/sites.uel.br\/ccb\/wp-content\/uploads\/2023\/08\/IMG_0977_Original-1-768x1022.jpg 768w, https:\/\/sites.uel.br\/ccb\/wp-content\/uploads\/2023\/08\/IMG_0977_Original-1-1154x1536.jpg 1154w, https:\/\/sites.uel.br\/ccb\/wp-content\/uploads\/2023\/08\/IMG_0977_Original-1-1539x2048.jpg 1539w, https:\/\/sites.uel.br\/ccb\/wp-content\/uploads\/2023\/08\/IMG_0977_Original-1-scaled.jpg 1923w\" sizes=\"auto, (max-width: 769px) 100vw, 769px\" \/><\/figure>\n<\/div>\n\n\n\n<div class=\"wp-block-column is-layout-flow wp-block-column-is-layout-flow\">\n<p><strong>Vice-Diretor: Prof<\/strong>. <strong>Dr. Alex Eduardo Gallo<\/strong><\/p>\n\n\n\n<p>Professor Associado da Universidade Estadual de Londrina no Departamento de Psicologia Geral e An\u00e1lise do Comportamento. Possui gradua\u00e7\u00e3o em Psicologia pela Universidade Federal de S\u00e3o Carlos (1998), mestrado em Educa\u00e7\u00e3o Especial pela Universidade Federal de S\u00e3o Carlos (2000) e doutorado em Educa\u00e7\u00e3o Especial pela Universidade Federal de S\u00e3o Carlos (2006), com per\u00edodo no exterior no Centre for Children and Families in the Justice System &#8211; University of Western Ontario (Canad\u00e1). Atualmente \u00e9 membro permanente do Programa de P\u00f3s-Gradua\u00e3o em An\u00e1lise do Comportamento da UEL. Tem experi\u00eancia na \u00e1rea de Psicologia, com \u00eanfase em Desvios da Conduta, atuando principalmente nos seguintes temas: psicologia forense, viol\u00eancia intrafamiliar e adolescentes em conflito com a lei.<\/p>\n<\/div>\n<\/div>\n\n\n\n<p><\/p>\n\n\n\n<h2 class=\"wp-block-heading\">EQUIPE ADMINISTRATIVA<\/h2>\n\n\n\n<p><strong>Naz\u00e1ria B. Duarte<\/strong><\/p>\n\n\n\n<p>Secretaria Executiva &#8211; Ramal: 4842<\/p>\n\n\n\n<p><strong>Eduardo de Oliveira<\/strong><\/p>\n\n\n\n<p>Secretaria Financeira &#8211; Ramal: 4465<\/p>\n\n\n\n<p><strong>Valkiria Aparecida A. de O. Batista<\/strong><\/p>\n\n\n\n<p>Secretaria de Apoio Administrativo &#8211; Ramal: 4207<\/p>\n\n\n\n<p><strong>Mirian Vicentini<\/strong><\/p>\n\n\n\n<p>Secretaria de Apoio Administrativo &#8211; Ramal: 5842<\/p>\n\n\n\n<p><strong>Luiz Ricardo Alves<\/strong><\/p>\n\n\n\n<p>Secretaria de Apoio Administrativo &#8211; Ramal: 4207<\/p>\n\n\n\n<p><strong>Milena Amanda dos Santos<\/strong> <\/p>\n\n\n\n<p>Secretaria de Apoio Administrativo &#8211; Ramal: 5842<\/p>\n\n\n\n<p><strong>Bruno Muniz dos Santos<\/strong><\/p>\n\n\n\n<p>Secretaria Acad\u00eamica &#8211; Ramal: 4853<\/p>\n\n\n\n<p><strong>Matheus Salli Rodrigues <\/strong><\/p>\n\n\n\n<p>Secretaria Acad\u00eamica &#8211; Ramal: 4853<\/p>\n\n\n\n<p><strong>Osmar Ferreira<\/strong><\/p>\n\n\n\n<p>Predial &#8211; Ramal: 4207<\/p>\n","protected":false},"excerpt":{"rendered":"<p>Gest\u00e3o 2022-2026: Diretor: Prof. Dr. Jo\u00e3o Zequi Graduado em Ci\u00eancias Biol\u00f3gicas pela Universidade Estadual de Londrina (1999), mestre e doutor na \u00e1rea de Entomologia pela Universidade Estadual de Londrina (2005). Pesquisador Adjunto &#8211; Padr\u00e3o I (Mal\u00e1ria e Dengue) do Instituto Nacional de Pesquisas da Amaz\u00f4nia (INPA), entre 2013 \u00e0 2015. Atualmente \u00e9 docente do Departamento [&hellip;]<\/p>\n","protected":false},"author":7,"featured_media":0,"parent":0,"menu_order":0,"comment_status":"closed","ping_status":"closed","template":"","meta":{"footnotes":""},"class_list":["post-15","page","type-page","status-publish","hentry"],"_links":{"self":[{"href":"https:\/\/sites.uel.br\/ccb\/wp-json\/wp\/v2\/pages\/15","targetHints":{"allow":["GET"]}}],"collection":[{"href":"https:\/\/sites.uel.br\/ccb\/wp-json\/wp\/v2\/pages"}],"about":[{"href":"https:\/\/sites.uel.br\/ccb\/wp-json\/wp\/v2\/types\/page"}],"author":[{"embeddable":true,"href":"https:\/\/sites.uel.br\/ccb\/wp-json\/wp\/v2\/users\/7"}],"replies":[{"embeddable":true,"href":"https:\/\/sites.uel.br\/ccb\/wp-json\/wp\/v2\/comments?post=15"}],"version-history":[{"count":14,"href":"https:\/\/sites.uel.br\/ccb\/wp-json\/wp\/v2\/pages\/15\/revisions"}],"predecessor-version":[{"id":685,"href":"https:\/\/sites.uel.br\/ccb\/wp-json\/wp\/v2\/pages\/15\/revisions\/685"}],"wp:attachment":[{"href":"https:\/\/sites.uel.br\/ccb\/wp-json\/wp\/v2\/media?parent=15"}],"curies":[{"name":"wp","href":"https:\/\/api.w.org\/{rel}","templated":true}]}}