{"id":138,"date":"2021-04-03T11:37:15","date_gmt":"2021-04-03T14:37:15","guid":{"rendered":"https:\/\/sites.uel.br\/ccb\/?page_id=138"},"modified":"2021-04-03T11:54:09","modified_gmt":"2021-04-03T14:54:09","slug":"laboratorios","status":"publish","type":"page","link":"https:\/\/sites.uel.br\/ccb\/laboratorios\/","title":{"rendered":"Laborat\u00f3rios"},"content":{"rendered":"\n<ul class=\"wp-block-list\"><li>Bio\u00e9tica<\/li><li>Bioinform\u00e1tica<\/li><li>Biologia da Reprodu\u00e7\u00e3o<\/li><li>Laborat\u00f3rio de Citogen\u00e9tica Animal \u2013 LACA<a href=\"http:\/\/www.uel.br\/laboratorios\/laca\/\"><\/a><\/li><li>Citogen\u00e9tica Humana\u00a0\u2013\u00a0SAG<\/li><li>Laborat\u00f3rio de Citogen\u00e9tica e Diversidade Vegetal:<\/li><li>Gen\u00e9tica e Ecologia Animal \u2013 LAGEA I<\/li><li>Gen\u00e9tica e Ecologia Animal \u2013 LAGEA II<\/li><li>Gen\u00e9tica de Fungos<\/li><li>Gen\u00e9tica Molecular de Fungos\u00a0\u2013\u00a0GENOPAR<\/li><li>Gen\u00e9tica e Taxonomia de Bact\u00e9rias\u00a0\u2013\u00a0BIOINSETICIDA<\/li><li>Gen\u00e9tica Toxicol\u00f3gica<\/li><li>Instrumenta\u00e7\u00e3o em Ensino de Ci\u00eancias e Biologia<\/li><li>Marcadores Moleculares e Citogen\u00e9tica de Plantas<\/li><li>Melhoramento Gen\u00e9tico<\/li><li>Microscopia\u00a0Eletr\u00f4nica e Microan\u00e1lise<\/li><li>Toxicologia do Desenvolvimento<\/li><\/ul>\n","protected":false},"excerpt":{"rendered":"<p>Bio\u00e9tica Bioinform\u00e1tica Biologia da Reprodu\u00e7\u00e3o Laborat\u00f3rio de Citogen\u00e9tica Animal \u2013 LACA Citogen\u00e9tica Humana\u00a0\u2013\u00a0SAG Laborat\u00f3rio de Citogen\u00e9tica e Diversidade Vegetal: Gen\u00e9tica e Ecologia Animal \u2013 LAGEA I Gen\u00e9tica e Ecologia Animal \u2013 LAGEA II Gen\u00e9tica de Fungos Gen\u00e9tica Molecular de Fungos\u00a0\u2013\u00a0GENOPAR Gen\u00e9tica e Taxonomia de Bact\u00e9rias\u00a0\u2013\u00a0BIOINSETICIDA Gen\u00e9tica Toxicol\u00f3gica Instrumenta\u00e7\u00e3o em Ensino de Ci\u00eancias e Biologia Marcadores [&hellip;]<\/p>\n","protected":false},"author":7,"featured_media":0,"parent":0,"menu_order":0,"comment_status":"closed","ping_status":"closed","template":"","meta":{"footnotes":""},"class_list":["post-138","page","type-page","status-publish","hentry"],"_links":{"self":[{"href":"https:\/\/sites.uel.br\/ccb\/wp-json\/wp\/v2\/pages\/138","targetHints":{"allow":["GET"]}}],"collection":[{"href":"https:\/\/sites.uel.br\/ccb\/wp-json\/wp\/v2\/pages"}],"about":[{"href":"https:\/\/sites.uel.br\/ccb\/wp-json\/wp\/v2\/types\/page"}],"author":[{"embeddable":true,"href":"https:\/\/sites.uel.br\/ccb\/wp-json\/wp\/v2\/users\/7"}],"replies":[{"embeddable":true,"href":"https:\/\/sites.uel.br\/ccb\/wp-json\/wp\/v2\/comments?post=138"}],"version-history":[{"count":4,"href":"https:\/\/sites.uel.br\/ccb\/wp-json\/wp\/v2\/pages\/138\/revisions"}],"predecessor-version":[{"id":162,"href":"https:\/\/sites.uel.br\/ccb\/wp-json\/wp\/v2\/pages\/138\/revisions\/162"}],"wp:attachment":[{"href":"https:\/\/sites.uel.br\/ccb\/wp-json\/wp\/v2\/media?parent=138"}],"curies":[{"name":"wp","href":"https:\/\/api.w.org\/{rel}","templated":true}]}}