{"id":43,"date":"2021-03-29T11:13:23","date_gmt":"2021-03-29T14:13:23","guid":{"rendered":"https:\/\/sites.uel.br\/cca\/?page_id=43"},"modified":"2021-04-02T11:02:14","modified_gmt":"2021-04-02T14:02:14","slug":"empresas-juniores","status":"publish","type":"page","link":"https:\/\/sites.uel.br\/cca\/empresas-juniores\/","title":{"rendered":"Empresas Juniores"},"content":{"rendered":"\n<h6 class=\"has-text-align-center wp-block-heading\"><a href=\"https:\/\/www.facebook.com\/consoagroej\/\" data-type=\"URL\" data-id=\"https:\/\/www.facebook.com\/consoagroej\/\">Consoagro Consultoria e Solu\u00e7\u00f5es<\/a><\/h6>\n\n\n\n<div class=\"wp-block-image\"><figure class=\"aligncenter is-resized\"><a href=\"https:\/\/www.facebook.com\/consoagroej\/\" target=\"_blank\" rel=\"noopener\"><img loading=\"lazy\" decoding=\"async\" src=\"https:\/\/scontent.fldb5-1.fna.fbcdn.net\/v\/t1.6435-9\/s960x960\/118700038_3580528818637439_4842171349531856303_n.png?_nc_cat=105&amp;ccb=1-3&amp;_nc_sid=e3f864&amp;_nc_ohc=HXrJ6-Ixmn4AX9soICq&amp;_nc_ht=scontent.fldb5-1.fna&amp;_nc_tp=30&amp;oh=c2f8aeb22c09384ee4362ac0ff66070b&amp;oe=608ACD45\" alt=\"\" width=\"855\" height=\"437\" \/><\/a><\/figure><\/div>\n\n\n\n<p><\/p>\n\n\n\n<hr class=\"wp-block-separator is-style-wide\" \/>\n\n\n\n<h6 class=\"has-text-align-center wp-block-heading\"><a href=\"http:\/\/vetjruel.com.br\/\">VET Jr &#8211; Consultoria Veterin\u00e1ria<\/a><\/h6>\n\n\n\n<div class=\"wp-block-image\"><figure class=\"aligncenter is-resized\"><a href=\"http:\/\/vetjruel.com.br\/\" target=\"_blank\" rel=\"noopener\"><img loading=\"lazy\" decoding=\"async\" src=\"https:\/\/scontent.fldb5-1.fna.fbcdn.net\/v\/t1.6435-9\/159686084_3815750365157781_2848543364099970156_n.png?_nc_cat=105&amp;ccb=1-3&amp;_nc_sid=e3f864&amp;_nc_ohc=TT44gfNua7IAX8k_r67&amp;_nc_ht=scontent.fldb5-1.fna&amp;oh=163f7867d645c9fc3d4e3a90be9145c1&amp;oe=608BD9D6\" alt=\"\" width=\"859\" height=\"327\" \/><\/a><\/figure><\/div>\n","protected":false},"excerpt":{"rendered":"<p>Consoagro Consultoria e Solu\u00e7\u00f5es VET Jr &#8211; Consultoria Veterin\u00e1ria<\/p>\n","protected":false},"author":7,"featured_media":0,"parent":0,"menu_order":0,"comment_status":"closed","ping_status":"closed","template":"","meta":{"_acf_changed":false,"footnotes":""},"class_list":["post-43","page","type-page","status-publish","hentry"],"acf":[],"_links":{"self":[{"href":"https:\/\/sites.uel.br\/cca\/wp-json\/wp\/v2\/pages\/43","targetHints":{"allow":["GET"]}}],"collection":[{"href":"https:\/\/sites.uel.br\/cca\/wp-json\/wp\/v2\/pages"}],"about":[{"href":"https:\/\/sites.uel.br\/cca\/wp-json\/wp\/v2\/types\/page"}],"author":[{"embeddable":true,"href":"https:\/\/sites.uel.br\/cca\/wp-json\/wp\/v2\/users\/7"}],"replies":[{"embeddable":true,"href":"https:\/\/sites.uel.br\/cca\/wp-json\/wp\/v2\/comments?post=43"}],"version-history":[{"count":5,"href":"https:\/\/sites.uel.br\/cca\/wp-json\/wp\/v2\/pages\/43\/revisions"}],"predecessor-version":[{"id":158,"href":"https:\/\/sites.uel.br\/cca\/wp-json\/wp\/v2\/pages\/43\/revisions\/158"}],"wp:attachment":[{"href":"https:\/\/sites.uel.br\/cca\/wp-json\/wp\/v2\/media?parent=43"}],"curies":[{"name":"wp","href":"https:\/\/api.w.org\/{rel}","templated":true}]}}