{"id":28,"date":"2021-03-29T11:13:22","date_gmt":"2021-03-29T14:13:22","guid":{"rendered":"https:\/\/sites.uel.br\/cca\/?page_id=28"},"modified":"2021-03-30T10:01:33","modified_gmt":"2021-03-30T13:01:33","slug":"contato","status":"publish","type":"page","link":"https:\/\/sites.uel.br\/cca\/contato\/","title":{"rendered":"Contato"},"content":{"rendered":"\n<p class=\"has-small-font-size\"><strong>e-mail:<\/strong>&nbsp;<strong>cca@uel.br<\/strong><\/p>\n\n\n\n<p class=\"has-small-font-size\"><strong><em>Telefone<\/em>s:<\/strong>&nbsp;<strong>(43) 3371-4435 ou (43) 3371-4515<\/strong><\/p>\n\n\n\n<p class=\"has-small-font-size\"><strong>ENDERE\u00c7O PARA ENVIO DE CORRESPOND\u00caNCIA<\/strong><\/p>\n\n\n\n<p class=\"has-small-font-size\">Universidade Estadual de Londrina<br>Centro de Ci\u00eancias Agr\u00e1rias<br>Campus Universit\u00e1rio<br>Rodovia Celso Garcia Cid, Pr 445 Km 380<br>CEP:86057-970 \u2013 Caixa Postal 10.011<br>Londrina \u2013 PR<\/p>\n","protected":false},"excerpt":{"rendered":"<p>e-mail:&nbsp;cca@uel.br Telefones:&nbsp;(43) 3371-4435 ou (43) 3371-4515 ENDERE\u00c7O PARA ENVIO DE CORRESPOND\u00caNCIA Universidade Estadual de LondrinaCentro de Ci\u00eancias Agr\u00e1riasCampus Universit\u00e1rioRodovia Celso Garcia Cid, Pr 445 Km 380CEP:86057-970 \u2013 Caixa Postal 10.011Londrina \u2013 PR<\/p>\n","protected":false},"author":7,"featured_media":0,"parent":0,"menu_order":0,"comment_status":"closed","ping_status":"closed","template":"","meta":{"_acf_changed":false,"footnotes":""},"class_list":["post-28","page","type-page","status-publish","hentry"],"acf":[],"_links":{"self":[{"href":"https:\/\/sites.uel.br\/cca\/wp-json\/wp\/v2\/pages\/28","targetHints":{"allow":["GET"]}}],"collection":[{"href":"https:\/\/sites.uel.br\/cca\/wp-json\/wp\/v2\/pages"}],"about":[{"href":"https:\/\/sites.uel.br\/cca\/wp-json\/wp\/v2\/types\/page"}],"author":[{"embeddable":true,"href":"https:\/\/sites.uel.br\/cca\/wp-json\/wp\/v2\/users\/7"}],"replies":[{"embeddable":true,"href":"https:\/\/sites.uel.br\/cca\/wp-json\/wp\/v2\/comments?post=28"}],"version-history":[{"count":5,"href":"https:\/\/sites.uel.br\/cca\/wp-json\/wp\/v2\/pages\/28\/revisions"}],"predecessor-version":[{"id":140,"href":"https:\/\/sites.uel.br\/cca\/wp-json\/wp\/v2\/pages\/28\/revisions\/140"}],"wp:attachment":[{"href":"https:\/\/sites.uel.br\/cca\/wp-json\/wp\/v2\/media?parent=28"}],"curies":[{"name":"wp","href":"https:\/\/api.w.org\/{rel}","templated":true}]}}