{"id":27,"date":"2021-03-29T11:13:22","date_gmt":"2021-03-29T14:13:22","guid":{"rendered":"https:\/\/sites.uel.br\/cca\/?page_id=27"},"modified":"2021-04-02T10:51:01","modified_gmt":"2021-04-02T13:51:01","slug":"representantes-do-cca","status":"publish","type":"page","link":"https:\/\/sites.uel.br\/cca\/representantes-do-cca\/","title":{"rendered":"Representantes do CCA"},"content":{"rendered":"\n<blockquote class=\"wp-block-quote is-layout-flow wp-block-quote-is-layout-flow\"><p>P\u00e1gina em constru\u00e7\u00e3o<\/p><\/blockquote>\n","protected":false},"excerpt":{"rendered":"<p>P\u00e1gina em constru\u00e7\u00e3o<\/p>\n","protected":false},"author":7,"featured_media":0,"parent":0,"menu_order":0,"comment_status":"closed","ping_status":"closed","template":"","meta":{"_acf_changed":false,"footnotes":""},"class_list":["post-27","page","type-page","status-publish","hentry"],"acf":[],"_links":{"self":[{"href":"https:\/\/sites.uel.br\/cca\/wp-json\/wp\/v2\/pages\/27","targetHints":{"allow":["GET"]}}],"collection":[{"href":"https:\/\/sites.uel.br\/cca\/wp-json\/wp\/v2\/pages"}],"about":[{"href":"https:\/\/sites.uel.br\/cca\/wp-json\/wp\/v2\/types\/page"}],"author":[{"embeddable":true,"href":"https:\/\/sites.uel.br\/cca\/wp-json\/wp\/v2\/users\/7"}],"replies":[{"embeddable":true,"href":"https:\/\/sites.uel.br\/cca\/wp-json\/wp\/v2\/comments?post=27"}],"version-history":[{"count":6,"href":"https:\/\/sites.uel.br\/cca\/wp-json\/wp\/v2\/pages\/27\/revisions"}],"predecessor-version":[{"id":149,"href":"https:\/\/sites.uel.br\/cca\/wp-json\/wp\/v2\/pages\/27\/revisions\/149"}],"wp:attachment":[{"href":"https:\/\/sites.uel.br\/cca\/wp-json\/wp\/v2\/media?parent=27"}],"curies":[{"name":"wp","href":"https:\/\/api.w.org\/{rel}","templated":true}]}}