{"id":26,"date":"2021-03-29T11:13:22","date_gmt":"2021-03-29T14:13:22","guid":{"rendered":"https:\/\/sites.uel.br\/cca\/?page_id=26"},"modified":"2021-03-30T09:53:22","modified_gmt":"2021-03-30T12:53:22","slug":"secretaria-geral","status":"publish","type":"page","link":"https:\/\/sites.uel.br\/cca\/secretaria-geral\/","title":{"rendered":"Secretaria Geral"},"content":{"rendered":"\n<p class=\"has-small-font-size\"><strong>SECRETARIA EXECUTIVA<\/strong><\/p>\n\n\n\n<p class=\"has-small-font-size\">    <strong>Secret\u00e1rio Executivo Designado:&nbsp;Roberto Carlos Queir\u00f3z<\/strong><\/p>\n\n\n\n<p class=\"has-small-font-size\">    <strong>e-mail:&nbsp;cca@uel.br<\/strong><\/p>\n\n\n\n<p class=\"has-small-font-size\">    <strong>telefone:&nbsp;(43) 3371-4515<\/strong><\/p>\n\n\n\n<hr class=\"wp-block-separator is-style-wide\" \/>\n\n\n\n<p class=\"has-small-font-size\"><strong>SE\u00c7\u00c3O DE APOIO ACAD\u00caMICO<\/strong><\/p>\n\n\n\n<p class=\"has-small-font-size\">    <strong>Encarregada:&nbsp;T\u00e2nia Luiza&nbsp; da Silva Toffolli<\/strong><\/p>\n\n\n\n<p class=\"has-small-font-size\">    <strong>e-mail:&nbsp;ttoffolli@uel.br<\/strong><\/p>\n\n\n\n<p class=\"has-small-font-size\">    <strong>telefone:&nbsp;(43) 3371-4862<\/strong><\/p>\n\n\n\n<hr class=\"wp-block-separator is-style-wide\" \/>\n\n\n\n<p class=\"has-small-font-size\"><strong>SE\u00c7\u00c3O DE APOIO ADMINISTRATIVO<\/strong><\/p>\n\n\n\n<p class=\"has-small-font-size\"><strong>Encarregada:&nbsp;Luciana Cristina Fran\u00e7a Silva<\/strong><\/p>\n\n\n\n<p class=\"has-small-font-size\"><strong>e-mail:&nbsp;luci@uel.br<\/strong><\/p>\n\n\n\n<p class=\"has-small-font-size\"><strong>telefone:&nbsp;(43) 3371-4435<\/strong><\/p>\n\n\n\n<p><\/p>\n","protected":false},"excerpt":{"rendered":"<p>SECRETARIA EXECUTIVA Secret\u00e1rio Executivo Designado:&nbsp;Roberto Carlos Queir\u00f3z e-mail:&nbsp;cca@uel.br telefone:&nbsp;(43) 3371-4515 SE\u00c7\u00c3O DE APOIO ACAD\u00caMICO Encarregada:&nbsp;T\u00e2nia Luiza&nbsp; da Silva Toffolli e-mail:&nbsp;ttoffolli@uel.br telefone:&nbsp;(43) 3371-4862 SE\u00c7\u00c3O DE APOIO ADMINISTRATIVO Encarregada:&nbsp;Luciana Cristina Fran\u00e7a Silva e-mail:&nbsp;luci@uel.br telefone:&nbsp;(43) 3371-4435<\/p>\n","protected":false},"author":7,"featured_media":0,"parent":0,"menu_order":0,"comment_status":"closed","ping_status":"closed","template":"","meta":{"_acf_changed":false,"footnotes":""},"class_list":["post-26","page","type-page","status-publish","hentry"],"acf":[],"_links":{"self":[{"href":"https:\/\/sites.uel.br\/cca\/wp-json\/wp\/v2\/pages\/26","targetHints":{"allow":["GET"]}}],"collection":[{"href":"https:\/\/sites.uel.br\/cca\/wp-json\/wp\/v2\/pages"}],"about":[{"href":"https:\/\/sites.uel.br\/cca\/wp-json\/wp\/v2\/types\/page"}],"author":[{"embeddable":true,"href":"https:\/\/sites.uel.br\/cca\/wp-json\/wp\/v2\/users\/7"}],"replies":[{"embeddable":true,"href":"https:\/\/sites.uel.br\/cca\/wp-json\/wp\/v2\/comments?post=26"}],"version-history":[{"count":5,"href":"https:\/\/sites.uel.br\/cca\/wp-json\/wp\/v2\/pages\/26\/revisions"}],"predecessor-version":[{"id":132,"href":"https:\/\/sites.uel.br\/cca\/wp-json\/wp\/v2\/pages\/26\/revisions\/132"}],"wp:attachment":[{"href":"https:\/\/sites.uel.br\/cca\/wp-json\/wp\/v2\/media?parent=26"}],"curies":[{"name":"wp","href":"https:\/\/api.w.org\/{rel}","templated":true}]}}