{"id":25,"date":"2021-03-29T11:13:22","date_gmt":"2021-03-29T14:13:22","guid":{"rendered":"https:\/\/sites.uel.br\/cca\/?page_id=25"},"modified":"2023-02-03T10:46:21","modified_gmt":"2023-02-03T13:46:21","slug":"direcao-de-centro","status":"publish","type":"page","link":"https:\/\/sites.uel.br\/cca\/direcao-de-centro\/","title":{"rendered":"Dire\u00e7\u00e3o de Centro"},"content":{"rendered":"\n<p><strong>DIRETORA: Profa. Dra. In\u00eas Cristina de Batista Fonseca<\/strong><\/p>\n\n\n\n<div class=\"wp-block-columns is-layout-flex wp-container-core-columns-is-layout-9d6595d7 wp-block-columns-is-layout-flex\">\n<div class=\"wp-block-column is-layout-flow wp-block-column-is-layout-flow\" style=\"flex-basis:33.33%\"><\/div>\n\n\n\n<div class=\"wp-block-column is-layout-flow wp-block-column-is-layout-flow\" style=\"flex-basis:70%\">\n<p class=\"has-small-font-size\"><\/p>\n<\/div>\n<\/div>\n\n\n\n<p class=\"has-small-font-size\" id=\"block-c767a6d9-ef01-4a01-8e0f-c07cc6d8f04f\"><\/p>\n\n\n\n<p class=\"has-small-font-size\"><strong>e-mail:\u00a0inescbf@uel.br <\/strong><\/p>\n\n\n\n<p class=\"has-small-font-size\"><strong>Telefone:<\/strong>&nbsp;<strong>(43) 3371-4079<\/strong><\/p>\n\n\n\n<hr class=\"wp-block-separator has-css-opacity is-style-wide\"\/>\n\n\n\n<p><strong>VICE-DIRETORA:<\/strong>\u00a0<strong>Profa. Dra. Patr\u00edcia Mendes Pereira<\/strong><\/p>\n\n\n\n<div class=\"wp-block-columns is-layout-flex wp-container-core-columns-is-layout-9d6595d7 wp-block-columns-is-layout-flex\">\n<div class=\"wp-block-column is-layout-flow wp-block-column-is-layout-flow\" style=\"flex-basis:33.33%\">\n<figure class=\"wp-block-gallery has-nested-images columns-default is-cropped wp-block-gallery-1 is-layout-flex wp-block-gallery-is-layout-flex\">\n<figure class=\"wp-block-image size-large\"><img loading=\"lazy\" decoding=\"async\" width=\"632\" height=\"1024\" data-id=\"273\" src=\"https:\/\/sites.uel.br\/cca\/wp-content\/uploads\/2023\/02\/patricia2-632x1024-1.jpg\" alt=\"\" class=\"wp-image-273\" srcset=\"https:\/\/sites.uel.br\/cca\/wp-content\/uploads\/2023\/02\/patricia2-632x1024-1.jpg 632w, https:\/\/sites.uel.br\/cca\/wp-content\/uploads\/2023\/02\/patricia2-632x1024-1-185x300.jpg 185w\" sizes=\"auto, (max-width: 632px) 100vw, 632px\" \/><\/figure>\n<\/figure>\n<\/div>\n\n\n\n<div class=\"wp-block-column is-vertically-aligned-top is-layout-flow wp-block-column-is-layout-flow\" style=\"flex-basis:66.66%\">\n<p class=\"has-small-font-size\"><\/p>\n\n\n\n<p class=\"has-small-font-size\">Possui gradua\u00e7\u00e3o em Medicina Veterin\u00e1ria pela Universidade Estadual de Londrina (1993), mestrado em Patologia Animal \u2013 Disserta\u00e7\u00e3o em Cardiologia pela Faculdade de Ci\u00eancias Agr\u00e1rias e Veterin\u00e1rias \u2013 UNESP Campus de Jaboticabal (1997) e doutorado em Medicina Veterin\u00e1ria \u2013 Cl\u00ednica M\u00e9dica pela Faculdade de Ci\u00eancias Agr\u00e1rias e Veterin\u00e1rias \u2013 UNESP Campus de Jaboticabal (2006) \u2013 Tese com Anemia Hemol\u00edtica Imuno-Mediada em C\u00e3es. \u00c9 professora de Cl\u00ednica M\u00e9dica e Semiologia de Animais de Companhia na Universidade Estadual de Londrina desde 1998, onde \u00e9 coordenadora do Projeto Vida \u2013 Banco de Sangue de Animais de Companhia e do Grupo de Medicina Transfusional. Atua na \u00e1rea de Cl\u00ednica M\u00e9dica e Medicina Interna de Animais de Companhia. Docente do Curso de P\u00f3s-Gradua\u00e7\u00e3o em Ci\u00eancia Animal da Universidade Estadual de Londrina (UEL) e do Curso de Resid\u00eancia em Cl\u00ednica M\u00e9dica de Animais de Companhia UEL. Volunt\u00e1ria da ONG SOS Vida Animal da cidade de Londrina e membro da Comiss\u00e3o de Pol\u00edticas P\u00fablicas da Prefeitura de Londrina sobre a Guarda Respons\u00e1vel de animais dom\u00e9sticos.<\/p>\n\n\n\n<p class=\"has-small-font-size\">Atualmente Vice Diretora do Centro de Ci\u00eancias Agr\u00e1rias da Universidade Estadual de Londrina \u2013 UEL (2022-2026).Possui gradua\u00e7\u00e3o em Medicina Veterin\u00e1ria pela Universidade Estadual de Londrina (1993), mestrado em Patologia Animal \u2013 Disserta\u00e7\u00e3o em Cardiologia pela Faculdade de Ci\u00eancias Agr\u00e1rias e Veterin\u00e1rias \u2013 UNESP Campus de Jaboticabal (1997) e doutorado em Medicina Veterin\u00e1ria \u2013 Cl\u00ednica M\u00e9dica pela Faculdade de Ci\u00eancias Agr\u00e1rias e Veterin\u00e1rias \u2013 UNESP Campus de Jaboticabal (2006) \u2013 Tese com Anemia Hemol\u00edtica Imuno-Mediada em C\u00e3es. \u00c9 professora de Cl\u00ednica M\u00e9dica e Semiologia de Animais de Companhia na Universidade Estadual de Londrina desde 1998, onde \u00e9 coordenadora do Projeto Vida \u2013 Banco de Sangue de Animais de Companhia e do Grupo de Medicina Transfusional. Atua na \u00e1rea de Cl\u00ednica M\u00e9dica e Medicina Interna de Animais de Companhia. Docente do Curso de P\u00f3s-Gradua\u00e7\u00e3o em Ci\u00eancia Animal da Universidade Estadual de Londrina (UEL) e do Curso de Resid\u00eancia em Cl\u00ednica M\u00e9dica de Animais de Companhia UEL. Volunt\u00e1ria da ONG SOS Vida Animal da cidade de Londrina e membro da Comiss\u00e3o de Pol\u00edticas P\u00fablicas da Prefeitura de Londrina sobre a Guarda Respons\u00e1vel de animais dom\u00e9sticos. Diretora do Hospital Veterin\u00e1rio da Universidade Estadual de Londrina (2014-2018). Diretora do Centro de Ci\u00eancias Agr\u00e1rias da Universidade Estadual de Londrina \u2013 UEL (2018-2022).<\/p>\n<\/div>\n<\/div>\n\n\n\n<p class=\"has-small-font-size\"><strong>e-mail:<\/strong>\u00a0pmendes<strong>uel.br<\/strong><\/p>\n\n\n\n<p class=\"has-small-font-size\"><strong>telefone:<\/strong>\u00a0<strong>(43) 3371- 4559<\/strong><\/p>\n","protected":false},"excerpt":{"rendered":"<p>DIRETORA: Profa. Dra. In\u00eas Cristina de Batista Fonseca e-mail:\u00a0inescbf@uel.br Telefone:&nbsp;(43) 3371-4079 VICE-DIRETORA:\u00a0Profa. Dra. Patr\u00edcia Mendes Pereira Possui gradua\u00e7\u00e3o em Medicina Veterin\u00e1ria pela Universidade Estadual de Londrina (1993), mestrado em Patologia Animal \u2013 Disserta\u00e7\u00e3o em Cardiologia pela Faculdade de Ci\u00eancias Agr\u00e1rias e Veterin\u00e1rias \u2013 UNESP Campus de Jaboticabal (1997) e doutorado em Medicina Veterin\u00e1ria \u2013 Cl\u00ednica [&hellip;]<\/p>\n","protected":false},"author":7,"featured_media":206,"parent":0,"menu_order":0,"comment_status":"closed","ping_status":"closed","template":"","meta":{"_acf_changed":false,"footnotes":""},"class_list":["post-25","page","type-page","status-publish","has-post-thumbnail","hentry"],"acf":[],"_links":{"self":[{"href":"https:\/\/sites.uel.br\/cca\/wp-json\/wp\/v2\/pages\/25","targetHints":{"allow":["GET"]}}],"collection":[{"href":"https:\/\/sites.uel.br\/cca\/wp-json\/wp\/v2\/pages"}],"about":[{"href":"https:\/\/sites.uel.br\/cca\/wp-json\/wp\/v2\/types\/page"}],"author":[{"embeddable":true,"href":"https:\/\/sites.uel.br\/cca\/wp-json\/wp\/v2\/users\/7"}],"replies":[{"embeddable":true,"href":"https:\/\/sites.uel.br\/cca\/wp-json\/wp\/v2\/comments?post=25"}],"version-history":[{"count":17,"href":"https:\/\/sites.uel.br\/cca\/wp-json\/wp\/v2\/pages\/25\/revisions"}],"predecessor-version":[{"id":274,"href":"https:\/\/sites.uel.br\/cca\/wp-json\/wp\/v2\/pages\/25\/revisions\/274"}],"wp:featuredmedia":[{"embeddable":true,"href":"https:\/\/sites.uel.br\/cca\/wp-json\/wp\/v2\/media\/206"}],"wp:attachment":[{"href":"https:\/\/sites.uel.br\/cca\/wp-json\/wp\/v2\/media?parent=25"}],"curies":[{"name":"wp","href":"https:\/\/api.w.org\/{rel}","templated":true}]}}