{"id":23,"date":"2021-03-29T11:13:22","date_gmt":"2021-03-29T14:13:22","guid":{"rendered":"https:\/\/sites.uel.br\/cca\/?page_id=23"},"modified":"2021-03-30T09:19:43","modified_gmt":"2021-03-30T12:19:43","slug":"historico-do-cca","status":"publish","type":"page","link":"https:\/\/sites.uel.br\/cca\/historico-do-cca\/","title":{"rendered":"Hist\u00f3rico do CCA"},"content":{"rendered":"\n<div class=\"wp-block-columns is-layout-flex wp-container-core-columns-is-layout-9d6595d7 wp-block-columns-is-layout-flex\">\n<div class=\"wp-block-column is-layout-flow wp-block-column-is-layout-flow\">\n<ul class=\"wp-block-list\" id=\"block-0f7c61c1-470d-4133-b5ea-1a018861338a\"><li><strong>1974 a 1977 \u2013 Centro de Ci\u00eancias Rurais<\/strong><\/li><li><strong>1977 a 1983 \u2013 Centro de Ci\u00eancias Rurais e Tecnologia<\/strong><\/li><li><strong>Resolu\u00e7\u00e3o CU n\u00ba 761 de 13\/04\/1983 \u2013 Altera o Estatuto e o Regimento Geral, desdobrando o CCRT e, institui o CCA \u2013 Centro de Ci\u00eancias Agr\u00e1rias.<\/strong><\/li><\/ul>\n<\/div>\n\n\n\n<div class=\"wp-block-column is-layout-flow wp-block-column-is-layout-flow\" style=\"flex-basis:30%\">\n<figure class=\"wp-block-image is-resized\"><img loading=\"lazy\" decoding=\"async\" src=\"https:\/\/dev.sites.uel.br\/cca\/wp-content\/uploads\/sites\/10\/2020\/11\/cropped-entrada_cca-1-150x150.png\" alt=\"\" width=\"245\" height=\"245\" \/><\/figure>\n<\/div>\n<\/div>\n\n\n\n<hr class=\"wp-block-separator is-style-wide\" \/>\n\n\n\n<p><strong>O CCA \u00e9 constitu\u00eddo pelos seguintes departamentos:<\/strong><\/p>\n\n\n\n<ul class=\"wp-block-list\"><li><strong>Departamento de Agronomia<\/strong><\/li><li><strong>Departamento de Cl\u00ednicas Veterin\u00e1rias<\/strong><\/li><li><strong>Departamento de Medicina Veterin\u00e1ria Preventiva<\/strong><\/li><li><strong>Departamento de Zootecnia<\/strong><\/li><li><strong>Departamento de Ci\u00eancias e Tecnologia de Alimentos<\/strong><\/li><\/ul>\n\n\n\n<hr class=\"wp-block-separator is-style-wide\" \/>\n\n\n\n<p><strong>\u00d3rg\u00e3os suplementares vinculados academicamente ao CCA<\/strong><\/p>\n\n\n\n<ul class=\"wp-block-list\"><li><strong>Fazenda-Escola<\/strong><\/li><li><strong>Hospital-Veterin\u00e1rio<\/strong><\/li><\/ul>\n\n\n\n<hr class=\"wp-block-separator is-style-wide\" \/>\n\n\n\n<p><strong>Cursos de Gradua\u00e7\u00e3o ofertados pelo CCA, s\u00e3o:<\/strong><\/p>\n\n\n\n<ul class=\"wp-block-list\"><li><strong>Agronomia<\/strong><\/li><li><strong>Medicina Veterin\u00e1ria<\/strong><\/li><li><strong>Zootecnia<\/strong><\/li><\/ul>\n","protected":false},"excerpt":{"rendered":"<p>1974 a 1977 \u2013 Centro de Ci\u00eancias Rurais 1977 a 1983 \u2013 Centro de Ci\u00eancias Rurais e Tecnologia Resolu\u00e7\u00e3o CU n\u00ba 761 de 13\/04\/1983 \u2013 Altera o Estatuto e o Regimento Geral, desdobrando o CCRT e, institui o CCA \u2013 Centro de Ci\u00eancias Agr\u00e1rias. O CCA \u00e9 constitu\u00eddo pelos seguintes departamentos: Departamento de Agronomia Departamento [&hellip;]<\/p>\n","protected":false},"author":7,"featured_media":0,"parent":0,"menu_order":0,"comment_status":"closed","ping_status":"closed","template":"","meta":{"_acf_changed":false,"footnotes":""},"class_list":["post-23","page","type-page","status-publish","hentry"],"acf":[],"_links":{"self":[{"href":"https:\/\/sites.uel.br\/cca\/wp-json\/wp\/v2\/pages\/23","targetHints":{"allow":["GET"]}}],"collection":[{"href":"https:\/\/sites.uel.br\/cca\/wp-json\/wp\/v2\/pages"}],"about":[{"href":"https:\/\/sites.uel.br\/cca\/wp-json\/wp\/v2\/types\/page"}],"author":[{"embeddable":true,"href":"https:\/\/sites.uel.br\/cca\/wp-json\/wp\/v2\/users\/7"}],"replies":[{"embeddable":true,"href":"https:\/\/sites.uel.br\/cca\/wp-json\/wp\/v2\/comments?post=23"}],"version-history":[{"count":3,"href":"https:\/\/sites.uel.br\/cca\/wp-json\/wp\/v2\/pages\/23\/revisions"}],"predecessor-version":[{"id":113,"href":"https:\/\/sites.uel.br\/cca\/wp-json\/wp\/v2\/pages\/23\/revisions\/113"}],"wp:attachment":[{"href":"https:\/\/sites.uel.br\/cca\/wp-json\/wp\/v2\/media?parent=23"}],"curies":[{"name":"wp","href":"https:\/\/api.w.org\/{rel}","templated":true}]}}