{"id":198,"date":"2021-04-03T11:07:34","date_gmt":"2021-04-03T14:07:34","guid":{"rendered":"https:\/\/sites.uel.br\/cca\/?page_id=198"},"modified":"2025-12-15T16:58:20","modified_gmt":"2025-12-15T19:58:20","slug":"pos-graduacao-2","status":"publish","type":"page","link":"https:\/\/sites.uel.br\/cca\/pos-graduacao-2\/","title":{"rendered":"P\u00f3s-gradua\u00e7\u00e3o"},"content":{"rendered":"\n<hr class=\"wp-block-separator has-text-color has-cinza-color has-alpha-channel-opacity has-cinza-background-color has-background is-style-wide\"\/>\n\n\n\n<p><strong>P\u00f3s-Doutorado J\u00fanior (Funda\u00e7\u00e3o Arauc\u00e1ria)<\/strong><\/p>\n\n\n\n<p>Sele\u00e7\u00e3o de Bolsistas de P\u00f3s-Doutorado J\u00fanior &#8211; NAPI Abelhas na Universidade Estadual de Londrina (UEL)<\/p>\n\n\n\n<p><strong>Per\u00edodo de inscri\u00e7\u00e3o: <\/strong>27 de novembro a 08 de dezembro de 2025, at\u00e9 as 18 horas.<\/p>\n\n\n\n<p>Para mais informa\u00e7\u00f5es clique em <strong><a href=\"https:\/\/sites.uel.br\/cca\/wp-content\/uploads\/2025\/12\/3Edital-Bolsa__NAPI-Abelhas_-UEL_2025.pdf\">saiba mais<\/a><\/strong>.<\/p>\n\n\n\n<p><strong>ATA DE RESULTADO DE SELE\u00c7\u00c3O DE BOLSISTA<\/strong> para visualizar a Ata <strong><a href=\"https:\/\/sites.uel.br\/cca\/wp-content\/uploads\/2025\/12\/3ATA-de-resultados-POS-DOC.pdf\">clique no Link<\/a><\/strong>.<\/p>\n\n\n\n<p><\/p>\n\n\n\n<hr class=\"wp-block-separator has-text-color has-cinza-color has-alpha-channel-opacity has-cinza-background-color has-background is-style-wide\"\/>\n\n\n\n<p><strong>Mestrados e Doutorados<\/strong><\/p>\n\n\n\n<p><a href=\"http:\/\/www.uel.br\/pos\/pgagro\/\" target=\"_blank\" rel=\"noreferrer noopener\">Programa de P\u00f3s-gradua\u00e7\u00e3o em Agronomia<\/a><\/p>\n\n\n\n<p><a href=\"http:\/\/www.uel.br\/pos\/ciencia_animal\/\">Programa de P\u00f3s-gradua\u00e7\u00e3o em Ci\u00eancia Animal<\/a><\/p>\n\n\n\n<p><a href=\"http:\/\/www.uel.br\/cca\/dcta\/pages\/sobre-o-programa-de-pos-graduacao.php\">Programa de P\u00f3s-gradua\u00e7\u00e3o em Ci\u00eancia de Alimentos<\/a><\/p>\n\n\n\n<p><\/p>\n\n\n\n<hr class=\"wp-block-separator has-text-color has-cinza-color has-alpha-channel-opacity has-cinza-background-color has-background is-style-wide\"\/>\n\n\n\n<p><strong>Mestrado Profissional<\/strong><\/p>\n\n\n\n<p><a href=\"http:\/\/www.uel.br\/pos\/mestradoclinicasveterinarias\/\">Cl\u00ednicas Veterin\u00e1rias<\/a><\/p>\n\n\n\n<div class=\"wp-block-columns is-layout-flex wp-container-core-columns-is-layout-9d6595d7 wp-block-columns-is-layout-flex\">\n<div class=\"wp-block-column is-layout-flow wp-block-column-is-layout-flow\"><\/div>\n<\/div>\n","protected":false},"excerpt":{"rendered":"<p>P\u00f3s-Doutorado J\u00fanior (Funda\u00e7\u00e3o Arauc\u00e1ria) Sele\u00e7\u00e3o de Bolsistas de P\u00f3s-Doutorado J\u00fanior &#8211; NAPI Abelhas na Universidade Estadual de Londrina (UEL) Per\u00edodo de inscri\u00e7\u00e3o: 27 de novembro a 08 de dezembro de 2025, at\u00e9 as 18 horas. Para mais informa\u00e7\u00f5es clique em saiba mais. ATA DE RESULTADO DE SELE\u00c7\u00c3O DE BOLSISTA para visualizar a Ata clique no [&hellip;]<\/p>\n","protected":false},"author":7,"featured_media":0,"parent":0,"menu_order":0,"comment_status":"closed","ping_status":"closed","template":"","meta":{"_acf_changed":false,"footnotes":""},"class_list":["post-198","page","type-page","status-publish","hentry"],"acf":[],"_links":{"self":[{"href":"https:\/\/sites.uel.br\/cca\/wp-json\/wp\/v2\/pages\/198","targetHints":{"allow":["GET"]}}],"collection":[{"href":"https:\/\/sites.uel.br\/cca\/wp-json\/wp\/v2\/pages"}],"about":[{"href":"https:\/\/sites.uel.br\/cca\/wp-json\/wp\/v2\/types\/page"}],"author":[{"embeddable":true,"href":"https:\/\/sites.uel.br\/cca\/wp-json\/wp\/v2\/users\/7"}],"replies":[{"embeddable":true,"href":"https:\/\/sites.uel.br\/cca\/wp-json\/wp\/v2\/comments?post=198"}],"version-history":[{"count":13,"href":"https:\/\/sites.uel.br\/cca\/wp-json\/wp\/v2\/pages\/198\/revisions"}],"predecessor-version":[{"id":292,"href":"https:\/\/sites.uel.br\/cca\/wp-json\/wp\/v2\/pages\/198\/revisions\/292"}],"wp:attachment":[{"href":"https:\/\/sites.uel.br\/cca\/wp-json\/wp\/v2\/media?parent=198"}],"curies":[{"name":"wp","href":"https:\/\/api.w.org\/{rel}","templated":true}]}}