{"id":1518,"date":"2025-03-30T15:10:08","date_gmt":"2025-03-30T18:10:08","guid":{"rendered":"https:\/\/sites.uel.br\/cbuel\/?page_id=1518"},"modified":"2025-04-02T21:39:42","modified_gmt":"2025-04-03T00:39:42","slug":"fotografia","status":"publish","type":"page","link":"https:\/\/sites.uel.br\/cbuel\/fotografia\/","title":{"rendered":"Fotografia"},"content":{"rendered":"\t\t<div data-elementor-type=\"wp-page\" data-elementor-id=\"1518\" class=\"elementor elementor-1518\">\n\t\t\t\t\t\t\t<div class=\"elementor-element elementor-element-67ad0d7 e-con-boxed e-flex e-con\" data-id=\"67ad0d7\" data-element_type=\"container\" data-settings=\"{&quot;content_width&quot;:&quot;boxed&quot;}\">\n\t\t\t\t\t<div class=\"e-con-inner\">\n\t\t\t\t<div class=\"elementor-element elementor-element-674bfc8 elementor-widget elementor-widget-heading\" data-id=\"674bfc8\" data-element_type=\"widget\" data-widget_type=\"heading.default\">\n\t\t\t\t<div class=\"elementor-widget-container\">\n\t\t\t<style>\/*! elementor - v3.13.3 - 28-05-2023 *\/\n.elementor-heading-title{padding:0;margin:0;line-height:1}.elementor-widget-heading .elementor-heading-title[class*=elementor-size-]>a{color:inherit;font-size:inherit;line-height:inherit}.elementor-widget-heading .elementor-heading-title.elementor-size-small{font-size:15px}.elementor-widget-heading .elementor-heading-title.elementor-size-medium{font-size:19px}.elementor-widget-heading .elementor-heading-title.elementor-size-large{font-size:29px}.elementor-widget-heading .elementor-heading-title.elementor-size-xl{font-size:39px}.elementor-widget-heading .elementor-heading-title.elementor-size-xxl{font-size:59px}<\/style><h2 class=\"elementor-heading-title elementor-size-default\">Concurso de fotografia<\/h2>\t\t<\/div>\n\t\t\t\t<\/div>\n\t\t\t\t\t<\/div>\n\t\t\t\t<\/div>\n\t\t<div class=\"elementor-element elementor-element-f3abcd7 e-con-boxed e-flex e-con\" data-id=\"f3abcd7\" data-element_type=\"container\" data-settings=\"{&quot;content_width&quot;:&quot;boxed&quot;}\">\n\t\t\t\t\t<div class=\"e-con-inner\">\n\t\t<div class=\"elementor-element elementor-element-3753643 e-con-full e-flex e-con\" data-id=\"3753643\" data-element_type=\"container\" data-settings=\"{&quot;content_width&quot;:&quot;full&quot;}\">\n\t\t\t\t<div class=\"elementor-element elementor-element-a5af8ef elementor-align-center elementor-widget elementor-widget-button\" data-id=\"a5af8ef\" data-element_type=\"widget\" data-widget_type=\"button.default\">\n\t\t\t\t<div class=\"elementor-widget-container\">\n\t\t\t\t\t<div class=\"elementor-button-wrapper\">\n\t\t\t<a href=\"https:\/\/docs.google.com\/forms\/d\/1rgWLCaUp1Isw07OLsEoK8hxZFFvuwFYM4GnkIxpKjiE\/edit?usp=drivesdk\" class=\"elementor-button-link elementor-button elementor-size-sm\" role=\"button\">\n\t\t\t\t\t\t<span class=\"elementor-button-content-wrapper\">\n\t\t\t\t\t\t<span class=\"elementor-button-text\">Inscri\u00e7\u00e3o fotografia<\/span>\n\t\t<\/span>\n\t\t\t\t\t<\/a>\n\t\t<\/div>\n\t\t\t\t<\/div>\n\t\t\t\t<\/div>\n\t\t\t\t<\/div>\n\t\t<div class=\"elementor-element elementor-element-44a4330 e-con-full e-flex e-con\" data-id=\"44a4330\" data-element_type=\"container\" data-settings=\"{&quot;content_width&quot;:&quot;full&quot;}\">\n\t\t\t\t<div class=\"elementor-element elementor-element-deb6bfd elementor-align-center elementor-widget elementor-widget-button\" data-id=\"deb6bfd\" data-element_type=\"widget\" data-widget_type=\"button.default\">\n\t\t\t\t<div class=\"elementor-widget-container\">\n\t\t\t\t\t<div class=\"elementor-button-wrapper\">\n\t\t\t<a href=\"https:\/\/liveuel-my.sharepoint.com\/:w:\/g\/personal\/emily_hikari_konishi_live_uel_br\/ERWGnE8Ffc5HqYYER1tPLPwBbu25zzrA7ZVcoH0RRmHmWw?e=ZQiYsR\" class=\"elementor-button-link elementor-button elementor-size-sm\" role=\"button\">\n\t\t\t\t\t\t<span class=\"elementor-button-content-wrapper\">\n\t\t\t\t\t\t<span class=\"elementor-button-text\">Normas fotografia<\/span>\n\t\t<\/span>\n\t\t\t\t\t<\/a>\n\t\t<\/div>\n\t\t\t\t<\/div>\n\t\t\t\t<\/div>\n\t\t\t\t<\/div>\n\t\t\t\t\t<\/div>\n\t\t\t\t<\/div>\n\t\t<div class=\"elementor-element elementor-element-52bcb9a e-con-boxed e-flex e-con\" data-id=\"52bcb9a\" data-element_type=\"container\" data-settings=\"{&quot;content_width&quot;:&quot;boxed&quot;}\">\n\t\t\t\t\t<div class=\"e-con-inner\">\n\t\t\t\t<div class=\"elementor-element elementor-element-0745dcd elementor-widget elementor-widget-text-editor\" data-id=\"0745dcd\" data-element_type=\"widget\" data-widget_type=\"text-editor.default\">\n\t\t\t\t<div class=\"elementor-widget-container\">\n\t\t\t<style>\/*! elementor - v3.13.3 - 28-05-2023 *\/\n.elementor-widget-text-editor.elementor-drop-cap-view-stacked .elementor-drop-cap{background-color:#69727d;color:#fff}.elementor-widget-text-editor.elementor-drop-cap-view-framed .elementor-drop-cap{color:#69727d;border:3px solid;background-color:transparent}.elementor-widget-text-editor:not(.elementor-drop-cap-view-default) .elementor-drop-cap{margin-top:8px}.elementor-widget-text-editor:not(.elementor-drop-cap-view-default) .elementor-drop-cap-letter{width:1em;height:1em}.elementor-widget-text-editor .elementor-drop-cap{float:left;text-align:center;line-height:1;font-size:50px}.elementor-widget-text-editor .elementor-drop-cap-letter{display:inline-block}<\/style>\t\t\t\t<p>No dia 02 de abril as inscri\u00e7\u00f5es ser\u00e3o abertas!<\/p>\t\t\t\t\t\t<\/div>\n\t\t\t\t<\/div>\n\t\t\t\t\t<\/div>\n\t\t\t\t<\/div>\n\t\t<div class=\"elementor-element elementor-element-f9c705b e-con-boxed e-flex e-con\" data-id=\"f9c705b\" data-element_type=\"container\" data-settings=\"{&quot;content_width&quot;:&quot;boxed&quot;}\">\n\t\t\t\t\t<div class=\"e-con-inner\">\n\t\t\t\t<div class=\"elementor-element elementor-element-acf294e elementor-widget elementor-widget-heading\" data-id=\"acf294e\" data-element_type=\"widget\" data-widget_type=\"heading.default\">\n\t\t\t\t<div class=\"elementor-widget-container\">\n\t\t\t<h2 class=\"elementor-heading-title elementor-size-large\">Informa\u00e7\u00f5es gerais <\/h2>\t\t<\/div>\n\t\t\t\t<\/div>\n\t\t\t\t<div class=\"elementor-element elementor-element-6738de5 elementor-widget elementor-widget-text-editor\" data-id=\"6738de5\" data-element_type=\"widget\" data-widget_type=\"text-editor.default\">\n\t\t\t\t<div class=\"elementor-widget-container\">\n\t\t\t\t\t\t\t<ol><li><span style=\"font-weight: 400;\">Ao se inscrever, o participante concorda automaticamente com a exibi\u00e7\u00e3o de sua foto em materiais do evento.<\/span><\/li><li><span style=\"font-weight: 400;\">As imagens devem estar no formato <\/span><b>JPEG <\/b><span style=\"font-weight: 400;\">e n\u00e3o podem conter marcas d&#8217;\u00e1gua, assinaturas ou qualquer tipo de identifica\u00e7\u00e3o.<\/span><\/li><li><span style=\"font-weight: 400;\">Cada participante pode enviar <\/span><b>at\u00e9 1 (uma) fotografia<\/b><span style=\"font-weight: 400;\"> autoral, em alta resolu\u00e7\u00e3o (m\u00ednimo de 1920 x 1080 pixels) com 300dpi;<\/span><\/li><li style=\"font-weight: 400;\" aria-level=\"1\"><span style=\"font-weight: 400;\">Para mais informa\u00e7\u00f5es baixar normas do concurso de fotografia link das <a href=\"https:\/\/liveuel-my.sharepoint.com\/:w:\/g\/personal\/emily_hikari_konishi_live_uel_br\/ERWGnE8Ffc5HqYYER1tPLPwBbu25zzrA7ZVcoH0RRmHmWw?e=ZQiYsR\" target=\"_blank\" rel=\"noopener\">normas fotografia<\/a>.<\/span><\/li><\/ol>\t\t\t\t\t\t<\/div>\n\t\t\t\t<\/div>\n\t\t\t\t\t<\/div>\n\t\t\t\t<\/div>\n\t\t\t\t\t\t\t<\/div>\n\t\t","protected":false},"excerpt":{"rendered":"<p>Concurso de fotografia Inscri\u00e7\u00e3o fotografia Normas fotografia No dia 02 de abril as inscri\u00e7\u00f5es ser\u00e3o abertas! Informa\u00e7\u00f5es gerais Ao se inscrever, o participante concorda automaticamente com a exibi\u00e7\u00e3o de sua foto em materiais do evento. As imagens devem estar no formato JPEG e n\u00e3o podem conter marcas d&#8217;\u00e1gua, assinaturas ou qualquer tipo de identifica\u00e7\u00e3o. Cada [&hellip;]<\/p>\n","protected":false},"author":6,"featured_media":0,"parent":0,"menu_order":0,"comment_status":"closed","ping_status":"closed","template":"elementor_header_footer","meta":{"footnotes":""},"class_list":["post-1518","page","type-page","status-publish","hentry"],"acf":[],"_links":{"self":[{"href":"https:\/\/sites.uel.br\/cbuel\/wp-json\/wp\/v2\/pages\/1518","targetHints":{"allow":["GET"]}}],"collection":[{"href":"https:\/\/sites.uel.br\/cbuel\/wp-json\/wp\/v2\/pages"}],"about":[{"href":"https:\/\/sites.uel.br\/cbuel\/wp-json\/wp\/v2\/types\/page"}],"author":[{"embeddable":true,"href":"https:\/\/sites.uel.br\/cbuel\/wp-json\/wp\/v2\/users\/6"}],"replies":[{"embeddable":true,"href":"https:\/\/sites.uel.br\/cbuel\/wp-json\/wp\/v2\/comments?post=1518"}],"version-history":[{"count":10,"href":"https:\/\/sites.uel.br\/cbuel\/wp-json\/wp\/v2\/pages\/1518\/revisions"}],"predecessor-version":[{"id":1560,"href":"https:\/\/sites.uel.br\/cbuel\/wp-json\/wp\/v2\/pages\/1518\/revisions\/1560"}],"wp:attachment":[{"href":"https:\/\/sites.uel.br\/cbuel\/wp-json\/wp\/v2\/media?parent=1518"}],"curies":[{"name":"wp","href":"https:\/\/api.w.org\/{rel}","templated":true}]}}