{"id":1513,"date":"2025-03-30T15:05:11","date_gmt":"2025-03-30T18:05:11","guid":{"rendered":"https:\/\/sites.uel.br\/cbuel\/?page_id=1513"},"modified":"2025-04-01T21:42:42","modified_gmt":"2025-04-02T00:42:42","slug":"ilustracao-cientifica","status":"publish","type":"page","link":"https:\/\/sites.uel.br\/cbuel\/ilustracao-cientifica\/","title":{"rendered":"Ilustra\u00e7\u00e3o cient\u00edfica"},"content":{"rendered":"\t\t<div data-elementor-type=\"wp-page\" data-elementor-id=\"1513\" class=\"elementor elementor-1513\">\n\t\t\t\t\t\t\t<div class=\"elementor-element elementor-element-67ad0d7 e-con-boxed e-flex e-con\" data-id=\"67ad0d7\" data-element_type=\"container\" data-settings=\"{&quot;content_width&quot;:&quot;boxed&quot;}\">\n\t\t\t\t\t<div class=\"e-con-inner\">\n\t\t\t\t<div class=\"elementor-element elementor-element-674bfc8 elementor-widget elementor-widget-heading\" data-id=\"674bfc8\" data-element_type=\"widget\" data-widget_type=\"heading.default\">\n\t\t\t\t<div class=\"elementor-widget-container\">\n\t\t\t<style>\/*! elementor - v3.13.3 - 28-05-2023 *\/\n.elementor-heading-title{padding:0;margin:0;line-height:1}.elementor-widget-heading .elementor-heading-title[class*=elementor-size-]>a{color:inherit;font-size:inherit;line-height:inherit}.elementor-widget-heading .elementor-heading-title.elementor-size-small{font-size:15px}.elementor-widget-heading .elementor-heading-title.elementor-size-medium{font-size:19px}.elementor-widget-heading .elementor-heading-title.elementor-size-large{font-size:29px}.elementor-widget-heading .elementor-heading-title.elementor-size-xl{font-size:39px}.elementor-widget-heading .elementor-heading-title.elementor-size-xxl{font-size:59px}<\/style><h2 class=\"elementor-heading-title elementor-size-default\">Concurso de Ilustra\u00e7\u00e3o Cient\u00edfica<\/h2>\t\t<\/div>\n\t\t\t\t<\/div>\n\t\t\t\t\t<\/div>\n\t\t\t\t<\/div>\n\t\t<div class=\"elementor-element elementor-element-669d5c3 e-con-boxed e-flex e-con\" data-id=\"669d5c3\" data-element_type=\"container\" data-settings=\"{&quot;content_width&quot;:&quot;boxed&quot;}\">\n\t\t\t\t\t<div class=\"e-con-inner\">\n\t\t<div class=\"elementor-element elementor-element-139b250 e-con-full e-flex e-con\" data-id=\"139b250\" data-element_type=\"container\" data-settings=\"{&quot;content_width&quot;:&quot;full&quot;}\">\n\t\t\t\t<div class=\"elementor-element elementor-element-7ac4bf7 elementor-align-center elementor-widget elementor-widget-button\" data-id=\"7ac4bf7\" data-element_type=\"widget\" data-widget_type=\"button.default\">\n\t\t\t\t<div class=\"elementor-widget-container\">\n\t\t\t\t\t<div class=\"elementor-button-wrapper\">\n\t\t\t<a href=\"https:\/\/docs.google.com\/forms\/d\/1uiUZgV6cOSiHnJaUf1MNwR_C2bG1HOOiliZlvFNAoOY\/edit?usp=drivesdk\" class=\"elementor-button-link elementor-button elementor-size-sm\" role=\"button\">\n\t\t\t\t\t\t<span class=\"elementor-button-content-wrapper\">\n\t\t\t\t\t\t<span class=\"elementor-button-text\">Inscri\u00e7\u00f5es ilustra\u00e7\u00e3o cient\u00edfica <\/span>\n\t\t<\/span>\n\t\t\t\t\t<\/a>\n\t\t<\/div>\n\t\t\t\t<\/div>\n\t\t\t\t<\/div>\n\t\t\t\t<\/div>\n\t\t<div class=\"elementor-element elementor-element-4723046 e-con-full e-flex e-con\" data-id=\"4723046\" data-element_type=\"container\" data-settings=\"{&quot;content_width&quot;:&quot;full&quot;}\">\n\t\t\t\t<div class=\"elementor-element elementor-element-134584b elementor-align-center elementor-widget elementor-widget-button\" data-id=\"134584b\" data-element_type=\"widget\" data-widget_type=\"button.default\">\n\t\t\t\t<div class=\"elementor-widget-container\">\n\t\t\t\t\t<div class=\"elementor-button-wrapper\">\n\t\t\t<a href=\"https:\/\/liveuel-my.sharepoint.com\/:w:\/g\/personal\/emily_hikari_konishi_live_uel_br\/Ec9RqQLk8TpAuYdtsjaAXLAByGsRa9bg15OepcFJWGJ0vQ?e=hfBZSI\" class=\"elementor-button-link elementor-button elementor-size-sm\" role=\"button\">\n\t\t\t\t\t\t<span class=\"elementor-button-content-wrapper\">\n\t\t\t\t\t\t<span class=\"elementor-button-text\">Normas  ilustra\u00e7\u00e3o cient\u00edfica<\/span>\n\t\t<\/span>\n\t\t\t\t\t<\/a>\n\t\t<\/div>\n\t\t\t\t<\/div>\n\t\t\t\t<\/div>\n\t\t\t\t<\/div>\n\t\t\t\t\t<\/div>\n\t\t\t\t<\/div>\n\t\t<div class=\"elementor-element elementor-element-52bcb9a e-con-boxed e-flex e-con\" data-id=\"52bcb9a\" data-element_type=\"container\" data-settings=\"{&quot;content_width&quot;:&quot;boxed&quot;}\">\n\t\t\t\t\t<div class=\"e-con-inner\">\n\t\t\t\t<div class=\"elementor-element elementor-element-0745dcd elementor-widget elementor-widget-text-editor\" data-id=\"0745dcd\" data-element_type=\"widget\" data-widget_type=\"text-editor.default\">\n\t\t\t\t<div class=\"elementor-widget-container\">\n\t\t\t<style>\/*! elementor - v3.13.3 - 28-05-2023 *\/\n.elementor-widget-text-editor.elementor-drop-cap-view-stacked .elementor-drop-cap{background-color:#69727d;color:#fff}.elementor-widget-text-editor.elementor-drop-cap-view-framed .elementor-drop-cap{color:#69727d;border:3px solid;background-color:transparent}.elementor-widget-text-editor:not(.elementor-drop-cap-view-default) .elementor-drop-cap{margin-top:8px}.elementor-widget-text-editor:not(.elementor-drop-cap-view-default) .elementor-drop-cap-letter{width:1em;height:1em}.elementor-widget-text-editor .elementor-drop-cap{float:left;text-align:center;line-height:1;font-size:50px}.elementor-widget-text-editor .elementor-drop-cap-letter{display:inline-block}<\/style>\t\t\t\t<p>No dia 02 de abril as inscri\u00e7\u00f5es ser\u00e3o abertas!<\/p>\t\t\t\t\t\t<\/div>\n\t\t\t\t<\/div>\n\t\t\t\t\t<\/div>\n\t\t\t\t<\/div>\n\t\t<div class=\"elementor-element elementor-element-f9c705b e-con-boxed e-flex e-con\" data-id=\"f9c705b\" data-element_type=\"container\" data-settings=\"{&quot;content_width&quot;:&quot;boxed&quot;}\">\n\t\t\t\t\t<div class=\"e-con-inner\">\n\t\t\t\t<div class=\"elementor-element elementor-element-acf294e elementor-widget elementor-widget-heading\" data-id=\"acf294e\" data-element_type=\"widget\" data-widget_type=\"heading.default\">\n\t\t\t\t<div class=\"elementor-widget-container\">\n\t\t\t<h2 class=\"elementor-heading-title elementor-size-large\">Informa\u00e7\u00f5es gerais <\/h2>\t\t<\/div>\n\t\t\t\t<\/div>\n\t\t\t\t<div class=\"elementor-element elementor-element-6738de5 elementor-widget elementor-widget-text-editor\" data-id=\"6738de5\" data-element_type=\"widget\" data-widget_type=\"text-editor.default\">\n\t\t\t\t<div class=\"elementor-widget-container\">\n\t\t\t\t\t\t\t<ol><li style=\"font-weight: 400;\" aria-level=\"1\"><span style=\"font-weight: 400;\">Cada participante pode inscrever <\/span><b>at\u00e9 1 (uma) ilustra\u00e7\u00e3o<\/b><span style=\"font-weight: 400;\">, devendo trazer o desenho impresso ou desenhado <\/span><b>em folha tamanho A5 at\u00e9 o tamanho A4<\/b><span style=\"font-weight: 400;\"> para exposi\u00e7\u00e3o no evento;<\/span><\/li><li style=\"font-weight: 400;\" aria-level=\"1\"><span style=\"font-weight: 400;\">A entrega da ilustra\u00e7\u00e3o f\u00edsica dever\u00e1 ser feita no laborat\u00f3rio de ictiologia da UEL &#8211; LIC, nos dias 05 e 06 de maio, devidamente identificada com um pseud\u00f4nimo no verso;<\/span><\/li><li style=\"font-weight: 400;\" aria-level=\"1\"><span style=\"font-weight: 400;\">O nome do autor n\u00e3o pode estar vis\u00edvel na frente da ilustra\u00e7\u00e3o para garantir imparcialidade na vota\u00e7\u00e3o;<\/span><\/li><li style=\"font-weight: 400;\" aria-level=\"1\"><span style=\"font-weight: 400;\">Ao se inscrever, o participante concorda automaticamente com a exibi\u00e7\u00e3o de sua foto em materiais do evento;<\/span><\/li><li style=\"font-weight: 400;\" aria-level=\"1\"><span style=\"font-weight: 400;\">Para mais informa\u00e7\u00f5es baixar normas do concurso de ilustra\u00e7\u00e3o cient\u00edfica link das <a href=\"https:\/\/liveuel-my.sharepoint.com\/:w:\/g\/personal\/emily_hikari_konishi_live_uel_br\/Ec9RqQLk8TpAuYdtsjaAXLAByGsRa9bg15OepcFJWGJ0vQ?e=hfBZSI\">normas ilustra\u00e7\u00e3o cient\u00edfica<\/a>.<\/span><\/li><\/ol>\t\t\t\t\t\t<\/div>\n\t\t\t\t<\/div>\n\t\t\t\t\t<\/div>\n\t\t\t\t<\/div>\n\t\t\t\t\t\t\t<\/div>\n\t\t","protected":false},"excerpt":{"rendered":"<p>Concurso de Ilustra\u00e7\u00e3o Cient\u00edfica Inscri\u00e7\u00f5es ilustra\u00e7\u00e3o cient\u00edfica Normas ilustra\u00e7\u00e3o cient\u00edfica No dia 02 de abril as inscri\u00e7\u00f5es ser\u00e3o abertas! Informa\u00e7\u00f5es gerais Cada participante pode inscrever at\u00e9 1 (uma) ilustra\u00e7\u00e3o, devendo trazer o desenho impresso ou desenhado em folha tamanho A5 at\u00e9 o tamanho A4 para exposi\u00e7\u00e3o no evento; A entrega da ilustra\u00e7\u00e3o f\u00edsica dever\u00e1 ser [&hellip;]<\/p>\n","protected":false},"author":6,"featured_media":0,"parent":0,"menu_order":0,"comment_status":"closed","ping_status":"closed","template":"elementor_header_footer","meta":{"footnotes":""},"class_list":["post-1513","page","type-page","status-publish","hentry"],"acf":[],"_links":{"self":[{"href":"https:\/\/sites.uel.br\/cbuel\/wp-json\/wp\/v2\/pages\/1513","targetHints":{"allow":["GET"]}}],"collection":[{"href":"https:\/\/sites.uel.br\/cbuel\/wp-json\/wp\/v2\/pages"}],"about":[{"href":"https:\/\/sites.uel.br\/cbuel\/wp-json\/wp\/v2\/types\/page"}],"author":[{"embeddable":true,"href":"https:\/\/sites.uel.br\/cbuel\/wp-json\/wp\/v2\/users\/6"}],"replies":[{"embeddable":true,"href":"https:\/\/sites.uel.br\/cbuel\/wp-json\/wp\/v2\/comments?post=1513"}],"version-history":[{"count":10,"href":"https:\/\/sites.uel.br\/cbuel\/wp-json\/wp\/v2\/pages\/1513\/revisions"}],"predecessor-version":[{"id":1547,"href":"https:\/\/sites.uel.br\/cbuel\/wp-json\/wp\/v2\/pages\/1513\/revisions\/1547"}],"wp:attachment":[{"href":"https:\/\/sites.uel.br\/cbuel\/wp-json\/wp\/v2\/media?parent=1513"}],"curies":[{"name":"wp","href":"https:\/\/api.w.org\/{rel}","templated":true}]}}