{"id":1508,"date":"2025-03-30T15:03:43","date_gmt":"2025-03-30T18:03:43","guid":{"rendered":"https:\/\/sites.uel.br\/cbuel\/?page_id=1508"},"modified":"2025-04-01T21:42:48","modified_gmt":"2025-04-02T00:42:48","slug":"concurso","status":"publish","type":"page","link":"https:\/\/sites.uel.br\/cbuel\/concurso\/","title":{"rendered":"Concurso"},"content":{"rendered":"\t\t<div data-elementor-type=\"wp-page\" data-elementor-id=\"1508\" class=\"elementor elementor-1508\">\n\t\t\t\t\t\t\t<div class=\"elementor-element elementor-element-51eb2e7 e-con-boxed e-flex e-con\" data-id=\"51eb2e7\" data-element_type=\"container\" data-settings=\"{&quot;content_width&quot;:&quot;boxed&quot;}\">\n\t\t\t\t\t<div class=\"e-con-inner\">\n\t\t\t\t<div class=\"elementor-element elementor-element-f145b12 elementor-widget elementor-widget-heading\" data-id=\"f145b12\" data-element_type=\"widget\" data-widget_type=\"heading.default\">\n\t\t\t\t<div class=\"elementor-widget-container\">\n\t\t\t<style>\/*! elementor - v3.13.3 - 28-05-2023 *\/\n.elementor-heading-title{padding:0;margin:0;line-height:1}.elementor-widget-heading .elementor-heading-title[class*=elementor-size-]>a{color:inherit;font-size:inherit;line-height:inherit}.elementor-widget-heading .elementor-heading-title.elementor-size-small{font-size:15px}.elementor-widget-heading .elementor-heading-title.elementor-size-medium{font-size:19px}.elementor-widget-heading .elementor-heading-title.elementor-size-large{font-size:29px}.elementor-widget-heading .elementor-heading-title.elementor-size-xl{font-size:39px}.elementor-widget-heading .elementor-heading-title.elementor-size-xxl{font-size:59px}<\/style><h2 class=\"elementor-heading-title elementor-size-default\">Concursos<\/h2>\t\t<\/div>\n\t\t\t\t<\/div>\n\t\t\t\t\t<\/div>\n\t\t\t\t<\/div>\n\t\t<div class=\"elementor-element elementor-element-ff9c9ef e-con-boxed e-flex e-con\" data-id=\"ff9c9ef\" data-element_type=\"container\" data-settings=\"{&quot;content_width&quot;:&quot;boxed&quot;}\">\n\t\t\t\t\t<div class=\"e-con-inner\">\n\t\t\t\t<div class=\"elementor-element elementor-element-66a2378 elementor-widget elementor-widget-text-editor\" data-id=\"66a2378\" data-element_type=\"widget\" data-widget_type=\"text-editor.default\">\n\t\t\t\t<div class=\"elementor-widget-container\">\n\t\t\t<style>\/*! elementor - v3.13.3 - 28-05-2023 *\/\n.elementor-widget-text-editor.elementor-drop-cap-view-stacked .elementor-drop-cap{background-color:#69727d;color:#fff}.elementor-widget-text-editor.elementor-drop-cap-view-framed .elementor-drop-cap{color:#69727d;border:3px solid;background-color:transparent}.elementor-widget-text-editor:not(.elementor-drop-cap-view-default) .elementor-drop-cap{margin-top:8px}.elementor-widget-text-editor:not(.elementor-drop-cap-view-default) .elementor-drop-cap-letter{width:1em;height:1em}.elementor-widget-text-editor .elementor-drop-cap{float:left;text-align:center;line-height:1;font-size:50px}.elementor-widget-text-editor .elementor-drop-cap-letter{display:inline-block}<\/style>\t\t\t\t<p>Teremos dois concursos um de Ilustra\u00e7\u00e3o cient\u00edfica e um de fotografia!<br \/>as inscri\u00e7\u00f5es iram come\u00e7ar no dia 02 de abril!<\/p>\t\t\t\t\t\t<\/div>\n\t\t\t\t<\/div>\n\t\t\t\t\t<\/div>\n\t\t\t\t<\/div>\n\t\t<div class=\"elementor-element elementor-element-e54fb71 e-con-boxed e-flex e-con\" data-id=\"e54fb71\" data-element_type=\"container\" data-settings=\"{&quot;content_width&quot;:&quot;boxed&quot;}\">\n\t\t\t\t\t<div class=\"e-con-inner\">\n\t\t\t\t<div class=\"elementor-element elementor-element-e1dd486 elementor-widget elementor-widget-heading\" data-id=\"e1dd486\" data-element_type=\"widget\" data-widget_type=\"heading.default\">\n\t\t\t\t<div class=\"elementor-widget-container\">\n\t\t\t<h2 class=\"elementor-heading-title elementor-size-large\">Informa\u00e7\u00f5es gerais <\/h2>\t\t<\/div>\n\t\t\t\t<\/div>\n\t\t\t\t<div class=\"elementor-element elementor-element-a9fe02e elementor-widget elementor-widget-text-editor\" data-id=\"a9fe02e\" data-element_type=\"widget\" data-widget_type=\"text-editor.default\">\n\t\t\t\t<div class=\"elementor-widget-container\">\n\t\t\t\t\t\t\t<ol><li style=\"font-weight: 400;\" aria-level=\"1\"><span style=\"font-weight: 400;\">Podem participar do concurso todos os inscritos no VI CBUEL;<\/span><\/li><li style=\"font-weight: 400;\" aria-level=\"1\"><span style=\"font-weight: 400;\">A inscri\u00e7\u00e3o deve ser feita do dia 02 de abril at\u00e9 o dia 02 de maio de 2025 por meio do formul\u00e1rio dispon\u00edvel em (<a href=\"https:\/\/docs.google.com\/forms\/d\/1rgWLCaUp1Isw07OLsEoK8hxZFFvuwFYM4GnkIxpKjiE\/edit?usp=drivesdk\">Fotografia<\/a> e <a href=\"https:\/\/docs.google.com\/forms\/d\/1uiUZgV6cOSiHnJaUf1MNwR_C2bG1HOOiliZlvFNAoOY\/edit?usp=drivesdk\">Ilustra\u00e7\u00e3o<\/a>)<\/span><\/li><li style=\"font-weight: 400;\" aria-level=\"1\"><span style=\"font-weight: 400;\">A avalia\u00e7\u00e3o ser\u00e1 feita nos dias 07 e 08 de maio de 2025.<\/span><\/li><li style=\"font-weight: 400;\" aria-level=\"1\"><span style=\"font-weight: 400;\">N\u00e3o ser\u00e3o aceitas imagens produzidas por interm\u00e9dio de intelig\u00eancias artificiais;\u00a0<\/span><\/li><li style=\"font-weight: 400;\" aria-level=\"1\"><span style=\"font-weight: 400;\">N\u00e3o ser\u00e3o admitidos trabalhos que tenham sido previamente submetidos em concursos.<\/span><\/li><li style=\"font-weight: 400;\" aria-level=\"1\"><span style=\"font-weight: 400;\">Ilustra\u00e7\u00f5es que contenham conte\u00fado inapropriado, ofensivo ou que infrinjam direitos autorais e que n\u00e3o for de car\u00e1ter de uma ilustra\u00e7\u00e3o cient\u00edfica ser\u00e3o desclassificadas;<\/span><\/li><li style=\"font-weight: 400;\" aria-level=\"1\"><span style=\"font-weight: 400;\">Qualquer forma de pl\u00e1gio resultar\u00e1 automaticamente em desclassifica\u00e7\u00e3o.\u00a0<\/span><\/li><\/ol>\t\t\t\t\t\t<\/div>\n\t\t\t\t<\/div>\n\t\t\t\t\t<\/div>\n\t\t\t\t<\/div>\n\t\t<div class=\"elementor-element elementor-element-570efa2 e-con-boxed e-flex e-con\" data-id=\"570efa2\" data-element_type=\"container\" data-settings=\"{&quot;content_width&quot;:&quot;boxed&quot;}\">\n\t\t\t\t\t<div class=\"e-con-inner\">\n\t\t<div class=\"elementor-element elementor-element-3b0f910 e-con-full e-flex e-con\" data-id=\"3b0f910\" data-element_type=\"container\" data-settings=\"{&quot;content_width&quot;:&quot;full&quot;}\">\n\t\t\t\t<div class=\"elementor-element elementor-element-68ea6a5 elementor-align-center elementor-widget elementor-widget-button\" data-id=\"68ea6a5\" data-element_type=\"widget\" data-widget_type=\"button.default\">\n\t\t\t\t<div class=\"elementor-widget-container\">\n\t\t\t\t\t<div class=\"elementor-button-wrapper\">\n\t\t\t<a href=\"https:\/\/sites.uel.br\/cbuel\/ilustracao-cientifica\/\" class=\"elementor-button-link elementor-button elementor-size-xl\" role=\"button\">\n\t\t\t\t\t\t<span class=\"elementor-button-content-wrapper\">\n\t\t\t\t\t\t<span class=\"elementor-button-text\">Ilustra\u00e7\u00e3o cinet\u00edfica<\/span>\n\t\t<\/span>\n\t\t\t\t\t<\/a>\n\t\t<\/div>\n\t\t\t\t<\/div>\n\t\t\t\t<\/div>\n\t\t\t\t<\/div>\n\t\t<div class=\"elementor-element elementor-element-c3f1895 e-con-full e-flex e-con\" data-id=\"c3f1895\" data-element_type=\"container\" data-settings=\"{&quot;content_width&quot;:&quot;full&quot;}\">\n\t\t\t\t<div class=\"elementor-element elementor-element-ee81df8 elementor-align-center elementor-widget elementor-widget-button\" data-id=\"ee81df8\" data-element_type=\"widget\" data-widget_type=\"button.default\">\n\t\t\t\t<div class=\"elementor-widget-container\">\n\t\t\t\t\t<div class=\"elementor-button-wrapper\">\n\t\t\t<a href=\"https:\/\/sites.uel.br\/cbuel\/fotografia\/\" class=\"elementor-button-link elementor-button elementor-size-xl\" role=\"button\">\n\t\t\t\t\t\t<span class=\"elementor-button-content-wrapper\">\n\t\t\t\t\t\t<span class=\"elementor-button-text\">Fotografia <\/span>\n\t\t<\/span>\n\t\t\t\t\t<\/a>\n\t\t<\/div>\n\t\t\t\t<\/div>\n\t\t\t\t<\/div>\n\t\t\t\t<\/div>\n\t\t\t\t\t<\/div>\n\t\t\t\t<\/div>\n\t\t\t\t\t\t\t<\/div>\n\t\t","protected":false},"excerpt":{"rendered":"<p>Concursos Teremos dois concursos um de Ilustra\u00e7\u00e3o cient\u00edfica e um de fotografia!as inscri\u00e7\u00f5es iram come\u00e7ar no dia 02 de abril! Informa\u00e7\u00f5es gerais Podem participar do concurso todos os inscritos no VI CBUEL; A inscri\u00e7\u00e3o deve ser feita do dia 02 de abril at\u00e9 o dia 02 de maio de 2025 por meio do formul\u00e1rio dispon\u00edvel [&hellip;]<\/p>\n","protected":false},"author":6,"featured_media":0,"parent":0,"menu_order":0,"comment_status":"closed","ping_status":"closed","template":"elementor_header_footer","meta":{"footnotes":""},"class_list":["post-1508","page","type-page","status-publish","hentry"],"acf":[],"_links":{"self":[{"href":"https:\/\/sites.uel.br\/cbuel\/wp-json\/wp\/v2\/pages\/1508","targetHints":{"allow":["GET"]}}],"collection":[{"href":"https:\/\/sites.uel.br\/cbuel\/wp-json\/wp\/v2\/pages"}],"about":[{"href":"https:\/\/sites.uel.br\/cbuel\/wp-json\/wp\/v2\/types\/page"}],"author":[{"embeddable":true,"href":"https:\/\/sites.uel.br\/cbuel\/wp-json\/wp\/v2\/users\/6"}],"replies":[{"embeddable":true,"href":"https:\/\/sites.uel.br\/cbuel\/wp-json\/wp\/v2\/comments?post=1508"}],"version-history":[{"count":14,"href":"https:\/\/sites.uel.br\/cbuel\/wp-json\/wp\/v2\/pages\/1508\/revisions"}],"predecessor-version":[{"id":1557,"href":"https:\/\/sites.uel.br\/cbuel\/wp-json\/wp\/v2\/pages\/1508\/revisions\/1557"}],"wp:attachment":[{"href":"https:\/\/sites.uel.br\/cbuel\/wp-json\/wp\/v2\/media?parent=1508"}],"curies":[{"name":"wp","href":"https:\/\/api.w.org\/{rel}","templated":true}]}}