{"id":1349,"date":"2025-03-16T19:31:50","date_gmt":"2025-03-16T22:31:50","guid":{"rendered":"https:\/\/sites.uel.br\/cbuel\/?page_id=1349"},"modified":"2025-03-28T14:12:11","modified_gmt":"2025-03-28T17:12:11","slug":"inscricoes","status":"publish","type":"page","link":"https:\/\/sites.uel.br\/cbuel\/inscricoes\/","title":{"rendered":"Inscri\u00e7\u00f5es"},"content":{"rendered":"\t\t<div data-elementor-type=\"wp-page\" data-elementor-id=\"1349\" class=\"elementor elementor-1349\">\n\t\t\t\t\t\t\t<div class=\"elementor-element elementor-element-321b870 e-con-boxed e-flex e-con\" data-id=\"321b870\" data-element_type=\"container\" data-settings=\"{&quot;content_width&quot;:&quot;boxed&quot;}\">\n\t\t\t\t\t<div class=\"e-con-inner\">\n\t\t\t\t<div class=\"elementor-element elementor-element-3de3be3 elementor-widget elementor-widget-heading\" data-id=\"3de3be3\" data-element_type=\"widget\" data-widget_type=\"heading.default\">\n\t\t\t\t<div class=\"elementor-widget-container\">\n\t\t\t<style>\/*! elementor - v3.13.3 - 28-05-2023 *\/\n.elementor-heading-title{padding:0;margin:0;line-height:1}.elementor-widget-heading .elementor-heading-title[class*=elementor-size-]>a{color:inherit;font-size:inherit;line-height:inherit}.elementor-widget-heading .elementor-heading-title.elementor-size-small{font-size:15px}.elementor-widget-heading .elementor-heading-title.elementor-size-medium{font-size:19px}.elementor-widget-heading .elementor-heading-title.elementor-size-large{font-size:29px}.elementor-widget-heading .elementor-heading-title.elementor-size-xl{font-size:39px}.elementor-widget-heading .elementor-heading-title.elementor-size-xxl{font-size:59px}<\/style><h2 class=\"elementor-heading-title elementor-size-xxl\">Inscri\u00e7\u00f5es<\/h2>\t\t<\/div>\n\t\t\t\t<\/div>\n\t\t\t\t<div class=\"elementor-element elementor-element-b351905 elementor-widget elementor-widget-text-editor\" data-id=\"b351905\" data-element_type=\"widget\" data-widget_type=\"text-editor.default\">\n\t\t\t\t<div class=\"elementor-widget-container\">\n\t\t\t<style>\/*! elementor - v3.13.3 - 28-05-2023 *\/\n.elementor-widget-text-editor.elementor-drop-cap-view-stacked .elementor-drop-cap{background-color:#69727d;color:#fff}.elementor-widget-text-editor.elementor-drop-cap-view-framed .elementor-drop-cap{color:#69727d;border:3px solid;background-color:transparent}.elementor-widget-text-editor:not(.elementor-drop-cap-view-default) .elementor-drop-cap{margin-top:8px}.elementor-widget-text-editor:not(.elementor-drop-cap-view-default) .elementor-drop-cap-letter{width:1em;height:1em}.elementor-widget-text-editor .elementor-drop-cap{float:left;text-align:center;line-height:1;font-size:50px}.elementor-widget-text-editor .elementor-drop-cap-letter{display:inline-block}<\/style>\t\t\t\t<p>As inscri\u00e7\u00f5es come\u00e7am no dia <b>28<\/b><strong>\u00a0de mar\u00e7o e v\u00e3o at\u00e9 o dia 28 de abril<\/strong>, contaremos com <strong>4 lotes<\/strong> para a gradua\u00e7\u00e3o e um lote \u00fanico para p\u00f3s-gradua\u00e7\u00e3o e profissionais.\u00a0<\/p><ul><li><strong>Lote 1<\/strong>: 28\/03 \u00e0 06\/04<\/li><li><strong>Lote 2<\/strong>: 07\/04 \u00e0 13\/04<\/li><li><strong>Lote 3<\/strong>: 14\/04 \u00e0 21\/04<\/li><li><strong>Lote 4<\/strong>: 22\/04 \u00e0 28\/04<\/li><li><strong>Lote \u00fanico P\u00f3s-gradua\u00e7\u00e3o e profissional<\/strong>: 28\/03 \u00e0 28\/04<\/li><li><strong>Lote \u00fanico IC j\u00fanior:<\/strong> 28\/03 a 28\/04<\/li><\/ul>\t\t\t\t\t\t<\/div>\n\t\t\t\t<\/div>\n\t\t\t\t\t<\/div>\n\t\t\t\t<\/div>\n\t\t<div class=\"elementor-element elementor-element-0a25cd7 e-con-boxed e-flex e-con\" data-id=\"0a25cd7\" data-element_type=\"container\" data-settings=\"{&quot;content_width&quot;:&quot;boxed&quot;}\">\n\t\t\t\t\t<div class=\"e-con-inner\">\n\t\t\t\t<div class=\"elementor-element elementor-element-c0d129f elementor-widget elementor-widget-text-editor\" data-id=\"c0d129f\" data-element_type=\"widget\" data-widget_type=\"text-editor.default\">\n\t\t\t\t<div class=\"elementor-widget-container\">\n\t\t\t\t\t\t\t<p>Para se inscrever clique no bot\u00e3o abaixo ou no site (http:\/\/www.uel.br\/eventos\/sigec\/?id=10352)<\/p>\t\t\t\t\t\t<\/div>\n\t\t\t\t<\/div>\n\t\t\t\t\t<\/div>\n\t\t\t\t<\/div>\n\t\t<div class=\"elementor-element elementor-element-d0e1537 e-con-boxed e-flex e-con\" data-id=\"d0e1537\" data-element_type=\"container\" data-settings=\"{&quot;content_width&quot;:&quot;boxed&quot;}\">\n\t\t\t\t\t<div class=\"e-con-inner\">\n\t\t\t\t<div class=\"elementor-element elementor-element-31c89cb elementor-align-center elementor-widget elementor-widget-button\" data-id=\"31c89cb\" data-element_type=\"widget\" data-widget_type=\"button.default\">\n\t\t\t\t<div class=\"elementor-widget-container\">\n\t\t\t\t\t<div class=\"elementor-button-wrapper\">\n\t\t\t<a href=\"http:\/\/www.uel.br\/eventos\/sigec\/?id=10352\" class=\"elementor-button-link elementor-button elementor-size-xl\" role=\"button\">\n\t\t\t\t\t\t<span class=\"elementor-button-content-wrapper\">\n\t\t\t\t\t\t<span class=\"elementor-button-text\">Inscreva-se<\/span>\n\t\t<\/span>\n\t\t\t\t\t<\/a>\n\t\t<\/div>\n\t\t\t\t<\/div>\n\t\t\t\t<\/div>\n\t\t\t\t\t<\/div>\n\t\t\t\t<\/div>\n\t\t<div class=\"elementor-element elementor-element-8d98bb7 e-con-boxed e-flex e-con\" data-id=\"8d98bb7\" data-element_type=\"container\" data-settings=\"{&quot;content_width&quot;:&quot;boxed&quot;}\">\n\t\t\t\t\t<div class=\"e-con-inner\">\n\t\t\t\t<div class=\"elementor-element elementor-element-d52bb25 elementor-widget elementor-widget-heading\" data-id=\"d52bb25\" data-element_type=\"widget\" data-widget_type=\"heading.default\">\n\t\t\t\t<div class=\"elementor-widget-container\">\n\t\t\t<h2 class=\"elementor-heading-title elementor-size-xxl\">Valores<\/h2>\t\t<\/div>\n\t\t\t\t<\/div>\n\t\t\t\t\t<\/div>\n\t\t\t\t<\/div>\n\t\t<div class=\"elementor-element elementor-element-7612136 e-con-boxed e-flex e-con\" data-id=\"7612136\" data-element_type=\"container\" data-settings=\"{&quot;content_width&quot;:&quot;boxed&quot;}\">\n\t\t\t\t\t<div class=\"e-con-inner\">\n\t\t\t\t<div class=\"elementor-element elementor-element-f88ffd6 elementor-widget elementor-widget-heading\" data-id=\"f88ffd6\" data-element_type=\"widget\" data-widget_type=\"heading.default\">\n\t\t\t\t<div class=\"elementor-widget-container\">\n\t\t\t<h2 class=\"elementor-heading-title elementor-size-xl\">Lotes Gradua\u00e7\u00e3o<\/h2>\t\t<\/div>\n\t\t\t\t<\/div>\n\t\t\t\t<div class=\"elementor-element elementor-element-08cde7b elementor-widget elementor-widget-image\" data-id=\"08cde7b\" data-element_type=\"widget\" data-widget_type=\"image.default\">\n\t\t\t\t<div class=\"elementor-widget-container\">\n\t\t\t<style>\/*! elementor - v3.13.3 - 28-05-2023 *\/\n.elementor-widget-image{text-align:center}.elementor-widget-image a{display:inline-block}.elementor-widget-image a img[src$=\".svg\"]{width:48px}.elementor-widget-image img{vertical-align:middle;display:inline-block}<\/style>\t\t\t\t\t\t\t\t\t\t\t\t<img decoding=\"async\" src=\"https:\/\/sites.uel.br\/cbuel\/wp-content\/uploads\/2025\/03\/Aquarela-do-as-diferentes-cores-do-pais-tropical-6.png\" title=\"Aquarela do as diferentes cores do pa\u00eds tropical (6)\" alt=\"Aquarela do as diferentes cores do pa\u00eds tropical (6)\" loading=\"lazy\" \/>\t\t\t\t\t\t\t\t\t\t\t\t\t\t\t<\/div>\n\t\t\t\t<\/div>\n\t\t\t\t\t<\/div>\n\t\t\t\t<\/div>\n\t\t<div class=\"elementor-element elementor-element-9d5baab e-con-boxed e-flex e-con\" data-id=\"9d5baab\" data-element_type=\"container\" data-settings=\"{&quot;content_width&quot;:&quot;boxed&quot;}\">\n\t\t\t\t\t<div class=\"e-con-inner\">\n\t\t\t\t<div class=\"elementor-element elementor-element-4fb5de3 elementor-widget elementor-widget-heading\" data-id=\"4fb5de3\" data-element_type=\"widget\" data-widget_type=\"heading.default\">\n\t\t\t\t<div class=\"elementor-widget-container\">\n\t\t\t<h2 class=\"elementor-heading-title elementor-size-xl\">Lote P\u00f3s-gradua\u00e7\u00e3o e Profissionais<\/h2>\t\t<\/div>\n\t\t\t\t<\/div>\n\t\t\t\t<div class=\"elementor-element elementor-element-b8f5721 elementor-widget elementor-widget-image\" data-id=\"b8f5721\" data-element_type=\"widget\" data-widget_type=\"image.default\">\n\t\t\t\t<div class=\"elementor-widget-container\">\n\t\t\t\t\t\t\t\t\t\t\t\t\t\t\t<img decoding=\"async\" src=\"https:\/\/sites.uel.br\/cbuel\/wp-content\/uploads\/2025\/03\/Aquarela-do-as-diferentes-cores-do-pais-tropical-7.png\" title=\"Aquarela do as diferentes cores do pa\u00eds tropical (7)\" alt=\"Aquarela do as diferentes cores do pa\u00eds tropical (7)\" loading=\"lazy\" \/>\t\t\t\t\t\t\t\t\t\t\t\t\t\t\t<\/div>\n\t\t\t\t<\/div>\n\t\t\t\t\t<\/div>\n\t\t\t\t<\/div>\n\t\t<div class=\"elementor-element elementor-element-4023043 e-con-boxed e-flex e-con\" data-id=\"4023043\" data-element_type=\"container\" data-settings=\"{&quot;content_width&quot;:&quot;boxed&quot;}\">\n\t\t\t\t\t<div class=\"e-con-inner\">\n\t\t\t\t<div class=\"elementor-element elementor-element-20311c3 elementor-widget elementor-widget-heading\" data-id=\"20311c3\" data-element_type=\"widget\" data-widget_type=\"heading.default\">\n\t\t\t\t<div class=\"elementor-widget-container\">\n\t\t\t<h2 class=\"elementor-heading-title elementor-size-xl\">Lote para IC J\u00fanior <\/h2>\t\t<\/div>\n\t\t\t\t<\/div>\n\t\t\t\t<div class=\"elementor-element elementor-element-0c102a4 elementor-widget elementor-widget-text-editor\" data-id=\"0c102a4\" data-element_type=\"widget\" data-widget_type=\"text-editor.default\">\n\t\t\t\t<div class=\"elementor-widget-container\">\n\t\t\t\t\t\t\t<p>Para quem \u00e9 IC j\u00fanior vamos ter um lote tamb\u00e9m, por\u00e9m \u00e9 apenas o congresso.\u00a0<\/p>\t\t\t\t\t\t<\/div>\n\t\t\t\t<\/div>\n\t\t\t\t\t<\/div>\n\t\t\t\t<\/div>\n\t\t<div class=\"elementor-element elementor-element-e89b9d8 e-con-boxed e-flex e-con\" data-id=\"e89b9d8\" data-element_type=\"container\" data-settings=\"{&quot;content_width&quot;:&quot;boxed&quot;}\">\n\t\t\t\t\t<div class=\"e-con-inner\">\n\t\t\t\t<div class=\"elementor-element elementor-element-8c1d581 elementor-widget elementor-widget-image\" data-id=\"8c1d581\" data-element_type=\"widget\" data-widget_type=\"image.default\">\n\t\t\t\t<div class=\"elementor-widget-container\">\n\t\t\t\t\t\t\t\t\t\t\t\t\t\t\t<img decoding=\"async\" src=\"https:\/\/sites.uel.br\/cbuel\/wp-content\/uploads\/2025\/03\/Aquarela-do-as-diferentes-cores-do-pais-tropical-8.png\" title=\"Aquarela do as diferentes cores do pa\u00eds tropical (8)\" alt=\"Aquarela do as diferentes cores do pa\u00eds tropical (8)\" loading=\"lazy\" \/>\t\t\t\t\t\t\t\t\t\t\t\t\t\t\t<\/div>\n\t\t\t\t<\/div>\n\t\t\t\t<div class=\"elementor-element elementor-element-6f9fbd7 elementor-widget elementor-widget-spacer\" data-id=\"6f9fbd7\" data-element_type=\"widget\" data-widget_type=\"spacer.default\">\n\t\t\t\t<div class=\"elementor-widget-container\">\n\t\t\t<style>\/*! elementor - v3.13.3 - 28-05-2023 *\/\n.elementor-column .elementor-spacer-inner{height:var(--spacer-size)}.e-con{--container-widget-width:100%}.e-con-inner>.elementor-widget-spacer,.e-con>.elementor-widget-spacer{width:var(--container-widget-width,var(--spacer-size));--align-self:var(--container-widget-align-self,initial);--flex-shrink:0}.e-con-inner>.elementor-widget-spacer>.elementor-widget-container,.e-con-inner>.elementor-widget-spacer>.elementor-widget-container>.elementor-spacer,.e-con>.elementor-widget-spacer>.elementor-widget-container,.e-con>.elementor-widget-spacer>.elementor-widget-container>.elementor-spacer{height:100%}.e-con-inner>.elementor-widget-spacer>.elementor-widget-container>.elementor-spacer>.elementor-spacer-inner,.e-con>.elementor-widget-spacer>.elementor-widget-container>.elementor-spacer>.elementor-spacer-inner{height:var(--container-widget-height,var(--spacer-size))}<\/style>\t\t<div class=\"elementor-spacer\">\n\t\t\t<div class=\"elementor-spacer-inner\"><\/div>\n\t\t<\/div>\n\t\t\t\t<\/div>\n\t\t\t\t<\/div>\n\t\t\t\t\t<\/div>\n\t\t\t\t<\/div>\n\t\t\t\t\t\t\t<\/div>\n\t\t","protected":false},"excerpt":{"rendered":"<p>Inscri\u00e7\u00f5es As inscri\u00e7\u00f5es come\u00e7am no dia 28\u00a0de mar\u00e7o e v\u00e3o at\u00e9 o dia 28 de abril, contaremos com 4 lotes para a gradua\u00e7\u00e3o e um lote \u00fanico para p\u00f3s-gradua\u00e7\u00e3o e profissionais.\u00a0 Lote 1: 28\/03 \u00e0 06\/04 Lote 2: 07\/04 \u00e0 13\/04 Lote 3: 14\/04 \u00e0 21\/04 Lote 4: 22\/04 \u00e0 28\/04 Lote \u00fanico P\u00f3s-gradua\u00e7\u00e3o e [&hellip;]<\/p>\n","protected":false},"author":6,"featured_media":0,"parent":0,"menu_order":0,"comment_status":"closed","ping_status":"closed","template":"elementor_header_footer","meta":{"footnotes":""},"class_list":["post-1349","page","type-page","status-publish","hentry"],"acf":[],"_links":{"self":[{"href":"https:\/\/sites.uel.br\/cbuel\/wp-json\/wp\/v2\/pages\/1349","targetHints":{"allow":["GET"]}}],"collection":[{"href":"https:\/\/sites.uel.br\/cbuel\/wp-json\/wp\/v2\/pages"}],"about":[{"href":"https:\/\/sites.uel.br\/cbuel\/wp-json\/wp\/v2\/types\/page"}],"author":[{"embeddable":true,"href":"https:\/\/sites.uel.br\/cbuel\/wp-json\/wp\/v2\/users\/6"}],"replies":[{"embeddable":true,"href":"https:\/\/sites.uel.br\/cbuel\/wp-json\/wp\/v2\/comments?post=1349"}],"version-history":[{"count":30,"href":"https:\/\/sites.uel.br\/cbuel\/wp-json\/wp\/v2\/pages\/1349\/revisions"}],"predecessor-version":[{"id":1442,"href":"https:\/\/sites.uel.br\/cbuel\/wp-json\/wp\/v2\/pages\/1349\/revisions\/1442"}],"wp:attachment":[{"href":"https:\/\/sites.uel.br\/cbuel\/wp-json\/wp\/v2\/media?parent=1349"}],"curies":[{"name":"wp","href":"https:\/\/api.w.org\/{rel}","templated":true}]}}