{"id":388,"date":"2024-03-22T15:05:14","date_gmt":"2024-03-22T18:05:14","guid":{"rendered":"https:\/\/sites.uel.br\/blogbaguncei\/?page_id=388"},"modified":"2025-04-17T16:23:34","modified_gmt":"2025-04-17T19:23:34","slug":"vivencias-dos-cmeis","status":"publish","type":"page","link":"https:\/\/sites.uel.br\/blogbaguncei\/vivencias-dos-cmeis\/","title":{"rendered":"Viv\u00eancias dos CMEI\u00b4s"},"content":{"rendered":"\n<div style=\"height:28px\" aria-hidden=\"true\" class=\"wp-block-spacer\"><\/div>\n\n\n\n<div class=\"wp-block-columns is-layout-flex wp-container-core-columns-is-layout-9d6595d7 wp-block-columns-is-layout-flex\">\n<div class=\"wp-block-column is-layout-flow wp-block-column-is-layout-flow\">\n<figure class=\"wp-block-embed is-type-wp-embed is-provider-blog-baguncei wp-block-embed-blog-baguncei\"><div class=\"wp-block-embed__wrapper\">\n<blockquote class=\"wp-embedded-content\" data-secret=\"bHqEwEm2Oe\"><a href=\"https:\/\/sites.uel.br\/blogbaguncei\/sem-categoria\/2022\/10\/10\/um-dia-no-neim-doralice-teodora-bastos\/\">Um dia no NEIM Doralice Teodora Bastos<\/a><\/blockquote><iframe loading=\"lazy\" class=\"wp-embedded-content\" sandbox=\"allow-scripts\" security=\"restricted\" style=\"position: absolute; visibility: hidden;\" title=\"&#8220;Um dia no NEIM Doralice Teodora Bastos&#8221; &#8212; Blog BaguncEI\" src=\"https:\/\/sites.uel.br\/blogbaguncei\/sem-categoria\/2022\/10\/10\/um-dia-no-neim-doralice-teodora-bastos\/embed\/#?secret=pYjQa4rH9W#?secret=bHqEwEm2Oe\" data-secret=\"bHqEwEm2Oe\" width=\"500\" height=\"282\" frameborder=\"0\" marginwidth=\"0\" marginheight=\"0\" scrolling=\"no\"><\/iframe>\n<\/div><\/figure>\n<\/div>\n\n\n\n<div class=\"wp-block-column is-layout-flow wp-block-column-is-layout-flow\">\n<figure class=\"wp-block-embed is-type-wp-embed is-provider-blog-baguncei wp-block-embed-blog-baguncei\"><div class=\"wp-block-embed__wrapper\">\n<blockquote class=\"wp-embedded-content\" data-secret=\"RUE4rouWJo\"><a href=\"https:\/\/sites.uel.br\/blogbaguncei\/sem-categoria\/2022\/11\/14\/5a-mostra-de-arte-do-centro-municipal-de-educacao-infantil-cmei-irma-maria-nivea\/\">5\u00aa Mostra de Arte do Centro Municipal de Educa\u00e7\u00e3o Infantil (CMEI) Irm\u00e3 maria N\u00edvea<\/a><\/blockquote><iframe loading=\"lazy\" class=\"wp-embedded-content\" sandbox=\"allow-scripts\" security=\"restricted\" style=\"position: absolute; visibility: hidden;\" title=\"&#8220;5\u00aa Mostra de Arte do Centro Municipal de Educa\u00e7\u00e3o Infantil (CMEI) Irm\u00e3 maria N\u00edvea&#8221; &#8212; Blog BaguncEI\" src=\"https:\/\/sites.uel.br\/blogbaguncei\/sem-categoria\/2022\/11\/14\/5a-mostra-de-arte-do-centro-municipal-de-educacao-infantil-cmei-irma-maria-nivea\/embed\/#?secret=4V0bYvZaxq#?secret=RUE4rouWJo\" data-secret=\"RUE4rouWJo\" width=\"500\" height=\"282\" frameborder=\"0\" marginwidth=\"0\" marginheight=\"0\" scrolling=\"no\"><\/iframe>\n<\/div><\/figure>\n<\/div>\n\n\n\n<div class=\"wp-block-column is-layout-flow wp-block-column-is-layout-flow\">\n<figure class=\"wp-block-embed is-type-wp-embed is-provider-blog-baguncei wp-block-embed-blog-baguncei\"><div class=\"wp-block-embed__wrapper\">\n<blockquote class=\"wp-embedded-content\" data-secret=\"fAPzZuLP7J\"><a href=\"https:\/\/sites.uel.br\/blogbaguncei\/sem-categoria\/2023\/01\/24\/visita-a-casa-da-beca\/\">Visita a Casa da Beca<\/a><\/blockquote><iframe loading=\"lazy\" class=\"wp-embedded-content\" sandbox=\"allow-scripts\" security=\"restricted\" style=\"position: absolute; visibility: hidden;\" title=\"&#8220;Visita a Casa da Beca&#8221; &#8212; Blog BaguncEI\" src=\"https:\/\/sites.uel.br\/blogbaguncei\/sem-categoria\/2023\/01\/24\/visita-a-casa-da-beca\/embed\/#?secret=A6fuurwIt7#?secret=fAPzZuLP7J\" data-secret=\"fAPzZuLP7J\" width=\"500\" height=\"282\" frameborder=\"0\" marginwidth=\"0\" marginheight=\"0\" scrolling=\"no\"><\/iframe>\n<\/div><\/figure>\n<\/div>\n<\/div>\n\n\n\n<div class=\"wp-block-columns is-layout-flex wp-container-core-columns-is-layout-9d6595d7 wp-block-columns-is-layout-flex\">\n<div class=\"wp-block-column is-layout-flow wp-block-column-is-layout-flow\">\n<figure class=\"wp-block-embed is-type-wp-embed is-provider-blog-baguncei wp-block-embed-blog-baguncei\"><div class=\"wp-block-embed__wrapper\">\n<blockquote class=\"wp-embedded-content\" data-secret=\"51uuGwLC0l\"><a href=\"https:\/\/sites.uel.br\/blogbaguncei\/sem-categoria\/2022\/12\/13\/entrevistas-no-cmei-irma-maria-nivea-parte-1\/\">Entrevistas no CMEI Irm\u00e3 Maria N\u00edvea &#8211; parte 1<\/a><\/blockquote><iframe loading=\"lazy\" class=\"wp-embedded-content\" sandbox=\"allow-scripts\" security=\"restricted\" style=\"position: absolute; visibility: hidden;\" title=\"&#8220;Entrevistas no CMEI Irm\u00e3 Maria N\u00edvea &#8211; parte 1&#8221; &#8212; Blog BaguncEI\" src=\"https:\/\/sites.uel.br\/blogbaguncei\/sem-categoria\/2022\/12\/13\/entrevistas-no-cmei-irma-maria-nivea-parte-1\/embed\/#?secret=0uN9TTMYd5#?secret=51uuGwLC0l\" data-secret=\"51uuGwLC0l\" width=\"500\" height=\"282\" frameborder=\"0\" marginwidth=\"0\" marginheight=\"0\" scrolling=\"no\"><\/iframe>\n<\/div><\/figure>\n<\/div>\n\n\n\n<div class=\"wp-block-column is-layout-flow wp-block-column-is-layout-flow\">\n<figure class=\"wp-block-embed is-type-wp-embed is-provider-blog-baguncei wp-block-embed-blog-baguncei\"><div class=\"wp-block-embed__wrapper\">\n<blockquote class=\"wp-embedded-content\" data-secret=\"L5XC7wjnxI\"><a href=\"https:\/\/sites.uel.br\/blogbaguncei\/sem-categoria\/2022\/12\/15\/entrevistas-no-cmei-irma-maria-nivea-parte-2\/\">Entrevistas no CMEI Irm\u00e3 Maria N\u00edvea &#8211; parte 2<\/a><\/blockquote><iframe loading=\"lazy\" class=\"wp-embedded-content\" sandbox=\"allow-scripts\" security=\"restricted\" style=\"position: absolute; visibility: hidden;\" title=\"&#8220;Entrevistas no CMEI Irm\u00e3 Maria N\u00edvea &#8211; parte 2&#8221; &#8212; Blog BaguncEI\" src=\"https:\/\/sites.uel.br\/blogbaguncei\/sem-categoria\/2022\/12\/15\/entrevistas-no-cmei-irma-maria-nivea-parte-2\/embed\/#?secret=Y324v6QqUb#?secret=L5XC7wjnxI\" data-secret=\"L5XC7wjnxI\" width=\"500\" height=\"282\" frameborder=\"0\" marginwidth=\"0\" marginheight=\"0\" scrolling=\"no\"><\/iframe>\n<\/div><\/figure>\n<\/div>\n\n\n\n<div class=\"wp-block-column is-layout-flow wp-block-column-is-layout-flow\">\n<figure class=\"wp-block-embed is-type-wp-embed is-provider-blog-baguncei wp-block-embed-blog-baguncei\"><div class=\"wp-block-embed__wrapper\">\n<blockquote class=\"wp-embedded-content\" data-secret=\"wrRXUNXPAm\"><a href=\"https:\/\/sites.uel.br\/blogbaguncei\/sem-categoria\/2022\/12\/16\/entrevistas-no-cmei-irma-maria-nivea-parte-3\/\">Entrevistas no CMEI Irm\u00e3 Maria N\u00edvea &#8211; parte 3<\/a><\/blockquote><iframe loading=\"lazy\" class=\"wp-embedded-content\" sandbox=\"allow-scripts\" security=\"restricted\" style=\"position: absolute; visibility: hidden;\" title=\"&#8220;Entrevistas no CMEI Irm\u00e3 Maria N\u00edvea &#8211; parte 3&#8221; &#8212; Blog BaguncEI\" src=\"https:\/\/sites.uel.br\/blogbaguncei\/sem-categoria\/2022\/12\/16\/entrevistas-no-cmei-irma-maria-nivea-parte-3\/embed\/#?secret=qdMUARG54W#?secret=wrRXUNXPAm\" data-secret=\"wrRXUNXPAm\" width=\"500\" height=\"282\" frameborder=\"0\" marginwidth=\"0\" marginheight=\"0\" scrolling=\"no\"><\/iframe>\n<\/div><\/figure>\n<\/div>\n<\/div>\n\n\n\n<div class=\"wp-block-columns is-layout-flex wp-container-core-columns-is-layout-9d6595d7 wp-block-columns-is-layout-flex\">\n<div class=\"wp-block-column is-layout-flow wp-block-column-is-layout-flow\">\n<figure class=\"wp-block-embed is-type-wp-embed is-provider-blog-baguncei wp-block-embed-blog-baguncei\"><div class=\"wp-block-embed__wrapper\">\n<blockquote class=\"wp-embedded-content\" data-secret=\"a9UZws4Hd9\"><a href=\"https:\/\/sites.uel.br\/blogbaguncei\/sem-categoria\/2023\/06\/15\/conversa-com-a-turma-do-peixe-no-cmei-laura-verginia\/\">Conversa com a &#8220;turma do peixe&#8221; no CMEI Laura Verg\u00ednia<\/a><\/blockquote><iframe loading=\"lazy\" class=\"wp-embedded-content\" sandbox=\"allow-scripts\" security=\"restricted\" style=\"position: absolute; visibility: hidden;\" title=\"&#8220;Conversa com a &#8220;turma do peixe&#8221; no CMEI Laura Verg\u00ednia&#8221; &#8212; Blog BaguncEI\" src=\"https:\/\/sites.uel.br\/blogbaguncei\/sem-categoria\/2023\/06\/15\/conversa-com-a-turma-do-peixe-no-cmei-laura-verginia\/embed\/#?secret=q0iv6Ahc7S#?secret=a9UZws4Hd9\" data-secret=\"a9UZws4Hd9\" width=\"500\" height=\"282\" frameborder=\"0\" marginwidth=\"0\" marginheight=\"0\" scrolling=\"no\"><\/iframe>\n<\/div><\/figure>\n<\/div>\n\n\n\n<div class=\"wp-block-column is-layout-flow wp-block-column-is-layout-flow\">\n<figure class=\"wp-block-embed is-type-wp-embed is-provider-blog-baguncei wp-block-embed-blog-baguncei\"><div class=\"wp-block-embed__wrapper\">\n<blockquote class=\"wp-embedded-content\" data-secret=\"6GxrIULAQh\"><a href=\"https:\/\/sites.uel.br\/blogbaguncei\/sem-categoria\/2024\/04\/16\/a-turma-da-aranha-ficou-com-o-coracao-na-mao\/\">A turma da Aranha ficou com o cora\u00e7\u00e3o na m\u00e3o<\/a><\/blockquote><iframe loading=\"lazy\" class=\"wp-embedded-content\" sandbox=\"allow-scripts\" security=\"restricted\" style=\"position: absolute; visibility: hidden;\" title=\"&#8220;A turma da Aranha ficou com o cora\u00e7\u00e3o na m\u00e3o&#8221; &#8212; Blog BaguncEI\" src=\"https:\/\/sites.uel.br\/blogbaguncei\/sem-categoria\/2024\/04\/16\/a-turma-da-aranha-ficou-com-o-coracao-na-mao\/embed\/#?secret=UPLbjsMqPP#?secret=6GxrIULAQh\" data-secret=\"6GxrIULAQh\" width=\"500\" height=\"282\" frameborder=\"0\" marginwidth=\"0\" marginheight=\"0\" scrolling=\"no\"><\/iframe>\n<\/div><\/figure>\n<\/div>\n\n\n\n<div class=\"wp-block-column is-layout-flow wp-block-column-is-layout-flow\">\n<figure class=\"wp-block-embed is-type-wp-embed is-provider-blog-baguncei wp-block-embed-blog-baguncei\"><div class=\"wp-block-embed__wrapper\">\n<blockquote class=\"wp-embedded-content\" data-secret=\"6Zms3cgbKv\"><a href=\"https:\/\/sites.uel.br\/blogbaguncei\/sem-categoria\/2024\/05\/17\/uma-cesta-cheia-de-pedras-com-linhas-e-curvas-a-quem-chamamos-de-letras\/\">E a pedra se fez verbo<\/a><\/blockquote><iframe loading=\"lazy\" class=\"wp-embedded-content\" sandbox=\"allow-scripts\" security=\"restricted\" style=\"position: absolute; visibility: hidden;\" title=\"&#8220;E a pedra se fez verbo&#8221; &#8212; Blog BaguncEI\" src=\"https:\/\/sites.uel.br\/blogbaguncei\/sem-categoria\/2024\/05\/17\/uma-cesta-cheia-de-pedras-com-linhas-e-curvas-a-quem-chamamos-de-letras\/embed\/#?secret=uv8bX32cRD#?secret=6Zms3cgbKv\" data-secret=\"6Zms3cgbKv\" width=\"500\" height=\"282\" frameborder=\"0\" marginwidth=\"0\" marginheight=\"0\" scrolling=\"no\"><\/iframe>\n<\/div><\/figure>\n<\/div>\n<\/div>\n\n\n\n<div class=\"wp-block-columns is-layout-flex wp-container-core-columns-is-layout-9d6595d7 wp-block-columns-is-layout-flex\">\n<div class=\"wp-block-column is-layout-flow wp-block-column-is-layout-flow\">\n<figure class=\"wp-block-embed is-type-wp-embed is-provider-blog-baguncei wp-block-embed-blog-baguncei\"><div class=\"wp-block-embed__wrapper\">\n<blockquote class=\"wp-embedded-content\" data-secret=\"BQnYU8bz5J\"><a href=\"https:\/\/sites.uel.br\/blogbaguncei\/sem-categoria\/2024\/07\/01\/lampiao-e-maria-bonita\/\">Lampi\u00e3o e Maria Bonita<\/a><\/blockquote><iframe loading=\"lazy\" class=\"wp-embedded-content\" sandbox=\"allow-scripts\" security=\"restricted\" style=\"position: absolute; visibility: hidden;\" title=\"&#8220;Lampi\u00e3o e Maria Bonita&#8221; &#8212; Blog BaguncEI\" src=\"https:\/\/sites.uel.br\/blogbaguncei\/sem-categoria\/2024\/07\/01\/lampiao-e-maria-bonita\/embed\/#?secret=qaa6KocwOt#?secret=BQnYU8bz5J\" data-secret=\"BQnYU8bz5J\" width=\"500\" height=\"282\" frameborder=\"0\" marginwidth=\"0\" marginheight=\"0\" scrolling=\"no\"><\/iframe>\n<\/div><\/figure>\n<\/div>\n\n\n\n<div class=\"wp-block-column is-layout-flow wp-block-column-is-layout-flow\">\n<figure class=\"wp-block-embed is-type-wp-embed is-provider-blog-baguncei wp-block-embed-blog-baguncei\"><div class=\"wp-block-embed__wrapper\">\n<blockquote class=\"wp-embedded-content\" data-secret=\"DVHcKrdtMM\"><a href=\"https:\/\/sites.uel.br\/blogbaguncei\/sem-categoria\/2024\/07\/31\/aventuras-no-quintal\/\">Aventuras no Quintal<\/a><\/blockquote><iframe loading=\"lazy\" class=\"wp-embedded-content\" sandbox=\"allow-scripts\" security=\"restricted\" style=\"position: absolute; visibility: hidden;\" title=\"&#8220;Aventuras no Quintal&#8221; &#8212; Blog BaguncEI\" src=\"https:\/\/sites.uel.br\/blogbaguncei\/sem-categoria\/2024\/07\/31\/aventuras-no-quintal\/embed\/#?secret=xAsSSFlyhF#?secret=DVHcKrdtMM\" data-secret=\"DVHcKrdtMM\" width=\"500\" height=\"282\" frameborder=\"0\" marginwidth=\"0\" marginheight=\"0\" scrolling=\"no\"><\/iframe>\n<\/div><\/figure>\n<\/div>\n\n\n\n<div class=\"wp-block-column is-layout-flow wp-block-column-is-layout-flow\">\n<figure class=\"wp-block-embed is-type-wp-embed is-provider-blog-baguncei wp-block-embed-blog-baguncei\"><div class=\"wp-block-embed__wrapper\">\n<blockquote class=\"wp-embedded-content\" data-secret=\"D1hDryhDrI\"><a href=\"https:\/\/sites.uel.br\/blogbaguncei\/sem-categoria\/2024\/09\/24\/mapa-de-tarefas\/\">Mapa de Tarefas<\/a><\/blockquote><iframe loading=\"lazy\" class=\"wp-embedded-content\" sandbox=\"allow-scripts\" security=\"restricted\" style=\"position: absolute; visibility: hidden;\" title=\"&#8220;Mapa de Tarefas&#8221; &#8212; Blog BaguncEI\" src=\"https:\/\/sites.uel.br\/blogbaguncei\/sem-categoria\/2024\/09\/24\/mapa-de-tarefas\/embed\/#?secret=QJW7CdANFG#?secret=D1hDryhDrI\" data-secret=\"D1hDryhDrI\" width=\"500\" height=\"282\" frameborder=\"0\" marginwidth=\"0\" marginheight=\"0\" scrolling=\"no\"><\/iframe>\n<\/div><\/figure>\n<\/div>\n<\/div>\n\n\n\n<div class=\"wp-block-columns is-layout-flex wp-container-core-columns-is-layout-9d6595d7 wp-block-columns-is-layout-flex\">\n<div class=\"wp-block-column is-layout-flow wp-block-column-is-layout-flow\">\n<figure class=\"wp-block-embed is-type-wp-embed is-provider-blog-baguncei wp-block-embed-blog-baguncei\"><div class=\"wp-block-embed__wrapper\">\n<blockquote class=\"wp-embedded-content\" data-secret=\"iX0mXAXB62\"><a href=\"https:\/\/sites.uel.br\/blogbaguncei\/experiencias\/2024\/10\/22\/enunciados-de-uso-social-cartas\/\">Enunciados de uso social: Cartas<\/a><\/blockquote><iframe loading=\"lazy\" class=\"wp-embedded-content\" sandbox=\"allow-scripts\" security=\"restricted\" style=\"position: absolute; visibility: hidden;\" title=\"&#8220;Enunciados de uso social: Cartas&#8221; &#8212; Blog BaguncEI\" src=\"https:\/\/sites.uel.br\/blogbaguncei\/experiencias\/2024\/10\/22\/enunciados-de-uso-social-cartas\/embed\/#?secret=U0vXnoWcpU#?secret=iX0mXAXB62\" data-secret=\"iX0mXAXB62\" width=\"500\" height=\"282\" frameborder=\"0\" marginwidth=\"0\" marginheight=\"0\" scrolling=\"no\"><\/iframe>\n<\/div><\/figure>\n<\/div>\n\n\n\n<div class=\"wp-block-column is-layout-flow wp-block-column-is-layout-flow\">\n<figure class=\"wp-block-embed is-type-wp-embed is-provider-blog-baguncei wp-block-embed-blog-baguncei\"><div class=\"wp-block-embed__wrapper\">\n<blockquote class=\"wp-embedded-content\" data-secret=\"Y4c3oe4YpY\"><a href=\"https:\/\/sites.uel.br\/blogbaguncei\/experiencias\/2024\/10\/23\/arte-e-imaginacao-pintura-coletiva-no-cmei\/\">Arte e imagina\u00e7\u00e3o: Pintura coletiva no CMEI<\/a><\/blockquote><iframe loading=\"lazy\" class=\"wp-embedded-content\" sandbox=\"allow-scripts\" security=\"restricted\" style=\"position: absolute; visibility: hidden;\" title=\"&#8220;Arte e imagina\u00e7\u00e3o: Pintura coletiva no CMEI&#8221; &#8212; Blog BaguncEI\" src=\"https:\/\/sites.uel.br\/blogbaguncei\/experiencias\/2024\/10\/23\/arte-e-imaginacao-pintura-coletiva-no-cmei\/embed\/#?secret=x9FoOLh9kW#?secret=Y4c3oe4YpY\" data-secret=\"Y4c3oe4YpY\" width=\"500\" height=\"282\" frameborder=\"0\" marginwidth=\"0\" marginheight=\"0\" scrolling=\"no\"><\/iframe>\n<\/div><\/figure>\n<\/div>\n\n\n\n<div class=\"wp-block-column is-layout-flow wp-block-column-is-layout-flow\">\n<figure class=\"wp-block-embed is-type-wp-embed is-provider-blog-baguncei wp-block-embed-blog-baguncei\"><div class=\"wp-block-embed__wrapper\">\n<blockquote class=\"wp-embedded-content\" data-secret=\"aShpN6l3iD\"><a href=\"https:\/\/sites.uel.br\/blogbaguncei\/experiencias\/2024\/11\/01\/olha-o-churrasco\/\">Olha o churrasco!<\/a><\/blockquote><iframe loading=\"lazy\" class=\"wp-embedded-content\" sandbox=\"allow-scripts\" security=\"restricted\" style=\"position: absolute; visibility: hidden;\" title=\"&#8220;Olha o churrasco!&#8221; &#8212; Blog BaguncEI\" src=\"https:\/\/sites.uel.br\/blogbaguncei\/experiencias\/2024\/11\/01\/olha-o-churrasco\/embed\/#?secret=Fnwiuo3gBH#?secret=aShpN6l3iD\" data-secret=\"aShpN6l3iD\" width=\"500\" height=\"282\" frameborder=\"0\" marginwidth=\"0\" marginheight=\"0\" scrolling=\"no\"><\/iframe>\n<\/div><\/figure>\n<\/div>\n<\/div>\n\n\n\n<div class=\"wp-block-columns is-layout-flex wp-container-core-columns-is-layout-9d6595d7 wp-block-columns-is-layout-flex\">\n<div class=\"wp-block-column is-layout-flow wp-block-column-is-layout-flow\">\n<figure class=\"wp-block-embed is-type-wp-embed is-provider-blog-baguncei wp-block-embed-blog-baguncei\"><div class=\"wp-block-embed__wrapper\">\n<blockquote class=\"wp-embedded-content\" data-secret=\"5h1lCLebh6\"><a href=\"https:\/\/sites.uel.br\/blogbaguncei\/experiencias\/2025\/02\/25\/brincadeiras-de-papeis-sociais\/\">Brincadeiras de Pap\u00e9is Sociais<\/a><\/blockquote><iframe loading=\"lazy\" class=\"wp-embedded-content\" sandbox=\"allow-scripts\" security=\"restricted\" style=\"position: absolute; visibility: hidden;\" title=\"&#8220;Brincadeiras de Pap\u00e9is Sociais&#8221; &#8212; Blog BaguncEI\" src=\"https:\/\/sites.uel.br\/blogbaguncei\/experiencias\/2025\/02\/25\/brincadeiras-de-papeis-sociais\/embed\/#?secret=8FpcEnBcWo#?secret=5h1lCLebh6\" data-secret=\"5h1lCLebh6\" width=\"500\" height=\"282\" frameborder=\"0\" marginwidth=\"0\" marginheight=\"0\" scrolling=\"no\"><\/iframe>\n<\/div><\/figure>\n<\/div>\n\n\n\n<div class=\"wp-block-column is-layout-flow wp-block-column-is-layout-flow\">\n<figure class=\"wp-block-embed is-type-wp-embed is-provider-blog-baguncei wp-block-embed-blog-baguncei\"><div class=\"wp-block-embed__wrapper\">\n<blockquote class=\"wp-embedded-content\" data-secret=\"U89K4QpFK2\"><a href=\"https:\/\/sites.uel.br\/blogbaguncei\/experiencias\/2025\/03\/21\/dia-da-conscientizacao-da-sindrome-de-down\/\">Dia da Conscientiza\u00e7\u00e3o da S\u00edndrome de Down<\/a><\/blockquote><iframe loading=\"lazy\" class=\"wp-embedded-content\" sandbox=\"allow-scripts\" security=\"restricted\" style=\"position: absolute; visibility: hidden;\" title=\"&#8220;Dia da Conscientiza\u00e7\u00e3o da S\u00edndrome de Down&#8221; &#8212; Blog BaguncEI\" src=\"https:\/\/sites.uel.br\/blogbaguncei\/experiencias\/2025\/03\/21\/dia-da-conscientizacao-da-sindrome-de-down\/embed\/#?secret=9FHeg1txC9#?secret=U89K4QpFK2\" data-secret=\"U89K4QpFK2\" width=\"500\" height=\"282\" frameborder=\"0\" marginwidth=\"0\" marginheight=\"0\" scrolling=\"no\"><\/iframe>\n<\/div><\/figure>\n<\/div>\n\n\n\n<div class=\"wp-block-column is-layout-flow wp-block-column-is-layout-flow\">\n<figure class=\"wp-block-embed is-type-wp-embed is-provider-blog-baguncei wp-block-embed-blog-baguncei\"><div class=\"wp-block-embed__wrapper\">\n<blockquote class=\"wp-embedded-content\" data-secret=\"xAA8K2oUJs\"><a href=\"https:\/\/sites.uel.br\/blogbaguncei\/experiencias\/2025\/04\/17\/estagio-no-cmei-laura-verginia-de-carvalho-ribeiro\/\">Est\u00e1gio no CMEI Laura Verg\u00ednia de Carvalho Ribeiro<\/a><\/blockquote><iframe loading=\"lazy\" class=\"wp-embedded-content\" sandbox=\"allow-scripts\" security=\"restricted\" style=\"position: absolute; visibility: hidden;\" title=\"&#8220;Est\u00e1gio no CMEI Laura Verg\u00ednia de Carvalho Ribeiro&#8221; &#8212; Blog BaguncEI\" src=\"https:\/\/sites.uel.br\/blogbaguncei\/experiencias\/2025\/04\/17\/estagio-no-cmei-laura-verginia-de-carvalho-ribeiro\/embed\/#?secret=PSKtuOmDFD#?secret=xAA8K2oUJs\" data-secret=\"xAA8K2oUJs\" width=\"500\" height=\"282\" frameborder=\"0\" marginwidth=\"0\" marginheight=\"0\" scrolling=\"no\"><\/iframe>\n<\/div><\/figure>\n<\/div>\n<\/div>\n\n\n\n<div class=\"wp-block-columns is-layout-flex wp-container-core-columns-is-layout-9d6595d7 wp-block-columns-is-layout-flex\">\n<div class=\"wp-block-column is-layout-flow wp-block-column-is-layout-flow\">\n<figure class=\"wp-block-embed is-type-wp-embed is-provider-blog-baguncei wp-block-embed-blog-baguncei\"><div class=\"wp-block-embed__wrapper\">\n<blockquote class=\"wp-embedded-content\" data-secret=\"O0hcQvasOQ\"><a href=\"https:\/\/sites.uel.br\/blogbaguncei\/sem-categoria\/2018\/08\/04\/estagios-na-pedagogia-1-visita-ao-museu-de-zoologia\/\">\u00a0EST\u00c1GIOS NA PEDAGOGIA #1 &#8211; Visita ao Museu de Zoologia<\/a><\/blockquote><iframe loading=\"lazy\" class=\"wp-embedded-content\" sandbox=\"allow-scripts\" security=\"restricted\" style=\"position: absolute; visibility: hidden;\" title=\"&#8220;\u00a0EST\u00c1GIOS NA PEDAGOGIA #1 &#8211; Visita ao Museu de Zoologia&#8221; &#8212; Blog BaguncEI\" src=\"https:\/\/sites.uel.br\/blogbaguncei\/sem-categoria\/2018\/08\/04\/estagios-na-pedagogia-1-visita-ao-museu-de-zoologia\/embed\/#?secret=sjxxpJ8VMn#?secret=O0hcQvasOQ\" data-secret=\"O0hcQvasOQ\" width=\"500\" height=\"282\" frameborder=\"0\" marginwidth=\"0\" marginheight=\"0\" scrolling=\"no\"><\/iframe>\n<\/div><\/figure>\n<\/div>\n\n\n\n<div class=\"wp-block-column is-layout-flow wp-block-column-is-layout-flow\">\n<figure class=\"wp-block-embed is-type-wp-embed is-provider-blog-baguncei wp-block-embed-blog-baguncei\"><div class=\"wp-block-embed__wrapper\">\n<blockquote class=\"wp-embedded-content\" data-secret=\"mWJOwzveFK\"><a href=\"https:\/\/sites.uel.br\/blogbaguncei\/sem-categoria\/2022\/06\/30\/sombra-boa-e-conversa-no-quintal-do-cmei-laura-verginia\/\">Sombra boa e conversa no quintal do CMEI Laura Verg\u00ednia.<\/a><\/blockquote><iframe loading=\"lazy\" class=\"wp-embedded-content\" sandbox=\"allow-scripts\" security=\"restricted\" style=\"position: absolute; visibility: hidden;\" title=\"&#8220;Sombra boa e conversa no quintal do CMEI Laura Verg\u00ednia.&#8221; &#8212; Blog BaguncEI\" src=\"https:\/\/sites.uel.br\/blogbaguncei\/sem-categoria\/2022\/06\/30\/sombra-boa-e-conversa-no-quintal-do-cmei-laura-verginia\/embed\/#?secret=0aPas9rppf#?secret=mWJOwzveFK\" data-secret=\"mWJOwzveFK\" width=\"500\" height=\"282\" frameborder=\"0\" marginwidth=\"0\" marginheight=\"0\" scrolling=\"no\"><\/iframe>\n<\/div><\/figure>\n<\/div>\n\n\n\n<div class=\"wp-block-column is-layout-flow wp-block-column-is-layout-flow\"><\/div>\n<\/div>\n","protected":false},"excerpt":{"rendered":"","protected":false},"author":10,"featured_media":0,"parent":0,"menu_order":0,"comment_status":"closed","ping_status":"closed","template":"","meta":{"footnotes":""},"class_list":["post-388","page","type-page","status-publish","hentry"],"acf":[],"_links":{"self":[{"href":"https:\/\/sites.uel.br\/blogbaguncei\/wp-json\/wp\/v2\/pages\/388","targetHints":{"allow":["GET"]}}],"collection":[{"href":"https:\/\/sites.uel.br\/blogbaguncei\/wp-json\/wp\/v2\/pages"}],"about":[{"href":"https:\/\/sites.uel.br\/blogbaguncei\/wp-json\/wp\/v2\/types\/page"}],"author":[{"embeddable":true,"href":"https:\/\/sites.uel.br\/blogbaguncei\/wp-json\/wp\/v2\/users\/10"}],"replies":[{"embeddable":true,"href":"https:\/\/sites.uel.br\/blogbaguncei\/wp-json\/wp\/v2\/comments?post=388"}],"version-history":[{"count":5,"href":"https:\/\/sites.uel.br\/blogbaguncei\/wp-json\/wp\/v2\/pages\/388\/revisions"}],"predecessor-version":[{"id":1321,"href":"https:\/\/sites.uel.br\/blogbaguncei\/wp-json\/wp\/v2\/pages\/388\/revisions\/1321"}],"wp:attachment":[{"href":"https:\/\/sites.uel.br\/blogbaguncei\/wp-json\/wp\/v2\/media?parent=388"}],"curies":[{"name":"wp","href":"https:\/\/api.w.org\/{rel}","templated":true}]}}