{"id":314,"date":"2024-03-12T19:19:57","date_gmt":"2024-03-12T22:19:57","guid":{"rendered":"https:\/\/sites.uel.br\/blogbaguncei\/?page_id=314"},"modified":"2024-12-18T15:55:14","modified_gmt":"2024-12-18T18:55:14","slug":"literatura-no-baguncei","status":"publish","type":"page","link":"https:\/\/sites.uel.br\/blogbaguncei\/literatura-no-baguncei\/","title":{"rendered":"Biblioteca BaguncEI"},"content":{"rendered":"\n<div style=\"height:1px\" aria-hidden=\"true\" class=\"wp-block-spacer\"><\/div>\n\n\n\n<p>Acesse as indica\u00e7\u00f5es de literatura infantil abaixo:\u00a0<\/p>\n\n\n\n<div class=\"wp-block-columns is-layout-flex wp-container-core-columns-is-layout-9d6595d7 wp-block-columns-is-layout-flex\">\n<div class=\"wp-block-column is-layout-flow wp-block-column-is-layout-flow\"><div class=\"wp-block-image\">\n<figure class=\"aligncenter size-large is-resized\"><a href=\"https:\/\/www.amazon.com.br\/Para-onde-vamos-quando-desaparecemos\/dp\/858419021X\" target=\"_blank\" rel=\"noreferrer noopener\"><img decoding=\"async\" src=\"https:\/\/m.media-amazon.com\/images\/I\/71qT0ld-wDL._SY466_.jpg\" alt=\"\" style=\"width:200px;height:auto\" \/><\/a><\/figure>\n<\/div>\n\n\n<p class=\"has-text-align-center\" style=\"font-size:10px\"><strong>Para onde vamos quando desaparecemos<\/strong><\/p>\n<\/div>\n\n\n\n<div class=\"wp-block-column is-layout-flow wp-block-column-is-layout-flow\"><div class=\"wp-block-image\">\n<figure class=\"aligncenter size-large is-resized\"><a href=\"https:\/\/editoraevoluir.com.br\/products\/ponto-por-ponto-costura-pronta\" target=\"_blank\" rel=\"noreferrer noopener\"><img decoding=\"async\" src=\"https:\/\/editoraevoluir.com.br\/cdn\/shop\/products\/Ponto_por_ponto_-_Costura_Pronta_-_Capa_1024x1024@2x.png?v=1487177400\" alt=\"\" style=\"width:225px;height:auto\" \/><\/a><\/figure>\n<\/div>\n\n\n<p class=\"has-text-align-center\" style=\"font-size:10px\"><strong>Ponto por Ponto &#8211; Costura Pronta<\/strong><\/p>\n<\/div>\n\n\n\n<div class=\"wp-block-column is-layout-flow wp-block-column-is-layout-flow\"><div class=\"wp-block-image\">\n<figure class=\"aligncenter size-large is-resized\"><a href=\"https:\/\/www.amazon.com.br\/Tromba-David-Mckee\/dp\/8566642392?ref_=v_sp_product_dpx\" target=\"_blank\" rel=\"noreferrer noopener\"><img decoding=\"async\" src=\"https:\/\/m.media-amazon.com\/images\/I\/81eBq434K-L._SL1500_.jpg\" alt=\"\" style=\"width:199px;height:auto\" \/><\/a><\/figure>\n<\/div>\n\n\n<p class=\"has-text-align-center\" style=\"font-size:10px\"><strong>Tromba Tromba<\/strong><\/p>\n<\/div>\n<\/div>\n\n\n\n<div class=\"wp-block-columns is-layout-flex wp-container-core-columns-is-layout-9d6595d7 wp-block-columns-is-layout-flex\">\n<div class=\"wp-block-column is-layout-flow wp-block-column-is-layout-flow\"><div class=\"wp-block-image\">\n<figure class=\"aligncenter size-large is-resized\"><a href=\"https:\/\/www.amazon.com.br\/M%C3%A3e-N%C3%A3o-uma-Tenho-Duas\/dp\/6586236061\" target=\"_blank\" rel=\"noreferrer noopener\"><img decoding=\"async\" src=\"https:\/\/blogger.googleusercontent.com\/img\/b\/R29vZ2xl\/AVvXsEhaIXUDtdoWYrZ3SO1_CWWJjgWODym35srprhNSJA4-GHKDe5XKOJ2xnOfr6YLYS2AJnC6IhnSrytgOHJAE3Lj7XSavHR1jnke0DVCN1DUZdJzfm3pi6gFgbkKeHMkXwQJBgreffYQp6TS60F9mbFR-TWbPQ3zJa0NQ-_RQXK-Jo6-fsRtLUaNqmDE\/w368-h368\/WhatsApp%20Image%202022-03-21%20at%2011.31.28.jpeg\" alt=\"\" style=\"width:224px;height:auto\" \/><\/a><\/figure>\n<\/div>\n\n\n<p class=\"has-text-align-center\" style=\"font-size:10px\"><strong>M\u00e3e N\u00e3o \u00e9 uma S\u00f3, eu Tenho Duas!<\/strong><\/p>\n<\/div>\n\n\n\n<div class=\"wp-block-column is-layout-flow wp-block-column-is-layout-flow\"><div class=\"wp-block-image\">\n<figure class=\"aligncenter size-large is-resized\"><a href=\"https:\/\/www.editorapeiropolis.com.br\/produto\/mesma-nova-historia\/\" target=\"_blank\" rel=\"noreferrer noopener\"><img decoding=\"async\" src=\"https:\/\/www.editorapeiropolis.com.br\/wp-content\/uploads\/2021\/07\/9-78-65-5931-110-1-G-scaled.jpg\" alt=\"\" style=\"width:191px;height:auto\" \/><\/a><\/figure>\n<\/div>\n\n\n<p class=\"has-text-align-center\" style=\"font-size:10px\"><strong>Mesma Nova Hist\u00f3ria<\/strong><\/p>\n<\/div>\n\n\n\n<div class=\"wp-block-column is-layout-flow wp-block-column-is-layout-flow\"><div class=\"wp-block-image\">\n<figure class=\"aligncenter size-full is-resized\"><a href=\"https:\/\/drive.google.com\/file\/d\/1wF1XG5mlWV4nxxLAaulmpl260nWPMhgH\/view\" target=\"_blank\" rel=\"noreferrer noopener\"><img loading=\"lazy\" decoding=\"async\" width=\"707\" height=\"720\" src=\"https:\/\/sites.uel.br\/blogbaguncei\/wp-content\/uploads\/2024\/05\/maxresdefault-1.jpg\" alt=\"\" class=\"wp-image-582\" style=\"width:232px;height:auto\" srcset=\"https:\/\/sites.uel.br\/blogbaguncei\/wp-content\/uploads\/2024\/05\/maxresdefault-1.jpg 707w, https:\/\/sites.uel.br\/blogbaguncei\/wp-content\/uploads\/2024\/05\/maxresdefault-1-295x300.jpg 295w\" sizes=\"auto, (max-width: 707px) 100vw, 707px\" \/><\/a><\/figure>\n<\/div>\n\n\n<p class=\"has-text-align-center\" style=\"font-size:10px;font-style:normal;font-weight:700\"><strong>E a chuva&#8230;<\/strong><\/p>\n<\/div>\n<\/div>\n","protected":false},"excerpt":{"rendered":"<p>Acesse as indica\u00e7\u00f5es de literatura infantil abaixo:\u00a0 Para onde vamos quando desaparecemos Ponto por Ponto &#8211; Costura Pronta Tromba Tromba M\u00e3e N\u00e3o \u00e9 uma S\u00f3, eu Tenho Duas! Mesma Nova Hist\u00f3ria E a chuva&#8230;<\/p>\n","protected":false},"author":10,"featured_media":0,"parent":0,"menu_order":0,"comment_status":"closed","ping_status":"closed","template":"","meta":{"footnotes":""},"class_list":["post-314","page","type-page","status-publish","hentry"],"acf":[],"_links":{"self":[{"href":"https:\/\/sites.uel.br\/blogbaguncei\/wp-json\/wp\/v2\/pages\/314","targetHints":{"allow":["GET"]}}],"collection":[{"href":"https:\/\/sites.uel.br\/blogbaguncei\/wp-json\/wp\/v2\/pages"}],"about":[{"href":"https:\/\/sites.uel.br\/blogbaguncei\/wp-json\/wp\/v2\/types\/page"}],"author":[{"embeddable":true,"href":"https:\/\/sites.uel.br\/blogbaguncei\/wp-json\/wp\/v2\/users\/10"}],"replies":[{"embeddable":true,"href":"https:\/\/sites.uel.br\/blogbaguncei\/wp-json\/wp\/v2\/comments?post=314"}],"version-history":[{"count":20,"href":"https:\/\/sites.uel.br\/blogbaguncei\/wp-json\/wp\/v2\/pages\/314\/revisions"}],"predecessor-version":[{"id":960,"href":"https:\/\/sites.uel.br\/blogbaguncei\/wp-json\/wp\/v2\/pages\/314\/revisions\/960"}],"wp:attachment":[{"href":"https:\/\/sites.uel.br\/blogbaguncei\/wp-json\/wp\/v2\/media?parent=314"}],"curies":[{"name":"wp","href":"https:\/\/api.w.org\/{rel}","templated":true}]}}