{"id":146,"date":"2023-10-19T09:56:34","date_gmt":"2023-10-19T12:56:34","guid":{"rendered":"https:\/\/sites.uel.br\/blogbaguncei\/?page_id=146"},"modified":"2024-04-12T19:33:21","modified_gmt":"2024-04-12T22:33:21","slug":"postagens-da-pandemia","status":"publish","type":"page","link":"https:\/\/sites.uel.br\/blogbaguncei\/postagens-da-pandemia\/","title":{"rendered":"\ufeffPostagens Da Pandemia"},"content":{"rendered":"\n<div style=\"height:25px\" aria-hidden=\"true\" class=\"wp-block-spacer\"><\/div>\n\n\n\n<div class=\"wp-block-columns is-layout-flex wp-container-core-columns-is-layout-9d6595d7 wp-block-columns-is-layout-flex\">\n<div class=\"wp-block-column is-layout-flow wp-block-column-is-layout-flow\">\n<div class=\"wp-block-columns is-layout-flex wp-container-core-columns-is-layout-9d6595d7 wp-block-columns-is-layout-flex\">\n<div class=\"wp-block-column is-layout-flow wp-block-column-is-layout-flow\">\n<figure class=\"wp-block-embed is-type-wp-embed is-provider-blog-baguncei wp-block-embed-blog-baguncei\"><div class=\"wp-block-embed__wrapper\">\n<blockquote class=\"wp-embedded-content\" data-secret=\"cEW06Z2LzN\"><a href=\"https:\/\/sites.uel.br\/blogbaguncei\/sem-categoria\/2021\/06\/09\/nordeste-crianca-olhares-das-infancias\/\">Nordeste crian\u00e7a: Olhares das inf\u00e2ncias<\/a><\/blockquote><iframe loading=\"lazy\" class=\"wp-embedded-content\" sandbox=\"allow-scripts\" security=\"restricted\" style=\"position: absolute; clip: rect(1px, 1px, 1px, 1px);\" title=\"&#8220;Nordeste crian\u00e7a: Olhares das inf\u00e2ncias&#8221; &#8212; Blog BaguncEI\" src=\"https:\/\/sites.uel.br\/blogbaguncei\/sem-categoria\/2021\/06\/09\/nordeste-crianca-olhares-das-infancias\/embed\/#?secret=9hSM097ipS#?secret=cEW06Z2LzN\" data-secret=\"cEW06Z2LzN\" width=\"500\" height=\"282\" frameborder=\"0\" marginwidth=\"0\" marginheight=\"0\" scrolling=\"no\"><\/iframe>\n<\/div><\/figure>\n<\/div>\n\n\n\n<div class=\"wp-block-column is-layout-flow wp-block-column-is-layout-flow\">\n<figure class=\"wp-block-embed aligncenter is-type-wp-embed is-provider-blog-baguncei wp-block-embed-blog-baguncei\"><div class=\"wp-block-embed__wrapper\">\n<blockquote class=\"wp-embedded-content\" data-secret=\"jEpCVy57mf\"><a href=\"https:\/\/sites.uel.br\/blogbaguncei\/sem-categoria\/2021\/07\/08\/distanciamento-das-conquistas-historicas-da-educacao-infantil-reflexoes-sobre-a-atividade-pedagogica-em-tempos-de-confinamento\/\">DISTANCIAMENTO DAS CONQUISTAS HIST\u00d3RICAS DA EDUCA\u00c7\u00c3O INFANTIL: REFLEX\u00d5ES SOBRE A ATIVIDADE PEDAG\u00d3GICA EM TEMPOS DE CONFINAMENTO<\/a><\/blockquote><iframe loading=\"lazy\" class=\"wp-embedded-content\" sandbox=\"allow-scripts\" security=\"restricted\" style=\"position: absolute; clip: rect(1px, 1px, 1px, 1px);\" title=\"&#8220;DISTANCIAMENTO DAS CONQUISTAS HIST\u00d3RICAS DA EDUCA\u00c7\u00c3O INFANTIL: REFLEX\u00d5ES SOBRE A ATIVIDADE PEDAG\u00d3GICA EM TEMPOS DE CONFINAMENTO&#8221; &#8212; Blog BaguncEI\" src=\"https:\/\/sites.uel.br\/blogbaguncei\/sem-categoria\/2021\/07\/08\/distanciamento-das-conquistas-historicas-da-educacao-infantil-reflexoes-sobre-a-atividade-pedagogica-em-tempos-de-confinamento\/embed\/#?secret=aGWsyNK15p#?secret=jEpCVy57mf\" data-secret=\"jEpCVy57mf\" width=\"500\" height=\"282\" frameborder=\"0\" marginwidth=\"0\" marginheight=\"0\" scrolling=\"no\"><\/iframe>\n<\/div><\/figure>\n<\/div>\n<\/div>\n<\/div>\n\n\n\n<div class=\"wp-block-column is-layout-flow wp-block-column-is-layout-flow\">\n<div class=\"wp-block-columns is-layout-flex wp-container-core-columns-is-layout-9d6595d7 wp-block-columns-is-layout-flex\">\n<div class=\"wp-block-column is-layout-flow wp-block-column-is-layout-flow\">\n<figure class=\"wp-block-embed aligncenter is-type-wp-embed is-provider-blog-baguncei wp-block-embed-blog-baguncei\"><div class=\"wp-block-embed__wrapper\">\n<blockquote class=\"wp-embedded-content\" data-secret=\"mNQ6wMaK1X\"><a href=\"https:\/\/sites.uel.br\/blogbaguncei\/sem-categoria\/2021\/04\/03\/educacao-infantil-em-tempos-de-pandemia\/\">&#8220;EDUCA\u00c7\u00c3O\u00a0INFANTIL EM TEMPOS DE PANDEMIA&#8221;<\/a><\/blockquote><iframe loading=\"lazy\" class=\"wp-embedded-content\" sandbox=\"allow-scripts\" security=\"restricted\" style=\"position: absolute; clip: rect(1px, 1px, 1px, 1px);\" title=\"&#8220;&#8220;EDUCA\u00c7\u00c3O\u00a0INFANTIL EM TEMPOS DE PANDEMIA&#8221;&#8221; &#8212; Blog BaguncEI\" src=\"https:\/\/sites.uel.br\/blogbaguncei\/sem-categoria\/2021\/04\/03\/educacao-infantil-em-tempos-de-pandemia\/embed\/#?secret=eyTJvbTsOk#?secret=mNQ6wMaK1X\" data-secret=\"mNQ6wMaK1X\" width=\"500\" height=\"282\" frameborder=\"0\" marginwidth=\"0\" marginheight=\"0\" scrolling=\"no\"><\/iframe>\n<\/div><\/figure>\n<\/div>\n\n\n\n<div class=\"wp-block-column is-layout-flow wp-block-column-is-layout-flow\">\n<figure class=\"wp-block-embed aligncenter is-type-wp-embed is-provider-blog-baguncei wp-block-embed-blog-baguncei\"><div class=\"wp-block-embed__wrapper\">\n<blockquote class=\"wp-embedded-content\" data-secret=\"Lf5J72uNB7\"><a href=\"https:\/\/sites.uel.br\/blogbaguncei\/sem-categoria\/2021\/03\/30\/vozes-e-experiencias-de-professoras-e-professores-das-unidades-universitarias-federais-de-educacao-infantil-uufei-durante-a-pandemia-da-covid-19\/\">&#8220;Vozes e Experi\u00eancias de Professoras e Professores das Unidades Universit\u00e1rias Federais de Educa\u00e7\u00e3o Infantil (UUFEI) durante a Pandemia da Covid-19&#8221;<\/a><\/blockquote><iframe loading=\"lazy\" class=\"wp-embedded-content\" sandbox=\"allow-scripts\" security=\"restricted\" style=\"position: absolute; clip: rect(1px, 1px, 1px, 1px);\" title=\"&#8220;&#8220;Vozes e Experi\u00eancias de Professoras e Professores das Unidades Universit\u00e1rias Federais de Educa\u00e7\u00e3o Infantil (UUFEI) durante a Pandemia da Covid-19&#8221;&#8221; &#8212; Blog BaguncEI\" src=\"https:\/\/sites.uel.br\/blogbaguncei\/sem-categoria\/2021\/03\/30\/vozes-e-experiencias-de-professoras-e-professores-das-unidades-universitarias-federais-de-educacao-infantil-uufei-durante-a-pandemia-da-covid-19\/embed\/#?secret=OmBo002xdf#?secret=Lf5J72uNB7\" data-secret=\"Lf5J72uNB7\" width=\"500\" height=\"282\" frameborder=\"0\" marginwidth=\"0\" marginheight=\"0\" scrolling=\"no\"><\/iframe>\n<\/div><\/figure>\n<\/div>\n<\/div>\n<\/div>\n<\/div>\n\n\n\n<div class=\"wp-block-columns is-layout-flex wp-container-core-columns-is-layout-9d6595d7 wp-block-columns-is-layout-flex\">\n<div class=\"wp-block-column is-layout-flow wp-block-column-is-layout-flow\">\n<div class=\"wp-block-columns is-layout-flex wp-container-core-columns-is-layout-9d6595d7 wp-block-columns-is-layout-flex\">\n<div class=\"wp-block-column is-layout-flow wp-block-column-is-layout-flow\">\n<figure class=\"wp-block-embed aligncenter is-type-wp-embed is-provider-blog-baguncei wp-block-embed-blog-baguncei\"><div class=\"wp-block-embed__wrapper\">\n<blockquote class=\"wp-embedded-content\" data-secret=\"DEZtuaWBgC\"><a href=\"https:\/\/sites.uel.br\/blogbaguncei\/sem-categoria\/2021\/02\/08\/v-22-n-especial-2020-dossie-especial-as-criancas-e-suas-infancias-em-tempos-de-pandemia\/\">v. 22 n. Especial (2020): Dossi\u00ea Especial: As crian\u00e7as e suas inf\u00e2ncias em tempos de Pandemia<\/a><\/blockquote><iframe loading=\"lazy\" class=\"wp-embedded-content\" sandbox=\"allow-scripts\" security=\"restricted\" style=\"position: absolute; clip: rect(1px, 1px, 1px, 1px);\" title=\"&#8220;v. 22 n. Especial (2020): Dossi\u00ea Especial: As crian\u00e7as e suas inf\u00e2ncias em tempos de Pandemia&#8221; &#8212; Blog BaguncEI\" src=\"https:\/\/sites.uel.br\/blogbaguncei\/sem-categoria\/2021\/02\/08\/v-22-n-especial-2020-dossie-especial-as-criancas-e-suas-infancias-em-tempos-de-pandemia\/embed\/#?secret=DbpUB9ziw5#?secret=DEZtuaWBgC\" data-secret=\"DEZtuaWBgC\" width=\"500\" height=\"282\" frameborder=\"0\" marginwidth=\"0\" marginheight=\"0\" scrolling=\"no\"><\/iframe>\n<\/div><\/figure>\n<\/div>\n\n\n\n<div class=\"wp-block-column is-layout-flow wp-block-column-is-layout-flow\">\n<figure class=\"wp-block-embed aligncenter is-type-wp-embed is-provider-blog-baguncei wp-block-embed-blog-baguncei\"><div class=\"wp-block-embed__wrapper\">\n<blockquote class=\"wp-embedded-content\" data-secret=\"HlQPgIeLlG\"><a href=\"https:\/\/sites.uel.br\/blogbaguncei\/sem-categoria\/2021\/01\/31\/v-23-n-especial-2021-dossie-especial-educacao-infantil-em-tempos-de-pandemia\/\">v. 23 n. Especial (2021): Dossi\u00ea Especial: Educa\u00e7\u00e3o infantil em tempos de Pandemia<\/a><\/blockquote><iframe loading=\"lazy\" class=\"wp-embedded-content\" sandbox=\"allow-scripts\" security=\"restricted\" style=\"position: absolute; clip: rect(1px, 1px, 1px, 1px);\" title=\"&#8220;v. 23 n. Especial (2021): Dossi\u00ea Especial: Educa\u00e7\u00e3o infantil em tempos de Pandemia&#8221; &#8212; Blog BaguncEI\" src=\"https:\/\/sites.uel.br\/blogbaguncei\/sem-categoria\/2021\/01\/31\/v-23-n-especial-2021-dossie-especial-educacao-infantil-em-tempos-de-pandemia\/embed\/#?secret=EqPJcwOJz9#?secret=HlQPgIeLlG\" data-secret=\"HlQPgIeLlG\" width=\"500\" height=\"282\" frameborder=\"0\" marginwidth=\"0\" marginheight=\"0\" scrolling=\"no\"><\/iframe>\n<\/div><\/figure>\n<\/div>\n<\/div>\n<\/div>\n\n\n\n<div class=\"wp-block-column is-layout-flow wp-block-column-is-layout-flow\">\n<div class=\"wp-block-columns is-layout-flex wp-container-core-columns-is-layout-9d6595d7 wp-block-columns-is-layout-flex\">\n<div class=\"wp-block-column is-layout-flow wp-block-column-is-layout-flow\">\n<figure class=\"wp-block-embed aligncenter is-type-wp-embed is-provider-blog-baguncei wp-block-embed-blog-baguncei\"><div class=\"wp-block-embed__wrapper\">\n<blockquote class=\"wp-embedded-content\" data-secret=\"bx9EqfdKSB\"><a href=\"https:\/\/sites.uel.br\/blogbaguncei\/sem-categoria\/2020\/07\/10\/referencias-para-o-trabalho-na-educacao-infantil-durante-a-pandemia-de-covid-19-2\/\">Refer\u00eancias para o Trabalho na Educa\u00e7\u00e3o Infantil Durante a Pandemia de COVID-19<\/a><\/blockquote><iframe loading=\"lazy\" class=\"wp-embedded-content\" sandbox=\"allow-scripts\" security=\"restricted\" style=\"position: absolute; clip: rect(1px, 1px, 1px, 1px);\" title=\"&#8220;Refer\u00eancias para o Trabalho na Educa\u00e7\u00e3o Infantil Durante a Pandemia de COVID-19&#8221; &#8212; Blog BaguncEI\" src=\"https:\/\/sites.uel.br\/blogbaguncei\/sem-categoria\/2020\/07\/10\/referencias-para-o-trabalho-na-educacao-infantil-durante-a-pandemia-de-covid-19-2\/embed\/#?secret=dvb6Jc0Pqm#?secret=bx9EqfdKSB\" data-secret=\"bx9EqfdKSB\" width=\"500\" height=\"282\" frameborder=\"0\" marginwidth=\"0\" marginheight=\"0\" scrolling=\"no\"><\/iframe>\n<\/div><\/figure>\n<\/div>\n\n\n\n<div class=\"wp-block-column is-layout-flow wp-block-column-is-layout-flow\">\n<figure class=\"wp-block-embed aligncenter is-type-wp-embed is-provider-blog-baguncei wp-block-embed-blog-baguncei\"><div class=\"wp-block-embed__wrapper\">\n<blockquote class=\"wp-embedded-content\" data-secret=\"wqMfzZrseI\"><a href=\"https:\/\/sites.uel.br\/blogbaguncei\/sem-categoria\/2020\/07\/04\/educacao-infantil-e-desigualdades-sociais-no-contexto-da-pandemia\/\">Educa\u00e7\u00e3o Infantil e Desigualdades Sociais no Contexto da Pandemia<\/a><\/blockquote><iframe loading=\"lazy\" class=\"wp-embedded-content\" sandbox=\"allow-scripts\" security=\"restricted\" style=\"position: absolute; clip: rect(1px, 1px, 1px, 1px);\" title=\"&#8220;Educa\u00e7\u00e3o Infantil e Desigualdades Sociais no Contexto da Pandemia&#8221; &#8212; Blog BaguncEI\" src=\"https:\/\/sites.uel.br\/blogbaguncei\/sem-categoria\/2020\/07\/04\/educacao-infantil-e-desigualdades-sociais-no-contexto-da-pandemia\/embed\/#?secret=oIW5hgl3Ts#?secret=wqMfzZrseI\" data-secret=\"wqMfzZrseI\" width=\"500\" height=\"282\" frameborder=\"0\" marginwidth=\"0\" marginheight=\"0\" scrolling=\"no\"><\/iframe>\n<\/div><\/figure>\n<\/div>\n<\/div>\n<\/div>\n<\/div>\n","protected":false},"excerpt":{"rendered":"","protected":false},"author":7,"featured_media":0,"parent":0,"menu_order":0,"comment_status":"closed","ping_status":"closed","template":"","meta":{"footnotes":""},"class_list":["post-146","page","type-page","status-publish","hentry"],"acf":[],"_links":{"self":[{"href":"https:\/\/sites.uel.br\/blogbaguncei\/wp-json\/wp\/v2\/pages\/146","targetHints":{"allow":["GET"]}}],"collection":[{"href":"https:\/\/sites.uel.br\/blogbaguncei\/wp-json\/wp\/v2\/pages"}],"about":[{"href":"https:\/\/sites.uel.br\/blogbaguncei\/wp-json\/wp\/v2\/types\/page"}],"author":[{"embeddable":true,"href":"https:\/\/sites.uel.br\/blogbaguncei\/wp-json\/wp\/v2\/users\/7"}],"replies":[{"embeddable":true,"href":"https:\/\/sites.uel.br\/blogbaguncei\/wp-json\/wp\/v2\/comments?post=146"}],"version-history":[{"count":3,"href":"https:\/\/sites.uel.br\/blogbaguncei\/wp-json\/wp\/v2\/pages\/146\/revisions"}],"predecessor-version":[{"id":523,"href":"https:\/\/sites.uel.br\/blogbaguncei\/wp-json\/wp\/v2\/pages\/146\/revisions\/523"}],"wp:attachment":[{"href":"https:\/\/sites.uel.br\/blogbaguncei\/wp-json\/wp\/v2\/media?parent=146"}],"curies":[{"name":"wp","href":"https:\/\/api.w.org\/{rel}","templated":true}]}}