{"id":1355,"date":"2025-05-12T15:33:48","date_gmt":"2025-05-12T18:33:48","guid":{"rendered":"https:\/\/sites.uel.br\/blogbaguncei\/?page_id=1355"},"modified":"2025-07-24T16:53:46","modified_gmt":"2025-07-24T19:53:46","slug":"livros","status":"publish","type":"page","link":"https:\/\/sites.uel.br\/blogbaguncei\/livros\/","title":{"rendered":"Livros"},"content":{"rendered":"\n<p class=\"has-text-align-center has-verde-escuro-background-color has-text-color has-background has-link-color has-medium-font-size wp-elements-ce9ef849b95203770f70dc9ccf31ee54\" style=\"color:#ffffff\"><strong>2023:<\/strong><\/p>\n\n\n\n<div class=\"wp-block-columns is-layout-flex wp-container-core-columns-is-layout-9d6595d7 wp-block-columns-is-layout-flex\">\n<div class=\"wp-block-column is-layout-flow wp-block-column-is-layout-flow\" style=\"flex-basis:50%\">\n<div class=\"wp-block-file\"><a id=\"wp-block-file--media-b11b8029-9c0c-4e2f-a9fb-c14576087925\" href=\"https:\/\/sites.uel.br\/blogbaguncei\/wp-content\/uploads\/2025\/07\/EBOOK_As-implicacoes-do-estagio-para-a-construcao-da-docencia-na-Educacao-Infantil.pdf\"><strong>EBOOK: As implica\u00e7\u00f5es do est\u00e1gio para a constru\u00e7\u00e3o da doc\u00eancia na Educa\u00e7\u00e3o Infantil<\/strong><br>Organizado por: Cassiana Magalh\u00e3es<\/a><a href=\"https:\/\/sites.uel.br\/blogbaguncei\/wp-content\/uploads\/2025\/07\/EBOOK_As-implicacoes-do-estagio-para-a-construcao-da-docencia-na-Educacao-Infantil.pdf\" class=\"wp-block-file__button wp-element-button\" download aria-describedby=\"wp-block-file--media-b11b8029-9c0c-4e2f-a9fb-c14576087925\">Baixar<\/a><\/div>\n<\/div>\n\n\n\n<div class=\"wp-block-column is-layout-flow wp-block-column-is-layout-flow\" style=\"flex-basis:50%\"><\/div>\n<\/div>\n\n\n\n<p class=\"has-text-align-center has-verde-escuro-background-color has-text-color has-background has-link-color has-medium-font-size wp-elements-61a1fdaf126d31fd7a88c3c077e65fe6\" style=\"color:#ffffff\"><strong>2022:<\/strong><\/p>\n\n\n\n<div class=\"wp-block-columns is-layout-flex wp-container-core-columns-is-layout-9d6595d7 wp-block-columns-is-layout-flex\">\n<div class=\"wp-block-column is-layout-flow wp-block-column-is-layout-flow\">\n<div class=\"wp-block-file\"><a id=\"wp-block-file--media-43f2c43b-9141-4226-8c15-38deb4593305\" href=\"https:\/\/sites.uel.br\/blogbaguncei\/wp-content\/uploads\/2025\/07\/EBOOK_Travessias-luso-brasileiras-na-educacao-da-infancia.pdf\"><strong>EBOOK: Travessias Luso-Brasileiras na educa\u00e7\u00e3o da inf\u00e2ncia<br><\/strong>Organizado por: Cassiana Magalh\u00e3es e Ana Artur<\/a><a href=\"https:\/\/sites.uel.br\/blogbaguncei\/wp-content\/uploads\/2025\/07\/EBOOK_Travessias-luso-brasileiras-na-educacao-da-infancia.pdf\" class=\"wp-block-file__button wp-element-button\" download aria-describedby=\"wp-block-file--media-43f2c43b-9141-4226-8c15-38deb4593305\">Baixar<\/a><\/div>\n<\/div>\n\n\n\n<div class=\"wp-block-column is-layout-flow wp-block-column-is-layout-flow\"><\/div>\n<\/div>\n","protected":false},"excerpt":{"rendered":"<p>2023: 2022:<\/p>\n","protected":false},"author":11,"featured_media":0,"parent":0,"menu_order":0,"comment_status":"closed","ping_status":"closed","template":"","meta":{"footnotes":""},"class_list":["post-1355","page","type-page","status-publish","hentry"],"acf":[],"_links":{"self":[{"href":"https:\/\/sites.uel.br\/blogbaguncei\/wp-json\/wp\/v2\/pages\/1355","targetHints":{"allow":["GET"]}}],"collection":[{"href":"https:\/\/sites.uel.br\/blogbaguncei\/wp-json\/wp\/v2\/pages"}],"about":[{"href":"https:\/\/sites.uel.br\/blogbaguncei\/wp-json\/wp\/v2\/types\/page"}],"author":[{"embeddable":true,"href":"https:\/\/sites.uel.br\/blogbaguncei\/wp-json\/wp\/v2\/users\/11"}],"replies":[{"embeddable":true,"href":"https:\/\/sites.uel.br\/blogbaguncei\/wp-json\/wp\/v2\/comments?post=1355"}],"version-history":[{"count":3,"href":"https:\/\/sites.uel.br\/blogbaguncei\/wp-json\/wp\/v2\/pages\/1355\/revisions"}],"predecessor-version":[{"id":1444,"href":"https:\/\/sites.uel.br\/blogbaguncei\/wp-json\/wp\/v2\/pages\/1355\/revisions\/1444"}],"wp:attachment":[{"href":"https:\/\/sites.uel.br\/blogbaguncei\/wp-json\/wp\/v2\/media?parent=1355"}],"curies":[{"name":"wp","href":"https:\/\/api.w.org\/{rel}","templated":true}]}}