{"id":1353,"date":"2025-05-12T15:33:20","date_gmt":"2025-05-12T18:33:20","guid":{"rendered":"https:\/\/sites.uel.br\/blogbaguncei\/?page_id=1353"},"modified":"2025-07-24T16:51:02","modified_gmt":"2025-07-24T19:51:02","slug":"dissertacoes-e-teses","status":"publish","type":"page","link":"https:\/\/sites.uel.br\/blogbaguncei\/dissertacoes-e-teses\/","title":{"rendered":"Disserta\u00e7\u00f5es e Teses"},"content":{"rendered":"\n<p class=\"has-text-align-center has-verde-escuro-background-color has-text-color has-background has-link-color has-medium-font-size wp-elements-9591c544c3537a95a505d765e185d668\" style=\"color:#ffffff\"><strong>2025:<\/strong><\/p>\n\n\n\n<div class=\"wp-block-columns is-layout-flex wp-container-core-columns-is-layout-9d6595d7 wp-block-columns-is-layout-flex\">\n<div class=\"wp-block-column is-layout-flow wp-block-column-is-layout-flow\" style=\"flex-basis:50%\">\n<div class=\"wp-block-file\"><a id=\"wp-block-file--media-9000e2dc-1dd3-45d4-9f10-e8a9fc0a7da1\" href=\"https:\/\/sites.uel.br\/blogbaguncei\/wp-content\/uploads\/2025\/07\/CH_EDU_Me_2025_MONTEIRO_VANESSA_S.pdf\"><strong>O TRABALHO EDUCATIVO NA PR\u00c9-ESCOLA: CONTRIBUI\u00c7\u00d5ES \u00c0 LUZ DA TEORIA HIST\u00d3RICO-CULTURAL<\/strong><br>De: Vanessa de Souza Monteiro<\/a><a href=\"https:\/\/sites.uel.br\/blogbaguncei\/wp-content\/uploads\/2025\/07\/CH_EDU_Me_2025_MONTEIRO_VANESSA_S.pdf\" class=\"wp-block-file__button wp-element-button\" download aria-describedby=\"wp-block-file--media-9000e2dc-1dd3-45d4-9f10-e8a9fc0a7da1\">Baixar<\/a><\/div>\n<\/div>\n\n\n\n<div class=\"wp-block-column is-layout-flow wp-block-column-is-layout-flow\" style=\"flex-basis:50%\"><\/div>\n<\/div>\n\n\n\n<p class=\"has-text-align-center has-verde-escuro-background-color has-text-color has-background has-link-color has-medium-font-size wp-elements-4e6f7cd4e72962751b6e150869825881\" style=\"color:#ffffff\"><strong>2024:<\/strong><\/p>\n\n\n\n<div class=\"wp-block-columns is-layout-flex wp-container-core-columns-is-layout-9d6595d7 wp-block-columns-is-layout-flex\">\n<div class=\"wp-block-column is-layout-flow wp-block-column-is-layout-flow\" style=\"flex-basis:50%\">\n<div class=\"wp-block-file\"><a id=\"wp-block-file--media-18d3d9e6-88fb-44e3-a5fe-5a7421e89dca\" href=\"https:\/\/sites.uel.br\/blogbaguncei\/wp-content\/uploads\/2025\/07\/CH_EDU_Me_2024_Paccola_Regina_-CM.pdf\"><strong>O QUINTAL DA NOSSA ESCOLA: POSSIBILIDADES DE APRENDIZAGEM E DESENVOLVIMENTO DAS CRIAN\u00c7AS DE 4 A 6 ANOS DE IDADE <\/strong><br>De: Regina C\u00e9lia de Matos Paccola<\/a><a href=\"https:\/\/sites.uel.br\/blogbaguncei\/wp-content\/uploads\/2025\/07\/CH_EDU_Me_2024_Paccola_Regina_-CM.pdf\" class=\"wp-block-file__button wp-element-button\" download aria-describedby=\"wp-block-file--media-18d3d9e6-88fb-44e3-a5fe-5a7421e89dca\">Baixar<\/a><\/div>\n<\/div>\n\n\n\n<div class=\"wp-block-column is-layout-flow wp-block-column-is-layout-flow\" style=\"flex-basis:50%\">\n<div class=\"wp-block-file\"><a id=\"wp-block-file--media-200f9885-4a6a-49c2-af43-f3ea68151622\" href=\"https:\/\/sites.uel.br\/blogbaguncei\/wp-content\/uploads\/2025\/07\/CH_EDU_Me_2024_Rossini_Kethelen_N.pdf\"><strong>AS RELA\u00c7\u00d5ES DOS BEB\u00caS NO BER\u00c7\u00c1RIO: Um olhar hist\u00f3rico-cultural<br><\/strong>De: Kethelen Rossini<\/a><a href=\"https:\/\/sites.uel.br\/blogbaguncei\/wp-content\/uploads\/2025\/07\/CH_EDU_Me_2024_Rossini_Kethelen_N.pdf\" class=\"wp-block-file__button wp-element-button\" download aria-describedby=\"wp-block-file--media-200f9885-4a6a-49c2-af43-f3ea68151622\">Baixar<\/a><\/div>\n<\/div>\n<\/div>\n\n\n\n<p class=\"has-text-align-center has-verde-escuro-background-color has-text-color has-background has-link-color has-medium-font-size wp-elements-ce9ef849b95203770f70dc9ccf31ee54\" style=\"color:#ffffff\"><strong>2023:<\/strong><\/p>\n\n\n\n<div class=\"wp-block-columns is-layout-flex wp-container-core-columns-is-layout-9d6595d7 wp-block-columns-is-layout-flex\">\n<div class=\"wp-block-column is-layout-flow wp-block-column-is-layout-flow\">\n<div class=\"wp-block-file\"><a id=\"wp-block-file--media-3b5be3a9-27f4-40c0-9bc7-422c3c5249a2\" href=\"https:\/\/sites.uel.br\/blogbaguncei\/wp-content\/uploads\/2025\/07\/BELEZE_-_Nathalia_Martins.pdf\"><strong>O TRABALHO PEDAG\u00d3GICO NA IDADE PR\u00c9-ESCOLAR: articula\u00e7\u00f5es entre a Teoria Hist\u00f3rico-Cultural e as Neuroci\u00eancias<br><\/strong>De: Nathalia Martin Beleze<\/a><a href=\"https:\/\/sites.uel.br\/blogbaguncei\/wp-content\/uploads\/2025\/07\/BELEZE_-_Nathalia_Martins.pdf\" class=\"wp-block-file__button wp-element-button\" download aria-describedby=\"wp-block-file--media-3b5be3a9-27f4-40c0-9bc7-422c3c5249a2\">Baixar<\/a><\/div>\n<\/div>\n\n\n\n<div class=\"wp-block-column is-layout-flow wp-block-column-is-layout-flow\">\n<div class=\"wp-block-file\"><a id=\"wp-block-file--media-20632f55-549d-4fac-be82-fd50e1a880c7\" href=\"https:\/\/sites.uel.br\/blogbaguncei\/wp-content\/uploads\/2025\/07\/CARBONIERI_-_Juliana.pdf\"><strong>A G\u00caNESE DA IMAGINA\u00c7\u00c3O NA IDADE PR\u00c9-ESCOLAR: unidade conte\u00fado-forma-destinat\u00e1rio em an\u00e1lise<\/strong><br>De: Juliana Carbonieri<\/a><a href=\"https:\/\/sites.uel.br\/blogbaguncei\/wp-content\/uploads\/2025\/07\/CARBONIERI_-_Juliana.pdf\" class=\"wp-block-file__button wp-element-button\" download aria-describedby=\"wp-block-file--media-20632f55-549d-4fac-be82-fd50e1a880c7\">Baixar<\/a><\/div>\n<\/div>\n<\/div>\n\n\n\n<div class=\"wp-block-columns is-layout-flex wp-container-core-columns-is-layout-9d6595d7 wp-block-columns-is-layout-flex\">\n<div class=\"wp-block-column is-layout-flow wp-block-column-is-layout-flow\"><\/div>\n\n\n\n<div class=\"wp-block-column is-layout-flow wp-block-column-is-layout-flow\"><\/div>\n<\/div>\n\n\n\n<div class=\"wp-block-columns is-layout-flex wp-container-core-columns-is-layout-9d6595d7 wp-block-columns-is-layout-flex\">\n<div class=\"wp-block-column is-layout-flow wp-block-column-is-layout-flow\"><\/div>\n\n\n\n<div class=\"wp-block-column is-layout-flow wp-block-column-is-layout-flow\"><\/div>\n<\/div>\n","protected":false},"excerpt":{"rendered":"<p>2025: 2024: 2023:<\/p>\n","protected":false},"author":11,"featured_media":0,"parent":0,"menu_order":0,"comment_status":"closed","ping_status":"closed","template":"","meta":{"footnotes":""},"class_list":["post-1353","page","type-page","status-publish","hentry"],"acf":[],"_links":{"self":[{"href":"https:\/\/sites.uel.br\/blogbaguncei\/wp-json\/wp\/v2\/pages\/1353","targetHints":{"allow":["GET"]}}],"collection":[{"href":"https:\/\/sites.uel.br\/blogbaguncei\/wp-json\/wp\/v2\/pages"}],"about":[{"href":"https:\/\/sites.uel.br\/blogbaguncei\/wp-json\/wp\/v2\/types\/page"}],"author":[{"embeddable":true,"href":"https:\/\/sites.uel.br\/blogbaguncei\/wp-json\/wp\/v2\/users\/11"}],"replies":[{"embeddable":true,"href":"https:\/\/sites.uel.br\/blogbaguncei\/wp-json\/wp\/v2\/comments?post=1353"}],"version-history":[{"count":5,"href":"https:\/\/sites.uel.br\/blogbaguncei\/wp-json\/wp\/v2\/pages\/1353\/revisions"}],"predecessor-version":[{"id":1442,"href":"https:\/\/sites.uel.br\/blogbaguncei\/wp-json\/wp\/v2\/pages\/1353\/revisions\/1442"}],"wp:attachment":[{"href":"https:\/\/sites.uel.br\/blogbaguncei\/wp-json\/wp\/v2\/media?parent=1353"}],"curies":[{"name":"wp","href":"https:\/\/api.w.org\/{rel}","templated":true}]}}