{"id":1351,"date":"2025-05-12T15:32:52","date_gmt":"2025-05-12T18:32:52","guid":{"rendered":"https:\/\/sites.uel.br\/blogbaguncei\/?page_id=1351"},"modified":"2025-07-24T16:46:40","modified_gmt":"2025-07-24T19:46:40","slug":"artigos","status":"publish","type":"page","link":"https:\/\/sites.uel.br\/blogbaguncei\/artigos\/","title":{"rendered":"Artigos"},"content":{"rendered":"\n<p><\/p>\n\n\n\n<p class=\"has-text-align-center has-verde-background-color has-text-color has-background has-link-color has-medium-font-size wp-elements-eefbd1ba10428c21ddc9507d4838b3d4\" style=\"color:#ffffff\"><strong>2025:<\/strong><\/p>\n\n\n\n<div class=\"wp-block-columns is-layout-flex wp-container-core-columns-is-layout-9d6595d7 wp-block-columns-is-layout-flex\">\n<div class=\"wp-block-column is-layout-flow wp-block-column-is-layout-flow\" style=\"flex-basis:50%\">\n<div class=\"wp-block-file\"><a id=\"wp-block-file--media-61bd9ffd-0795-4234-bdc9-657d538de56c\" href=\"https:\/\/sites.uel.br\/blogbaguncei\/wp-content\/uploads\/2025\/07\/PUBLICARautorOK5073_revrevista_07mar25_revfinalmonica_30mar25_compressed.pdf\"><strong>O TRABALHO EDUCATIVO NA PR\u00c9-ESCOLA: CONTRIBUI\u00c7\u00d5ES \u00c0 LUZ DA TEORIA HIST\u00d3RICO-CULTURAL E DA PEDAGOGIA HIST\u00d3RICO-CR\u00cdTICA<\/strong><br>De: Vanessa de Souza Monteira e Cassiana Magalh\u00e3es<\/a><a href=\"https:\/\/sites.uel.br\/blogbaguncei\/wp-content\/uploads\/2025\/07\/PUBLICARautorOK5073_revrevista_07mar25_revfinalmonica_30mar25_compressed.pdf\" class=\"wp-block-file__button wp-element-button\" download aria-describedby=\"wp-block-file--media-61bd9ffd-0795-4234-bdc9-657d538de56c\">Baixar<\/a><\/div>\n<\/div>\n\n\n\n<div class=\"wp-block-column is-layout-flow wp-block-column-is-layout-flow\" style=\"flex-basis:50%\"><\/div>\n<\/div>\n\n\n\n<p class=\"has-text-align-center has-verde-background-color has-text-color has-background has-link-color has-medium-font-size wp-elements-1ee8ae2d49111d5990f128a00aefcb50\" style=\"color:#ffffff\"><strong>2024:<\/strong><\/p>\n\n\n\n<div class=\"wp-block-columns is-layout-flex wp-container-core-columns-is-layout-9d6595d7 wp-block-columns-is-layout-flex\">\n<div class=\"wp-block-column is-layout-flow wp-block-column-is-layout-flow\" style=\"flex-basis:50%\">\n<div class=\"wp-block-file\"><a id=\"wp-block-file--media-3f1873b8-aa73-40d8-b448-9ac96c8126a8\" href=\"https:\/\/sites.uel.br\/blogbaguncei\/wp-content\/uploads\/2025\/07\/3606-Texto-do-Artigo-14497-1-10-20240915-1-2.pdf\"><strong>O QUINTAL DA NOSSA ESCOLA: POSSIBILIDADES DE<br>APRENDIZAGEM E DESENVOLVIMENTO DAS CRIAN\u00c7AS DE 4 A<br>6 ANOS DE IDADE<\/strong><br>De: Regina C\u00e9lia de Matos Paccola e Cassiana Magalh\u00e3es<\/a><a href=\"https:\/\/sites.uel.br\/blogbaguncei\/wp-content\/uploads\/2025\/07\/3606-Texto-do-Artigo-14497-1-10-20240915-1-2.pdf\" class=\"wp-block-file__button wp-element-button\" download aria-describedby=\"wp-block-file--media-3f1873b8-aa73-40d8-b448-9ac96c8126a8\">Baixar<\/a><\/div>\n<\/div>\n\n\n\n<div class=\"wp-block-column is-layout-flow wp-block-column-is-layout-flow\" style=\"flex-basis:50%\"><\/div>\n<\/div>\n\n\n\n<p class=\"has-text-align-center has-verde-background-color has-text-color has-background has-link-color has-medium-font-size wp-elements-c5316b18bb5e9a19cdf474cb5694bf5c\" style=\"color:#ffffff\"><strong>2023:<\/strong><\/p>\n\n\n\n<div class=\"wp-block-columns is-layout-flex wp-container-core-columns-is-layout-9d6595d7 wp-block-columns-is-layout-flex\">\n<div class=\"wp-block-column is-layout-flow wp-block-column-is-layout-flow\" style=\"flex-basis:50%\">\n<div class=\"wp-block-file\"><a id=\"wp-block-file--media-cbbe5019-1c58-4909-88a6-f65d942b3ad6\" href=\"https:\/\/sites.uel.br\/blogbaguncei\/wp-content\/uploads\/2025\/07\/16.AABORDAGEMPIKLERNOBRASILESUA-2.pdf\"><strong>A ABORDAGEM PIKLER NO BRASIL E SUAS CONTRIBUI\u00c7\u00d5ES PARA A<br>PR\u00c1TICA PEDAG\u00d3GICA NA EDUCA\u00c7\u00c3O INFANTIL <\/strong><br>De: D\u00e9bora Fontana Borges e Cassiana Magalh\u00e3es<\/a><a href=\"https:\/\/sites.uel.br\/blogbaguncei\/wp-content\/uploads\/2025\/07\/16.AABORDAGEMPIKLERNOBRASILESUA-2.pdf\" class=\"wp-block-file__button wp-element-button\" download aria-describedby=\"wp-block-file--media-cbbe5019-1c58-4909-88a6-f65d942b3ad6\">Baixar<\/a><\/div>\n<\/div>\n\n\n\n<div class=\"wp-block-column is-layout-flow wp-block-column-is-layout-flow\" style=\"flex-basis:50%\"><\/div>\n<\/div>\n\n\n\n<p class=\"has-text-align-center has-verde-background-color has-text-color has-background has-link-color has-medium-font-size wp-elements-7d96ffd7d162b6e950022bceece4de16\" style=\"color:#ffffff\"><strong>2022:<\/strong><\/p>\n\n\n\n<div class=\"wp-block-columns is-layout-flex wp-container-core-columns-is-layout-9d6595d7 wp-block-columns-is-layout-flex\">\n<div class=\"wp-block-column is-layout-flow wp-block-column-is-layout-flow\" style=\"flex-basis:50%\">\n<div class=\"wp-block-file\"><a id=\"wp-block-file--media-6a9e2ad0-5001-4a8c-ba3d-033bb6af4142\" href=\"https:\/\/sites.uel.br\/blogbaguncei\/wp-content\/uploads\/2025\/07\/2900-Texto-do-Artigo-10981-1-10-20230214-1.pdf\"><strong>EM TEMPOS DE PANDEMIA: IVO VOLTOU A VER A UVA <br><\/strong>De: Cassiana Magalh\u00e3es, Suely Amaral Mello e Juliana Carbonieri<\/a><a href=\"https:\/\/sites.uel.br\/blogbaguncei\/wp-content\/uploads\/2025\/07\/2900-Texto-do-Artigo-10981-1-10-20230214-1.pdf\" class=\"wp-block-file__button wp-element-button\" download aria-describedby=\"wp-block-file--media-6a9e2ad0-5001-4a8c-ba3d-033bb6af4142\">Baixar<\/a><\/div>\n<\/div>\n\n\n\n<div class=\"wp-block-column is-layout-flow wp-block-column-is-layout-flow\" style=\"flex-basis:50%\">\n<div class=\"wp-block-file\"><a id=\"wp-block-file--media-933a5d61-ae5e-4fda-b301-f646b445c05c\" href=\"https:\/\/sites.uel.br\/blogbaguncei\/wp-content\/uploads\/2025\/07\/Caderno_de_resumos_-_SEDU_2022.pdf\"><strong>Caderno de resumos &#8211; SEDU 2022<\/strong><\/a><a href=\"https:\/\/sites.uel.br\/blogbaguncei\/wp-content\/uploads\/2025\/07\/Caderno_de_resumos_-_SEDU_2022.pdf\" class=\"wp-block-file__button wp-element-button\" download aria-describedby=\"wp-block-file--media-933a5d61-ae5e-4fda-b301-f646b445c05c\">Baixar<\/a><\/div>\n<\/div>\n<\/div>\n\n\n\n<div class=\"wp-block-columns is-layout-flex wp-container-core-columns-is-layout-9d6595d7 wp-block-columns-is-layout-flex\">\n<div class=\"wp-block-column is-layout-flow wp-block-column-is-layout-flow\">\n<div class=\"wp-block-file\"><a id=\"wp-block-file--media-bfd4f86a-40c3-4eff-8613-da43e9473551\" href=\"https:\/\/sites.uel.br\/blogbaguncei\/wp-content\/uploads\/2025\/07\/POR-EXTENSO-2022-ANAIS.pdf\"><strong>BLOG BAGUNCEI E SUAS CONTRIBUI\u00c7\u00d5ES PARA OS PROFISSIONAIS DA EDUCA\u00c7\u00c3O INFANTIL<\/strong><br>De: Debora Fontana Borges e Cassiana Magalh\u00e3es<\/a><a href=\"https:\/\/sites.uel.br\/blogbaguncei\/wp-content\/uploads\/2025\/07\/POR-EXTENSO-2022-ANAIS.pdf\" class=\"wp-block-file__button wp-element-button\" download aria-describedby=\"wp-block-file--media-bfd4f86a-40c3-4eff-8613-da43e9473551\">Baixar<\/a><\/div>\n<\/div>\n\n\n\n<div class=\"wp-block-column is-layout-flow wp-block-column-is-layout-flow\"><\/div>\n<\/div>\n\n\n\n<p class=\"has-text-align-center has-verde-background-color has-text-color has-background has-link-color has-medium-font-size wp-elements-a8c46e98fbe279a5a153cd231251f8fc\" style=\"color:#ffffff\"><strong>2021:<\/strong><\/p>\n\n\n\n<div class=\"wp-block-columns is-layout-flex wp-container-core-columns-is-layout-9d6595d7 wp-block-columns-is-layout-flex\">\n<div class=\"wp-block-column is-layout-flow wp-block-column-is-layout-flow\">\n<div class=\"wp-block-file\"><a id=\"wp-block-file--media-573596f6-5ca3-4111-86c0-a33585db2ff1\" href=\"https:\/\/sites.uel.br\/blogbaguncei\/wp-content\/uploads\/2025\/07\/4325-Texto-do-artigo-17068-1-10-20210503.pdf\"><strong>DISTANCIAMENTO DAS CONQUISTAS HIST\u00d3RICAS DA EDUCA\u00c7\u00c3O INFANTIL: REFLEX\u00d5ES SOBRE A ATIVIDADE PEDAG\u00d3GICA EM TEMPOS DE CONFINAMENTO <\/strong><br>De: Cassiana Magalh\u00e3es, Lucineia Maria Lazaretti e Juliana Campregher Pasqualini<\/a><a href=\"https:\/\/sites.uel.br\/blogbaguncei\/wp-content\/uploads\/2025\/07\/4325-Texto-do-artigo-17068-1-10-20210503.pdf\" class=\"wp-block-file__button wp-element-button\" download aria-describedby=\"wp-block-file--media-573596f6-5ca3-4111-86c0-a33585db2ff1\">Baixar<\/a><\/div>\n<\/div>\n\n\n\n<div class=\"wp-block-column is-layout-flow wp-block-column-is-layout-flow\">\n<div class=\"wp-block-file\"><a id=\"wp-block-file--media-f9611a4d-13ce-4fad-88bd-1e2d5bc5468e\" href=\"https:\/\/sites.uel.br\/blogbaguncei\/wp-content\/uploads\/2025\/07\/document.pdf\"><strong>A Educa\u00e7\u00e3o Infantil no contexto da pandemia: os poss\u00edveis enfrentamentos ap\u00f3s a publica\u00e7\u00e3o do Parecer 05\/2020<\/strong><br>De: Cassiana Magalh\u00e3es e Cristiane dos Santos Farias<\/a><a href=\"https:\/\/sites.uel.br\/blogbaguncei\/wp-content\/uploads\/2025\/07\/document.pdf\" class=\"wp-block-file__button wp-element-button\" download aria-describedby=\"wp-block-file--media-f9611a4d-13ce-4fad-88bd-1e2d5bc5468e\">Baixar<\/a><\/div>\n<\/div>\n<\/div>\n\n\n\n<div class=\"wp-block-columns is-layout-flex wp-container-core-columns-is-layout-9d6595d7 wp-block-columns-is-layout-flex\">\n<div class=\"wp-block-column is-layout-flow wp-block-column-is-layout-flow\">\n<div class=\"wp-block-file\"><a id=\"wp-block-file--media-e2882017-e1e8-47f2-ba43-dfeda31dcdc9\" href=\"https:\/\/sites.uel.br\/blogbaguncei\/wp-content\/uploads\/2025\/07\/educanaliseGerentedarevista7.TEMPOEESPACOPARAABRINCADEIRA.pdf\"><strong>TEMPO E ESPA\u00c7O PARA A BRINCADEIRA DE PAP\u00c9IS SOCIAIS NA EDUCA\u00c7\u00c3O INFANTIL: DOCUMENTOS OFICIAIS E PR\u00c1TICAS PEDAG\u00d3GICAS<\/strong><br>De: Kethelen Rossini, Luana Haruka Kawagoe e Cassiana Magalh\u00e3es<\/a><a href=\"https:\/\/sites.uel.br\/blogbaguncei\/wp-content\/uploads\/2025\/07\/educanaliseGerentedarevista7.TEMPOEESPACOPARAABRINCADEIRA.pdf\" class=\"wp-block-file__button wp-element-button\" download aria-describedby=\"wp-block-file--media-e2882017-e1e8-47f2-ba43-dfeda31dcdc9\">Baixar<\/a><\/div>\n<\/div>\n\n\n\n<div class=\"wp-block-column is-layout-flow wp-block-column-is-layout-flow\"><\/div>\n<\/div>\n\n\n\n<p class=\"has-text-align-center has-verde-background-color has-text-color has-background has-link-color has-medium-font-size wp-elements-869a9ec0b1cba49aa70a6164852a2aee\" style=\"color:#ffffff\"><strong>2019:<\/strong><\/p>\n\n\n\n<div class=\"wp-block-columns is-layout-flex wp-container-core-columns-is-layout-9d6595d7 wp-block-columns-is-layout-flex\">\n<div class=\"wp-block-column is-layout-flow wp-block-column-is-layout-flow\" style=\"flex-basis:50%\">\n<div class=\"wp-block-file\"><a id=\"wp-block-file--media-6824bf3b-37b9-48d8-a07d-34fa5a7ef3f2\" href=\"https:\/\/sites.uel.br\/blogbaguncei\/wp-content\/uploads\/2025\/07\/olhardeprofessorA06.pdf\"><strong>EST\u00c1GIO: SUPERA\u00c7\u00c3O DO ESPONTANE\u00cdSMO E DOC\u00caNCIA NA EDUCA\u00c7\u00c3O INFANTIL<\/strong><br>De: Cassiana Magalh\u00e3es<\/a><a href=\"https:\/\/sites.uel.br\/blogbaguncei\/wp-content\/uploads\/2025\/07\/olhardeprofessorA06.pdf\" class=\"wp-block-file__button wp-element-button\" download aria-describedby=\"wp-block-file--media-6824bf3b-37b9-48d8-a07d-34fa5a7ef3f2\">Baixar<\/a><\/div>\n<\/div>\n\n\n\n<div class=\"wp-block-column is-layout-flow wp-block-column-is-layout-flow\" style=\"flex-basis:50%\"><\/div>\n<\/div>\n\n\n\n<p class=\"has-text-align-center has-verde-background-color has-text-color has-background has-link-color has-medium-font-size wp-elements-dbc0e6cfa3f22444c44b25f60f76892b\" style=\"color:#ffffff\"><strong>2018:<\/strong><\/p>\n\n\n\n<div class=\"wp-block-columns is-layout-flex wp-container-core-columns-is-layout-9d6595d7 wp-block-columns-is-layout-flex\">\n<div class=\"wp-block-column is-layout-flow wp-block-column-is-layout-flow\" style=\"flex-basis:50%\">\n<div class=\"wp-block-file\"><a id=\"wp-block-file--media-d5b49b6b-22fd-4480-8062-7fca1cbb4923\" href=\"https:\/\/sites.uel.br\/blogbaguncei\/wp-content\/uploads\/2025\/07\/educanaliseGerentedarevista4-33994-166363-1-CE.pdf\"><strong>APRENDER A PROFISS\u00c3O EM COOPERA\u00c7\u00c3O: PROCESSO DE FORMA\u00c7\u00c3O DOCENTE PARA A INF\u00c2NCIA<\/strong><br>De: Cassiana Magalh\u00e3es e Maria Assun\u00e7\u00e3o Folque<\/a><a href=\"https:\/\/sites.uel.br\/blogbaguncei\/wp-content\/uploads\/2025\/07\/educanaliseGerentedarevista4-33994-166363-1-CE.pdf\" class=\"wp-block-file__button wp-element-button\" download aria-describedby=\"wp-block-file--media-d5b49b6b-22fd-4480-8062-7fca1cbb4923\">Baixar<\/a><\/div>\n<\/div>\n\n\n\n<div class=\"wp-block-column is-layout-flow wp-block-column-is-layout-flow\" style=\"flex-basis:50%\"><\/div>\n<\/div>\n\n\n\n<p class=\"has-text-align-center has-verde-background-color has-text-color has-background has-link-color has-medium-font-size wp-elements-c5faeebebca9b4e69d8e8bb3b565e2c9\" style=\"color:#ffffff\"><strong>2017:<\/strong><\/p>\n\n\n\n<div class=\"wp-block-columns is-layout-flex wp-container-core-columns-is-layout-9d6595d7 wp-block-columns-is-layout-flex\">\n<div class=\"wp-block-column is-layout-flow wp-block-column-is-layout-flow\">\n<div class=\"wp-block-file\"><a id=\"wp-block-file--media-93cfebd8-8b0a-4d47-90c6-e3d16b00b4c5\" href=\"https:\/\/sites.uel.br\/blogbaguncei\/wp-content\/uploads\/2025\/07\/17012018_os_bebes_e_as_aprendizagens_uma_proposta_de_intervencao_formativa.pdf\"><strong>OS BEB\u00caS E AS APRENDIZAGENS:<br>UMA PROPOSTA DE INTERVEN\u00c7\u00c3O FORMATIVA<\/strong><br>De: Cassiana Magalh\u00e3es, Lucineia Maria Lazaretti e N\u00e1dia Mara Eidt<\/a><a href=\"https:\/\/sites.uel.br\/blogbaguncei\/wp-content\/uploads\/2025\/07\/17012018_os_bebes_e_as_aprendizagens_uma_proposta_de_intervencao_formativa.pdf\" class=\"wp-block-file__button wp-element-button\" download aria-describedby=\"wp-block-file--media-93cfebd8-8b0a-4d47-90c6-e3d16b00b4c5\">Baixar<\/a><\/div>\n<\/div>\n\n\n\n<div class=\"wp-block-column is-layout-flow wp-block-column-is-layout-flow\"><\/div>\n<\/div>\n\n\n\n<div class=\"wp-block-columns is-layout-flex wp-container-core-columns-is-layout-9d6595d7 wp-block-columns-is-layout-flex\">\n<div class=\"wp-block-column is-layout-flow wp-block-column-is-layout-flow\"><\/div>\n\n\n\n<div class=\"wp-block-column is-layout-flow wp-block-column-is-layout-flow\"><\/div>\n<\/div>\n","protected":false},"excerpt":{"rendered":"<p>2025: 2024: 2023: 2022: 2021: 2019: 2018: 2017:<\/p>\n","protected":false},"author":11,"featured_media":0,"parent":0,"menu_order":0,"comment_status":"closed","ping_status":"closed","template":"","meta":{"footnotes":""},"class_list":["post-1351","page","type-page","status-publish","hentry"],"acf":[],"_links":{"self":[{"href":"https:\/\/sites.uel.br\/blogbaguncei\/wp-json\/wp\/v2\/pages\/1351","targetHints":{"allow":["GET"]}}],"collection":[{"href":"https:\/\/sites.uel.br\/blogbaguncei\/wp-json\/wp\/v2\/pages"}],"about":[{"href":"https:\/\/sites.uel.br\/blogbaguncei\/wp-json\/wp\/v2\/types\/page"}],"author":[{"embeddable":true,"href":"https:\/\/sites.uel.br\/blogbaguncei\/wp-json\/wp\/v2\/users\/11"}],"replies":[{"embeddable":true,"href":"https:\/\/sites.uel.br\/blogbaguncei\/wp-json\/wp\/v2\/comments?post=1351"}],"version-history":[{"count":6,"href":"https:\/\/sites.uel.br\/blogbaguncei\/wp-json\/wp\/v2\/pages\/1351\/revisions"}],"predecessor-version":[{"id":1471,"href":"https:\/\/sites.uel.br\/blogbaguncei\/wp-json\/wp\/v2\/pages\/1351\/revisions\/1471"}],"wp:attachment":[{"href":"https:\/\/sites.uel.br\/blogbaguncei\/wp-json\/wp\/v2\/media?parent=1351"}],"curies":[{"name":"wp","href":"https:\/\/api.w.org\/{rel}","templated":true}]}}