{"id":106,"date":"2023-10-18T18:27:47","date_gmt":"2023-10-18T21:27:47","guid":{"rendered":"https:\/\/sites.uel.br\/blogbaguncei\/?page_id=106"},"modified":"2025-04-17T14:56:57","modified_gmt":"2025-04-17T17:56:57","slug":"baguncei-indica-textos-pedagogicos","status":"publish","type":"page","link":"https:\/\/sites.uel.br\/blogbaguncei\/baguncei-indica-textos-pedagogicos\/","title":{"rendered":"BaguncEI indica:"},"content":{"rendered":"\n<p><\/p>\n\n\n\n<p class=\"has-text-align-left\">Acesse as indica\u00e7\u00f5es de textos pedag\u00f3gicos abaixo:&nbsp;<\/p>\n\n\n\n<div class=\"wp-block-columns is-layout-flex wp-container-core-columns-is-layout-9d6595d7 wp-block-columns-is-layout-flex\">\n<div class=\"wp-block-column is-layout-flow wp-block-column-is-layout-flow\">\n<figure class=\"wp-block-embed is-type-wp-embed is-provider-blog-baguncei wp-block-embed-blog-baguncei\"><div class=\"wp-block-embed__wrapper\">\n<blockquote class=\"wp-embedded-content\" data-secret=\"jTYaQXplgt\"><a href=\"https:\/\/sites.uel.br\/blogbaguncei\/baguncei-indica\/2025\/01\/31\/baguncei-indica-textos-sobre-aprendizagem-e-ou-avaliacao\/\">BaguncEI indica: textos sobre Aprendizagem e\/ou Avalia\u00e7\u00e3o<\/a><\/blockquote><iframe loading=\"lazy\" class=\"wp-embedded-content\" sandbox=\"allow-scripts\" security=\"restricted\" style=\"position: absolute; visibility: hidden;\" title=\"&#8220;BaguncEI indica: textos sobre Aprendizagem e\/ou Avalia\u00e7\u00e3o&#8221; &#8212; Blog BaguncEI\" src=\"https:\/\/sites.uel.br\/blogbaguncei\/baguncei-indica\/2025\/01\/31\/baguncei-indica-textos-sobre-aprendizagem-e-ou-avaliacao\/embed\/#?secret=l5lzcw8gx4#?secret=jTYaQXplgt\" data-secret=\"jTYaQXplgt\" width=\"500\" height=\"282\" frameborder=\"0\" marginwidth=\"0\" marginheight=\"0\" scrolling=\"no\"><\/iframe>\n<\/div><\/figure>\n<\/div>\n\n\n\n<div class=\"wp-block-column is-layout-flow wp-block-column-is-layout-flow\">\n<figure class=\"wp-block-embed is-type-wp-embed is-provider-blog-baguncei wp-block-embed-blog-baguncei\"><div class=\"wp-block-embed__wrapper\">\n<blockquote class=\"wp-embedded-content\" data-secret=\"dmh0d9al1r\"><a href=\"https:\/\/sites.uel.br\/blogbaguncei\/baguncei-indica\/2025\/01\/31\/baguncei-indica-textos-sobre-atividade-guia\/\">BaguncEI indica: textos sobre Atividade Guia<\/a><\/blockquote><iframe loading=\"lazy\" class=\"wp-embedded-content\" sandbox=\"allow-scripts\" security=\"restricted\" style=\"position: absolute; visibility: hidden;\" title=\"&#8220;BaguncEI indica: textos sobre Atividade Guia&#8221; &#8212; Blog BaguncEI\" src=\"https:\/\/sites.uel.br\/blogbaguncei\/baguncei-indica\/2025\/01\/31\/baguncei-indica-textos-sobre-atividade-guia\/embed\/#?secret=RbX0KbdxHf#?secret=dmh0d9al1r\" data-secret=\"dmh0d9al1r\" width=\"500\" height=\"282\" frameborder=\"0\" marginwidth=\"0\" marginheight=\"0\" scrolling=\"no\"><\/iframe>\n<\/div><\/figure>\n<\/div>\n\n\n\n<div class=\"wp-block-column is-layout-flow wp-block-column-is-layout-flow\">\n<figure class=\"wp-block-embed is-type-wp-embed is-provider-blog-baguncei wp-block-embed-blog-baguncei\"><div class=\"wp-block-embed__wrapper\">\n<blockquote class=\"wp-embedded-content\" data-secret=\"mfvaKfep5O\"><a href=\"https:\/\/sites.uel.br\/blogbaguncei\/baguncei-indica\/2025\/01\/31\/baguncei-indica-textos-sobre-os-tempos-de-pandemia\/\">BaguncEI indica: textos sobre os tempos de pandemia<\/a><\/blockquote><iframe loading=\"lazy\" class=\"wp-embedded-content\" sandbox=\"allow-scripts\" security=\"restricted\" style=\"position: absolute; visibility: hidden;\" title=\"&#8220;BaguncEI indica: textos sobre os tempos de pandemia&#8221; &#8212; Blog BaguncEI\" src=\"https:\/\/sites.uel.br\/blogbaguncei\/baguncei-indica\/2025\/01\/31\/baguncei-indica-textos-sobre-os-tempos-de-pandemia\/embed\/#?secret=7prEaQWgOV#?secret=mfvaKfep5O\" data-secret=\"mfvaKfep5O\" width=\"500\" height=\"282\" frameborder=\"0\" marginwidth=\"0\" marginheight=\"0\" scrolling=\"no\"><\/iframe>\n<\/div><\/figure>\n<\/div>\n\n\n\n<div class=\"wp-block-column is-layout-flow wp-block-column-is-layout-flow\">\n<figure class=\"wp-block-embed is-type-wp-embed is-provider-blog-baguncei wp-block-embed-blog-baguncei\"><div class=\"wp-block-embed__wrapper\">\n<blockquote class=\"wp-embedded-content\" data-secret=\"Dh1FnHyAco\"><a href=\"https:\/\/sites.uel.br\/blogbaguncei\/baguncei-indica\/2025\/01\/31\/baguncei-indica-textos-sobre-espaco\/\">BaguncEI indica: textos sobre espa\u00e7o<\/a><\/blockquote><iframe loading=\"lazy\" class=\"wp-embedded-content\" sandbox=\"allow-scripts\" security=\"restricted\" style=\"position: absolute; visibility: hidden;\" title=\"&#8220;BaguncEI indica: textos sobre espa\u00e7o&#8221; &#8212; Blog BaguncEI\" src=\"https:\/\/sites.uel.br\/blogbaguncei\/baguncei-indica\/2025\/01\/31\/baguncei-indica-textos-sobre-espaco\/embed\/#?secret=vyp9TK4M2z#?secret=Dh1FnHyAco\" data-secret=\"Dh1FnHyAco\" width=\"500\" height=\"282\" frameborder=\"0\" marginwidth=\"0\" marginheight=\"0\" scrolling=\"no\"><\/iframe>\n<\/div><\/figure>\n<\/div>\n<\/div>\n\n\n\n<div class=\"wp-block-columns is-layout-flex wp-container-core-columns-is-layout-9d6595d7 wp-block-columns-is-layout-flex\">\n<div class=\"wp-block-column is-layout-flow wp-block-column-is-layout-flow\">\n<figure class=\"wp-block-embed is-type-wp-embed is-provider-blog-baguncei wp-block-embed-blog-baguncei\"><div class=\"wp-block-embed__wrapper\">\n<blockquote class=\"wp-embedded-content\" data-secret=\"SAJeY7tYtO\"><a href=\"https:\/\/sites.uel.br\/blogbaguncei\/baguncei-indica\/2025\/01\/31\/baguncei-indica-textos-sobre-documentos-oficiais\/\">BaguncEI indica: textos sobre documentos oficiais<\/a><\/blockquote><iframe loading=\"lazy\" class=\"wp-embedded-content\" sandbox=\"allow-scripts\" security=\"restricted\" style=\"position: absolute; visibility: hidden;\" title=\"&#8220;BaguncEI indica: textos sobre documentos oficiais&#8221; &#8212; Blog BaguncEI\" src=\"https:\/\/sites.uel.br\/blogbaguncei\/baguncei-indica\/2025\/01\/31\/baguncei-indica-textos-sobre-documentos-oficiais\/embed\/#?secret=b5IXzW3twQ#?secret=SAJeY7tYtO\" data-secret=\"SAJeY7tYtO\" width=\"500\" height=\"282\" frameborder=\"0\" marginwidth=\"0\" marginheight=\"0\" scrolling=\"no\"><\/iframe>\n<\/div><\/figure>\n<\/div>\n\n\n\n<div class=\"wp-block-column is-layout-flow wp-block-column-is-layout-flow\">\n<figure class=\"wp-block-embed is-type-wp-embed is-provider-blog-baguncei wp-block-embed-blog-baguncei\"><div class=\"wp-block-embed__wrapper\">\n<blockquote class=\"wp-embedded-content\" data-secret=\"dJWfE20bVK\"><a href=\"https:\/\/sites.uel.br\/blogbaguncei\/baguncei-indica\/2025\/01\/31\/baguncei-indica-textos-sobre-estagio\/\">BaguncEI indica: textos sobre est\u00e1gio<\/a><\/blockquote><iframe loading=\"lazy\" class=\"wp-embedded-content\" sandbox=\"allow-scripts\" security=\"restricted\" style=\"position: absolute; visibility: hidden;\" title=\"&#8220;BaguncEI indica: textos sobre est\u00e1gio&#8221; &#8212; Blog BaguncEI\" src=\"https:\/\/sites.uel.br\/blogbaguncei\/baguncei-indica\/2025\/01\/31\/baguncei-indica-textos-sobre-estagio\/embed\/#?secret=1TI1q7T3QK#?secret=dJWfE20bVK\" data-secret=\"dJWfE20bVK\" width=\"500\" height=\"282\" frameborder=\"0\" marginwidth=\"0\" marginheight=\"0\" scrolling=\"no\"><\/iframe>\n<\/div><\/figure>\n<\/div>\n\n\n\n<div class=\"wp-block-column is-layout-flow wp-block-column-is-layout-flow\">\n<figure class=\"wp-block-embed is-type-wp-embed is-provider-blog-baguncei wp-block-embed-blog-baguncei\"><div class=\"wp-block-embed__wrapper\">\n<blockquote class=\"wp-embedded-content\" data-secret=\"oPMBqeApv9\"><a href=\"https:\/\/sites.uel.br\/blogbaguncei\/baguncei-indica\/2025\/01\/31\/baguncei-indica-textos-sobre-imaginacao\/\">BaguncEI indica: textos sobre imagina\u00e7\u00e3o<\/a><\/blockquote><iframe loading=\"lazy\" class=\"wp-embedded-content\" sandbox=\"allow-scripts\" security=\"restricted\" style=\"position: absolute; visibility: hidden;\" title=\"&#8220;BaguncEI indica: textos sobre imagina\u00e7\u00e3o&#8221; &#8212; Blog BaguncEI\" src=\"https:\/\/sites.uel.br\/blogbaguncei\/baguncei-indica\/2025\/01\/31\/baguncei-indica-textos-sobre-imaginacao\/embed\/#?secret=XEOQLuAIYg#?secret=oPMBqeApv9\" data-secret=\"oPMBqeApv9\" width=\"500\" height=\"282\" frameborder=\"0\" marginwidth=\"0\" marginheight=\"0\" scrolling=\"no\"><\/iframe>\n<\/div><\/figure>\n<\/div>\n\n\n\n<div class=\"wp-block-column is-layout-flow wp-block-column-is-layout-flow\">\n<figure class=\"wp-block-embed is-type-wp-embed is-provider-blog-baguncei wp-block-embed-blog-baguncei\"><div class=\"wp-block-embed__wrapper\">\n<blockquote class=\"wp-embedded-content\" data-secret=\"9XBktlid58\"><a href=\"https:\/\/sites.uel.br\/blogbaguncei\/baguncei-indica\/2025\/01\/31\/baguncei-indica-textos-sobre-materialismo-historico-dialetico\/\">BaguncEI indica: textos sobre materialismo hist\u00f3rico dial\u00e9tico<\/a><\/blockquote><iframe loading=\"lazy\" class=\"wp-embedded-content\" sandbox=\"allow-scripts\" security=\"restricted\" style=\"position: absolute; visibility: hidden;\" title=\"&#8220;BaguncEI indica: textos sobre materialismo hist\u00f3rico dial\u00e9tico&#8221; &#8212; Blog BaguncEI\" src=\"https:\/\/sites.uel.br\/blogbaguncei\/baguncei-indica\/2025\/01\/31\/baguncei-indica-textos-sobre-materialismo-historico-dialetico\/embed\/#?secret=N37PMo32JK#?secret=9XBktlid58\" data-secret=\"9XBktlid58\" width=\"500\" height=\"282\" frameborder=\"0\" marginwidth=\"0\" marginheight=\"0\" scrolling=\"no\"><\/iframe>\n<\/div><\/figure>\n<\/div>\n<\/div>\n\n\n\n<div class=\"wp-block-columns is-layout-flex wp-container-core-columns-is-layout-9d6595d7 wp-block-columns-is-layout-flex\">\n<div class=\"wp-block-column is-layout-flow wp-block-column-is-layout-flow\">\n<figure class=\"wp-block-embed is-type-wp-embed is-provider-blog-baguncei wp-block-embed-blog-baguncei\"><div class=\"wp-block-embed__wrapper\">\n<blockquote class=\"wp-embedded-content\" data-secret=\"Ss8IRdWkPE\"><a href=\"https:\/\/sites.uel.br\/blogbaguncei\/baguncei-indica\/2025\/01\/31\/baguncei-indica-textos-sobre-relacao-teoria-e-pratica\/\">BaguncEI indica: textos sobre rela\u00e7\u00e3o teoria e pr\u00e1tica<\/a><\/blockquote><iframe loading=\"lazy\" class=\"wp-embedded-content\" sandbox=\"allow-scripts\" security=\"restricted\" style=\"position: absolute; visibility: hidden;\" title=\"&#8220;BaguncEI indica: textos sobre rela\u00e7\u00e3o teoria e pr\u00e1tica&#8221; &#8212; Blog BaguncEI\" src=\"https:\/\/sites.uel.br\/blogbaguncei\/baguncei-indica\/2025\/01\/31\/baguncei-indica-textos-sobre-relacao-teoria-e-pratica\/embed\/#?secret=15umwVrkqy#?secret=Ss8IRdWkPE\" data-secret=\"Ss8IRdWkPE\" width=\"500\" height=\"282\" frameborder=\"0\" marginwidth=\"0\" marginheight=\"0\" scrolling=\"no\"><\/iframe>\n<\/div><\/figure>\n<\/div>\n\n\n\n<div class=\"wp-block-column is-layout-flow wp-block-column-is-layout-flow\">\n<figure class=\"wp-block-embed is-type-wp-embed is-provider-blog-baguncei wp-block-embed-blog-baguncei\"><div class=\"wp-block-embed__wrapper\">\n<blockquote class=\"wp-embedded-content\" data-secret=\"3ywUZv4Im9\"><a href=\"https:\/\/sites.uel.br\/blogbaguncei\/baguncei-indica\/2025\/01\/31\/baguncei-indica-textos-sobre-sentimentos\/\">BaguncEI indica: textos sobre sentimentos<\/a><\/blockquote><iframe loading=\"lazy\" class=\"wp-embedded-content\" sandbox=\"allow-scripts\" security=\"restricted\" style=\"position: absolute; visibility: hidden;\" title=\"&#8220;BaguncEI indica: textos sobre sentimentos&#8221; &#8212; Blog BaguncEI\" src=\"https:\/\/sites.uel.br\/blogbaguncei\/baguncei-indica\/2025\/01\/31\/baguncei-indica-textos-sobre-sentimentos\/embed\/#?secret=f4vCFBQD4q#?secret=3ywUZv4Im9\" data-secret=\"3ywUZv4Im9\" width=\"500\" height=\"282\" frameborder=\"0\" marginwidth=\"0\" marginheight=\"0\" scrolling=\"no\"><\/iframe>\n<\/div><\/figure>\n<\/div>\n\n\n\n<div class=\"wp-block-column is-layout-flow wp-block-column-is-layout-flow\">\n<figure class=\"wp-block-embed is-type-wp-embed is-provider-blog-baguncei wp-block-embed-blog-baguncei\"><div class=\"wp-block-embed__wrapper\">\n<blockquote class=\"wp-embedded-content\" data-secret=\"FvXUz2QcWM\"><a href=\"https:\/\/sites.uel.br\/blogbaguncei\/baguncei-indica\/2025\/01\/31\/baguncei-indica-textos-sobre-atividades-trabalhos-pedagogicos\/\">BaguncEI indica: textos sobre atividades\/trabalhos pedag\u00f3gicos<\/a><\/blockquote><iframe loading=\"lazy\" class=\"wp-embedded-content\" sandbox=\"allow-scripts\" security=\"restricted\" style=\"position: absolute; visibility: hidden;\" title=\"&#8220;BaguncEI indica: textos sobre atividades\/trabalhos pedag\u00f3gicos&#8221; &#8212; Blog BaguncEI\" src=\"https:\/\/sites.uel.br\/blogbaguncei\/baguncei-indica\/2025\/01\/31\/baguncei-indica-textos-sobre-atividades-trabalhos-pedagogicos\/embed\/#?secret=egovRX76JA#?secret=FvXUz2QcWM\" data-secret=\"FvXUz2QcWM\" width=\"500\" height=\"282\" frameborder=\"0\" marginwidth=\"0\" marginheight=\"0\" scrolling=\"no\"><\/iframe>\n<\/div><\/figure>\n<\/div>\n<\/div>\n\n\n\n<div class=\"wp-block-columns is-layout-flex wp-container-core-columns-is-layout-9d6595d7 wp-block-columns-is-layout-flex\">\n<div class=\"wp-block-column is-layout-flow wp-block-column-is-layout-flow\">\n<div class=\"wp-block-columns is-layout-flex wp-container-core-columns-is-layout-9d6595d7 wp-block-columns-is-layout-flex\">\n<div class=\"wp-block-column is-layout-flow wp-block-column-is-layout-flow\">\n<figure class=\"wp-block-embed aligncenter is-type-wp-embed is-provider-blog-baguncei wp-block-embed-blog-baguncei\"><div class=\"wp-block-embed__wrapper\">\n<blockquote class=\"wp-embedded-content\" data-secret=\"a0DwfSO6dO\"><a href=\"https:\/\/sites.uel.br\/blogbaguncei\/baguncei-livros\/2024\/03\/05\/baguncei-indica-quando-os-olhos-se-abrem-educacao-infantil-em-contexto\/\">BaguncEI Indica: Quando os olhos se abrem: Educa\u00e7\u00e3o Infantil em contexto<\/a><\/blockquote><iframe loading=\"lazy\" class=\"wp-embedded-content\" sandbox=\"allow-scripts\" security=\"restricted\" style=\"position: absolute; visibility: hidden;\" title=\"&#8220;BaguncEI Indica: Quando os olhos se abrem: Educa\u00e7\u00e3o Infantil em contexto&#8221; &#8212; Blog BaguncEI\" src=\"https:\/\/sites.uel.br\/blogbaguncei\/baguncei-livros\/2024\/03\/05\/baguncei-indica-quando-os-olhos-se-abrem-educacao-infantil-em-contexto\/embed\/#?secret=6Y28WDTaGi#?secret=a0DwfSO6dO\" data-secret=\"a0DwfSO6dO\" width=\"500\" height=\"282\" frameborder=\"0\" marginwidth=\"0\" marginheight=\"0\" scrolling=\"no\"><\/iframe>\n<\/div><\/figure>\n<\/div>\n\n\n\n<div class=\"wp-block-column is-layout-flow wp-block-column-is-layout-flow\">\n<figure class=\"wp-block-embed aligncenter is-type-wp-embed is-provider-blog-baguncei wp-block-embed-blog-baguncei\"><div class=\"wp-block-embed__wrapper\">\n<blockquote class=\"wp-embedded-content\" data-secret=\"0DaqiVLmed\"><a href=\"https:\/\/sites.uel.br\/blogbaguncei\/baguncei-livros\/2024\/03\/05\/baguncei-indica-dialogos-com-a-pedagogia-freinet-fundamentos-e-praticas-em-movimento\/\">BaguncEI Indica: Di\u00e1logos com a pedagogia Freinet: fundamentos e pr\u00e1ticas em movimento<\/a><\/blockquote><iframe loading=\"lazy\" class=\"wp-embedded-content\" sandbox=\"allow-scripts\" security=\"restricted\" style=\"position: absolute; visibility: hidden;\" title=\"&#8220;BaguncEI Indica: Di\u00e1logos com a pedagogia Freinet: fundamentos e pr\u00e1ticas em movimento&#8221; &#8212; Blog BaguncEI\" src=\"https:\/\/sites.uel.br\/blogbaguncei\/baguncei-livros\/2024\/03\/05\/baguncei-indica-dialogos-com-a-pedagogia-freinet-fundamentos-e-praticas-em-movimento\/embed\/#?secret=ktH1ejWPWN#?secret=0DaqiVLmed\" data-secret=\"0DaqiVLmed\" width=\"500\" height=\"282\" frameborder=\"0\" marginwidth=\"0\" marginheight=\"0\" scrolling=\"no\"><\/iframe>\n<\/div><\/figure>\n<\/div>\n<\/div>\n<\/div>\n\n\n\n<div class=\"wp-block-column is-layout-flow wp-block-column-is-layout-flow\">\n<div class=\"wp-block-columns is-layout-flex wp-container-core-columns-is-layout-9d6595d7 wp-block-columns-is-layout-flex\">\n<div class=\"wp-block-column is-layout-flow wp-block-column-is-layout-flow\">\n<figure class=\"wp-block-embed aligncenter is-type-wp-embed is-provider-blog-baguncei wp-block-embed-blog-baguncei\"><div class=\"wp-block-embed__wrapper\">\n<blockquote class=\"wp-embedded-content\" data-secret=\"4Yo8ocRVV3\"><a href=\"https:\/\/sites.uel.br\/blogbaguncei\/baguncei-livros\/2024\/03\/05\/baguncei-indica-educar-os-tres-primeiros-anos-a-experiencia-pikler-loczy-judit-falk\/\">BaguncEI Indica: Educar os tr\u00eas primeiros anos: A experi\u00eancia Pikler-L\u00f3czy- Judit Falk<\/a><\/blockquote><iframe loading=\"lazy\" class=\"wp-embedded-content\" sandbox=\"allow-scripts\" security=\"restricted\" style=\"position: absolute; visibility: hidden;\" title=\"&#8220;BaguncEI Indica: Educar os tr\u00eas primeiros anos: A experi\u00eancia Pikler-L\u00f3czy- Judit Falk&#8221; &#8212; Blog BaguncEI\" src=\"https:\/\/sites.uel.br\/blogbaguncei\/baguncei-livros\/2024\/03\/05\/baguncei-indica-educar-os-tres-primeiros-anos-a-experiencia-pikler-loczy-judit-falk\/embed\/#?secret=vfT4OErF0p#?secret=4Yo8ocRVV3\" data-secret=\"4Yo8ocRVV3\" width=\"500\" height=\"282\" frameborder=\"0\" marginwidth=\"0\" marginheight=\"0\" scrolling=\"no\"><\/iframe>\n<\/div><\/figure>\n<\/div>\n\n\n\n<div class=\"wp-block-column is-layout-flow wp-block-column-is-layout-flow\">\n<figure class=\"wp-block-embed aligncenter is-type-wp-embed is-provider-blog-baguncei wp-block-embed-blog-baguncei\"><div class=\"wp-block-embed__wrapper\">\n<blockquote class=\"wp-embedded-content\" data-secret=\"53aNzVjq1g\"><a href=\"https:\/\/sites.uel.br\/blogbaguncei\/sem-categoria\/2022\/11\/18\/baguncei-indica-atitudes-que-podem-contribuir-com-a-promocao-da-igualdade-racial-no-contexto-escolar-por-rovilson-jose-da-silva\/\">BaguncEI indica: &#8220;Atitudes que podem contribuir com a promo\u00e7\u00e3o da igualdade racial no contexto escolar&#8221;, por Rovilson Jos\u00e9 da Silva.<\/a><\/blockquote><iframe loading=\"lazy\" class=\"wp-embedded-content\" sandbox=\"allow-scripts\" security=\"restricted\" style=\"position: absolute; visibility: hidden;\" title=\"&#8220;BaguncEI indica: &#8220;Atitudes que podem contribuir com a promo\u00e7\u00e3o da igualdade racial no contexto escolar&#8221;, por Rovilson Jos\u00e9 da Silva.&#8221; &#8212; Blog BaguncEI\" src=\"https:\/\/sites.uel.br\/blogbaguncei\/sem-categoria\/2022\/11\/18\/baguncei-indica-atitudes-que-podem-contribuir-com-a-promocao-da-igualdade-racial-no-contexto-escolar-por-rovilson-jose-da-silva\/embed\/#?secret=8aTgbhMkhc#?secret=53aNzVjq1g\" data-secret=\"53aNzVjq1g\" width=\"500\" height=\"282\" frameborder=\"0\" marginwidth=\"0\" marginheight=\"0\" scrolling=\"no\"><\/iframe>\n<\/div><\/figure>\n<\/div>\n<\/div>\n<\/div>\n<\/div>\n\n\n\n<div class=\"wp-block-columns is-layout-flex wp-container-core-columns-is-layout-9d6595d7 wp-block-columns-is-layout-flex\">\n<div class=\"wp-block-column is-layout-flow wp-block-column-is-layout-flow\">\n<figure class=\"wp-block-embed is-type-wp-embed is-provider-pedro-amp-jo-o-editores wp-block-embed-pedro-amp-jo-o-editores\"><div class=\"wp-block-embed__wrapper\">\n<blockquote class=\"wp-embedded-content\" data-secret=\"8sISeoyWiG\"><a href=\"https:\/\/pedroejoaoeditores.com.br\/produto\/travessias-luso-brasileiras-na-educacao-da-infancia\/\">Travessias luso-brasileiras na educa\u00e7\u00e3o da inf\u00e2ncia<\/a><\/blockquote><iframe loading=\"lazy\" class=\"wp-embedded-content\" sandbox=\"allow-scripts\" security=\"restricted\" style=\"position: absolute; visibility: hidden;\" title=\"&#8220;Travessias luso-brasileiras na educa\u00e7\u00e3o da inf\u00e2ncia&#8221; &#8212; Pedro &amp; Jo\u00e3o Editores\" src=\"https:\/\/pedroejoaoeditores.com.br\/produto\/travessias-luso-brasileiras-na-educacao-da-infancia\/embed\/#?secret=at1YRwnhK4#?secret=8sISeoyWiG\" data-secret=\"8sISeoyWiG\" width=\"500\" height=\"282\" frameborder=\"0\" marginwidth=\"0\" marginheight=\"0\" scrolling=\"no\"><\/iframe>\n<\/div><\/figure>\n<\/div>\n\n\n\n<div class=\"wp-block-column is-layout-flow wp-block-column-is-layout-flow\">\n<figure class=\"wp-block-embed is-type-wp-embed is-provider-pedro-amp-jo-o-editores wp-block-embed-pedro-amp-jo-o-editores\"><div class=\"wp-block-embed__wrapper\">\nhttps:\/\/pedroejoaoeditores.com.br\/produto\/as-implicacoes-do-estagio-para-a-construcao-da-docencia-na-educacao-infantil\n<\/div><\/figure>\n<\/div>\n\n\n\n<div class=\"wp-block-column is-layout-flow wp-block-column-is-layout-flow\">\n<figure class=\"wp-block-embed is-type-wp-embed is-provider-pedro-amp-jo-o-editores wp-block-embed-pedro-amp-jo-o-editores\"><div class=\"wp-block-embed__wrapper\">\n<blockquote class=\"wp-embedded-content\" data-secret=\"INv22wmdSa\"><a href=\"https:\/\/pedroejoaoeditores.com.br\/produto\/educacao-de-bebes-cuidar-e-educar-para-o-desenvolvimento-humano-jose-ricardo-silva-regina-aparecida-marques-de-souza-suely-amaral-mello-vanilda-goncalves-de-lima-orgs-2\/\">Educa\u00e7\u00e3o de beb\u00eas: cuidar e educar para o desenvolvimento humano<\/a><\/blockquote><iframe loading=\"lazy\" class=\"wp-embedded-content\" sandbox=\"allow-scripts\" security=\"restricted\" style=\"position: absolute; visibility: hidden;\" title=\"&#8220;Educa\u00e7\u00e3o de beb\u00eas: cuidar e educar para o desenvolvimento humano&#8221; &#8212; Pedro &amp; Jo\u00e3o Editores\" src=\"https:\/\/pedroejoaoeditores.com.br\/produto\/educacao-de-bebes-cuidar-e-educar-para-o-desenvolvimento-humano-jose-ricardo-silva-regina-aparecida-marques-de-souza-suely-amaral-mello-vanilda-goncalves-de-lima-orgs-2\/embed\/#?secret=ApnUCkYouh#?secret=INv22wmdSa\" data-secret=\"INv22wmdSa\" width=\"500\" height=\"282\" frameborder=\"0\" marginwidth=\"0\" marginheight=\"0\" scrolling=\"no\"><\/iframe>\n<\/div><\/figure>\n<\/div>\n<\/div>\n","protected":false},"excerpt":{"rendered":"<p>Acesse as indica\u00e7\u00f5es de textos pedag\u00f3gicos abaixo:&nbsp;<\/p>\n","protected":false},"author":7,"featured_media":0,"parent":0,"menu_order":0,"comment_status":"closed","ping_status":"closed","template":"","meta":{"footnotes":""},"class_list":["post-106","page","type-page","status-publish","hentry"],"acf":[],"_links":{"self":[{"href":"https:\/\/sites.uel.br\/blogbaguncei\/wp-json\/wp\/v2\/pages\/106","targetHints":{"allow":["GET"]}}],"collection":[{"href":"https:\/\/sites.uel.br\/blogbaguncei\/wp-json\/wp\/v2\/pages"}],"about":[{"href":"https:\/\/sites.uel.br\/blogbaguncei\/wp-json\/wp\/v2\/types\/page"}],"author":[{"embeddable":true,"href":"https:\/\/sites.uel.br\/blogbaguncei\/wp-json\/wp\/v2\/users\/7"}],"replies":[{"embeddable":true,"href":"https:\/\/sites.uel.br\/blogbaguncei\/wp-json\/wp\/v2\/comments?post=106"}],"version-history":[{"count":21,"href":"https:\/\/sites.uel.br\/blogbaguncei\/wp-json\/wp\/v2\/pages\/106\/revisions"}],"predecessor-version":[{"id":1283,"href":"https:\/\/sites.uel.br\/blogbaguncei\/wp-json\/wp\/v2\/pages\/106\/revisions\/1283"}],"wp:attachment":[{"href":"https:\/\/sites.uel.br\/blogbaguncei\/wp-json\/wp\/v2\/media?parent=106"}],"curies":[{"name":"wp","href":"https:\/\/api.w.org\/{rel}","templated":true}]}}