{"id":2,"date":"2021-03-21T23:36:11","date_gmt":"2021-03-22T02:36:11","guid":{"rendered":"https:\/\/sites.uel.br\/bioma\/?page_id=2"},"modified":"2024-02-19T22:23:27","modified_gmt":"2024-02-20T01:23:27","slug":"pagina-exemplo","status":"publish","type":"page","link":"https:\/\/sites.uel.br\/bioma\/pagina-exemplo\/","title":{"rendered":"Quem somos"},"content":{"rendered":"<div class=\"wp-block-image is-style-default\">\n<figure class=\"aligncenter size-full is-resized\"><img loading=\"lazy\" decoding=\"async\" width=\"2560\" height=\"1362\" src=\"https:\/\/sites.uel.br\/bioma\/wp-content\/uploads\/2024\/02\/20240119_163956-1-scaled.jpg\" alt=\"\" class=\"wp-image-334\" style=\"width:400px\" srcset=\"https:\/\/sites.uel.br\/bioma\/wp-content\/uploads\/2024\/02\/20240119_163956-1-scaled.jpg 2560w, https:\/\/sites.uel.br\/bioma\/wp-content\/uploads\/2024\/02\/20240119_163956-1-300x160.jpg 300w, https:\/\/sites.uel.br\/bioma\/wp-content\/uploads\/2024\/02\/20240119_163956-1-1024x545.jpg 1024w, https:\/\/sites.uel.br\/bioma\/wp-content\/uploads\/2024\/02\/20240119_163956-1-768x409.jpg 768w, https:\/\/sites.uel.br\/bioma\/wp-content\/uploads\/2024\/02\/20240119_163956-1-1536x817.jpg 1536w, https:\/\/sites.uel.br\/bioma\/wp-content\/uploads\/2024\/02\/20240119_163956-1-2048x1090.jpg 2048w\" sizes=\"auto, (max-width: 2560px) 100vw, 2560px\" \/><\/figure>\n<\/div>\n\n\n<p>Somos uma Empresa J\u00fanior de Ci\u00eancias Biol\u00f3gicas da Universidade Estadual de Londrina.<\/p>\n\n\n\n<p>Fundada em 2003 com o objetivo de oferecer servi\u00e7os de consultoria ambiental e projetos de sustentabilidade. <\/p>\n","protected":false},"excerpt":{"rendered":"<p>Somos uma Empresa J\u00fanior de Ci\u00eancias Biol\u00f3gicas da Universidade Estadual de Londrina. Fundada em 2003 com o objetivo de oferecer servi\u00e7os de consultoria ambiental e projetos de sustentabilidade.<\/p>\n","protected":false},"author":9,"featured_media":0,"parent":0,"menu_order":0,"comment_status":"closed","ping_status":"closed","template":"","meta":{"footnotes":""},"class_list":["post-2","page","type-page","status-publish","hentry"],"acf":[],"_links":{"self":[{"href":"https:\/\/sites.uel.br\/bioma\/wp-json\/wp\/v2\/pages\/2","targetHints":{"allow":["GET"]}}],"collection":[{"href":"https:\/\/sites.uel.br\/bioma\/wp-json\/wp\/v2\/pages"}],"about":[{"href":"https:\/\/sites.uel.br\/bioma\/wp-json\/wp\/v2\/types\/page"}],"author":[{"embeddable":true,"href":"https:\/\/sites.uel.br\/bioma\/wp-json\/wp\/v2\/users\/9"}],"replies":[{"embeddable":true,"href":"https:\/\/sites.uel.br\/bioma\/wp-json\/wp\/v2\/comments?post=2"}],"version-history":[{"count":6,"href":"https:\/\/sites.uel.br\/bioma\/wp-json\/wp\/v2\/pages\/2\/revisions"}],"predecessor-version":[{"id":336,"href":"https:\/\/sites.uel.br\/bioma\/wp-json\/wp\/v2\/pages\/2\/revisions\/336"}],"wp:attachment":[{"href":"https:\/\/sites.uel.br\/bioma\/wp-json\/wp\/v2\/media?parent=2"}],"curies":[{"name":"wp","href":"https:\/\/api.w.org\/{rel}","templated":true}]}}