{"id":159,"date":"2023-09-13T23:00:55","date_gmt":"2023-09-14T02:00:55","guid":{"rendered":"https:\/\/sites.uel.br\/bioma\/?page_id=159"},"modified":"2023-12-11T21:39:55","modified_gmt":"2023-12-12T00:39:55","slug":"projetos","status":"publish","type":"page","link":"https:\/\/sites.uel.br\/bioma\/projetos\/","title":{"rendered":"Projetos"},"content":{"rendered":"\n<div class=\"wp-block-buttons is-layout-flex wp-block-buttons-is-layout-flex\">\n<div class=\"wp-block-button\"><a class=\"wp-block-button__link has-cinza-claro-color has-verde-escuro-background-color has-text-color has-background wp-element-button\" href=\"#escola\"><strong><em>ESCOLA NO CAMPUS<\/em><\/strong><\/a><\/div>\n\n\n\n<div class=\"wp-block-button\"><a class=\"wp-block-button__link has-cinza-claro-color has-verde-escuro-background-color has-text-color has-background wp-element-button\"><strong><em>EXPO LONDRINA<\/em><\/strong><\/a><\/div>\n\n\n\n<div class=\"wp-block-button\"><a class=\"wp-block-button__link has-cinza-claro-color has-verde-escuro-background-color has-text-color has-background wp-element-button\"><strong><em>FEIRA DE PROFISS\u00d5ES<\/em><\/strong><\/a><\/div>\n\n\n\n<div class=\"wp-block-button\"><a class=\"wp-block-button__link has-cinza-claro-color has-verde-escuro-background-color has-text-color has-background wp-element-button\"><strong><em>CAPACITABIO<\/em><\/strong><\/a><\/div>\n\n\n\n<div class=\"wp-block-button\"><a class=\"wp-block-button__link has-cinza-claro-color has-verde-escuro-background-color has-text-color has-background wp-element-button\"><strong><em>BIOLOGIA MARINHA<\/em><\/strong><\/a><\/div>\n\n\n\n<div class=\"wp-block-button\"><a class=\"wp-block-button__link has-cinza-claro-color has-verde-escuro-background-color has-text-color has-background wp-element-button\"><strong><em>VIAGENS<\/em><\/strong><\/a><\/div>\n\n\n\n<div class=\"wp-block-button\"><a class=\"wp-block-button__link has-cinza-claro-color has-verde-escuro-background-color has-text-color has-background wp-element-button\"><em><strong>CBUEL<\/strong><\/em><\/a><\/div>\n<\/div>\n\n\n\n<div style=\"height:100px\" aria-hidden=\"true\" class=\"wp-block-spacer\"><\/div>\n\n\n\n<hr class=\"wp-block-separator has-alpha-channel-opacity is-style-wide\" \/>\n\n\n\n<p id=\"escola\"><strong>ESCOLA NO CAMPUS<\/strong><\/p>\n\n\n\n<p>Projeto de Educa\u00e7\u00e3o Ambiental criado e desenvolvido com o intuito de aproximar as Institui\u00e7\u00f5es de Ensino da Educa\u00e7\u00e3o B\u00e1sica com as Institui\u00e7\u00f5es de Ensino Superior conscientizando os estudantes acerca da prote\u00e7\u00e3o do meio ambiente e a da import\u00e2ncia da educa\u00e7\u00e3o ambiental no munic\u00edpio de Londrina.<\/p>\n\n\n\n<div class=\"wp-block-columns is-layout-flex wp-container-core-columns-is-layout-9d6595d7 wp-block-columns-is-layout-flex\">\n<div class=\"wp-block-column is-layout-flow wp-block-column-is-layout-flow\" style=\"flex-basis:100%\">\n<div class=\"wp-block-group is-content-justification-center is-nowrap is-layout-flex wp-container-core-group-is-layout-94bc23d7 wp-block-group-is-layout-flex\">\n<figure class=\"wp-block-gallery has-nested-images columns-4 is-cropped wp-block-gallery-1 is-layout-flex wp-block-gallery-is-layout-flex\">\n<figure class=\"wp-block-image size-large is-resized\"><img loading=\"lazy\" decoding=\"async\" width=\"1024\" height=\"1024\" data-id=\"166\" src=\"https:\/\/sites.uel.br\/bioma\/wp-content\/uploads\/2023\/09\/Picsart_23-09-14_20-31-11-190-1024x1024.jpg\" alt=\"\" class=\"wp-image-166\" style=\"width:undefinedpx;height:228px\" srcset=\"https:\/\/sites.uel.br\/bioma\/wp-content\/uploads\/2023\/09\/Picsart_23-09-14_20-31-11-190-1024x1024.jpg 1024w, https:\/\/sites.uel.br\/bioma\/wp-content\/uploads\/2023\/09\/Picsart_23-09-14_20-31-11-190-300x300.jpg 300w, https:\/\/sites.uel.br\/bioma\/wp-content\/uploads\/2023\/09\/Picsart_23-09-14_20-31-11-190-150x150.jpg 150w, https:\/\/sites.uel.br\/bioma\/wp-content\/uploads\/2023\/09\/Picsart_23-09-14_20-31-11-190-768x768.jpg 768w, https:\/\/sites.uel.br\/bioma\/wp-content\/uploads\/2023\/09\/Picsart_23-09-14_20-31-11-190.jpg 1200w\" sizes=\"auto, (max-width: 1024px) 100vw, 1024px\" \/><figcaption class=\"wp-element-caption\">Din\u00e2mica de separa\u00e7\u00e3o de res\u00edduos<\/figcaption><\/figure>\n\n\n\n<figure class=\"wp-block-image size-large is-resized\"><img loading=\"lazy\" decoding=\"async\" width=\"1024\" height=\"1024\" data-id=\"168\" src=\"https:\/\/sites.uel.br\/bioma\/wp-content\/uploads\/2023\/09\/Picsart_23-09-14_20-34-28-587-1024x1024.jpg\" alt=\"\" class=\"wp-image-168\" style=\"width:undefinedpx;height:228px\" srcset=\"https:\/\/sites.uel.br\/bioma\/wp-content\/uploads\/2023\/09\/Picsart_23-09-14_20-34-28-587-1024x1024.jpg 1024w, https:\/\/sites.uel.br\/bioma\/wp-content\/uploads\/2023\/09\/Picsart_23-09-14_20-34-28-587-300x300.jpg 300w, https:\/\/sites.uel.br\/bioma\/wp-content\/uploads\/2023\/09\/Picsart_23-09-14_20-34-28-587-150x150.jpg 150w, https:\/\/sites.uel.br\/bioma\/wp-content\/uploads\/2023\/09\/Picsart_23-09-14_20-34-28-587-768x768.jpg 768w, https:\/\/sites.uel.br\/bioma\/wp-content\/uploads\/2023\/09\/Picsart_23-09-14_20-34-28-587.jpg 1200w\" sizes=\"auto, (max-width: 1024px) 100vw, 1024px\" \/><\/figure>\n\n\n\n<figure class=\"wp-block-image size-large is-resized\"><img loading=\"lazy\" decoding=\"async\" width=\"1024\" height=\"768\" data-id=\"169\" src=\"https:\/\/sites.uel.br\/bioma\/wp-content\/uploads\/2023\/09\/IMG-20230808-WA0170-1024x768.jpg\" alt=\"\" class=\"wp-image-169\" style=\"width:undefinedpx;height:228px\" srcset=\"https:\/\/sites.uel.br\/bioma\/wp-content\/uploads\/2023\/09\/IMG-20230808-WA0170-1024x768.jpg 1024w, https:\/\/sites.uel.br\/bioma\/wp-content\/uploads\/2023\/09\/IMG-20230808-WA0170-300x225.jpg 300w, https:\/\/sites.uel.br\/bioma\/wp-content\/uploads\/2023\/09\/IMG-20230808-WA0170-768x576.jpg 768w, https:\/\/sites.uel.br\/bioma\/wp-content\/uploads\/2023\/09\/IMG-20230808-WA0170-1536x1152.jpg 1536w, https:\/\/sites.uel.br\/bioma\/wp-content\/uploads\/2023\/09\/IMG-20230808-WA0170.jpg 1600w\" sizes=\"auto, (max-width: 1024px) 100vw, 1024px\" \/><figcaption class=\"wp-element-caption\">Din\u00e2mica de pintura de folhas<\/figcaption><\/figure>\n\n\n\n<figure class=\"wp-block-image size-large is-resized\"><img loading=\"lazy\" decoding=\"async\" width=\"768\" height=\"1024\" data-id=\"170\" src=\"https:\/\/sites.uel.br\/bioma\/wp-content\/uploads\/2023\/09\/IMG-20230808-WA0167-768x1024.jpg\" alt=\"\" class=\"wp-image-170\" style=\"width:undefinedpx;height:228px\" srcset=\"https:\/\/sites.uel.br\/bioma\/wp-content\/uploads\/2023\/09\/IMG-20230808-WA0167-768x1024.jpg 768w, https:\/\/sites.uel.br\/bioma\/wp-content\/uploads\/2023\/09\/IMG-20230808-WA0167-225x300.jpg 225w, https:\/\/sites.uel.br\/bioma\/wp-content\/uploads\/2023\/09\/IMG-20230808-WA0167-1152x1536.jpg 1152w, https:\/\/sites.uel.br\/bioma\/wp-content\/uploads\/2023\/09\/IMG-20230808-WA0167.jpg 1200w\" sizes=\"auto, (max-width: 768px) 100vw, 768px\" \/><\/figure>\n<\/figure>\n<\/div>\n<\/div>\n<\/div>\n","protected":false},"excerpt":{"rendered":"<p>ESCOLA NO CAMPUS Projeto de Educa\u00e7\u00e3o Ambiental criado e desenvolvido com o intuito de aproximar as Institui\u00e7\u00f5es de Ensino da Educa\u00e7\u00e3o B\u00e1sica com as Institui\u00e7\u00f5es de Ensino Superior conscientizando os estudantes acerca da prote\u00e7\u00e3o do meio ambiente e a da import\u00e2ncia da educa\u00e7\u00e3o ambiental no munic\u00edpio de Londrina.<\/p>\n","protected":false},"author":9,"featured_media":0,"parent":0,"menu_order":0,"comment_status":"closed","ping_status":"closed","template":"","meta":{"footnotes":""},"class_list":["post-159","page","type-page","status-publish","hentry"],"acf":[],"_links":{"self":[{"href":"https:\/\/sites.uel.br\/bioma\/wp-json\/wp\/v2\/pages\/159","targetHints":{"allow":["GET"]}}],"collection":[{"href":"https:\/\/sites.uel.br\/bioma\/wp-json\/wp\/v2\/pages"}],"about":[{"href":"https:\/\/sites.uel.br\/bioma\/wp-json\/wp\/v2\/types\/page"}],"author":[{"embeddable":true,"href":"https:\/\/sites.uel.br\/bioma\/wp-json\/wp\/v2\/users\/9"}],"replies":[{"embeddable":true,"href":"https:\/\/sites.uel.br\/bioma\/wp-json\/wp\/v2\/comments?post=159"}],"version-history":[{"count":22,"href":"https:\/\/sites.uel.br\/bioma\/wp-json\/wp\/v2\/pages\/159\/revisions"}],"predecessor-version":[{"id":284,"href":"https:\/\/sites.uel.br\/bioma\/wp-json\/wp\/v2\/pages\/159\/revisions\/284"}],"wp:attachment":[{"href":"https:\/\/sites.uel.br\/bioma\/wp-json\/wp\/v2\/media?parent=159"}],"curies":[{"name":"wp","href":"https:\/\/api.w.org\/{rel}","templated":true}]}}