{"id":11,"date":"2023-06-01T16:51:09","date_gmt":"2023-06-01T19:51:09","guid":{"rendered":"https:\/\/sites.uel.br\/bioma\/posts\/"},"modified":"2023-09-10T21:02:40","modified_gmt":"2023-09-11T00:02:40","slug":"servicos","status":"publish","type":"page","link":"https:\/\/sites.uel.br\/bioma\/servicos\/","title":{"rendered":"Servi\u00e7os"},"content":{"rendered":"\n<div class=\"wp-block-group is-vertical is-layout-flex wp-container-core-group-is-layout-8cf370e7 wp-block-group-is-layout-flex\">\n<div class=\"wp-block-columns are-vertically-aligned-center is-layout-flex wp-container-core-columns-is-layout-9d6595d7 wp-block-columns-is-layout-flex\">\n<div class=\"wp-block-column is-vertically-aligned-center is-layout-flow wp-block-column-is-layout-flow\" style=\"flex-basis:1000px\">\n<ul class=\"wp-block-list\">\n<li class=\"has-medium-font-size\"><strong>CAR &#8211; CADASTRO AMBIENTAL RURAL<\/strong><\/li>\n<\/ul>\n\n\n\n<blockquote class=\"wp-block-quote is-layout-flow wp-block-quote-is-layout-flow\">\n<p class=\"has-text-align-left has-verde-escuro-color has-text-color\" style=\"font-size:18px\">O Cadastro Ambiental Rural \u2013 CAR \u00e9 um registro p\u00fablico eletr\u00f4nico nacional, obrigat\u00f3rio para todos os im\u00f3veis rurais, com a finalidade de integrar as informa\u00e7\u00f5es ambientais das propriedades e posses rurais, compondo base de dados para controle, monitoramento, planejamento ambiental e econ\u00f4mico e combate ao desmatamento.<\/p>\n<\/blockquote>\n\n\n\n<ul class=\"wp-block-list\">\n<li class=\"has-medium-font-size\"><strong>CONSULTORIA AMBIENTAL<\/strong><\/li>\n<\/ul>\n\n\n\n<blockquote class=\"wp-block-quote is-layout-flow wp-block-quote-is-layout-flow\">\n<p class=\"has-verde-escuro-color has-text-color\" style=\"font-size:18px\">A consultoria ambiental tem como principal fun\u00e7\u00e3o analisar poss\u00edveis danos ambientais que uma empresa ou projeto podem causar. Esses impactos podem ser frutos de descarte de res\u00edduos, recursos ambientais mal utilizados e instala\u00e7\u00f5es mal planejadas, por exemplo.<\/p>\n<\/blockquote>\n\n\n\n<ul class=\"wp-block-list\">\n<li class=\"has-medium-font-size\"><strong>CURSOS DE CAPACITA\u00c7\u00c3O<\/strong><\/li>\n\n\n\n<li class=\"has-medium-font-size\"><strong>EVENTOS SUSTENT\u00c1VEIS<\/strong><\/li>\n\n\n\n<li class=\"has-medium-font-size\"><strong>PGRS &#8211; PLANO DE GERENCIAMENTO DE RES\u00cdDUOS S\u00d3LIDOS<\/strong><\/li>\n<\/ul>\n\n\n\n<blockquote class=\"wp-block-quote is-layout-flow wp-block-quote-is-layout-flow\">\n<p class=\"has-verde-escuro-color has-text-color\" style=\"font-size:18px\">Trata-se de um documento de for\u00e7a jur\u00eddica&nbsp;que contempla uma s\u00e9rie de instru\u00e7\u00f5es e a\u00e7\u00f5es sobre o que fazer com o res\u00edduo s\u00f3lido gerado na empresa, de forma a efetuar a gest\u00e3o ambientalmente adequada do mesmo. S\u00e3o a\u00e7\u00f5es relacionadas aos res\u00edduos em geral, que de forma direta ou indireta, abordam a coleta, o transporte, o transbordo, o tratamento, assim como a correta destina\u00e7\u00e3o final dos mesmos e a disposi\u00e7\u00e3o final dos mesmos.<\/p>\n<\/blockquote>\n\n\n\n<ul class=\"wp-block-list\">\n<li class=\"has-medium-font-size\"><strong>PROJETOS DE EDUCA\u00c7\u00c3O AMBIENTAL<\/strong><\/li>\n<\/ul>\n<\/div>\n<\/div>\n<\/div>\n","protected":false},"excerpt":{"rendered":"<p>O Cadastro Ambiental Rural \u2013 CAR \u00e9 um registro p\u00fablico eletr\u00f4nico nacional, obrigat\u00f3rio para todos os im\u00f3veis rurais, com a finalidade de integrar as informa\u00e7\u00f5es ambientais das propriedades e posses rurais, compondo base de dados para controle, monitoramento, planejamento ambiental e econ\u00f4mico e combate ao desmatamento. A consultoria ambiental tem como principal fun\u00e7\u00e3o analisar poss\u00edveis [&hellip;]<\/p>\n","protected":false},"author":9,"featured_media":122,"parent":0,"menu_order":0,"comment_status":"closed","ping_status":"closed","template":"","meta":{"footnotes":""},"class_list":["post-11","page","type-page","status-publish","has-post-thumbnail","hentry"],"acf":[],"_links":{"self":[{"href":"https:\/\/sites.uel.br\/bioma\/wp-json\/wp\/v2\/pages\/11","targetHints":{"allow":["GET"]}}],"collection":[{"href":"https:\/\/sites.uel.br\/bioma\/wp-json\/wp\/v2\/pages"}],"about":[{"href":"https:\/\/sites.uel.br\/bioma\/wp-json\/wp\/v2\/types\/page"}],"author":[{"embeddable":true,"href":"https:\/\/sites.uel.br\/bioma\/wp-json\/wp\/v2\/users\/9"}],"replies":[{"embeddable":true,"href":"https:\/\/sites.uel.br\/bioma\/wp-json\/wp\/v2\/comments?post=11"}],"version-history":[{"count":16,"href":"https:\/\/sites.uel.br\/bioma\/wp-json\/wp\/v2\/pages\/11\/revisions"}],"predecessor-version":[{"id":136,"href":"https:\/\/sites.uel.br\/bioma\/wp-json\/wp\/v2\/pages\/11\/revisions\/136"}],"wp:featuredmedia":[{"embeddable":true,"href":"https:\/\/sites.uel.br\/bioma\/wp-json\/wp\/v2\/media\/122"}],"wp:attachment":[{"href":"https:\/\/sites.uel.br\/bioma\/wp-json\/wp\/v2\/media?parent=11"}],"curies":[{"name":"wp","href":"https:\/\/api.w.org\/{rel}","templated":true}]}}