{"id":104,"date":"2023-09-10T16:32:02","date_gmt":"2023-09-10T19:32:02","guid":{"rendered":"https:\/\/sites.uel.br\/bioma\/?page_id=104"},"modified":"2024-03-06T20:25:49","modified_gmt":"2024-03-06T23:25:49","slug":"processo-seletivo","status":"publish","type":"page","link":"https:\/\/sites.uel.br\/bioma\/processo-seletivo\/","title":{"rendered":"Processo Seletivo"},"content":{"rendered":"\n<h1 class=\"wp-block-heading alignwide has-medium-font-size\" id=\"we-re-a-studio-in-berlin-with-an-international-practice-in-architecture-urban-planning-and-interior-design-we-believe-in-sharing-knowledge-and-promoting-dialogue-to-increase-the-creative-potential-of-collaboration\" style=\"line-height:1.1\">Quem pode fazer o <strong>P.S <\/strong>da Bioma?<\/h1>\n\n\n\n<p style=\"font-size:18px\">Qualquer estudante de Ci\u00eancias Biol\u00f3gicas da UEL. <strong>N\u00e3o<\/strong> \u00e9 necess\u00e1rio ter experi\u00eancia na \u00e1rea,  mas sim a vontade de aprender.<\/p>\n\n\n\n<hr class=\"wp-block-separator has-alpha-channel-opacity is-style-dots\" \/>\n\n\n\n<p class=\"has-verde-escuro-color has-text-color has-link-color wp-elements-2798629e90fed4911eb048c75534a1fb\" style=\"font-size:22px\"><strong>Se voc\u00ea quer:<\/strong><\/p>\n\n\n\n<ul class=\"wp-block-list\">\n<li>Aprender e trabalhar na \u00e1rea de Empreendedorismo e Consultoria Ambiental (incluindo PGRS, educa\u00e7\u00e3o ambiental, e outros);<\/li>\n\n\n\n<li>Se capacitar em diversos cursos e treinamentos;<\/li>\n\n\n\n<li>Participar de projetos para os estudantes de Biologia;<\/li>\n\n\n\n<li>Produzir conte\u00fados na \u00e1rea de Ci\u00eancias Biol\u00f3gicas.<\/li>\n<\/ul>\n\n\n\n<p class=\"has-text-align-center has-verde-escuro-color has-text-color has-link-color wp-elements-24b7d1ecf2fae4653f8303a6c853d520\" style=\"font-size:25px\">Venha fazer nosso <strong>Processo Seletivo<\/strong><\/p>\n\n\n\n<div style=\"height:100px\" aria-hidden=\"true\" class=\"wp-block-spacer\"><\/div>\n\n\n\n<hr class=\"wp-block-separator has-alpha-channel-opacity is-style-dots\" \/>\n\n\n\n<div class=\"wp-block-group is-vertical is-content-justification-center is-layout-flex wp-container-core-group-is-layout-4b2eccd6 wp-block-group-is-layout-flex\">\n<p class=\"has-laranja-destaque-color has-text-color has-link-color wp-elements-79a3eb5756d22fe1b00fe73dcdf6a60d\"><strong>Quer fazer parte dessa equipe?<\/strong><\/p>\n\n\n\n<p class=\"has-laranja-destaque-color has-text-color has-link-color wp-elements-c04cfeec3f86636d67bb0158f3ff0966\"><strong>Inscri\u00e7\u00f5es em breve<\/strong><\/p>\n<\/div>\n\n\n\n<hr class=\"wp-block-separator has-alpha-channel-opacity\" \/>\n\n\n\n<div class=\"wp-block-group\"><div class=\"wp-block-group__inner-container is-layout-constrained wp-block-group-is-layout-constrained\"><\/div><\/div>\n","protected":false},"excerpt":{"rendered":"<p>Quem pode fazer o P.S da Bioma? Qualquer estudante de Ci\u00eancias Biol\u00f3gicas da UEL. N\u00e3o \u00e9 necess\u00e1rio ter experi\u00eancia na \u00e1rea, mas sim a vontade de aprender. Se voc\u00ea quer: Venha fazer nosso Processo Seletivo Quer fazer parte dessa equipe? Inscri\u00e7\u00f5es em breve<\/p>\n","protected":false},"author":9,"featured_media":0,"parent":0,"menu_order":0,"comment_status":"closed","ping_status":"closed","template":"","meta":{"footnotes":""},"class_list":["post-104","page","type-page","status-publish","hentry"],"acf":[],"_links":{"self":[{"href":"https:\/\/sites.uel.br\/bioma\/wp-json\/wp\/v2\/pages\/104","targetHints":{"allow":["GET"]}}],"collection":[{"href":"https:\/\/sites.uel.br\/bioma\/wp-json\/wp\/v2\/pages"}],"about":[{"href":"https:\/\/sites.uel.br\/bioma\/wp-json\/wp\/v2\/types\/page"}],"author":[{"embeddable":true,"href":"https:\/\/sites.uel.br\/bioma\/wp-json\/wp\/v2\/users\/9"}],"replies":[{"embeddable":true,"href":"https:\/\/sites.uel.br\/bioma\/wp-json\/wp\/v2\/comments?post=104"}],"version-history":[{"count":49,"href":"https:\/\/sites.uel.br\/bioma\/wp-json\/wp\/v2\/pages\/104\/revisions"}],"predecessor-version":[{"id":338,"href":"https:\/\/sites.uel.br\/bioma\/wp-json\/wp\/v2\/pages\/104\/revisions\/338"}],"wp:attachment":[{"href":"https:\/\/sites.uel.br\/bioma\/wp-json\/wp\/v2\/media?parent=104"}],"curies":[{"name":"wp","href":"https:\/\/api.w.org\/{rel}","templated":true}]}}