{"id":55,"date":"2022-03-09T15:53:13","date_gmt":"2022-03-09T18:53:13","guid":{"rendered":"https:\/\/sites.uel.br\/bibliotecas\/?page_id=55"},"modified":"2026-02-06T14:23:53","modified_gmt":"2026-02-06T17:23:53","slug":"horario-de-atendimento","status":"publish","type":"page","link":"https:\/\/sites.uel.br\/bibliotecas\/horario-de-atendimento\/","title":{"rendered":"Hor\u00e1rio de Atendimento"},"content":{"rendered":"<div class=\"wp-block-image\">\n<figure class=\"aligncenter size-full is-resized\"><img loading=\"lazy\" decoding=\"async\" width=\"494\" height=\"505\" src=\"https:\/\/sites.uel.br\/bibliotecas\/wp-content\/uploads\/2022\/06\/cadeado-desenho-removebg-preview.png\" alt=\"\" class=\"wp-image-767\" style=\"width:185px;height:231px\" srcset=\"https:\/\/sites.uel.br\/bibliotecas\/wp-content\/uploads\/2022\/06\/cadeado-desenho-removebg-preview.png 494w, https:\/\/sites.uel.br\/bibliotecas\/wp-content\/uploads\/2022\/06\/cadeado-desenho-removebg-preview-293x300.png 293w\" sizes=\"auto, (max-width: 494px) 100vw, 494px\" \/><\/figure>\n<\/div>\n\n\n<p class=\"has-text-align-center\"><strong>Para acesso as Bibliotecas, \u00e9 indispens\u00e1vel o uso de cadeado pr\u00f3prio para guarda volumes.<\/strong><\/p>\n\n\n\n<p class=\"has-medium-font-size\"><\/p>\n\n\n\n<div class=\"wp-block-buttons is-layout-flex wp-block-buttons-is-layout-flex\"><\/div>\n\n\n\n<p class=\"has-medium-font-size\"><\/p>\n\n\n\n<div class=\"wp-block-buttons is-layout-flex wp-block-buttons-is-layout-flex\">\n<div class=\"wp-block-button\"><a class=\"wp-block-button__link has-cinza-claro-color has-verde-background-color has-text-color has-background wp-element-button\"><strong>BIBLIOTECA CENTRAL (BC)<\/strong><\/a><\/div>\n<\/div>\n\n\n\n<p class=\"has-medium-font-size\">Rodovia Celso Garcia Cid, Pr 445 Km 380 &#8211; Campus Universit\u00e1rio, Londrina &#8211; Pr<\/p>\n\n\n\n<p class=\"has-medium-font-size\">De Segunda a Sexta-feira &#8211; das 8h \u00e0s 22h<\/p>\n\n\n\n<p class=\"has-medium-font-size\">Telefone: (43) 3371- 4336<img loading=\"lazy\" decoding=\"async\" width=\"30\" height=\"31\" class=\"wp-image-978\" style=\"width: 30px;\" src=\"https:\/\/sites.uel.br\/bibliotecas\/wp-content\/uploads\/2023\/07\/image-removebg-preview-23.png\" alt=\"\" srcset=\"https:\/\/sites.uel.br\/bibliotecas\/wp-content\/uploads\/2023\/07\/image-removebg-preview-23.png 493w, https:\/\/sites.uel.br\/bibliotecas\/wp-content\/uploads\/2023\/07\/image-removebg-preview-23-292x300.png 292w, https:\/\/sites.uel.br\/bibliotecas\/wp-content\/uploads\/2023\/07\/image-removebg-preview-23-150x150.png 150w\" sizes=\"auto, (max-width: 30px) 100vw, 30px\" \/><\/p>\n\n\n\n<div class=\"wp-block-buttons is-layout-flex wp-block-buttons-is-layout-flex\">\n<div class=\"wp-block-button\"><a class=\"wp-block-button__link has-cinza-claro-color has-verde-background-color has-text-color has-background wp-element-button\"><strong>BIBLIOTECA SETORIAL CI\u00caNCIAS HUMANAS (BS\/CH)<\/strong><\/a><\/div>\n<\/div>\n\n\n\n<p class=\"has-medium-font-size\">Rodovia Celso Garcia Cid, Pr 445 Km 380 &#8211; Campus universit\u00e1rio, Londrina &#8211; Pr<\/p>\n\n\n\n<p class=\"has-medium-font-size\">De Segunda a Sexta-feira &#8211; das 8h \u00e0s 22h<\/p>\n\n\n\n<p class=\"has-medium-font-size\">Telefone: (43) 3371- 4864<img loading=\"lazy\" decoding=\"async\" width=\"30\" height=\"31\" class=\"wp-image-978\" style=\"width: 30px;\" src=\"https:\/\/sites.uel.br\/bibliotecas\/wp-content\/uploads\/2023\/07\/image-removebg-preview-23.png\" alt=\"\" srcset=\"https:\/\/sites.uel.br\/bibliotecas\/wp-content\/uploads\/2023\/07\/image-removebg-preview-23.png 493w, https:\/\/sites.uel.br\/bibliotecas\/wp-content\/uploads\/2023\/07\/image-removebg-preview-23-292x300.png 292w, https:\/\/sites.uel.br\/bibliotecas\/wp-content\/uploads\/2023\/07\/image-removebg-preview-23-150x150.png 150w\" sizes=\"auto, (max-width: 30px) 100vw, 30px\" \/><\/p>\n\n\n\n<div class=\"wp-block-buttons is-layout-flex wp-block-buttons-is-layout-flex\">\n<div class=\"wp-block-button\"><a class=\"wp-block-button__link has-cinza-claro-color has-verde-background-color has-text-color has-background wp-element-button\"><strong>BIBLIOTECA SETORIAL DO CENTRO DE CI\u00caNCIAS DA SA\u00daDE (BS\/CCS)<\/strong><\/a><\/div>\n<\/div>\n\n\n\n<p class=\"has-medium-font-size\">Avenida Robert koch, n. 60 &#8211; Vila Oper\u00e1ria &#8211; CEP: 86039-440 &#8211; Londrina &#8211; Pr<\/p>\n\n\n\n<p class=\"has-medium-font-size\">De Segunda a Sexta-feira &#8211; das 8h \u00e0s 18h<\/p>\n\n\n\n<p class=\"has-medium-font-size\">Telefones: (43) 3371- 2357<img loading=\"lazy\" decoding=\"async\" width=\"30\" height=\"31\" class=\"wp-image-978\" style=\"width: 30px;\" src=\"https:\/\/sites.uel.br\/bibliotecas\/wp-content\/uploads\/2023\/07\/image-removebg-preview-23.png\" alt=\"\" srcset=\"https:\/\/sites.uel.br\/bibliotecas\/wp-content\/uploads\/2023\/07\/image-removebg-preview-23.png 493w, https:\/\/sites.uel.br\/bibliotecas\/wp-content\/uploads\/2023\/07\/image-removebg-preview-23-292x300.png 292w, https:\/\/sites.uel.br\/bibliotecas\/wp-content\/uploads\/2023\/07\/image-removebg-preview-23-150x150.png 150w\" sizes=\"auto, (max-width: 30px) 100vw, 30px\" \/> \/ (43) 3371- 2952<\/p>\n\n\n\n<p class=\"has-medium-font-size\"><\/p>\n\n\n\n<p class=\"has-medium-font-size\">*Nos per\u00edodos de f\u00e9rias letivas as Bibliotecas atendem em hor\u00e1rios diferenciados, divulgados em datas pr\u00f3ximas.<\/p>\n","protected":false},"excerpt":{"rendered":"<p>Para acesso as Bibliotecas, \u00e9 indispens\u00e1vel o uso de cadeado pr\u00f3prio para guarda volumes. Rodovia Celso Garcia Cid, Pr 445 Km 380 &#8211; Campus Universit\u00e1rio, Londrina &#8211; Pr De Segunda a Sexta-feira &#8211; das 8h \u00e0s 22h Telefone: (43) 3371- 4336 Rodovia Celso Garcia Cid, Pr 445 Km 380 &#8211; Campus universit\u00e1rio, Londrina &#8211; Pr [&hellip;]<\/p>\n","protected":false},"author":4,"featured_media":0,"parent":0,"menu_order":0,"comment_status":"closed","ping_status":"closed","template":"","meta":{"footnotes":""},"class_list":["post-55","page","type-page","status-publish","hentry"],"acf":[],"_links":{"self":[{"href":"https:\/\/sites.uel.br\/bibliotecas\/wp-json\/wp\/v2\/pages\/55","targetHints":{"allow":["GET"]}}],"collection":[{"href":"https:\/\/sites.uel.br\/bibliotecas\/wp-json\/wp\/v2\/pages"}],"about":[{"href":"https:\/\/sites.uel.br\/bibliotecas\/wp-json\/wp\/v2\/types\/page"}],"author":[{"embeddable":true,"href":"https:\/\/sites.uel.br\/bibliotecas\/wp-json\/wp\/v2\/users\/4"}],"replies":[{"embeddable":true,"href":"https:\/\/sites.uel.br\/bibliotecas\/wp-json\/wp\/v2\/comments?post=55"}],"version-history":[{"count":10,"href":"https:\/\/sites.uel.br\/bibliotecas\/wp-json\/wp\/v2\/pages\/55\/revisions"}],"predecessor-version":[{"id":1202,"href":"https:\/\/sites.uel.br\/bibliotecas\/wp-json\/wp\/v2\/pages\/55\/revisions\/1202"}],"wp:attachment":[{"href":"https:\/\/sites.uel.br\/bibliotecas\/wp-json\/wp\/v2\/media?parent=55"}],"curies":[{"name":"wp","href":"https:\/\/api.w.org\/{rel}","templated":true}]}}