{"id":496,"date":"2022-06-06T19:26:33","date_gmt":"2022-06-06T22:26:33","guid":{"rendered":"https:\/\/sites.uel.br\/bibliotecas\/?page_id=496"},"modified":"2023-02-03T14:10:50","modified_gmt":"2023-02-03T17:10:50","slug":"biblioteca-setorial-do-escritorio-de-aplicacao-de-assuntos-juridicos","status":"publish","type":"page","link":"https:\/\/sites.uel.br\/bibliotecas\/biblioteca-setorial-do-escritorio-de-aplicacao-de-assuntos-juridicos\/","title":{"rendered":"Biblioteca Setorial do Escrit\u00f3rio de Aplica\u00e7\u00e3o de Assuntos Jur\u00eddicos"},"content":{"rendered":"\n<div class=\"wp-block-columns is-layout-flex wp-container-core-columns-is-layout-9d6595d7 wp-block-columns-is-layout-flex\">\n<div class=\"wp-block-column is-layout-flow wp-block-column-is-layout-flow\">\n<figure class=\"wp-block-image size-full is-resized\"><img loading=\"lazy\" decoding=\"async\" src=\"https:\/\/sites.uel.br\/bibliotecas\/wp-content\/uploads\/2022\/06\/capturar-3.jpg\" alt=\"\" class=\"wp-image-498\" width=\"347\" height=\"231\" srcset=\"https:\/\/sites.uel.br\/bibliotecas\/wp-content\/uploads\/2022\/06\/capturar-3.jpg 1024w, https:\/\/sites.uel.br\/bibliotecas\/wp-content\/uploads\/2022\/06\/capturar-3-300x200.jpg 300w, https:\/\/sites.uel.br\/bibliotecas\/wp-content\/uploads\/2022\/06\/capturar-3-768x512.jpg 768w\" sizes=\"auto, (max-width: 347px) 100vw, 347px\" \/><\/figure>\n<\/div>\n\n\n\n<div class=\"wp-block-column is-layout-flow wp-block-column-is-layout-flow\">\n<figure class=\"wp-block-image size-full is-resized\"><img loading=\"lazy\" decoding=\"async\" src=\"https:\/\/sites.uel.br\/bibliotecas\/wp-content\/uploads\/2022\/06\/image-7.png\" alt=\"\" class=\"wp-image-500\" width=\"357\" height=\"212\" srcset=\"https:\/\/sites.uel.br\/bibliotecas\/wp-content\/uploads\/2022\/06\/image-7.png 969w, https:\/\/sites.uel.br\/bibliotecas\/wp-content\/uploads\/2022\/06\/image-7-300x179.png 300w, https:\/\/sites.uel.br\/bibliotecas\/wp-content\/uploads\/2022\/06\/image-7-768x459.png 768w\" sizes=\"auto, (max-width: 357px) 100vw, 357px\" \/><\/figure>\n<\/div>\n\n\n\n<div class=\"wp-block-column is-layout-flow wp-block-column-is-layout-flow\">\n<figure class=\"wp-block-image size-full is-resized\"><img loading=\"lazy\" decoding=\"async\" src=\"https:\/\/sites.uel.br\/bibliotecas\/wp-content\/uploads\/2022\/06\/image-8.png\" alt=\"\" class=\"wp-image-501\" width=\"357\" height=\"212\" srcset=\"https:\/\/sites.uel.br\/bibliotecas\/wp-content\/uploads\/2022\/06\/image-8.png 991w, https:\/\/sites.uel.br\/bibliotecas\/wp-content\/uploads\/2022\/06\/image-8-300x179.png 300w, https:\/\/sites.uel.br\/bibliotecas\/wp-content\/uploads\/2022\/06\/image-8-768x458.png 768w\" sizes=\"auto, (max-width: 357px) 100vw, 357px\" \/><\/figure>\n<\/div>\n<\/div>\n\n\n\n<div class=\"wp-block-buttons is-layout-flex wp-block-buttons-is-layout-flex\">\n<div class=\"wp-block-button has-custom-width wp-block-button__width-100\"><a class=\"wp-block-button__link has-cinza-claro-color has-verde-background-color has-text-color has-background wp-element-button\"><strong>Informa\u00e7\u00f5es Importantes<\/strong><\/a><\/div>\n<\/div>\n\n\n\n<p class=\"has-text-align-left has-text-color\" style=\"color:#ff2121\">Comunicamos que a  biblioteca esta com ATENDIMENTO PRESENCIAL ao p\u00fablico apenas as Ter\u00e7as e Quartas-feiras, das 8h \u00e0s 12h e a tarde das 13h \u00e0s 17h. Nos demais dias o atendimento OCORRER\u00c1 REMOTAMENTE e por AGENDAMENTO pelo Sistema de Bibliotecas da UEL. D\u00favidas podem ser enviadas pelo whatsapp (43) 3371 4336<\/p>\n\n\n\n<p class=\"has-text-align-center\">Nosso hor\u00e1rio de atendimento \u00e9 de Segunda a Quinta-feira &#8211; das 8h \u00e0s 12h &#8211; das 13h30 \u00e0s 17h30 e Sexta-feira &#8211; das 8h \u00e0s 12h &#8211; das 13h30 \u00e0s 17h<\/p>\n\n\n\n<div class=\"wp-block-buttons is-layout-flex wp-block-buttons-is-layout-flex\">\n<div class=\"wp-block-button has-custom-width wp-block-button__width-50\"><a class=\"wp-block-button__link has-cinza-claro-color has-verde-background-color has-text-color has-background wp-element-button\">Servi\u00e7os<\/a><\/div>\n<\/div>\n\n\n\n<ul class=\"wp-block-list\">\n<li>Solicita\u00e7\u00e3o de pesquisa em base de dados<\/li>\n\n\n\n<li>Orienta\u00e7\u00e3o sobre normaliza\u00e7\u00e3o de trabalhos acad\u00eamicos<\/li>\n\n\n\n<li>Treinamento de normaliza\u00e7\u00e3o de trabalhos acad\u00eamicos<\/li>\n\n\n\n<li>Normaliza\u00e7\u00e3o de trabalhos acad\u00eamicos<\/li>\n\n\n\n<li>Integra\u00e7\u00e3o de usu\u00e1rios<\/li>\n\n\n\n<li>Solicita\u00e7\u00e3o de cataloga\u00e7\u00e3o na publica\u00e7\u00e3o pelo e-mail: protec@uel.br<\/li>\n\n\n\n<li>Solicita\u00e7\u00e3o de artigos pelo e-mail: refere@uel.br<\/li>\n<\/ul>\n\n\n\n<div class=\"wp-block-buttons is-layout-flex wp-block-buttons-is-layout-flex\">\n<div class=\"wp-block-button has-custom-width wp-block-button__width-50\"><a class=\"wp-block-button__link has-cinza-claro-color has-verde-background-color has-text-color has-background wp-element-button\">Empr\u00e9stimo Domiciliar<\/a><\/div>\n<\/div>\n\n\n\n<figure class=\"wp-block-image size-full\"><img loading=\"lazy\" decoding=\"async\" width=\"583\" height=\"201\" src=\"https:\/\/sites.uel.br\/bibliotecas\/wp-content\/uploads\/2022\/06\/image-9.png\" alt=\"\" class=\"wp-image-502\" srcset=\"https:\/\/sites.uel.br\/bibliotecas\/wp-content\/uploads\/2022\/06\/image-9.png 583w, https:\/\/sites.uel.br\/bibliotecas\/wp-content\/uploads\/2022\/06\/image-9-300x103.png 300w\" sizes=\"auto, (max-width: 583px) 100vw, 583px\" \/><\/figure>\n\n\n\n<div class=\"wp-block-buttons is-layout-flex wp-block-buttons-is-layout-flex\">\n<div class=\"wp-block-button has-custom-width wp-block-button__width-50\"><a class=\"wp-block-button__link has-cinza-claro-color has-verde-background-color has-text-color has-background wp-element-button\">Fale Conosco<\/a><\/div>\n<\/div>\n\n\n\n<p>Telefone: (43) 3323 &#8211; 5387                      &nbsp;E-mail: bseaaj@uel.br<\/p>\n\n\n\n<div class=\"wp-block-buttons is-layout-flex wp-block-buttons-is-layout-flex\">\n<div class=\"wp-block-button has-custom-width wp-block-button__width-50\"><a class=\"wp-block-button__link has-cinza-claro-color has-verde-background-color has-text-color has-background wp-element-button\">Respons\u00e1vel<\/a><\/div>\n<\/div>\n\n\n\n<p>Bibliotec\u00e1ria: Edileusa Regina Aguiar dos Santos        E-mail: regina.aguiar@uel.br<\/p>\n","protected":false},"excerpt":{"rendered":"<p>Comunicamos que a biblioteca esta com ATENDIMENTO PRESENCIAL ao p\u00fablico apenas as Ter\u00e7as e Quartas-feiras, das 8h \u00e0s 12h e a tarde das 13h \u00e0s 17h. Nos demais dias o atendimento OCORRER\u00c1 REMOTAMENTE e por AGENDAMENTO pelo Sistema de Bibliotecas da UEL. D\u00favidas podem ser enviadas pelo whatsapp (43) 3371 4336 Nosso hor\u00e1rio de atendimento [&hellip;]<\/p>\n","protected":false},"author":6,"featured_media":0,"parent":0,"menu_order":0,"comment_status":"closed","ping_status":"closed","template":"","meta":{"footnotes":""},"class_list":["post-496","page","type-page","status-publish","hentry"],"acf":[],"_links":{"self":[{"href":"https:\/\/sites.uel.br\/bibliotecas\/wp-json\/wp\/v2\/pages\/496","targetHints":{"allow":["GET"]}}],"collection":[{"href":"https:\/\/sites.uel.br\/bibliotecas\/wp-json\/wp\/v2\/pages"}],"about":[{"href":"https:\/\/sites.uel.br\/bibliotecas\/wp-json\/wp\/v2\/types\/page"}],"author":[{"embeddable":true,"href":"https:\/\/sites.uel.br\/bibliotecas\/wp-json\/wp\/v2\/users\/6"}],"replies":[{"embeddable":true,"href":"https:\/\/sites.uel.br\/bibliotecas\/wp-json\/wp\/v2\/comments?post=496"}],"version-history":[{"count":5,"href":"https:\/\/sites.uel.br\/bibliotecas\/wp-json\/wp\/v2\/pages\/496\/revisions"}],"predecessor-version":[{"id":930,"href":"https:\/\/sites.uel.br\/bibliotecas\/wp-json\/wp\/v2\/pages\/496\/revisions\/930"}],"wp:attachment":[{"href":"https:\/\/sites.uel.br\/bibliotecas\/wp-json\/wp\/v2\/media?parent=496"}],"curies":[{"name":"wp","href":"https:\/\/api.w.org\/{rel}","templated":true}]}}