{"id":49,"date":"2022-03-09T15:53:12","date_gmt":"2022-03-09T18:53:12","guid":{"rendered":"https:\/\/sites.uel.br\/bibliotecas\/?page_id=49"},"modified":"2022-06-07T15:37:10","modified_gmt":"2022-06-07T18:37:10","slug":"galeria-de-diretores","status":"publish","type":"page","link":"https:\/\/sites.uel.br\/bibliotecas\/galeria-de-diretores\/","title":{"rendered":"Galeria de Diretores"},"content":{"rendered":"\n<figure class=\"wp-block-table is-style-stripes\" style=\"font-size:14px\"><table class=\"has-background\" style=\"background:linear-gradient(135deg,rgb(202,248,128) 0%,rgb(113,206,126) 0%)\"><tbody><tr><td><strong>DIRETOR DA BC<\/strong><\/td><td><strong>PER\u00cdODO<\/strong><\/td><td class=\"has-text-align-left\" data-align=\"left\"><strong>REITOR<\/strong><\/td><\/tr><tr><td>Dora Regina Seben<\/td><td>1970 &#8211; 1974<\/td><td class=\"has-text-align-left\" data-align=\"left\">Asc\u00eancio Garcia Lopes<\/td><\/tr><tr><td>Norma Saraceni<\/td><td>1974 &#8211; 1978<\/td><td class=\"has-text-align-left\" data-align=\"left\">Oscar Alves<\/td><\/tr><tr><td>Gra\u00e7a Maria Sim\u00f5es Luz<\/td><td>1978 &#8211; 1982<\/td><td class=\"has-text-align-left\" data-align=\"left\">Jos\u00e9 Carlos Pinotti<\/td><\/tr><tr><td>Gra\u00e7a Maria Sim\u00f5es Luz<\/td><td>1982 \u2013 1986<\/td><td class=\"has-text-align-left\" data-align=\"left\">Marco Antonio Fiori<\/td><\/tr><tr><td>Aparecida J. Pan\u00edcio Caitar<\/td><td>1986 \u2013 1990<\/td><td class=\"has-text-align-left\" data-align=\"left\">Jorge Bounassar Filho<\/td><\/tr><tr><td>Aparecida J. Pan\u00edcio Caitar<\/td><td>1990 \u2013 1994<\/td><td class=\"has-text-align-left\" data-align=\"left\">Jo\u00e3o Carlos Thomson<\/td><\/tr><tr><td>Gra\u00e7a Maria S. Luz\u00a0 Sonia Maria M. Oliveira\u00a0 \u00a0 \u00a0 \u00a0\u00a0<br>Vilma Aparecida G. da Cruz\u00a0 \u00a0 \u00a0 \u00a0\u00a0<\/td><td>Jan. \/ Jun. 1995Jul. 1995 a 1997&nbsp;&nbsp;1997 a 2002<a>\ufeff<\/a>\ufeff<\/td><td class=\"has-text-align-left\" data-align=\"left\">Jackson Proen\u00e7a Testa<\/td><\/tr><tr><td>Vilma Aparecida G. da Cruz<\/td><td>2001 &#8211; 2002<\/td><td class=\"has-text-align-left\" data-align=\"left\">Pedro Alejandro Gordan<\/td><\/tr><tr><td>Sueli Bortolin<\/td><td>2002 \u2013 2006<\/td><td class=\"has-text-align-left\" data-align=\"left\">Lygia Lumina Pulpatto<\/td><\/tr><tr><td>Sueli Bortolin<\/td><td>04\/2006 a &nbsp;&nbsp;06\/2006<\/td><td class=\"has-text-align-left\" data-align=\"left\">Eduardo Di Mauro<\/td><\/tr><tr><td>Laudicena de F\u00e1tima Ribeiro<\/td><td>2006 \u20132010<\/td><td class=\"has-text-align-left\" data-align=\"left\">Wilmar Sachetin Mar\u00e7al<\/td><\/tr><tr><td>Laudicena de F\u00e1tima Ribeiro<\/td><td>04\/2010 a 06\/2010<\/td><td class=\"has-text-align-left\" data-align=\"left\">C\u00e9sar Antonio C. dos Santos<\/td><\/tr><tr><td>Maria Elisabete Catarino<\/td><td>2010 -2014<\/td><td class=\"has-text-align-left\" data-align=\"left\">N\u00e1dina Aparecida Moreno<\/td><\/tr><tr><td>Maria Aparecida dos S. Letrari<\/td><td>2014 -2018<\/td><td class=\"has-text-align-left\" data-align=\"left\">Berenice Quinzani Jord\u00e3o<\/td><\/tr><tr><td>Neide Maria Jardinette Zaninelli<\/td><td>2018 -2022<\/td><td class=\"has-text-align-left\" data-align=\"left\">S\u00e9rgio Carlos de Carvalho<\/td><\/tr><\/tbody><\/table><\/figure>\n","protected":false},"excerpt":{"rendered":"<p>DIRETOR DA BC PER\u00cdODO REITOR Dora Regina Seben 1970 &#8211; 1974 Asc\u00eancio Garcia Lopes Norma Saraceni 1974 &#8211; 1978 Oscar Alves Gra\u00e7a Maria Sim\u00f5es Luz 1978 &#8211; 1982 Jos\u00e9 Carlos Pinotti Gra\u00e7a Maria Sim\u00f5es Luz 1982 \u2013 1986 Marco Antonio Fiori Aparecida J. Pan\u00edcio Caitar 1986 \u2013 1990 Jorge Bounassar Filho Aparecida J. Pan\u00edcio Caitar [&hellip;]<\/p>\n","protected":false},"author":4,"featured_media":0,"parent":0,"menu_order":0,"comment_status":"closed","ping_status":"closed","template":"","meta":{"footnotes":""},"class_list":["post-49","page","type-page","status-publish","hentry"],"acf":[],"_links":{"self":[{"href":"https:\/\/sites.uel.br\/bibliotecas\/wp-json\/wp\/v2\/pages\/49","targetHints":{"allow":["GET"]}}],"collection":[{"href":"https:\/\/sites.uel.br\/bibliotecas\/wp-json\/wp\/v2\/pages"}],"about":[{"href":"https:\/\/sites.uel.br\/bibliotecas\/wp-json\/wp\/v2\/types\/page"}],"author":[{"embeddable":true,"href":"https:\/\/sites.uel.br\/bibliotecas\/wp-json\/wp\/v2\/users\/4"}],"replies":[{"embeddable":true,"href":"https:\/\/sites.uel.br\/bibliotecas\/wp-json\/wp\/v2\/comments?post=49"}],"version-history":[{"count":3,"href":"https:\/\/sites.uel.br\/bibliotecas\/wp-json\/wp\/v2\/pages\/49\/revisions"}],"predecessor-version":[{"id":530,"href":"https:\/\/sites.uel.br\/bibliotecas\/wp-json\/wp\/v2\/pages\/49\/revisions\/530"}],"wp:attachment":[{"href":"https:\/\/sites.uel.br\/bibliotecas\/wp-json\/wp\/v2\/media?parent=49"}],"curies":[{"name":"wp","href":"https:\/\/api.w.org\/{rel}","templated":true}]}}