{"id":48,"date":"2022-03-09T15:53:12","date_gmt":"2022-03-09T18:53:12","guid":{"rendered":"https:\/\/sites.uel.br\/bibliotecas\/?page_id=48"},"modified":"2024-12-04T15:07:55","modified_gmt":"2024-12-04T18:07:55","slug":"equipe","status":"publish","type":"page","link":"https:\/\/sites.uel.br\/bibliotecas\/equipe\/","title":{"rendered":"Equipe"},"content":{"rendered":"\n<div class=\"wp-block-buttons is-layout-flex wp-block-buttons-is-layout-flex\">\n<div class=\"wp-block-button has-custom-width wp-block-button__width-50\"><a class=\"wp-block-button__link has-cinza-claro-color has-verde-background-color has-text-color has-background wp-element-button\"><strong>Conselho Deliberativo<\/strong><\/a><\/div>\n<\/div>\n\n\n\n<p><\/p>\n\n\n\n<p>O Conselho Deliberativo \u00e9 o \u00f3rg\u00e3o de delibera\u00e7\u00e3o superior, presidido pelo Vice-Reitor e Coordenado pelo Diretor do Sistema de Bibliotecas. E-mail: dir.bc@uel.br&nbsp;<\/p>\n\n\n\n<div class=\"wp-block-buttons is-layout-flex wp-block-buttons-is-layout-flex\">\n<div class=\"wp-block-button has-custom-width wp-block-button__width-50\"><a class=\"wp-block-button__link has-cinza-claro-color has-verde-background-color has-text-color has-background wp-element-button\"><strong>Dire\u00e7\u00e3o<\/strong><\/a><\/div>\n<\/div>\n\n\n\n<p><\/p>\n\n\n\n<p>Diretora do Sistema de Bibliotecas da UEL: Neide Maria Jardinette Zaninelli. E-mail: nemaza@uel.br<\/p>\n\n\n\n<div class=\"wp-block-buttons is-layout-flex wp-block-buttons-is-layout-flex\">\n<div class=\"wp-block-button has-custom-width wp-block-button__width-50\"><a class=\"wp-block-button__link has-cinza-claro-color has-verde-background-color has-text-color has-background wp-element-button\"><strong>Comiss\u00e3o de Biblioteca<\/strong><\/a><\/div>\n<\/div>\n\n\n\n<p><\/p>\n\n\n\n<p>A Comiss\u00e3o de Biblioteca tem car\u00e1ter consultivo, assessorando o Sistema de Bibliotecas na otimiza\u00e7\u00e3o de seus servi\u00e7os em benef\u00edcio da educa\u00e7\u00e3o e da cultura. \u00c9 composta por um docente representante de cada Centro de Estudos, tr\u00eas representantes discentes, Chefes das Divis\u00f5es de Forma\u00e7\u00e3o e Desenvolvimento da Cole\u00e7\u00e3o e de Refer\u00eancia da BC, sendo presidida pelo diretor do Sistema de Bibliotecas. E-mail: dir.bc@uel.br<\/p>\n\n\n\n<div class=\"wp-block-buttons is-layout-flex wp-block-buttons-is-layout-flex\">\n<div class=\"wp-block-button has-custom-width wp-block-button__width-50\"><a class=\"wp-block-button__link has-cinza-claro-color has-verde-background-color has-text-color has-background wp-element-button\"><strong>Secretaria Executiva<\/strong><\/a><\/div>\n<\/div>\n\n\n\n<p><\/p>\n\n\n\n<p>A Secretaria Executiva \u00e9 a unidade de apoio t\u00e9cnico-administrativo da Diretoria, a qual est\u00e1 subordinada. <\/p>\n\n\n\n<p>Secret\u00e1ria Administrativa: Cristielle S. R. Camilo E-mail: dir.bc@uel.br; cristielle@uel.br<\/p>\n\n\n\n<div class=\"wp-block-buttons is-layout-flex wp-block-buttons-is-layout-flex\">\n<div class=\"wp-block-button has-custom-width wp-block-button__width-75\"><a class=\"wp-block-button__link has-cinza-claro-color has-verde-background-color has-text-color has-background wp-element-button\"><strong>Divis\u00e3o de Forma\u00e7\u00e3o e Desenvolvimento da Cole\u00e7\u00e3o<\/strong><\/a><\/div>\n<\/div>\n\n\n\n<p><\/p>\n\n\n\n<p>Bibliotec\u00e1ria Respons\u00e1vel: Geneviane Duarte Dias. E-mail: geneviane@uel.br; comprabc@uel.br; aquil@uel.br<\/p>\n\n\n\n<div class=\"wp-block-buttons is-content-justification-left is-layout-flex wp-container-core-buttons-is-layout-fdcfc74e wp-block-buttons-is-layout-flex\">\n<div class=\"wp-block-button has-custom-width wp-block-button__width-50\"><a class=\"wp-block-button__link has-cinza-claro-color has-verde-background-color has-text-color has-background wp-element-button\"><strong>Divis\u00e3o de Processos T\u00e9cnicos<\/strong><\/a><\/div>\n<\/div>\n\n\n\n<p><\/p>\n\n\n\n<p>Bibliotec\u00e1ria Respons\u00e1vel: Patr\u00edcia Of\u00e9lia Pereira de Almeida. E-mail: pereira@uel.br; proctec@uel.br&nbsp;<\/p>\n\n\n\n<div class=\"wp-block-buttons is-layout-flex wp-block-buttons-is-layout-flex\">\n<div class=\"wp-block-button has-custom-width wp-block-button__width-50\"><a class=\"wp-block-button__link has-cinza-claro-color has-verde-background-color has-text-color has-background wp-element-button\"><strong>Divis\u00e3o de Refer\u00eancia<\/strong><\/a><\/div>\n<\/div>\n\n\n\n<p><\/p>\n\n\n\n<p>Bibliotec\u00e1ria Respons\u00e1vel: Natali Silvana Zwaretch. E-mail: natali@uel.br; refere@uel.br<\/p>\n\n\n\n<div class=\"wp-block-buttons is-layout-flex wp-block-buttons-is-layout-flex\">\n<div class=\"wp-block-button has-custom-width wp-block-button__width-50\"><a class=\"wp-block-button__link has-cinza-claro-color has-verde-background-color has-text-color has-background wp-element-button\"><strong>Divis\u00e3o de Circula\u00e7\u00e3o<\/strong><\/a><\/div>\n<\/div>\n\n\n\n<p>Bibliotec\u00e1ria Respons\u00e1vel: Enidelci Aparecida Zaquia Pereira. E-mail: eni@uel.br; bccirc@uel.br<\/p>\n\n\n\n<div class=\"wp-block-buttons is-layout-flex wp-block-buttons-is-layout-flex\">\n<div class=\"wp-block-button has-custom-width wp-block-button__width-50\"><a class=\"wp-block-button__link has-cinza-claro-color has-verde-background-color has-text-color has-background wp-element-button\"><strong>R<\/strong>eposit\u00f3rio Institucional da UEL<\/a><\/div>\n<\/div>\n\n\n\n<p><\/p>\n\n\n\n<p>Bibliotec\u00e1ria Respons\u00e1vel: Patr\u00edcia Of\u00e9lia Pereira de Almeida. E-mail: pereira@uel.br;\u00a0riuel@uel.br\u00a0<\/p>\n\n\n\n<div class=\"wp-block-buttons is-layout-flex wp-block-buttons-is-layout-flex\">\n<div class=\"wp-block-button\"><a class=\"wp-block-button__link has-cinza-claro-color has-verde-background-color has-text-color has-background wp-element-button\"><strong>Portal de Peri\u00f3dicos Cient\u00edficos da UEL<\/strong><\/a><\/div>\n<\/div>\n\n\n\n<p><\/p>\n\n\n\n<p>Bibliotec\u00e1ria Respons\u00e1vel: Elaine Arvelino. E-mail: periodicosuel@uel.br<\/p>\n\n\n\n<div class=\"wp-block-buttons is-layout-flex wp-block-buttons-is-layout-flex\">\n<div class=\"wp-block-button\"><a class=\"wp-block-button__link has-cinza-claro-color has-verde-background-color has-text-color has-background wp-element-button\"><strong>Biblioteca Setorial do Centro de Ci\u00eancias da Sa\u00fade<\/strong><\/a><\/div>\n<\/div>\n\n\n\n<p><\/p>\n\n\n\n<p>Bibliotec\u00e1rio Respons\u00e1vel: Rinaldo de Barros Rodrigues. E-mail: rinaldorodrigues@uel.br; biblioteca.ccs@uel.br<\/p>\n\n\n\n<div class=\"wp-block-buttons is-layout-flex wp-block-buttons-is-layout-flex\">\n<div class=\"wp-block-button\"><a class=\"wp-block-button__link has-cinza-claro-color has-verde-background-color has-text-color has-background wp-element-button\"><strong>Biblioteca Setorial de Ci\u00eancias Humanas<\/strong><\/a><\/div>\n<\/div>\n\n\n\n<p><\/p>\n\n\n\n<p>Bibliotec\u00e1ria Respons\u00e1vel: Solange Gara Portello. E-mail: solangeportello@uel.br; bibliotecach@uel.br<\/p>\n\n\n\n<div class=\"wp-block-buttons is-layout-flex wp-block-buttons-is-layout-flex\"><\/div>\n\n\n\n<p><\/p>\n\n\n\n<p><\/p>\n","protected":false},"excerpt":{"rendered":"<p>O Conselho Deliberativo \u00e9 o \u00f3rg\u00e3o de delibera\u00e7\u00e3o superior, presidido pelo Vice-Reitor e Coordenado pelo Diretor do Sistema de Bibliotecas. E-mail: dir.bc@uel.br&nbsp; Diretora do Sistema de Bibliotecas da UEL: Neide Maria Jardinette Zaninelli. E-mail: nemaza@uel.br A Comiss\u00e3o de Biblioteca tem car\u00e1ter consultivo, assessorando o Sistema de Bibliotecas na otimiza\u00e7\u00e3o de seus servi\u00e7os em benef\u00edcio da [&hellip;]<\/p>\n","protected":false},"author":4,"featured_media":0,"parent":0,"menu_order":0,"comment_status":"closed","ping_status":"closed","template":"","meta":{"footnotes":""},"class_list":["post-48","page","type-page","status-publish","hentry"],"acf":[],"_links":{"self":[{"href":"https:\/\/sites.uel.br\/bibliotecas\/wp-json\/wp\/v2\/pages\/48","targetHints":{"allow":["GET"]}}],"collection":[{"href":"https:\/\/sites.uel.br\/bibliotecas\/wp-json\/wp\/v2\/pages"}],"about":[{"href":"https:\/\/sites.uel.br\/bibliotecas\/wp-json\/wp\/v2\/types\/page"}],"author":[{"embeddable":true,"href":"https:\/\/sites.uel.br\/bibliotecas\/wp-json\/wp\/v2\/users\/4"}],"replies":[{"embeddable":true,"href":"https:\/\/sites.uel.br\/bibliotecas\/wp-json\/wp\/v2\/comments?post=48"}],"version-history":[{"count":14,"href":"https:\/\/sites.uel.br\/bibliotecas\/wp-json\/wp\/v2\/pages\/48\/revisions"}],"predecessor-version":[{"id":1102,"href":"https:\/\/sites.uel.br\/bibliotecas\/wp-json\/wp\/v2\/pages\/48\/revisions\/1102"}],"wp:attachment":[{"href":"https:\/\/sites.uel.br\/bibliotecas\/wp-json\/wp\/v2\/media?parent=48"}],"curies":[{"name":"wp","href":"https:\/\/api.w.org\/{rel}","templated":true}]}}