{"id":477,"date":"2022-06-06T17:33:02","date_gmt":"2022-06-06T20:33:02","guid":{"rendered":"https:\/\/sites.uel.br\/bibliotecas\/?page_id=477"},"modified":"2025-08-28T16:43:00","modified_gmt":"2025-08-28T19:43:00","slug":"biblioteca-setorial-do-centro-de-ciencias-da-saude","status":"publish","type":"page","link":"https:\/\/sites.uel.br\/bibliotecas\/biblioteca-setorial-do-centro-de-ciencias-da-saude\/","title":{"rendered":"Biblioteca Setorial Professora Ana Ito  (BSCCS)"},"content":{"rendered":"\n<div class=\"wp-block-columns is-layout-flex wp-container-core-columns-is-layout-9d6595d7 wp-block-columns-is-layout-flex\">\n<div class=\"wp-block-column is-layout-flow wp-block-column-is-layout-flow\" style=\"flex-basis:100%\">\n<div class=\"wp-block-columns is-layout-flex wp-container-core-columns-is-layout-9d6595d7 wp-block-columns-is-layout-flex\">\n<div class=\"wp-block-column is-layout-flow wp-block-column-is-layout-flow\">\n<figure class=\"wp-block-image size-full\"><img loading=\"lazy\" decoding=\"async\" width=\"399\" height=\"266\" src=\"https:\/\/sites.uel.br\/bibliotecas\/wp-content\/uploads\/2022\/06\/6147049622_6676ea257d_w.jpg\" alt=\"\" class=\"wp-image-481\" srcset=\"https:\/\/sites.uel.br\/bibliotecas\/wp-content\/uploads\/2022\/06\/6147049622_6676ea257d_w.jpg 399w, https:\/\/sites.uel.br\/bibliotecas\/wp-content\/uploads\/2022\/06\/6147049622_6676ea257d_w-300x200.jpg 300w\" sizes=\"auto, (max-width: 399px) 100vw, 399px\" \/><\/figure>\n<\/div>\n\n\n\n<div class=\"wp-block-column is-layout-flow wp-block-column-is-layout-flow\">\n<figure class=\"wp-block-image size-full is-resized\"><img loading=\"lazy\" decoding=\"async\" width=\"640\" height=\"480\" src=\"https:\/\/sites.uel.br\/bibliotecas\/wp-content\/uploads\/2022\/06\/6146506875_f571a8efb7_z-1.jpg\" alt=\"\" class=\"wp-image-480\" style=\"width:292px;height:219px\" srcset=\"https:\/\/sites.uel.br\/bibliotecas\/wp-content\/uploads\/2022\/06\/6146506875_f571a8efb7_z-1.jpg 640w, https:\/\/sites.uel.br\/bibliotecas\/wp-content\/uploads\/2022\/06\/6146506875_f571a8efb7_z-1-300x225.jpg 300w\" sizes=\"auto, (max-width: 640px) 100vw, 640px\" \/><\/figure>\n<\/div>\n\n\n\n<div class=\"wp-block-column is-layout-flow wp-block-column-is-layout-flow\">\n<figure class=\"wp-block-image size-large is-resized\"><img loading=\"lazy\" decoding=\"async\" width=\"1024\" height=\"576\" src=\"https:\/\/sites.uel.br\/bibliotecas\/wp-content\/uploads\/2022\/06\/WhatsApp-Image-2022-06-06-at-16.36.19-1024x576.jpeg\" alt=\"\" class=\"wp-image-479\" style=\"width:401px;height:225px\" srcset=\"https:\/\/sites.uel.br\/bibliotecas\/wp-content\/uploads\/2022\/06\/WhatsApp-Image-2022-06-06-at-16.36.19-1024x576.jpeg 1024w, https:\/\/sites.uel.br\/bibliotecas\/wp-content\/uploads\/2022\/06\/WhatsApp-Image-2022-06-06-at-16.36.19-300x169.jpeg 300w, https:\/\/sites.uel.br\/bibliotecas\/wp-content\/uploads\/2022\/06\/WhatsApp-Image-2022-06-06-at-16.36.19-768x432.jpeg 768w, https:\/\/sites.uel.br\/bibliotecas\/wp-content\/uploads\/2022\/06\/WhatsApp-Image-2022-06-06-at-16.36.19-1536x864.jpeg 1536w, https:\/\/sites.uel.br\/bibliotecas\/wp-content\/uploads\/2022\/06\/WhatsApp-Image-2022-06-06-at-16.36.19.jpeg 1599w\" sizes=\"auto, (max-width: 1024px) 100vw, 1024px\" \/><\/figure>\n<\/div>\n<\/div>\n<\/div>\n<\/div>\n\n\n\n<div class=\"wp-block-buttons is-layout-flex wp-block-buttons-is-layout-flex\">\n<div class=\"wp-block-button has-custom-width wp-block-button__width-100\"><a class=\"wp-block-button__link has-cinza-claro-color has-verde-background-color has-text-color has-background wp-element-button\"><strong>Informa\u00e7\u00f5es Importantes<\/strong><\/a><\/div>\n<\/div>\n\n\n\n<p class=\"has-text-align-center\">Comunicamos que a biblioteca esta aberta ao p\u00fablico<\/p>\n\n\n\n<p class=\"has-text-align-center\">Nosso hor\u00e1rio de atendimento \u00e9 de Segunda \u00e0 Sexta-feira das 8h \u00e0s 18h<\/p>\n\n\n\n<p class=\"has-text-align-center\">Renova\u00e7\u00e3o de livros (43) 3371-2357<img loading=\"lazy\" decoding=\"async\" width=\"30\" height=\"31\" class=\"wp-image-978\" style=\"width: 30px;\" src=\"https:\/\/sites.uel.br\/bibliotecas\/wp-content\/uploads\/2023\/07\/image-removebg-preview-23.png\" alt=\"\" srcset=\"https:\/\/sites.uel.br\/bibliotecas\/wp-content\/uploads\/2023\/07\/image-removebg-preview-23.png 493w, https:\/\/sites.uel.br\/bibliotecas\/wp-content\/uploads\/2023\/07\/image-removebg-preview-23-292x300.png 292w, https:\/\/sites.uel.br\/bibliotecas\/wp-content\/uploads\/2023\/07\/image-removebg-preview-23-150x150.png 150w\" sizes=\"auto, (max-width: 30px) 100vw, 30px\" \/> das 8h \u00e0s 17h30<\/p>\n\n\n\n<div class=\"wp-block-buttons is-layout-flex wp-block-buttons-is-layout-flex\">\n<div class=\"wp-block-button has-custom-width wp-block-button__width-50\"><a class=\"wp-block-button__link has-cinza-claro-color has-verde-background-color has-text-color has-background wp-element-button\">Servi\u00e7os<\/a><\/div>\n<\/div>\n\n\n\n<ul class=\"wp-block-list\">\n<li>Solicita\u00e7\u00e3o de pesquisa em bases de dados<\/li>\n\n\n\n<li>Orienta\u00e7\u00e3o sobre normaliza\u00e7\u00e3o de trabalhos<\/li>\n\n\n\n<li>Normaliza\u00e7\u00e3o de trabalhos acad\u00eamicos<\/li>\n\n\n\n<li>Treinamento de normaliza\u00e7\u00e3o de trabalhos<\/li>\n\n\n\n<li>Treinamento Portal Capes<\/li>\n\n\n\n<li>Integra\u00e7\u00e3o de usu\u00e1rios<\/li>\n\n\n\n<li>Solicita\u00e7\u00e3o de cataloga\u00e7\u00e3o na publica\u00e7\u00e3o &#8211; pelo e-mail: proctec@uel.br<\/li>\n\n\n\n<li>Solicita\u00e7\u00e3o de artigos &#8211; pelo e-mail: biblioteca.ccs@uel.br<\/li>\n<\/ul>\n\n\n\n<div class=\"wp-block-buttons is-layout-flex wp-block-buttons-is-layout-flex\">\n<div class=\"wp-block-button has-custom-width wp-block-button__width-50\"><a class=\"wp-block-button__link has-cinza-claro-color has-verde-background-color has-text-color has-background wp-element-button\">Empr\u00e9stimo Domiciliar<\/a><\/div>\n<\/div>\n\n\n\n<figure class=\"wp-block-image size-full is-resized\"><img loading=\"lazy\" decoding=\"async\" width=\"734\" height=\"345\" src=\"https:\/\/sites.uel.br\/bibliotecas\/wp-content\/uploads\/2022\/06\/image-5.png\" alt=\"\" class=\"wp-image-487\" style=\"width:663px;height:312px\" srcset=\"https:\/\/sites.uel.br\/bibliotecas\/wp-content\/uploads\/2022\/06\/image-5.png 734w, https:\/\/sites.uel.br\/bibliotecas\/wp-content\/uploads\/2022\/06\/image-5-300x141.png 300w\" sizes=\"auto, (max-width: 734px) 100vw, 734px\" \/><\/figure>\n\n\n\n<div class=\"wp-block-buttons is-layout-flex wp-block-buttons-is-layout-flex\">\n<div class=\"wp-block-button has-custom-width wp-block-button__width-50 is-style-fill\"><a class=\"wp-block-button__link has-cinza-claro-color has-verde-background-color has-text-color has-background wp-element-button\">Fale Conosco<mark style=\"background-color:rgba(0, 0, 0, 0)\" class=\"has-inline-color has-cinza-claro-color\"> <\/mark><\/a><\/div>\n<\/div>\n\n\n\n<p class=\"has-text-align-left\">Telefone:&nbsp;(43) 3371 &#8211; 2952 E-mail: biblioteca.ccs@uel.br<\/p>\n\n\n\n<div class=\"wp-block-buttons is-layout-flex wp-block-buttons-is-layout-flex\">\n<div class=\"wp-block-button has-custom-width wp-block-button__width-50\"><a class=\"wp-block-button__link has-cinza-claro-color has-verde-background-color has-text-color has-background wp-element-button\">Respons\u00e1vel<\/a><\/div>\n<\/div>\n\n\n\n<p>Bibliotec\u00e1rio: Rinaldo de Barros Rodrigues     E-mail: rinaldorodrigues@uel.br<\/p>\n","protected":false},"excerpt":{"rendered":"<p>Comunicamos que a biblioteca esta aberta ao p\u00fablico Nosso hor\u00e1rio de atendimento \u00e9 de Segunda \u00e0 Sexta-feira das 8h \u00e0s 18h Renova\u00e7\u00e3o de livros (43) 3371-2357 das 8h \u00e0s 17h30 Telefone:&nbsp;(43) 3371 &#8211; 2952 E-mail: biblioteca.ccs@uel.br Bibliotec\u00e1rio: Rinaldo de Barros Rodrigues E-mail: rinaldorodrigues@uel.br<\/p>\n","protected":false},"author":6,"featured_media":0,"parent":0,"menu_order":0,"comment_status":"closed","ping_status":"closed","template":"","meta":{"footnotes":""},"class_list":["post-477","page","type-page","status-publish","hentry"],"acf":[],"_links":{"self":[{"href":"https:\/\/sites.uel.br\/bibliotecas\/wp-json\/wp\/v2\/pages\/477","targetHints":{"allow":["GET"]}}],"collection":[{"href":"https:\/\/sites.uel.br\/bibliotecas\/wp-json\/wp\/v2\/pages"}],"about":[{"href":"https:\/\/sites.uel.br\/bibliotecas\/wp-json\/wp\/v2\/types\/page"}],"author":[{"embeddable":true,"href":"https:\/\/sites.uel.br\/bibliotecas\/wp-json\/wp\/v2\/users\/6"}],"replies":[{"embeddable":true,"href":"https:\/\/sites.uel.br\/bibliotecas\/wp-json\/wp\/v2\/comments?post=477"}],"version-history":[{"count":18,"href":"https:\/\/sites.uel.br\/bibliotecas\/wp-json\/wp\/v2\/pages\/477\/revisions"}],"predecessor-version":[{"id":1179,"href":"https:\/\/sites.uel.br\/bibliotecas\/wp-json\/wp\/v2\/pages\/477\/revisions\/1179"}],"wp:attachment":[{"href":"https:\/\/sites.uel.br\/bibliotecas\/wp-json\/wp\/v2\/media?parent=477"}],"curies":[{"name":"wp","href":"https:\/\/api.w.org\/{rel}","templated":true}]}}