{"id":465,"date":"2022-06-06T14:30:52","date_gmt":"2022-06-06T17:30:52","guid":{"rendered":"https:\/\/sites.uel.br\/bibliotecas\/?page_id=465"},"modified":"2023-05-12T17:18:01","modified_gmt":"2023-05-12T20:18:01","slug":"outros-acervos-2","status":"publish","type":"page","link":"https:\/\/sites.uel.br\/bibliotecas\/outros-acervos-2\/","title":{"rendered":"Outros Acervos"},"content":{"rendered":"\n<figure class=\"wp-block-table\"><table class=\"has-verde-background-color has-background\"><tbody><tr><td class=\"has-text-align-center\" data-align=\"center\"><strong>E-BOOKS<\/strong><\/td><\/tr><\/tbody><\/table><\/figure>\n\n\n\n<figure class=\"wp-block-table is-style-stripes\" style=\"font-size:14px\"><table class=\"has-background\" style=\"background:linear-gradient(135deg,rgb(202,248,128) 0%,rgb(113,206,126) 0%)\"><tbody><tr><td class=\"has-text-align-left\" data-align=\"left\"><strong><a href=\"https:\/\/www.doabooks.org\/\" target=\"_blank\" rel=\"noreferrer noopener\">DOAB \u2013 Diret\u00f3rio de livro de acesso aberto<\/a><\/strong><br>Base de e-books multidisciplinar com texto completo.<\/td><td><strong><a href=\"https:\/\/open.umn.edu\/opentextbooks\/subjects\/engineering\" target=\"_blank\" rel=\"noreferrer noopener\">OPEN TEXTBOOK LIBRARY<\/a><\/strong><br>Plataforma de livros multidisciplinar com texto parcial e completo.<\/td><td><a href=\"http:\/\/www.editora.puc-rio.br\/cgi\/cgilua.exe\/sys\/start.htm?sid=3&amp;fbclid=IwAR27Q4JDF1Lgeu47aU3se2HlG3zHLDc1bXl82UzvU3c-xVfmPegaAgd5dS0\" target=\"_blank\" rel=\"noreferrer noopener\"><strong>EDITORA DA PONTIF\u00cdCIA UNIVERSIDADE<\/strong><br><strong>CAT\u00d3LICA \u2013 RIO<\/strong><\/a><br>Base de e-books multidisciplinar com texto completo.<\/td><\/tr><tr><td class=\"has-text-align-left\" data-align=\"left\"><strong><a href=\"https:\/\/editora.ufsc.br\/estante-aberta\/\" target=\"_blank\" rel=\"noreferrer noopener\">EDITORA DA USFC<\/a><\/strong><br>Base de e-books multidisciplinar com texto completo.<\/td><td><strong><a href=\"http:\/\/www.livrosabertos.sibi.usp.br\/portaldelivrosUSP\/index\" target=\"_blank\" rel=\"noreferrer noopener\">PORTAL DE LIVROS ABERTOS USP<\/a><\/strong><br>Portal de livros multidisciplinar com texto completo.<\/td><td><a href=\"http:\/\/eduemg.uemg.br\/catalogo\" target=\"_blank\" rel=\"noreferrer noopener\"><strong>EDITORA DA UNIVERSIDADE DO ESTADO<\/strong><br><strong>DE MINAS GERAIS<\/strong><\/a><br>Base de e-books multidisciplinar com texto completo.<\/td><\/tr><tr><td class=\"has-text-align-left\" data-align=\"left\"><strong><a href=\"https:\/\/editora.fgv.br\/vitrine\/ebooks-gratuitos\" target=\"_blank\" rel=\"noreferrer noopener\">FGV EDITORA<\/a><\/strong><br>Base de e-books multidisciplinar com texto completo.<\/td><td><strong><a href=\"http:\/\/books.scielo.org\/\" target=\"_blank\" rel=\"noreferrer noopener\">SCIELO LIVROS<\/a><\/strong><br>Portal multidisciplinar de livros com textos completos.<\/td><td><strong><a href=\"http:\/\/www.periodicos.capes.gov.br\/?option=com_pmetabusca&amp;mn=88&amp;smn=88&amp;type=l&amp;livrolink=P25vdmFCdXNjYQ==\" target=\"_blank\" rel=\"noreferrer noopener\">PORTAL DE PERI\u00d3DICOS CAPES \u2013 LIVROS<\/a><\/strong><br>Portal multidisciplinar de livros ou cap\u00edtulo de livros com textos completos e referenciais.<\/td><\/tr><tr><td class=\"has-text-align-left\" data-align=\"left\"><strong><a href=\"http:\/\/portugues.free-ebooks.net\/\" target=\"_blank\" rel=\"noreferrer noopener\">FREE-EBOOKS<\/a><\/strong><br>Base de dados multidisciplinar com texto completo.<\/td><td><strong><a href=\"https:\/\/archive.org\/details\/texts\" target=\"_blank\" rel=\"noreferrer noopener\">THE INTERNET ARCHIVE AND OPEN LIBRARY<\/a><\/strong><br>Base de dados multidisciplinar de textos e livros completos.<\/td><td><strong><a href=\"http:\/\/www.portcom.intercom.org.br\/\" target=\"_blank\" rel=\"noreferrer noopener\">PORTCOM \u2013 PORTAL DE LIVRE ACESSO \u00c0 PRODU\u00c7\u00c3O EM CI\u00caNCIAS DA COMUNICA\u00c7\u00c3O<\/a><\/strong><br>Base de dados com e-books da \u00e1rea de ci\u00eancias da comunica\u00e7\u00e3o.<\/td><\/tr><tr><td class=\"has-text-align-left\" data-align=\"left\"><strong><a href=\"https:\/\/books.google.com\/bkshp?hl=en&amp;tab=wp\" target=\"_blank\" rel=\"noreferrer noopener\">GOOGLE BOOKS<\/a><\/strong><br>Base de e-books multidisciplinar com texto parcial e completo.<\/td><td><a href=\"https:\/\/portaleditora.ufra.edu.br\/index.php?option=com_content&amp;view=article&amp;id=596&amp;Itemid=390&amp;lang=pt\" target=\"_blank\" rel=\"noreferrer noopener\"><strong>EDITORA DA UNIVERSIDADE FEDERAL<\/strong><br><strong>RURAL DA AMAZ\u00d4NIA<\/strong><\/a><br>Base de e-books multidisciplinar com texto completo<\/td><td><strong><a href=\"http:\/\/www.sibi.ufrj.br\/index.php\/inicio\/447-no-dia-12-de-marco-o-sibi-preparou-uma-uma-relacao-de-e-books-em-acesso-aberto-de-biblioteconomia-e-ciencia-da-informacao\" target=\"_blank\" rel=\"noreferrer noopener\">LISTA COMPLEMENTAR DE EDITORAS UNIVERSIT\u00c1RIAS<\/a><\/strong><\/td><\/tr><tr><td class=\"has-text-align-left\" data-align=\"left\"><strong><a href=\"http:\/\/www.livrosgratis.com.br\/\" target=\"_blank\" rel=\"noreferrer noopener\">LIVROS GR\u00c1TIS<\/a><\/strong><br>Base de dados multidisciplinar com texto completo.<\/td><td><a href=\"http:\/\/portal.unemat.br\/?pg=site&amp;i=editora&amp;m=catalogo-eletronico&amp;c=multiletramentos-artuculacoes-para-no-ensino-da-leitura-e-da-escrita-colecao-sala-das-letras-volume-01\" target=\"_blank\" rel=\"noreferrer noopener\"><strong>EDITORA DA UNIVERSIDADE DO ESTADO<\/strong><br><strong>DE MATO GROSSO<\/strong><\/a><br>Base de e-books multidisciplinar com texto completo.<\/td><td><a rel=\"noreferrer noopener\" href=\"http:\/\/omp.ufgd.edu.br\/omp\/index.php\/livrosabertos\/catalog\" target=\"_blank\"><strong>PORTAL DE LIVROS DA UNIVERSIDADE FEDERAL<\/strong><br><strong>DA GRANDE DOURADOS<\/strong><\/a><br>Base de e-books multidisciplinar com texto completo.<\/td><\/tr><tr><td class=\"has-text-align-left\" data-align=\"left\"><strong><a href=\"http:\/\/manybooks.net\/language.php?code=pt\" target=\"_blank\" rel=\"noreferrer noopener\">MANY BOOKS<\/a><\/strong><br>Base de dados sobre hist\u00f3ria e literaturas inclusive portuguesa e brasileira.<\/td><td><strong><a rel=\"noreferrer noopener\" href=\"https:\/\/www.ncbi.nlm.nih.gov\/books\" target=\"_blank\">NCBI BOOKSHELF<\/a><\/strong><br>Base de e-books com livros nas \u00e1reas biom\u00e9dicas e ci\u00eancias da vida.<\/td><td><strong><a rel=\"noreferrer noopener\" href=\"http:\/\/ww.ufpi.br\/e-book-edufpi\" target=\"_blank\">EDITORA DA UNIVERSIDADE FEDERAL DO PIAU\u00cd<\/a><\/strong><br>Base de e-books multidisciplinar com texto completo.<\/td><\/tr><tr><td class=\"has-text-align-left\" data-align=\"left\"><strong><a rel=\"noreferrer noopener\" href=\"https:\/\/openresearchlibrary.org\/home\" target=\"_blank\">OPEN RESEARCH LIBRARY<\/a><br><\/strong>Plataforma de livros multidisciplinar com texto parcial e completo.<\/td><td><strong><a rel=\"noreferrer noopener\" href=\"http:\/\/edufes.ufes.br\/items\/browse?search=&amp;advanced%5B0%5D%5Belement_id%5D=&amp;advanced%5B0%5D%5Btype%5D=&amp;advanced%5B0%5D%5Bterms%5D=&amp;range=&amp;collection=&amp;type=19&amp;user=&amp;tags=&amp;public=&amp;featured=&amp;submit_search=Procurar+por+itens\" target=\"_blank\">EDITORA DA UNIVERSIDADE FEDERAL DO ESP\u00cdRITO<\/a><\/strong><br>Base de e-books multidisciplinar com texto completo.<\/td><td><\/td><\/tr><\/tbody><\/table><\/figure>\n\n\n\n<figure class=\"wp-block-table\"><table class=\"has-verde-background-color has-background\"><tbody><tr><td class=\"has-text-align-center\" data-align=\"center\"><strong>DOCUMENTOS DIVERSOS<\/strong><\/td><\/tr><\/tbody><\/table><\/figure>\n\n\n\n<figure class=\"wp-block-table is-style-stripes has-small-font-size\"><table class=\"has-background\" style=\"background:linear-gradient(135deg,rgb(202,248,128) 0%,rgb(113,206,126) 0%)\"><tbody><tr><td><strong><a rel=\"noreferrer noopener\" href=\"https:\/\/www.base-search.net\/\" target=\"_blank\">BASE &#8211; BIELEFELD ACADEMIC SEARCH ENGINE<\/a><\/strong><br>Portal multidisciplinar de documentos<br>diversos, com textos completos e<br>referenciais.<\/td><td><a rel=\"noreferrer noopener\" href=\"http:\/\/%20https\/\/www.bdpa.cnptia.embrapa.br\/consulta\/\" target=\"_blank\"><strong>BDPA &#8211; BASES DE DADOS DA<\/strong><br><strong>PESQUISA AGROPECU\u00c1RIA \u2013 EMBRAPA<\/strong>.<\/a><br>Base de dados de documentos diversos <br>com textos completos da \u00e1rea de Ci\u00eancias agr\u00e1rias.<\/td><td><a rel=\"noreferrer noopener\" href=\"http:\/\/bdtd.ibict.br\/vufind\/\" target=\"_blank\"><strong>BDTD \u2013 BIBLIOTECA DIGITAL BRASILEIRA DE<\/strong><br><strong>TESES E DISSERTA\u00c7\u00d5ES<\/strong><\/a><br>Portal multidisciplinar de teses e disserta\u00e7\u00f5es<br>defendidas nas institui\u00e7\u00f5es<br>brasileiras, com textos completos.<\/td><\/tr><tr><td><strong><a rel=\"noreferrer noopener\" href=\"https:\/\/cfc.org.br\/legislacao\/\" target=\"_blank\">CONSELHO FEDERAL DE CONTABILIDADE<\/a><\/strong><br>Apresenta na integra todas as legisla\u00e7\u00f5es e<br>normas brasileiras de contabilidade.<\/td><td><strong><a rel=\"noreferrer noopener\" href=\"https:\/\/dialnet.unirioja.es\/\" target=\"_blank\">DIALNET<\/a><\/strong><br>Base de dados de documentos diversos<br>com texto completo e referencial das \u00e1reas <br>de ci\u00eancias humanas e sociais.<\/td><td><strong><a rel=\"noreferrer noopener\" href=\"https:\/\/scholar.google.com.br\/\" target=\"_blank\">GOOGLE ACAD\u00caMICO<\/a><\/strong><br>Buscador multidisciplinar de documentos<br>diversos, com textos completos e referenciais.<\/td><\/tr><tr><td><a rel=\"noreferrer noopener\" href=\"https:\/\/gru.inpi.gov.br\/pePI\/servlet\/LoginController?action=login\" target=\"_blank\"><strong>INPI \u2013 INSTITUTO NACIONAL DA<\/strong><br><strong>PROPRIEDADE INDUSTRIAL<\/strong><\/a><br>Base de dados dos registros de marcas e<br>patentes no Brasil.<\/td><td><a rel=\"noreferrer noopener\" href=\"https:\/\/www.lexml.gov.br\/\" target=\"_blank\"><strong>LEXML \u2013 REDE DE INFORMA\u00c7\u00c3O<\/strong><br><strong>LEGISLATIVA E JUR\u00cdDICA<\/strong><\/a><br>Portal especializado em informa\u00e7\u00e3o<br>jur\u00eddica e legislativa, com textos completos.<\/td><td><a rel=\"noreferrer noopener\" href=\"http:\/\/oasisbr.ibict.br\/vufind\/\" target=\"_blank\"><strong>OASISBR -PORTAL BRASILEIRO DE<\/strong><br><strong>PUBLICA\u00c7\u00d5ES CIENT\u00cdFICAS EM ACESSO<\/strong><br><strong>ABERTO<\/strong><\/a><br>Portal multidisciplinar de documentos<br>diversos, com textos completos.<\/td><\/tr><tr><td><strong><a rel=\"noreferrer noopener\" href=\"https:\/\/openlibrary.org\/\" target=\"_blank\">OPEN LIBRARY<\/a><\/strong><br>Base de dados multidisciplinar<br>com texto completo.<\/td><td><strong><a rel=\"noreferrer noopener\" href=\"http:\/\/www.dominiopublico.gov.br\/\" target=\"_blank\">PORTAL DOM\u00cdNIO P\u00daBLICO<\/a><\/strong><br>Portal Multidisciplinar de documentos<br>diversos com textos completos.<\/td><td><strong><a rel=\"noreferrer noopener\" href=\"https:\/\/worldwide.espacenet.com\/\" target=\"_blank\">SPACENET<\/a><\/strong><br>Base de dados para pesquisa de patentes.<\/td><\/tr><\/tbody><\/table><\/figure>\n\n\n\n<figure class=\"wp-block-table\"><table class=\"has-verde-background-color has-background\"><tbody><tr><td class=\"has-text-align-center\" data-align=\"center\"><strong>PERI\u00d3DICOS<\/strong><\/td><\/tr><\/tbody><\/table><\/figure>\n\n\n\n<figure class=\"wp-block-table is-style-stripes has-small-font-size\"><table class=\"has-background\" style=\"background:linear-gradient(135deg,rgb(202,248,128) 0%,rgb(113,206,126) 1%)\"><tbody><tr><td><strong><a rel=\"noreferrer noopener\" href=\"http:\/\/psbe.ufrn.br\/\" target=\"_blank\">PORTAL SA\u00daDE BASEADA EM EVID\u00caNCIAS<\/a><\/strong><br>Biblioteca eletr\u00f4nica com conte\u00fados espec\u00edficos para profissionais de sa\u00fade.<\/td><td><strong><a rel=\"noreferrer noopener\" href=\"http:\/\/www.spell.org.br\/\" target=\"_blank\">SPELL &#8211; SCIENTIFIC PERIODICALS ELECTRONIC LIBRARY<\/a><\/strong><br>Reposit\u00f3rio de artigos com texto completo da \u00e1rea de Administra\u00e7\u00e3o P\u00fablica e de Empresas, Contabilidade e Turismo.<\/td><td><strong><a rel=\"noreferrer noopener\" href=\"https:\/\/www.livivo.de\/\" target=\"_blank\">LIVIVO<\/a><\/strong><br>Portal de pesquisa em medicina, sa\u00fade, nutri\u00e7\u00e3o, ci\u00eancias ambientais e agr\u00edcolas. Com artigos de textos completos e referenciais.<\/td><\/tr><tr><td><strong><a rel=\"noreferrer noopener\" href=\"http:\/\/www.brapci.inf.br\/\" target=\"_blank\">BRAPCI \u2013 BASE DE DADOS EM CI\u00caNCIA DA INFORMA\u00c7\u00c3O<\/a><\/strong><br>Base de dados de artigos com texto completo das \u00e1reas de Biblioteconomia e Arquivologia.<\/td><td><strong><a rel=\"noreferrer noopener\" href=\"https:\/\/www.bhlscielo.org\/\" target=\"_blank\">BHL SCIELO NETWORK<\/a><\/strong><br>Base de dados de artigos com texto completo das \u00e1reas de biodiversidade, Zoologia e Bot\u00e2nica, Biosseguran\u00e7a e Biotecnologia.<\/td><td><strong><a rel=\"noreferrer noopener\" href=\"https:\/\/www.bhlscielo.org\/\" target=\"_blank\">BHL SCIELO NETWORK<\/a><\/strong><br>Base de dados de artigos com texto completo das \u00e1reas de biodiversidade, Zoologia e Bot\u00e2nica, Biosseguran\u00e7a e Biotecnologia.<\/td><\/tr><tr><td><strong><a rel=\"noreferrer noopener\" href=\"https:\/\/www.doaj.org\/\" target=\"_blank\">DOAJ \u2013 DIRET\u00d3RIO DE REVISTAS DE ACESSO ABERTO<\/a><\/strong><br>Diret\u00f3rio multidisciplinar de peri\u00f3dicos com acesso aberto e revisados \u200b\u200bpor pares.<\/td><td><strong><a rel=\"noreferrer noopener\" href=\"http:\/\/portal.edubase.modalbox.com.br\/index.php\/site\/home\/\" target=\"_blank\">EDUBASE<\/a><\/strong><br>Base de dados de artigos nacionais com texto completo nas \u00e1reas de Educa\u00e7\u00e3o, Biblioteconomia, Ci\u00eancia da Informa\u00e7\u00e3o e \u00e1reas afins.<\/td><td><strong><a rel=\"noreferrer noopener\" href=\"http:\/\/periodicos.fiocruz.br\/\" target=\"_blank\">FIOCRUZ \u2013 PORTAL DE PERI\u00d3DICOS<\/a><\/strong><br>Base de dados de documentos diversos da \u00e1rea da sa\u00fade, com textos completos.<\/td><\/tr><\/tbody><\/table><\/figure>\n","protected":false},"excerpt":{"rendered":"<p>E-BOOKS DOAB \u2013 Diret\u00f3rio de livro de acesso abertoBase de e-books multidisciplinar com texto completo. OPEN TEXTBOOK LIBRARYPlataforma de livros multidisciplinar com texto parcial e completo. EDITORA DA PONTIF\u00cdCIA UNIVERSIDADECAT\u00d3LICA \u2013 RIOBase de e-books multidisciplinar com texto completo. EDITORA DA USFCBase de e-books multidisciplinar com texto completo. PORTAL DE LIVROS ABERTOS USPPortal de livros multidisciplinar [&hellip;]<\/p>\n","protected":false},"author":6,"featured_media":0,"parent":0,"menu_order":0,"comment_status":"closed","ping_status":"closed","template":"","meta":{"footnotes":""},"class_list":["post-465","page","type-page","status-publish","hentry"],"acf":[],"_links":{"self":[{"href":"https:\/\/sites.uel.br\/bibliotecas\/wp-json\/wp\/v2\/pages\/465","targetHints":{"allow":["GET"]}}],"collection":[{"href":"https:\/\/sites.uel.br\/bibliotecas\/wp-json\/wp\/v2\/pages"}],"about":[{"href":"https:\/\/sites.uel.br\/bibliotecas\/wp-json\/wp\/v2\/types\/page"}],"author":[{"embeddable":true,"href":"https:\/\/sites.uel.br\/bibliotecas\/wp-json\/wp\/v2\/users\/6"}],"replies":[{"embeddable":true,"href":"https:\/\/sites.uel.br\/bibliotecas\/wp-json\/wp\/v2\/comments?post=465"}],"version-history":[{"count":8,"href":"https:\/\/sites.uel.br\/bibliotecas\/wp-json\/wp\/v2\/pages\/465\/revisions"}],"predecessor-version":[{"id":956,"href":"https:\/\/sites.uel.br\/bibliotecas\/wp-json\/wp\/v2\/pages\/465\/revisions\/956"}],"wp:attachment":[{"href":"https:\/\/sites.uel.br\/bibliotecas\/wp-json\/wp\/v2\/media?parent=465"}],"curies":[{"name":"wp","href":"https:\/\/api.w.org\/{rel}","templated":true}]}}