{"id":45,"date":"2022-03-09T15:53:12","date_gmt":"2022-03-09T18:53:12","guid":{"rendered":"https:\/\/sites.uel.br\/bibliotecas\/?page_id=45"},"modified":"2026-02-06T14:10:31","modified_gmt":"2026-02-06T17:10:31","slug":"bibliotecas-em-numeros","status":"publish","type":"page","link":"https:\/\/sites.uel.br\/bibliotecas\/bibliotecas-em-numeros\/","title":{"rendered":"Bibliotecas em N\u00fameros"},"content":{"rendered":"\n<figure class=\"wp-block-table is-style-regular\"><table><tbody><tr><td class=\"has-text-align-center\" data-align=\"center\"><strong>DADOS ESTAT\u00cdSTICOS &#8211; ACERVO<\/strong><strong><\/strong><\/td><\/tr><tr><td class=\"has-text-align-center\" data-align=\"center\"><strong>(<\/strong><strong>Conforme as \u00c1reas do Conhecimento CNPq) <\/strong><strong>Atualizado 06 fevereiro 2026<\/strong><\/td><\/tr><\/tbody><\/table><\/figure>\n\n\n\n<figure class=\"wp-block-table is-style-regular\" style=\"font-size:14px\"><table class=\"has-background\" style=\"background:linear-gradient(135deg,rgb(202,248,128) 0%,rgb(113,206,126) 0%)\"><tbody><tr><td class=\"has-text-align-left\" data-align=\"left\"><strong>LIVROS, TESES E  FOLHETOS<\/strong><\/td><td><strong>T\u00cdTULOS<\/strong><strong><\/strong><\/td><td><strong>EXEMPLARES<\/strong><strong><\/strong><\/td><\/tr><tr><td class=\"has-text-align-left\" data-align=\"left\">Ci\u00eancias Agr\u00e1rias<\/td><td>8. 753<\/td><td>11. 838<\/td><\/tr><tr><td class=\"has-text-align-left\" data-align=\"left\">Ci\u00eancias Biol\u00f3gicas<\/td><td>7. 150<\/td><td>14. 595<\/td><\/tr><tr><td class=\"has-text-align-left\" data-align=\"left\">Ci\u00eancias da Sa\u00fade<\/td><td>19.622<\/td><td>40. 321<\/td><\/tr><tr><td class=\"has-text-align-left\" data-align=\"left\">Ci\u00eancias Exatas e da Terra<\/td><td>12.985<\/td><td>22. 105<\/td><\/tr><tr><td class=\"has-text-align-left\" data-align=\"left\">Ci\u00eancias Humanas<\/td><td>46.088<\/td><td>72. 483<\/td><\/tr><tr><td class=\"has-text-align-left\" data-align=\"left\">Ci\u00eancias Sociais Aplicadas<\/td><td>64.768<\/td><td>110. 007<\/td><\/tr><tr><td class=\"has-text-align-left\" data-align=\"left\">Engenharias<\/td><td>5. 769<\/td><td>9.407<\/td><\/tr><tr><td class=\"has-text-align-left\" data-align=\"left\">Lingu\u00edstica, Letras e Artes<\/td><td>36.510<\/td><td>50.493<\/td><\/tr><tr><td class=\"has-text-align-left\" data-align=\"left\">Multidisciplinar<\/td><td>3<\/td><td>3<\/td><\/tr><tr><td class=\"has-text-align-left\" data-align=\"left\"><strong>TOTAL<\/strong><strong><\/strong><\/td><td><strong>201.648<\/strong><\/td><td><strong>331. 252<\/strong><\/td><\/tr><\/tbody><\/table><\/figure>\n\n\n\n<hr class=\"wp-block-separator has-css-opacity is-style-wide\"\/>\n\n\n\n<figure class=\"wp-block-table is-style-regular\" style=\"font-size:14px\"><table class=\"has-verde-claro-background-color has-background\"><tbody><tr><td><strong>PERI\u00d3DICOS (REVISTAS)<\/strong><strong><\/strong><\/td><td><strong>T\u00cdTULOS<\/strong><strong><\/strong><\/td><td><strong>FASC\u00cdCULOS<\/strong><strong><\/strong><\/td><\/tr><tr><td>Ci\u00eancias Agr\u00e1rias<\/td><td>470<\/td><td>33. 462<\/td><\/tr><tr><td>Ci\u00eancias Biol\u00f3gicas<\/td><td>241<\/td><td>21. 626<\/td><\/tr><tr><td>Ci\u00eancias da Sa\u00fade<\/td><td>947<\/td><td>91. 607<\/td><\/tr><tr><td>Ci\u00eancias Exatas e da Terra<\/td><td>291<\/td><td>30. 374<\/td><\/tr><tr><td>Ci\u00eancias Humanas<\/td><td>642<\/td><td>32. 187<\/td><\/tr><tr><td>Ci\u00eancias Sociais Aplicadas<\/td><td>1. 075<\/td><td>104.098<\/td><\/tr><tr><td>Engenharias<\/td><td>245<\/td><td>20. 214<\/td><\/tr><tr><td>Lingu\u00edstica, Letras e Artes<\/td><td>171<\/td><td>9. 015<\/td><\/tr><tr><td>Multidisciplinar<\/td><td>111<\/td><td>9.782<\/td><\/tr><tr><td><strong>TOTAL<\/strong><strong><\/strong><\/td><td><strong>4.193<\/strong><\/td><td><strong>352. 365<\/strong><\/td><\/tr><\/tbody><\/table><\/figure>\n\n\n\n<hr class=\"wp-block-separator has-css-opacity is-style-wide\"\/>\n\n\n\n<figure class=\"wp-block-table is-style-regular\" style=\"font-size:14px\"><table class=\"has-electric-grass-gradient-background has-background\"><tbody><tr><td><strong>COLE\u00c7\u00c3O ESPECIAL*<\/strong><strong><\/strong><\/td><td><strong>T\u00cdTULOS<\/strong><strong><\/strong><\/td><td><strong>UNIDADES<\/strong><strong><\/strong><\/td><\/tr><tr><td>Literatura de cordel<\/td><td>4. 230<\/td><td>5. 821<\/td><\/tr><tr><td>Livros em Braille<\/td><td>229<\/td><td>981<\/td><\/tr><tr><td>Normas T\u00e9cnicas<\/td><td>41<\/td><td>53<\/td><\/tr><tr><td>Obras raras e especiais<\/td><td>311<\/td><td>593<\/td><\/tr><tr><td>Outros<\/td><td>2. 117<\/td><td>1. 956<\/td><\/tr><tr><td>Peri\u00f3dicos em Braille<\/td><td>3<\/td><td>46<\/td><\/tr><\/tbody><\/table><figcaption class=\"wp-element-caption\">Fonte: Biblioteca Central da UEL\/ Divis\u00e3o de Processos T\u00e9cnicos. Relat\u00f3rio Pergamum: Estat\u00edsticas &#8211; Levantamentos bibliogr\u00e1ficos &#8211; MEC &#8211; Por \u00e1rea do CNPq (240).<br>*Valores j\u00e1 considerados nas tabelas de livros e peri\u00f3dicos.<br><\/figcaption><\/figure>\n","protected":false},"excerpt":{"rendered":"<p>DADOS ESTAT\u00cdSTICOS &#8211; ACERVO (Conforme as \u00c1reas do Conhecimento CNPq) Atualizado 06 fevereiro 2026 LIVROS, TESES E FOLHETOS T\u00cdTULOS EXEMPLARES Ci\u00eancias Agr\u00e1rias 8. 753 11. 838 Ci\u00eancias Biol\u00f3gicas 7. 150 14. 595 Ci\u00eancias da Sa\u00fade 19.622 40. 321 Ci\u00eancias Exatas e da Terra 12.985 22. 105 Ci\u00eancias Humanas 46.088 72. 483 Ci\u00eancias Sociais Aplicadas 64.768 [&hellip;]<\/p>\n","protected":false},"author":4,"featured_media":0,"parent":0,"menu_order":0,"comment_status":"closed","ping_status":"closed","template":"","meta":{"footnotes":""},"class_list":["post-45","page","type-page","status-publish","hentry"],"acf":[],"_links":{"self":[{"href":"https:\/\/sites.uel.br\/bibliotecas\/wp-json\/wp\/v2\/pages\/45","targetHints":{"allow":["GET"]}}],"collection":[{"href":"https:\/\/sites.uel.br\/bibliotecas\/wp-json\/wp\/v2\/pages"}],"about":[{"href":"https:\/\/sites.uel.br\/bibliotecas\/wp-json\/wp\/v2\/types\/page"}],"author":[{"embeddable":true,"href":"https:\/\/sites.uel.br\/bibliotecas\/wp-json\/wp\/v2\/users\/4"}],"replies":[{"embeddable":true,"href":"https:\/\/sites.uel.br\/bibliotecas\/wp-json\/wp\/v2\/comments?post=45"}],"version-history":[{"count":21,"href":"https:\/\/sites.uel.br\/bibliotecas\/wp-json\/wp\/v2\/pages\/45\/revisions"}],"predecessor-version":[{"id":1198,"href":"https:\/\/sites.uel.br\/bibliotecas\/wp-json\/wp\/v2\/pages\/45\/revisions\/1198"}],"wp:attachment":[{"href":"https:\/\/sites.uel.br\/bibliotecas\/wp-json\/wp\/v2\/media?parent=45"}],"curies":[{"name":"wp","href":"https:\/\/api.w.org\/{rel}","templated":true}]}}