{"id":446,"date":"2022-06-03T20:35:41","date_gmt":"2022-06-03T23:35:41","guid":{"rendered":"https:\/\/sites.uel.br\/bibliotecas\/?page_id=446"},"modified":"2025-09-10T16:25:11","modified_gmt":"2025-09-10T19:25:11","slug":"portal-de-periodicos-capes","status":"publish","type":"page","link":"https:\/\/sites.uel.br\/bibliotecas\/portal-de-periodicos-capes\/","title":{"rendered":"Portal de Peri\u00f3dicos Capes"},"content":{"rendered":"\n<p>Para pesquisar no Portal de Peri\u00f3dicos da Capes fora da universidade, \u00e9 necess\u00e1rio fazer login no acesso CAFE. <\/p>\n\n\n\n<div class=\"wp-block-buttons is-layout-flex wp-block-buttons-is-layout-flex\">\n<div class=\"wp-block-button\"><a class=\"wp-block-button__link has-cinza-claro-color has-verde-background-color has-text-color has-background wp-element-button\" href=\"https:\/\/sites.uel.br\/ati\/tutorial\/2021\/06\/10\/acesso-ao-periodicos-da-capes-fora-da-rede-uel\/\">Clique e veja como fazer<\/a><\/div>\n<\/div>\n\n\n\n<p><\/p>\n\n\n\n<figure class=\"wp-block-gallery has-nested-images columns-default is-cropped wp-block-gallery-1 is-layout-flex wp-block-gallery-is-layout-flex\">\n<figure class=\"wp-block-image size-large\"><a href=\"https:\/\/sites.uel.br\/bibliotecas\/wp-content\/uploads\/2025\/09\/Guia-rapido-do-Novo-Portal-de-Periodicos_2025_VF.pdf\" target=\"_blank\" rel=\"noreferrer noopener\"><img loading=\"lazy\" decoding=\"async\" width=\"500\" height=\"500\" data-id=\"450\" src=\"https:\/\/sites.uel.br\/bibliotecas\/wp-content\/uploads\/2022\/06\/Guia_de_uso-removebg-preview.png\" alt=\"\" class=\"wp-image-450\" srcset=\"https:\/\/sites.uel.br\/bibliotecas\/wp-content\/uploads\/2022\/06\/Guia_de_uso-removebg-preview.png 500w, https:\/\/sites.uel.br\/bibliotecas\/wp-content\/uploads\/2022\/06\/Guia_de_uso-removebg-preview-300x300.png 300w, https:\/\/sites.uel.br\/bibliotecas\/wp-content\/uploads\/2022\/06\/Guia_de_uso-removebg-preview-150x150.png 150w\" sizes=\"auto, (max-width: 500px) 100vw, 500px\" \/><\/a><\/figure>\n\n\n\n<figure class=\"wp-block-image size-large\"><a href=\"https:\/\/www.periodicos.capes.gov.br\/\" target=\"_blank\" rel=\"noreferrer noopener\"><img loading=\"lazy\" decoding=\"async\" width=\"500\" height=\"500\" data-id=\"451\" src=\"https:\/\/sites.uel.br\/bibliotecas\/wp-content\/uploads\/2022\/06\/Portal_de_periodicos_capes-removebg-preview.png\" alt=\"\" class=\"wp-image-451\" srcset=\"https:\/\/sites.uel.br\/bibliotecas\/wp-content\/uploads\/2022\/06\/Portal_de_periodicos_capes-removebg-preview.png 500w, https:\/\/sites.uel.br\/bibliotecas\/wp-content\/uploads\/2022\/06\/Portal_de_periodicos_capes-removebg-preview-300x300.png 300w, https:\/\/sites.uel.br\/bibliotecas\/wp-content\/uploads\/2022\/06\/Portal_de_periodicos_capes-removebg-preview-150x150.png 150w\" sizes=\"auto, (max-width: 500px) 100vw, 500px\" \/><\/a><\/figure>\n\n\n\n<figure class=\"wp-block-image size-large\"><a href=\"https:\/\/sites.uel.br\/bibliotecas\/wp-content\/uploads\/2024\/07\/Pesquisa-em-Bases-de-Dados.pdf\"><img loading=\"lazy\" decoding=\"async\" width=\"500\" height=\"500\" data-id=\"1051\" src=\"https:\/\/sites.uel.br\/bibliotecas\/wp-content\/uploads\/2024\/07\/exposicao2-removebg-preview.png\" alt=\"\" class=\"wp-image-1051\" srcset=\"https:\/\/sites.uel.br\/bibliotecas\/wp-content\/uploads\/2024\/07\/exposicao2-removebg-preview.png 500w, https:\/\/sites.uel.br\/bibliotecas\/wp-content\/uploads\/2024\/07\/exposicao2-removebg-preview-300x300.png 300w, https:\/\/sites.uel.br\/bibliotecas\/wp-content\/uploads\/2024\/07\/exposicao2-removebg-preview-150x150.png 150w\" sizes=\"auto, (max-width: 500px) 100vw, 500px\" \/><\/a><\/figure>\n<\/figure>\n","protected":false},"excerpt":{"rendered":"<p>Para pesquisar no Portal de Peri\u00f3dicos da Capes fora da universidade, \u00e9 necess\u00e1rio fazer login no acesso CAFE.<\/p>\n","protected":false},"author":6,"featured_media":0,"parent":0,"menu_order":0,"comment_status":"closed","ping_status":"closed","template":"","meta":{"footnotes":""},"class_list":["post-446","page","type-page","status-publish","hentry"],"acf":[],"_links":{"self":[{"href":"https:\/\/sites.uel.br\/bibliotecas\/wp-json\/wp\/v2\/pages\/446","targetHints":{"allow":["GET"]}}],"collection":[{"href":"https:\/\/sites.uel.br\/bibliotecas\/wp-json\/wp\/v2\/pages"}],"about":[{"href":"https:\/\/sites.uel.br\/bibliotecas\/wp-json\/wp\/v2\/types\/page"}],"author":[{"embeddable":true,"href":"https:\/\/sites.uel.br\/bibliotecas\/wp-json\/wp\/v2\/users\/6"}],"replies":[{"embeddable":true,"href":"https:\/\/sites.uel.br\/bibliotecas\/wp-json\/wp\/v2\/comments?post=446"}],"version-history":[{"count":12,"href":"https:\/\/sites.uel.br\/bibliotecas\/wp-json\/wp\/v2\/pages\/446\/revisions"}],"predecessor-version":[{"id":1182,"href":"https:\/\/sites.uel.br\/bibliotecas\/wp-json\/wp\/v2\/pages\/446\/revisions\/1182"}],"wp:attachment":[{"href":"https:\/\/sites.uel.br\/bibliotecas\/wp-json\/wp\/v2\/media?parent=446"}],"curies":[{"name":"wp","href":"https:\/\/api.w.org\/{rel}","templated":true}]}}