{"id":444,"date":"2022-06-03T19:50:09","date_gmt":"2022-06-03T22:50:09","guid":{"rendered":"https:\/\/sites.uel.br\/bibliotecas\/?page_id=444"},"modified":"2026-03-27T14:35:26","modified_gmt":"2026-03-27T17:35:26","slug":"minha-biblioteca","status":"publish","type":"page","link":"https:\/\/sites.uel.br\/bibliotecas\/minha-biblioteca\/","title":{"rendered":"Minha Biblioteca"},"content":{"rendered":"\n<p><\/p>\n\n\n\n<p><\/p>\n\n\n\n<p><strong>A Plataforma apresentou instabilidade de acesso, e a empresa respons\u00e1vel esta trabalhando para resolver o problema.  Vamos divulgar nas redes sociais do Sistema de Bibliotecas quando o acesso estiver restabelecido. Agradecemos pela compreens\u00e3o.<\/strong><\/p>\n\n\n\n<p>Preencha o formul\u00e1rio para se inscrever e aguarde a confirma\u00e7\u00e3o. N\u00c3O \u00c9 AUTOM\u00c1TICO, esta valida\u00e7\u00e3o \u00e9 realizada no in\u00edcio da manh\u00e3 e final da tarde, de segunda a sexta-feira.<\/p>\n\n\n\n<p>Voc\u00ea receber\u00e1 um e-mail confirmando seu LOGIN e SENHA que registrou no formul\u00e1rio.<br>Inicialmente este cadastro ter\u00e1 acesso por 6 meses.<\/p>\n\n\n\n<p>Envie suas d\u00favidas para o e-mail: bcuel@uel.br<\/p>\n\n\n\n<div class=\"wp-block-columns is-layout-flex wp-container-core-columns-is-layout-9d6595d7 wp-block-columns-is-layout-flex\">\n<div class=\"wp-block-column is-layout-flow wp-block-column-is-layout-flow\">\n<figure class=\"wp-block-image size-full\"><img loading=\"lazy\" decoding=\"async\" width=\"500\" height=\"500\" src=\"https:\/\/sites.uel.br\/bibliotecas\/wp-content\/uploads\/2022\/06\/inscreva-se_mb3-removebg-preview.png\" alt=\"\" class=\"wp-image-542\" srcset=\"https:\/\/sites.uel.br\/bibliotecas\/wp-content\/uploads\/2022\/06\/inscreva-se_mb3-removebg-preview.png 500w, https:\/\/sites.uel.br\/bibliotecas\/wp-content\/uploads\/2022\/06\/inscreva-se_mb3-removebg-preview-300x300.png 300w, https:\/\/sites.uel.br\/bibliotecas\/wp-content\/uploads\/2022\/06\/inscreva-se_mb3-removebg-preview-150x150.png 150w\" sizes=\"auto, (max-width: 500px) 100vw, 500px\" \/><\/figure>\n<\/div>\n\n\n\n<div class=\"wp-block-column is-layout-flow wp-block-column-is-layout-flow\">\n<figure class=\"wp-block-image size-full\"><a href=\"https:\/\/sso.minhabiblioteca.com.br\/Login.aspx?key=UEL\"><img loading=\"lazy\" decoding=\"async\" width=\"500\" height=\"500\" src=\"https:\/\/sites.uel.br\/bibliotecas\/wp-content\/uploads\/2022\/06\/acesse_mb2-removebg-preview.png\" alt=\"\" class=\"wp-image-544\" srcset=\"https:\/\/sites.uel.br\/bibliotecas\/wp-content\/uploads\/2022\/06\/acesse_mb2-removebg-preview.png 500w, https:\/\/sites.uel.br\/bibliotecas\/wp-content\/uploads\/2022\/06\/acesse_mb2-removebg-preview-300x300.png 300w, https:\/\/sites.uel.br\/bibliotecas\/wp-content\/uploads\/2022\/06\/acesse_mb2-removebg-preview-150x150.png 150w\" sizes=\"auto, (max-width: 500px) 100vw, 500px\" \/><\/a><\/figure>\n<\/div>\n\n\n\n<div class=\"wp-block-column is-layout-flow wp-block-column-is-layout-flow\">\n<figure class=\"wp-block-image size-full\"><a href=\"https:\/\/sites.uel.br\/bibliotecas\/tutoriais-minha-biblioteca\/\"><img loading=\"lazy\" decoding=\"async\" width=\"500\" height=\"500\" src=\"https:\/\/sites.uel.br\/bibliotecas\/wp-content\/uploads\/2022\/06\/tutoriais_mb3-removebg-preview.png\" alt=\"\" class=\"wp-image-545\" srcset=\"https:\/\/sites.uel.br\/bibliotecas\/wp-content\/uploads\/2022\/06\/tutoriais_mb3-removebg-preview.png 500w, https:\/\/sites.uel.br\/bibliotecas\/wp-content\/uploads\/2022\/06\/tutoriais_mb3-removebg-preview-300x300.png 300w, https:\/\/sites.uel.br\/bibliotecas\/wp-content\/uploads\/2022\/06\/tutoriais_mb3-removebg-preview-150x150.png 150w\" sizes=\"auto, (max-width: 500px) 100vw, 500px\" \/><\/a><\/figure>\n<\/div>\n<\/div>\n\n\n\n<p><\/p>\n","protected":false},"excerpt":{"rendered":"<p>A Plataforma apresentou instabilidade de acesso, e a empresa respons\u00e1vel esta trabalhando para resolver o problema. Vamos divulgar nas redes sociais do Sistema de Bibliotecas quando o acesso estiver restabelecido. Agradecemos pela compreens\u00e3o. Preencha o formul\u00e1rio para se inscrever e aguarde a confirma\u00e7\u00e3o. N\u00c3O \u00c9 AUTOM\u00c1TICO, esta valida\u00e7\u00e3o \u00e9 realizada no in\u00edcio da manh\u00e3 e [&hellip;]<\/p>\n","protected":false},"author":6,"featured_media":0,"parent":0,"menu_order":0,"comment_status":"closed","ping_status":"closed","template":"","meta":{"footnotes":""},"class_list":["post-444","page","type-page","status-publish","hentry"],"acf":[],"_links":{"self":[{"href":"https:\/\/sites.uel.br\/bibliotecas\/wp-json\/wp\/v2\/pages\/444","targetHints":{"allow":["GET"]}}],"collection":[{"href":"https:\/\/sites.uel.br\/bibliotecas\/wp-json\/wp\/v2\/pages"}],"about":[{"href":"https:\/\/sites.uel.br\/bibliotecas\/wp-json\/wp\/v2\/types\/page"}],"author":[{"embeddable":true,"href":"https:\/\/sites.uel.br\/bibliotecas\/wp-json\/wp\/v2\/users\/6"}],"replies":[{"embeddable":true,"href":"https:\/\/sites.uel.br\/bibliotecas\/wp-json\/wp\/v2\/comments?post=444"}],"version-history":[{"count":12,"href":"https:\/\/sites.uel.br\/bibliotecas\/wp-json\/wp\/v2\/pages\/444\/revisions"}],"predecessor-version":[{"id":1213,"href":"https:\/\/sites.uel.br\/bibliotecas\/wp-json\/wp\/v2\/pages\/444\/revisions\/1213"}],"wp:attachment":[{"href":"https:\/\/sites.uel.br\/bibliotecas\/wp-json\/wp\/v2\/media?parent=444"}],"curies":[{"name":"wp","href":"https:\/\/api.w.org\/{rel}","templated":true}]}}