{"id":428,"date":"2022-06-03T16:06:59","date_gmt":"2022-06-03T19:06:59","guid":{"rendered":"https:\/\/sites.uel.br\/bibliotecas\/?page_id=428"},"modified":"2026-03-04T16:57:30","modified_gmt":"2026-03-04T19:57:30","slug":"novas-aquisicoes","status":"publish","type":"page","link":"https:\/\/sites.uel.br\/bibliotecas\/novas-aquisicoes\/","title":{"rendered":"Novas Aquisi\u00e7\u00f5es"},"content":{"rendered":"\n<p><\/p>\n\n\n\n<p><\/p>\n\n\n\n<p><\/p>\n\n\n\n<p class=\"has-medium-font-size\">A Divis\u00e3o de Refer\u00eancia da Biblioteca Central conta com o Servi\u00e7o de Dissemina\u00e7\u00e3o Seletiva da Informa\u00e7\u00e3o &#8211; DSI. Na listagem das Novas Aquisi\u00e7\u00f5es do ano de\u00a02026\u00a0consta a rela\u00e7\u00e3o de livros, teses, disserta\u00e7\u00f5es e outros trabalhos incorporados \u00e0s cole\u00e7\u00f5es do Sistema de Bibliotecas da UEL, relacionados por \u00e1reas do conhecimento e listagem geral.<\/p>\n\n\n\n<p class=\"has-text-align-center has-medium-font-size\"><strong><a href=\"https:\/\/uel.pergamum.com.br\/\">Acesse e confira<\/a><\/strong>&nbsp;<\/p>\n","protected":false},"excerpt":{"rendered":"<p>A Divis\u00e3o de Refer\u00eancia da Biblioteca Central conta com o Servi\u00e7o de Dissemina\u00e7\u00e3o Seletiva da Informa\u00e7\u00e3o &#8211; DSI. Na listagem das Novas Aquisi\u00e7\u00f5es do ano de\u00a02026\u00a0consta a rela\u00e7\u00e3o de livros, teses, disserta\u00e7\u00f5es e outros trabalhos incorporados \u00e0s cole\u00e7\u00f5es do Sistema de Bibliotecas da UEL, relacionados por \u00e1reas do conhecimento e listagem geral. Acesse e confira&nbsp;<\/p>\n","protected":false},"author":6,"featured_media":0,"parent":0,"menu_order":0,"comment_status":"closed","ping_status":"closed","template":"","meta":{"footnotes":""},"class_list":["post-428","page","type-page","status-publish","hentry"],"acf":[],"_links":{"self":[{"href":"https:\/\/sites.uel.br\/bibliotecas\/wp-json\/wp\/v2\/pages\/428","targetHints":{"allow":["GET"]}}],"collection":[{"href":"https:\/\/sites.uel.br\/bibliotecas\/wp-json\/wp\/v2\/pages"}],"about":[{"href":"https:\/\/sites.uel.br\/bibliotecas\/wp-json\/wp\/v2\/types\/page"}],"author":[{"embeddable":true,"href":"https:\/\/sites.uel.br\/bibliotecas\/wp-json\/wp\/v2\/users\/6"}],"replies":[{"embeddable":true,"href":"https:\/\/sites.uel.br\/bibliotecas\/wp-json\/wp\/v2\/comments?post=428"}],"version-history":[{"count":19,"href":"https:\/\/sites.uel.br\/bibliotecas\/wp-json\/wp\/v2\/pages\/428\/revisions"}],"predecessor-version":[{"id":1206,"href":"https:\/\/sites.uel.br\/bibliotecas\/wp-json\/wp\/v2\/pages\/428\/revisions\/1206"}],"wp:attachment":[{"href":"https:\/\/sites.uel.br\/bibliotecas\/wp-json\/wp\/v2\/media?parent=428"}],"curies":[{"name":"wp","href":"https:\/\/api.w.org\/{rel}","templated":true}]}}