{"id":425,"date":"2022-06-03T16:04:52","date_gmt":"2022-06-03T19:04:52","guid":{"rendered":"https:\/\/sites.uel.br\/bibliotecas\/?page_id=425"},"modified":"2022-08-03T13:33:06","modified_gmt":"2022-08-03T16:33:06","slug":"treinamentos","status":"publish","type":"page","link":"https:\/\/sites.uel.br\/bibliotecas\/treinamentos\/","title":{"rendered":"Treinamentos"},"content":{"rendered":"\n<p class=\"has-medium-font-size\">Para o agendamento entre em contato pelos telefones (43) 3371-4610 \/ (43) 3371-4336 ou pelo e-mail: refere@uel.br<\/p>\n\n\n\n<p class=\"has-laranja-destaque-color has-text-color\"><mark style=\"background-color:rgba(0, 0, 0, 0);color:#2e8232\" class=\"has-inline-color\">Queremos saber sua opini\u00e3o sobre o treinamento que participou! <\/mark> <strong><a rel=\"noreferrer noopener\" href=\"https:\/\/forms.gle\/HXUk2MK4H3wiWJPp7\" target=\"_blank\">Formul\u00e1rio de Avalia\u00e7\u00e3o<\/a><\/strong><\/p>\n\n\n\n<h3 class=\"has-medium-font-size wp-block-heading\"><strong>Portal Capes<\/strong><\/h3>\n\n\n\n<p class=\"has-medium-font-size\">Este treinamento tem por objetivo capacitar o usu\u00e1rio para o uso eficiente dos recursos informacionais dispon\u00edveis no Portal Capes.&nbsp;Possui carga hor\u00e1ria de 2 horas, \u00e9 um servi\u00e7o gratuito e est\u00e1 dispon\u00edvel para alunos, docentes, servidores e comunidade externa. A solicita\u00e7\u00e3o deste servi\u00e7o deve ser previamente agendada e <strong>grupo m\u00ednimo de 10 pessoas<\/strong>.<\/p>\n\n\n\n<h3 class=\"has-medium-font-size wp-block-heading\"><strong>In<\/strong><strong>tegra\u00e7\u00e3o do usu\u00e1rio<\/strong><\/h3>\n\n\n\n<p class=\"has-medium-font-size\">A Integra\u00e7\u00e3o do Usu\u00e1rio visa apresentar os espa\u00e7os, servi\u00e7os e acervos oferecidos pelo Sistema de Bibliotecas. Este servi\u00e7o esta dispon\u00edvel para alunos,&nbsp;docentes, servidores e comunidade externa, \u00e9 um servi\u00e7o gratuito e sua solicita\u00e7\u00e3o deve ser previamente agendada, com <strong>grupo m\u00ednimo de 10 pessoas<\/strong><\/p>\n\n\n\n<h3 class=\"has-medium-font-size wp-block-heading\"><strong>Treinamento de Normaliza\u00e7\u00e3o de Trabalhos Cient\u00edficos<\/strong><\/h3>\n\n\n\n<p class=\"has-medium-font-size\">Este servi\u00e7o tem por objetivo capacitar o usu\u00e1rio na apresenta\u00e7\u00e3o formal de trabalhos cient\u00edficos de acordo com a norma escolhida. Possui carga hor\u00e1ria de 2 horas, \u00e9 um servi\u00e7o gratuito e est\u00e1 dispon\u00edvel para alunos, docentes, servidores e comunidade externa. A solicita\u00e7\u00e3o deste servi\u00e7o deve ser previamente agendada e <strong>grupo m\u00ednimo de 10 pessoas<\/strong>.<\/p>\n","protected":false},"excerpt":{"rendered":"<p>Para o agendamento entre em contato pelos telefones (43) 3371-4610 \/ (43) 3371-4336 ou pelo e-mail: refere@uel.br Queremos saber sua opini\u00e3o sobre o treinamento que participou! Formul\u00e1rio de Avalia\u00e7\u00e3o Portal Capes Este treinamento tem por objetivo capacitar o usu\u00e1rio para o uso eficiente dos recursos informacionais dispon\u00edveis no Portal Capes.&nbsp;Possui carga hor\u00e1ria de 2 horas, [&hellip;]<\/p>\n","protected":false},"author":6,"featured_media":0,"parent":0,"menu_order":0,"comment_status":"closed","ping_status":"closed","template":"","meta":{"footnotes":""},"class_list":["post-425","page","type-page","status-publish","hentry"],"acf":[],"_links":{"self":[{"href":"https:\/\/sites.uel.br\/bibliotecas\/wp-json\/wp\/v2\/pages\/425","targetHints":{"allow":["GET"]}}],"collection":[{"href":"https:\/\/sites.uel.br\/bibliotecas\/wp-json\/wp\/v2\/pages"}],"about":[{"href":"https:\/\/sites.uel.br\/bibliotecas\/wp-json\/wp\/v2\/types\/page"}],"author":[{"embeddable":true,"href":"https:\/\/sites.uel.br\/bibliotecas\/wp-json\/wp\/v2\/users\/6"}],"replies":[{"embeddable":true,"href":"https:\/\/sites.uel.br\/bibliotecas\/wp-json\/wp\/v2\/comments?post=425"}],"version-history":[{"count":6,"href":"https:\/\/sites.uel.br\/bibliotecas\/wp-json\/wp\/v2\/pages\/425\/revisions"}],"predecessor-version":[{"id":790,"href":"https:\/\/sites.uel.br\/bibliotecas\/wp-json\/wp\/v2\/pages\/425\/revisions\/790"}],"wp:attachment":[{"href":"https:\/\/sites.uel.br\/bibliotecas\/wp-json\/wp\/v2\/media?parent=425"}],"curies":[{"name":"wp","href":"https:\/\/api.w.org\/{rel}","templated":true}]}}