{"id":420,"date":"2022-06-03T15:58:52","date_gmt":"2022-06-03T18:58:52","guid":{"rendered":"https:\/\/sites.uel.br\/bibliotecas\/?page_id=420"},"modified":"2025-02-19T16:05:37","modified_gmt":"2025-02-19T19:05:37","slug":"comutacao-bibliografica","status":"publish","type":"page","link":"https:\/\/sites.uel.br\/bibliotecas\/comutacao-bibliografica\/","title":{"rendered":"Comuta\u00e7\u00e3o Bibliogr\u00e1fica"},"content":{"rendered":"\n<p class=\"has-medium-font-size\">A Comuta\u00e7\u00e3o Bibliogr\u00e1fica permite a localiza\u00e7\u00e3o e obten\u00e7\u00e3o de documentos em outras institui\u00e7\u00f5es do Brasil, quando n\u00e3o constantes da cole\u00e7\u00e3o do Sistema de Bibliotecas da UEL.<\/p>\n\n\n\n<figure class=\"wp-block-table\"><table class=\"has-cinza-claro-color has-verde-background-color has-text-color has-background\"><tbody><tr><td class=\"has-text-align-center\" data-align=\"center\">Taxa de Servi\u00e7o<\/td><\/tr><\/tbody><\/table><\/figure>\n\n\n\n<figure class=\"wp-block-table is-style-stripes\"><table class=\"has-background\" style=\"background-color:#3bd342\"><tbody><tr><td class=\"has-text-align-center\" data-align=\"center\"><strong>COMUT\/IBICT <\/strong><strong>Bibliotecas e<\/strong> <strong>Institui\u00e7\u00f5es<\/strong> <strong>Brasileiras<\/strong><\/td><td class=\"has-text-align-center\" data-align=\"center\">At\u00e9  5 p\u00e1ginas<\/td><td class=\"has-text-align-center\" data-align=\"center\">R$ 2,20<\/td><\/tr><\/tbody><\/table><\/figure>\n\n\n\n<div class=\"wp-block-buttons is-layout-flex wp-block-buttons-is-layout-flex\">\n<div class=\"wp-block-button\"><a class=\"wp-block-button__link has-cinza-claro-color has-verde-background-color has-text-color has-background wp-element-button\" href=\"https:\/\/docs.google.com\/forms\/d\/e\/1FAIpQLSdFBBY96Tprtw8VIwWC1BxDi5nIfPD7vTy1myKAttTxTzIVfA\/viewform\">Formul\u00e1rio para solicita\u00e7\u00e3o de c\u00f3pias<\/a><\/div>\n<\/div>\n\n\n\n<p class=\"has-medium-font-size\"><strong><br><\/strong><\/p>\n\n\n\n<p><\/p>\n","protected":false},"excerpt":{"rendered":"<p>A Comuta\u00e7\u00e3o Bibliogr\u00e1fica permite a localiza\u00e7\u00e3o e obten\u00e7\u00e3o de documentos em outras institui\u00e7\u00f5es do Brasil, quando n\u00e3o constantes da cole\u00e7\u00e3o do Sistema de Bibliotecas da UEL. Taxa de Servi\u00e7o COMUT\/IBICT Bibliotecas e Institui\u00e7\u00f5es Brasileiras At\u00e9 5 p\u00e1ginas R$ 2,20<\/p>\n","protected":false},"author":6,"featured_media":0,"parent":0,"menu_order":0,"comment_status":"closed","ping_status":"closed","template":"","meta":{"footnotes":""},"class_list":["post-420","page","type-page","status-publish","hentry"],"acf":[],"_links":{"self":[{"href":"https:\/\/sites.uel.br\/bibliotecas\/wp-json\/wp\/v2\/pages\/420","targetHints":{"allow":["GET"]}}],"collection":[{"href":"https:\/\/sites.uel.br\/bibliotecas\/wp-json\/wp\/v2\/pages"}],"about":[{"href":"https:\/\/sites.uel.br\/bibliotecas\/wp-json\/wp\/v2\/types\/page"}],"author":[{"embeddable":true,"href":"https:\/\/sites.uel.br\/bibliotecas\/wp-json\/wp\/v2\/users\/6"}],"replies":[{"embeddable":true,"href":"https:\/\/sites.uel.br\/bibliotecas\/wp-json\/wp\/v2\/comments?post=420"}],"version-history":[{"count":4,"href":"https:\/\/sites.uel.br\/bibliotecas\/wp-json\/wp\/v2\/pages\/420\/revisions"}],"predecessor-version":[{"id":1117,"href":"https:\/\/sites.uel.br\/bibliotecas\/wp-json\/wp\/v2\/pages\/420\/revisions\/1117"}],"wp:attachment":[{"href":"https:\/\/sites.uel.br\/bibliotecas\/wp-json\/wp\/v2\/media?parent=420"}],"curies":[{"name":"wp","href":"https:\/\/api.w.org\/{rel}","templated":true}]}}