{"id":412,"date":"2022-06-03T14:30:29","date_gmt":"2022-06-03T17:30:29","guid":{"rendered":"https:\/\/sites.uel.br\/bibliotecas\/?page_id=412"},"modified":"2026-03-26T16:26:39","modified_gmt":"2026-03-26T19:26:39","slug":"normalizacao-de-documentos","status":"publish","type":"page","link":"https:\/\/sites.uel.br\/bibliotecas\/normalizacao-de-documentos\/","title":{"rendered":"Normaliza\u00e7\u00e3o de Documentos"},"content":{"rendered":"\n<p class=\"has-medium-font-size\">O Servi\u00e7o de Normaliza\u00e7\u00e3o de Documentos tem o objetivo de orientar e revisar trabalhos cient\u00edficos de acordo com as normas t\u00e9cnicas solicitadas. Atende toda a comunidade universit\u00e1ria e externa.<\/p>\n\n\n\n<p class=\"has-medium-font-size\">Para ter acesso a este servi\u00e7o entre em contato com a Divis\u00e3o de Refer\u00eancia na Biblioteca Central pelos telefones (43) 3371-4336 \/3371-4610, pelo email:\u00a0<a href=\"mailto:bcuel@uel.br\">refere@uel.br<\/a>\u00a0ou com qualquer uma das Bibliotecas do Sistema UEL.<br><br><strong>Prazo:<\/strong>\u00a0O prazo de entrega do trabalho normalizado \u00e9 de 10 (dez) dias \u00fateis a partir da data de recebimento da solicita\u00e7\u00e3o.<\/p>\n\n\n<div class=\"wp-block-image\">\n<figure class=\"aligncenter size-full\"><img loading=\"lazy\" decoding=\"async\" width=\"691\" height=\"681\" src=\"https:\/\/sites.uel.br\/bibliotecas\/wp-content\/uploads\/2022\/06\/image-1.png\" alt=\"\" class=\"wp-image-416\" srcset=\"https:\/\/sites.uel.br\/bibliotecas\/wp-content\/uploads\/2022\/06\/image-1.png 691w, https:\/\/sites.uel.br\/bibliotecas\/wp-content\/uploads\/2022\/06\/image-1-300x296.png 300w\" sizes=\"auto, (max-width: 691px) 100vw, 691px\" \/><\/figure>\n<\/div>","protected":false},"excerpt":{"rendered":"<p>O Servi\u00e7o de Normaliza\u00e7\u00e3o de Documentos tem o objetivo de orientar e revisar trabalhos cient\u00edficos de acordo com as normas t\u00e9cnicas solicitadas. Atende toda a comunidade universit\u00e1ria e externa. Para ter acesso a este servi\u00e7o entre em contato com a Divis\u00e3o de Refer\u00eancia na Biblioteca Central pelos telefones (43) 3371-4336 \/3371-4610, pelo email:\u00a0refere@uel.br\u00a0ou com qualquer [&hellip;]<\/p>\n","protected":false},"author":6,"featured_media":0,"parent":0,"menu_order":0,"comment_status":"closed","ping_status":"closed","template":"","meta":{"footnotes":""},"class_list":["post-412","page","type-page","status-publish","hentry"],"acf":[],"_links":{"self":[{"href":"https:\/\/sites.uel.br\/bibliotecas\/wp-json\/wp\/v2\/pages\/412","targetHints":{"allow":["GET"]}}],"collection":[{"href":"https:\/\/sites.uel.br\/bibliotecas\/wp-json\/wp\/v2\/pages"}],"about":[{"href":"https:\/\/sites.uel.br\/bibliotecas\/wp-json\/wp\/v2\/types\/page"}],"author":[{"embeddable":true,"href":"https:\/\/sites.uel.br\/bibliotecas\/wp-json\/wp\/v2\/users\/6"}],"replies":[{"embeddable":true,"href":"https:\/\/sites.uel.br\/bibliotecas\/wp-json\/wp\/v2\/comments?post=412"}],"version-history":[{"count":3,"href":"https:\/\/sites.uel.br\/bibliotecas\/wp-json\/wp\/v2\/pages\/412\/revisions"}],"predecessor-version":[{"id":1208,"href":"https:\/\/sites.uel.br\/bibliotecas\/wp-json\/wp\/v2\/pages\/412\/revisions\/1208"}],"wp:attachment":[{"href":"https:\/\/sites.uel.br\/bibliotecas\/wp-json\/wp\/v2\/media?parent=412"}],"curies":[{"name":"wp","href":"https:\/\/api.w.org\/{rel}","templated":true}]}}