{"id":404,"date":"2022-06-03T14:17:13","date_gmt":"2022-06-03T17:17:13","guid":{"rendered":"https:\/\/sites.uel.br\/bibliotecas\/?page_id=404"},"modified":"2022-06-14T20:49:09","modified_gmt":"2022-06-14T23:49:09","slug":"compra-e-doacao-de-livros","status":"publish","type":"page","link":"https:\/\/sites.uel.br\/bibliotecas\/compra-e-doacao-de-livros\/","title":{"rendered":"Compra e Doa\u00e7\u00e3o de Livros"},"content":{"rendered":"\n<p><\/p>\n\n\n\n<p class=\"has-medium-font-size\"><strong>SUGEST\u00d5ES DE AQUISI\u00c7\u00d5ES<\/strong><\/p>\n\n\n\n<p class=\"has-medium-font-size\">Os docentes interessados em solicitar novos livros poder\u00e3o enviar seus pedidos a qualquer momento por e-mail comprabc@uel.br, preenchendo o formul\u00e1rio abaixo ou enviando of\u00edcio ao Sistema de Bibliotecas\/Divis\u00e3o de Forma\u00e7\u00e3o e Desenvolvimento da Cole\u00e7\u00e3o. Os pedidos ser\u00e3o atendidos \u00e0 medida que os recursos para compra forem sendo disponibilizados.<\/p>\n\n\n\n<p class=\"has-medium-font-size\">Informa\u00e7\u00f5es complementares poder\u00e3o ser solicitadas pelo fone (43) 3371-4335, fax (43) 3371-4219 ou e-mail citado.<\/p>\n\n\n\n<div class=\"wp-block-buttons is-horizontal is-layout-flex wp-block-buttons-is-layout-flex\">\n<div class=\"wp-block-button is-style-fill\"><a class=\"wp-block-button__link has-cinza-claro-color has-verde-background-color has-text-color has-background\" href=\"https:\/\/forms.gle\/1RUS7NEZkV4bPLDK7\" target=\"_blank\" rel=\"noreferrer noopener\">FORMUL\u00c1RIO DE PEDIDO DE COMPRA<\/a><\/div>\n<\/div>\n\n\n\n<p><\/p>\n\n\n\n<p class=\"has-medium-font-size\">&nbsp;<strong>DOA\u00c7\u00c3O<\/strong><\/p>\n\n\n\n<p class=\"has-medium-font-size\">A comunidade em geral poder\u00e1 colaborar para a forma\u00e7\u00e3o e desenvolvimento da cole\u00e7\u00e3o do Sistema de Bibliotecas da Universidade Estadual de Londrina (SB\/UEL), doando material de informa\u00e7\u00e3o. A toda doa\u00e7\u00e3o recebida de livros ou peri\u00f3dicos s\u00e3o aplicados crit\u00e9rios de acordo com a Pol\u00edtica de Desenvolvimento de Cole\u00e7\u00f5es (PDC) do SB\/UEL, visando manter a qualidade do acervo. Ao entregar o material o doador preenche e assina um \u201cTermo de Doa\u00e7\u00e3o\u201d com seus dados pessoais e de contato. <\/p>\n\n\n\n<div class=\"wp-block-buttons is-layout-flex wp-block-buttons-is-layout-flex\">\n<div class=\"wp-block-button\"><a class=\"wp-block-button__link has-cinza-claro-color has-verde-background-color has-text-color has-background\" href=\"https:\/\/sites.uel.br\/bibliotecas\/wp-content\/uploads\/2022\/06\/FormularioDoacao.pdf\" target=\"_blank\" rel=\"noreferrer noopener\">Clique acesse o Termo de Doa\u00e7\u00e3o<\/a><\/div>\n<\/div>\n\n\n\n<p><\/p>\n\n\n\n<div class=\"wp-block-buttons is-layout-flex wp-block-buttons-is-layout-flex\">\n<div class=\"wp-block-button\"><a class=\"wp-block-button__link has-cinza-claro-color has-verde-background-color has-text-color has-background\" href=\"https:\/\/sites.uel.br\/bibliotecas\/wp-content\/uploads\/2022\/06\/DoacaoInstrucoes.pdf\">Clique aqui e consulte as informa\u00e7\u00f5es necess\u00e1rias para proceder a doa\u00e7\u00e3o<\/a><\/div>\n<\/div>\n\n\n\n<p class=\"has-medium-font-size\">&nbsp;<strong>PERMUTA<\/strong><\/p>\n\n\n\n<p class=\"has-medium-font-size\">A Universidade Estadual de Londrina com seus v\u00e1rios Centros de Estudos publica peri\u00f3dicos de v\u00e1rias \u00e1reas, os quais eram enviados pela Divis\u00e3o de Forma\u00e7\u00e3o e Desenvolvimento da Cole\u00e7\u00e3o\/Se\u00e7\u00e3o de Doa\u00e7\u00e3o e Permuta, a institui\u00e7\u00f5es do pa\u00eds e do exterior mantendo interc\u00e2mbio com publica\u00e7\u00f5es cong\u00eaneres. A partir de 2016 todas as publica\u00e7\u00f5es da UEL est\u00e3o disponibilizadas somente na vers\u00e3o on-line, podendo ser acessadas gratuitamente atrav\u00e9s do Portal de Peri\u00f3dicos Cient\u00edficos da UEL. A Se\u00e7\u00e3o de Doa\u00e7\u00e3o e Permuta ainda promove a doa\u00e7\u00e3o dos volumes de livros e fasc\u00edculos de peri\u00f3dicos recebidos em duplicatas. <\/p>\n\n\n\n<div class=\"wp-block-buttons is-layout-flex wp-block-buttons-is-layout-flex\">\n<div class=\"wp-block-button\"><a class=\"wp-block-button__link has-cinza-claro-color has-verde-background-color has-text-color has-background\" href=\"https:\/\/sites.uel.br\/bibliotecas\/wp-content\/uploads\/2022\/06\/PermutaInstrucoes.pdf\">Clique aqui e consulte as informa\u00e7\u00f5es necess\u00e1rias para solicitar a doa\u00e7\u00e3o<\/a><\/div>\n<\/div>\n\n\n\n<p><\/p>\n\n\n\n<div class=\"wp-block-buttons is-layout-flex wp-block-buttons-is-layout-flex\">\n<div class=\"wp-block-button\"><a class=\"wp-block-button__link has-cinza-claro-color has-verde-background-color has-text-color has-background\" href=\"https:\/\/sites.uel.br\/bibliotecas\/wp-content\/uploads\/2022\/03\/Politica_Desenvolvimento_Colecoes_SBUEL_2018.pdf\">Consulte nossa POL\u00cdTICA DE AQUISI\u00c7\u00c3O<\/a><\/div>\n<\/div>\n","protected":false},"excerpt":{"rendered":"<p>SUGEST\u00d5ES DE AQUISI\u00c7\u00d5ES Os docentes interessados em solicitar novos livros poder\u00e3o enviar seus pedidos a qualquer momento por e-mail comprabc@uel.br, preenchendo o formul\u00e1rio abaixo ou enviando of\u00edcio ao Sistema de Bibliotecas\/Divis\u00e3o de Forma\u00e7\u00e3o e Desenvolvimento da Cole\u00e7\u00e3o. Os pedidos ser\u00e3o atendidos \u00e0 medida que os recursos para compra forem sendo disponibilizados. Informa\u00e7\u00f5es complementares poder\u00e3o ser [&hellip;]<\/p>\n","protected":false},"author":6,"featured_media":0,"parent":0,"menu_order":0,"comment_status":"closed","ping_status":"closed","template":"","meta":{"footnotes":""},"class_list":["post-404","page","type-page","status-publish","hentry"],"acf":[],"_links":{"self":[{"href":"https:\/\/sites.uel.br\/bibliotecas\/wp-json\/wp\/v2\/pages\/404","targetHints":{"allow":["GET"]}}],"collection":[{"href":"https:\/\/sites.uel.br\/bibliotecas\/wp-json\/wp\/v2\/pages"}],"about":[{"href":"https:\/\/sites.uel.br\/bibliotecas\/wp-json\/wp\/v2\/types\/page"}],"author":[{"embeddable":true,"href":"https:\/\/sites.uel.br\/bibliotecas\/wp-json\/wp\/v2\/users\/6"}],"replies":[{"embeddable":true,"href":"https:\/\/sites.uel.br\/bibliotecas\/wp-json\/wp\/v2\/comments?post=404"}],"version-history":[{"count":15,"href":"https:\/\/sites.uel.br\/bibliotecas\/wp-json\/wp\/v2\/pages\/404\/revisions"}],"predecessor-version":[{"id":720,"href":"https:\/\/sites.uel.br\/bibliotecas\/wp-json\/wp\/v2\/pages\/404\/revisions\/720"}],"wp:attachment":[{"href":"https:\/\/sites.uel.br\/bibliotecas\/wp-json\/wp\/v2\/media?parent=404"}],"curies":[{"name":"wp","href":"https:\/\/api.w.org\/{rel}","templated":true}]}}