{"id":393,"date":"2022-06-02T21:26:30","date_gmt":"2022-06-03T00:26:30","guid":{"rendered":"https:\/\/sites.uel.br\/bibliotecas\/?page_id=393"},"modified":"2022-08-03T16:15:56","modified_gmt":"2022-08-03T19:15:56","slug":"geracao-automatica-de-ficha-catalografica","status":"publish","type":"page","link":"https:\/\/sites.uel.br\/bibliotecas\/geracao-automatica-de-ficha-catalografica\/","title":{"rendered":"Gera\u00e7\u00e3o Autom\u00e1tica de Ficha Catalogr\u00e1fica"},"content":{"rendered":"\n<p><\/p>\n\n\n\n<p><\/p>\n\n\n\n<div class=\"wp-block-buttons is-layout-flex wp-block-buttons-is-layout-flex\">\n<div class=\"wp-block-button\"><a class=\"wp-block-button__link has-cinza-claro-color has-verde-background-color has-text-color has-background\" href=\"https:\/\/www.sistemasweb.uel.br\/index.php?contents=system\/fc\/index.php\" target=\"_blank\" rel=\"noreferrer noopener\">Clique aqui e GERE SUA FICHA<\/a><\/div>\n<\/div>\n\n\n\n<p><\/p>\n\n\n\n<div class=\"wp-block-buttons is-layout-flex wp-block-buttons-is-layout-flex\">\n<div class=\"wp-block-button\"><a class=\"wp-block-button__link has-cinza-claro-color has-verde-background-color has-text-color has-background\" href=\"https:\/\/sites.uel.br\/bibliotecas\/wp-content\/uploads\/2022\/08\/Tutorial-Ficha-20220802-.pdf\">Instru\u00e7\u00f5es para preenchimento da Ficha Catalogr\u00e1fica<\/a><\/div>\n<\/div>\n","protected":false},"excerpt":{"rendered":"","protected":false},"author":6,"featured_media":0,"parent":0,"menu_order":0,"comment_status":"closed","ping_status":"closed","template":"","meta":{"footnotes":""},"class_list":["post-393","page","type-page","status-publish","hentry"],"acf":[],"_links":{"self":[{"href":"https:\/\/sites.uel.br\/bibliotecas\/wp-json\/wp\/v2\/pages\/393","targetHints":{"allow":["GET"]}}],"collection":[{"href":"https:\/\/sites.uel.br\/bibliotecas\/wp-json\/wp\/v2\/pages"}],"about":[{"href":"https:\/\/sites.uel.br\/bibliotecas\/wp-json\/wp\/v2\/types\/page"}],"author":[{"embeddable":true,"href":"https:\/\/sites.uel.br\/bibliotecas\/wp-json\/wp\/v2\/users\/6"}],"replies":[{"embeddable":true,"href":"https:\/\/sites.uel.br\/bibliotecas\/wp-json\/wp\/v2\/comments?post=393"}],"version-history":[{"count":7,"href":"https:\/\/sites.uel.br\/bibliotecas\/wp-json\/wp\/v2\/pages\/393\/revisions"}],"predecessor-version":[{"id":793,"href":"https:\/\/sites.uel.br\/bibliotecas\/wp-json\/wp\/v2\/pages\/393\/revisions\/793"}],"wp:attachment":[{"href":"https:\/\/sites.uel.br\/bibliotecas\/wp-json\/wp\/v2\/media?parent=393"}],"curies":[{"name":"wp","href":"https:\/\/api.w.org\/{rel}","templated":true}]}}