{"id":382,"date":"2022-06-02T21:06:41","date_gmt":"2022-06-03T00:06:41","guid":{"rendered":"https:\/\/sites.uel.br\/bibliotecas\/?page_id=382"},"modified":"2026-03-26T16:27:04","modified_gmt":"2026-03-26T19:27:04","slug":"pesquisa-em-bases-de-dados","status":"publish","type":"page","link":"https:\/\/sites.uel.br\/bibliotecas\/pesquisa-em-bases-de-dados\/","title":{"rendered":"Pesquisa em Bases de Dados"},"content":{"rendered":"\n<p class=\"has-medium-font-size\">Este servi\u00e7o oferece aos usu\u00e1rios a recupera\u00e7\u00e3o de textos integrais ou refer\u00eancias de diversos tipos de documentos, de acordo com seu perfil de interesse.<\/p>\n\n\n\n<p class=\"has-medium-font-size\">Para ter acesso a este servi\u00e7o preencha as informa\u00e7\u00f5es do&nbsp;<a href=\"https:\/\/forms.gle\/81u8tPgepkHnqNAB8\">FORMUL\u00c1RIO<\/a><\/p>\n\n\n\n<p class=\"has-medium-font-size\">Em caso de d\u00favida, entre em contato com qualquer uma das Bibliotecas do Sistema UEL, ou fale com a Divis\u00e3o de Refer\u00eancia na Biblioteca Central pelos telefones (43) 3371-4336 \/ 3371-4610.&nbsp;<\/p>\n\n\n\n<p class=\"has-medium-font-size\">E-mail:refere@uel.br<\/p>\n\n\n\n<p class=\"has-medium-font-size\"><strong>Prazo:<\/strong>\u00a0\u00a0O prazo de entrega da pesquisa \u00e9 de 10 (dez) dias \u00fateis a partir da data de recebimento da solicita\u00e7\u00e3o.<\/p>\n\n\n\n<div class=\"wp-block-columns is-layout-flex wp-container-core-columns-is-layout-9d6595d7 wp-block-columns-is-layout-flex\">\n<div class=\"wp-block-column is-layout-flow wp-block-column-is-layout-flow\" style=\"flex-basis:100%\">\n<figure class=\"wp-block-table is-style-regular\"><table class=\"has-background has-fixed-layout\" style=\"background:linear-gradient(135deg,rgb(202,248,128) 0%,rgb(113,206,126) 0%)\"><thead><tr><th class=\"has-text-align-center\" data-align=\"center\"><strong>Tipo de Usu\u00e1rio<\/strong><\/th><th class=\"has-text-align-center\" data-align=\"center\">Valor<\/th><\/tr><\/thead><tbody><tr><td class=\"has-text-align-center\" data-align=\"center\">Usu\u00e1rio da Comunidade UEL<\/td><td class=\"has-text-align-center\" data-align=\"center\">R$ 15,00<\/td><\/tr><tr><td class=\"has-text-align-center\" data-align=\"center\">Usu\u00e1rio Externo<\/td><td class=\"has-text-align-center\" data-align=\"center\">R$ 35,00<\/td><\/tr><\/tbody><\/table><\/figure>\n<\/div>\n<\/div>\n","protected":false},"excerpt":{"rendered":"<p>Este servi\u00e7o oferece aos usu\u00e1rios a recupera\u00e7\u00e3o de textos integrais ou refer\u00eancias de diversos tipos de documentos, de acordo com seu perfil de interesse. Para ter acesso a este servi\u00e7o preencha as informa\u00e7\u00f5es do&nbsp;FORMUL\u00c1RIO Em caso de d\u00favida, entre em contato com qualquer uma das Bibliotecas do Sistema UEL, ou fale com a Divis\u00e3o de [&hellip;]<\/p>\n","protected":false},"author":6,"featured_media":0,"parent":0,"menu_order":0,"comment_status":"closed","ping_status":"closed","template":"","meta":{"footnotes":""},"class_list":["post-382","page","type-page","status-publish","hentry"],"acf":[],"_links":{"self":[{"href":"https:\/\/sites.uel.br\/bibliotecas\/wp-json\/wp\/v2\/pages\/382","targetHints":{"allow":["GET"]}}],"collection":[{"href":"https:\/\/sites.uel.br\/bibliotecas\/wp-json\/wp\/v2\/pages"}],"about":[{"href":"https:\/\/sites.uel.br\/bibliotecas\/wp-json\/wp\/v2\/types\/page"}],"author":[{"embeddable":true,"href":"https:\/\/sites.uel.br\/bibliotecas\/wp-json\/wp\/v2\/users\/6"}],"replies":[{"embeddable":true,"href":"https:\/\/sites.uel.br\/bibliotecas\/wp-json\/wp\/v2\/comments?post=382"}],"version-history":[{"count":4,"href":"https:\/\/sites.uel.br\/bibliotecas\/wp-json\/wp\/v2\/pages\/382\/revisions"}],"predecessor-version":[{"id":1209,"href":"https:\/\/sites.uel.br\/bibliotecas\/wp-json\/wp\/v2\/pages\/382\/revisions\/1209"}],"wp:attachment":[{"href":"https:\/\/sites.uel.br\/bibliotecas\/wp-json\/wp\/v2\/media?parent=382"}],"curies":[{"name":"wp","href":"https:\/\/api.w.org\/{rel}","templated":true}]}}