{"id":36,"date":"2022-03-09T15:45:52","date_gmt":"2022-03-09T18:45:52","guid":{"rendered":"https:\/\/sites.uel.br\/bibliotecas\/?page_id=36"},"modified":"2025-05-20T09:25:08","modified_gmt":"2025-05-20T12:25:08","slug":"bibliotecas-2","status":"publish","type":"page","link":"https:\/\/sites.uel.br\/bibliotecas\/bibliotecas-2\/","title":{"rendered":"Hist\u00f3rico"},"content":{"rendered":"\n<div class=\"wp-block-buttons is-layout-flex wp-block-buttons-is-layout-flex\">\n<div class=\"wp-block-button has-custom-width wp-block-button__width-50\"><a class=\"wp-block-button__link has-cinza-claro-color has-verde-background-color has-text-color has-background wp-element-button\"><strong>Biblioteca Central<\/strong><\/a><\/div>\n<\/div>\n\n\n\n<p class=\"has-text-align-left\">1972 &#8211; Cria\u00e7\u00e3o da Biblioteca Central \u2013 Resolu\u00e7\u00e3o 123\/72<\/p>\n\n\n\n<p class=\"has-text-align-left\">1981 &#8211; Em decorr\u00eancia de uma nova estrutura organizacional, foram unificadas as bibliotecas setoriais localizadas no campus universit\u00e1rio.<\/p>\n\n\n\n<p class=\"has-text-align-left\">O Sistema de Bibliotecas da UEL (SB\/UEL) \u00e9 coordenado pela Biblioteca Central (BC), que \u00e9 \u00d3rg\u00e3o de Apoio da UEL, vinculado administrativamente \u00e0 Reitoria, por delega\u00e7\u00e3o ao Vice-Reitor. \u00c9 composto por quatro unidades: Biblioteca Central (BC), Biblioteca Setorial do Centro de Ci\u00eancias da Sa\u00fade (BS\/CCS), Biblioteca Setorial do Escrit\u00f3rio de Aplica\u00e7\u00e3o de Assuntos Jur\u00eddicos (BS\/EAAJ) e Biblioteca Setorial de Ci\u00eancias Humanas (BS\/CH).<\/p>\n\n\n\n<p class=\"has-text-align-left\">A miss\u00e3o do Sistema de Bibliotecas \u00e9:<em>&#8220;Promover o acesso, a recupera\u00e7\u00e3o e a transfer\u00eancia da informa\u00e7\u00e3o para toda a comunidade universit\u00e1ria, de forma atualizada, \u00e1gil e qualificada, visando contribuir para a forma\u00e7\u00e3o profissional do cidad\u00e3o, colaborando, dessa forma, no desenvolvimento cient\u00edfico, tecnol\u00f3gico e cultural da sociedade como um todo&#8221;.<\/em><\/p>\n\n\n\n<div class=\"wp-block-buttons is-layout-flex wp-block-buttons-is-layout-flex\">\n<div class=\"wp-block-button has-custom-width wp-block-button__width-75\"><a class=\"wp-block-button__link has-cinza-claro-color has-verde-background-color has-text-color has-background wp-element-button\"><strong>Biblioteca Setorial de Ci\u00eancias Humanas<\/strong><\/a><\/div>\n<\/div>\n\n\n\n<p>A Biblioteca Setorial teve seu in\u00edcio a partir de um acervo especial no Centro de Letras e Ci\u00eancias Humanas. Em 02 de abril de 2003 iniciaram-se os trabalhos em salas adaptadas no Centro de Letras e Ci\u00eancias Humanas.O acervo totalizava 1.939 livros e 5.975 fasc\u00edculos de peri\u00f3dicos, os materiais eram provenientes de v\u00e1rias institui\u00e7\u00f5es como Unicamp, UNISINOS, UNIMAR, CEDEC, ABRA entre outros. Al\u00e9m dos materiais est\u00e3o em processamento cerca de 4.000 itens.<\/p>\n\n\n\n<p>J\u00e1 em 2003, havia a possibilidade da constru\u00e7\u00e3o da Biblioteca Setorial de Ci\u00eancias Humanas.<\/p>\n\n\n\n<p>Em 22 de mar\u00e7o de 2004, iniciou-se o atendimento aos usu\u00e1rios no Acervo Especial.<\/p>\n\n\n\n<p>Em 25 de julho de 2004, foi assinado conv\u00eanio MEC\/UEL para a constru\u00e7\u00e3o da Biblioteca Setorial de Ci\u00eancias Humanas. Em 07 de dezembro de 2004, o pr\u00e9dio foi entregue.<\/p>\n\n\n\n<p>Em 15 de Julho 2005 a Biblioteca Setorial de Ci\u00eancias Humanas iniciou suas atividades de atendimento e consequentemente, o Acervo Especial foi desativado para o atendimento e parte do material passou a compor a BSCH.&nbsp;<\/p>\n\n\n\n<div class=\"wp-block-buttons is-layout-flex wp-block-buttons-is-layout-flex\">\n<div class=\"wp-block-button has-custom-width wp-block-button__width-75\"><a class=\"wp-block-button__link has-cinza-claro-color has-verde-background-color has-text-color has-background wp-element-button\"><strong>Biblioteca Setorial Professora Ana Ito (BSCCS)<\/strong><\/a><\/div>\n<\/div>\n\n\n\n<p>A Biblioteca Setorial do Centro de Ci\u00eancias da Sa\u00fade (CCS) foi organizada com o objetivo de atender \u00e0s necessidades de alunos e docentes dos cursos que compunham o referido centro, inicialmente localizado na antiga Faculdade de Medicina Norte do Paran\u00e1, no Centro de Ci\u00eancias Biol\u00f3gicas (CCB), no Campus Universit\u00e1rio.<\/p>\n\n\n\n<p>Com a centraliza\u00e7\u00e3o das atividades acad\u00eamicas dos cursos em 1975, no Hospital Universit\u00e1rio, identificou-se a necessidade de um acervo espec\u00edfico voltado \u00e0s demandas dos estudantes de Medicina, Farm\u00e1cia, Enfermagem e Fisioterapia. Essa demanda resultou na transfer\u00eancia da Biblioteca Setorial do CCS para o Hospital Universit\u00e1rio em 1978.<br>Em 1980, a Setorial do CCS passou a integrar o Sistema de Bibliotecas da institui\u00e7\u00e3o, e, em 1989, o processamento t\u00e9cnico de seu acervo passou a ser de responsabilidade da Biblioteca Central.<\/p>\n\n\n\n<p>Devido \u00e0s condi\u00e7\u00f5es prec\u00e1rias do im\u00f3vel onde a biblioteca estava instalada, muitos materiais eram perdidos ou sofria danos. Em virtude disso, a BS\/CCS foi transferida, em 1991, para outro pr\u00e9dio localizado tamb\u00e9m nos limites do Hospital Universit\u00e1rio.<\/p>\n\n\n\n<p>Posteriormente, em 2001, a biblioteca foi instalada em novas instala\u00e7\u00f5es, com ambientes mais amplos e modernos, proporcionando melhores condi\u00e7\u00f5es de trabalho e estudo para seus usu\u00e1rios. Nesse momento, passou a ser denominada Biblioteca Setorial Professora Ana Ito.<\/p>\n\n\n\n<div class=\"wp-block-buttons is-layout-flex wp-block-buttons-is-layout-flex\">\n<div class=\"wp-block-button\"><a class=\"wp-block-button__link has-cinza-claro-color has-verde-background-color has-text-color has-background wp-element-button\"><strong>Biblioteca Setorial Escrit\u00f3rio de Aplica\u00e7\u00e3o de Assuntos Jur\u00eddicos<\/strong><\/a><\/div>\n<\/div>\n\n\n\n<p>A Biblioteca Setorial do Escrit\u00f3rio de Aplica\u00e7\u00e3o de Assuntos Jur\u00eddicos foi a terceira setorial a integrar o Sistema de Bibliotecas. Sua oficializa\u00e7\u00e3o como Biblioteca Setorial ocorreu atrav\u00e9s do processo n\u00ba 219.723 de 19 de Outubro de 1989, ficando respons\u00e1vel pelo acervo e atendimento espec\u00edfico da \u00e1rea do Direito. Fora do Campus Universit\u00e1rio a BS\/EAAJ come\u00e7ou a atuar na rua Pernambuco. E em 1997, mudou-se para a Rua Brasil, 742 \u2013 Centro, Londrina.<\/p>\n\n\n\n<p>A Biblioteca Setorial do Escrit\u00f3rio de Aplica\u00e7\u00e3o de Assuntos Jur\u00eddicos permaneceu no pr\u00e9dio at\u00e9 dezembro de 2024. A partir dessa data, seu acervo de livros e peri\u00f3dicos, bem como seus servi\u00e7os, foram integrados e passaram a ser disponibilizados pela Biblioteca Setorial de Ci\u00eancias Humanas e pela Biblioteca Central.<\/p>\n\n\n\n<div class=\"wp-block-buttons is-layout-flex wp-block-buttons-is-layout-flex\">\n<div class=\"wp-block-button has-custom-width wp-block-button__width-75\"><a class=\"wp-block-button__link has-cinza-claro-color has-verde-background-color has-text-color has-background wp-element-button\"><strong>Biblioteca Setorial Cl\u00ednica Odontol\u00f3gica<\/strong><\/a><\/div>\n<\/div>\n\n\n\n<p>A Biblioteca de Odontologia surge a partir da cria\u00e7\u00e3o do curso de Odontologia junto aos por\u00f5es da Catedral Metropolitana de Londrina onde permaneceu at\u00e9 1971.&nbsp;O acervo foi constitu\u00eddo com doa\u00e7\u00f5es dos docentes oriundos principalmente do estado de S\u00e3o Paulo e outros para dar suporte ao curso.&nbsp;A primeira funcion\u00e1ria, Luzia Harueko Ueda, \u00e9 quem iniciou os trabalhos de organiza\u00e7\u00e3o do acervo de odontologia e posteriormente o da Medicina (1967), sendo nominada a primeira bibliotec\u00e1ria sem forma\u00e7\u00e3o, pois ainda n\u00e3o havia o curso de Biblioteconomia.<\/p>\n\n\n\n<p>Em meados 1972 o curso de odontologia mudou-se para Faculdade de Filosofia, Ci\u00eancias e Letras, que passou para a Funda\u00e7\u00e3o Universidade Estadual de Londrina e a Biblioteca, sendo que no pr\u00f3prio pr\u00e9dio a Biblioteca passou pelo menos por 4 locais diferentes.&nbsp;Em 1972 tamb\u00e9m houve a cria\u00e7\u00e3o da Biblioteca Central e em 1981 em decorr\u00eancia da unifica\u00e7\u00e3o das bibliotecas setoriais no Campus, a biblioteca de Odontologia permaneceu no centro de Londrina.&nbsp;<\/p>\n\n\n\n<p>A Biblioteca Setorial da Cl\u00ednica Odontol\u00f3gica permaneceu no pr\u00e9dio at\u00e9 18\/01\/2019, sendo que seu acervo de livros e peri\u00f3dicos e servi\u00e7os passaram a ser desenvolvidos&nbsp;pela&nbsp;Biblioteca Central.<\/p>\n","protected":false},"excerpt":{"rendered":"<p>1972 &#8211; Cria\u00e7\u00e3o da Biblioteca Central \u2013 Resolu\u00e7\u00e3o 123\/72 1981 &#8211; Em decorr\u00eancia de uma nova estrutura organizacional, foram unificadas as bibliotecas setoriais localizadas no campus universit\u00e1rio. O Sistema de Bibliotecas da UEL (SB\/UEL) \u00e9 coordenado pela Biblioteca Central (BC), que \u00e9 \u00d3rg\u00e3o de Apoio da UEL, vinculado administrativamente \u00e0 Reitoria, por delega\u00e7\u00e3o ao Vice-Reitor. [&hellip;]<\/p>\n","protected":false},"author":4,"featured_media":0,"parent":0,"menu_order":0,"comment_status":"closed","ping_status":"closed","template":"","meta":{"footnotes":""},"class_list":["post-36","page","type-page","status-publish","hentry"],"acf":[],"_links":{"self":[{"href":"https:\/\/sites.uel.br\/bibliotecas\/wp-json\/wp\/v2\/pages\/36","targetHints":{"allow":["GET"]}}],"collection":[{"href":"https:\/\/sites.uel.br\/bibliotecas\/wp-json\/wp\/v2\/pages"}],"about":[{"href":"https:\/\/sites.uel.br\/bibliotecas\/wp-json\/wp\/v2\/types\/page"}],"author":[{"embeddable":true,"href":"https:\/\/sites.uel.br\/bibliotecas\/wp-json\/wp\/v2\/users\/4"}],"replies":[{"embeddable":true,"href":"https:\/\/sites.uel.br\/bibliotecas\/wp-json\/wp\/v2\/comments?post=36"}],"version-history":[{"count":10,"href":"https:\/\/sites.uel.br\/bibliotecas\/wp-json\/wp\/v2\/pages\/36\/revisions"}],"predecessor-version":[{"id":1165,"href":"https:\/\/sites.uel.br\/bibliotecas\/wp-json\/wp\/v2\/pages\/36\/revisions\/1165"}],"wp:attachment":[{"href":"https:\/\/sites.uel.br\/bibliotecas\/wp-json\/wp\/v2\/media?parent=36"}],"curies":[{"name":"wp","href":"https:\/\/api.w.org\/{rel}","templated":true}]}}