{"id":271,"date":"2022-05-16T18:41:12","date_gmt":"2022-05-16T21:41:12","guid":{"rendered":"https:\/\/sites.uel.br\/bibliotecas\/?page_id=271"},"modified":"2024-02-09T10:52:56","modified_gmt":"2024-02-09T13:52:56","slug":"bibliotecas-setoriais","status":"publish","type":"page","link":"https:\/\/sites.uel.br\/bibliotecas\/bibliotecas-setoriais\/","title":{"rendered":"Biblioteca Setorial de Ci\u00eancias Humanas"},"content":{"rendered":"<div class=\"wp-block-image\">\n<figure class=\"aligncenter size-full is-resized\"><img loading=\"lazy\" decoding=\"async\" width=\"1280\" height=\"771\" src=\"https:\/\/sites.uel.br\/bibliotecas\/wp-content\/uploads\/2024\/02\/WhatsApp-Image-2024-02-08-at-16.12.06.jpeg\" alt=\"\" class=\"wp-image-1010\" style=\"width:336px;height:224px\" srcset=\"https:\/\/sites.uel.br\/bibliotecas\/wp-content\/uploads\/2024\/02\/WhatsApp-Image-2024-02-08-at-16.12.06.jpeg 1280w, https:\/\/sites.uel.br\/bibliotecas\/wp-content\/uploads\/2024\/02\/WhatsApp-Image-2024-02-08-at-16.12.06-300x181.jpeg 300w, https:\/\/sites.uel.br\/bibliotecas\/wp-content\/uploads\/2024\/02\/WhatsApp-Image-2024-02-08-at-16.12.06-1024x617.jpeg 1024w, https:\/\/sites.uel.br\/bibliotecas\/wp-content\/uploads\/2024\/02\/WhatsApp-Image-2024-02-08-at-16.12.06-768x463.jpeg 768w\" sizes=\"auto, (max-width: 1280px) 100vw, 1280px\" \/><\/figure>\n<\/div>\n\n\n<div class=\"wp-block-buttons is-layout-flex wp-block-buttons-is-layout-flex\">\n<div class=\"wp-block-button has-custom-width wp-block-button__width-100\"><a class=\"wp-block-button__link has-cinza-claro-color has-verde-background-color has-text-color has-background wp-element-button\"><strong>Informa\u00e7\u00f5es Importantes<\/strong><\/a><\/div>\n<\/div>\n\n\n\n<p class=\"has-text-align-center has-medium-font-size\">Comunicamos que a Biblioteca esta aberta ao p\u00fablico<\/p>\n\n\n\n<p class=\"has-text-align-center has-medium-font-size\">Nosso hor\u00e1rio de atendimento \u00e9 de Segunda a Sexta-feira das 8h \u00e0s 22h<\/p>\n\n\n\n<p class=\"has-text-align-center\">Renova\u00e7\u00e3o de Livros (43) 3371 -4864 <img loading=\"lazy\" decoding=\"async\" width=\"30\" height=\"31\" class=\"wp-image-978\" style=\"width: 30px;\" src=\"https:\/\/sites.uel.br\/bibliotecas\/wp-content\/uploads\/2023\/07\/image-removebg-preview-23.png\" alt=\"\" srcset=\"https:\/\/sites.uel.br\/bibliotecas\/wp-content\/uploads\/2023\/07\/image-removebg-preview-23.png 493w, https:\/\/sites.uel.br\/bibliotecas\/wp-content\/uploads\/2023\/07\/image-removebg-preview-23-292x300.png 292w, https:\/\/sites.uel.br\/bibliotecas\/wp-content\/uploads\/2023\/07\/image-removebg-preview-23-150x150.png 150w\" sizes=\"auto, (max-width: 30px) 100vw, 30px\" \/> das 8h \u00e0s 21h30<\/p>\n\n\n\n<div class=\"wp-block-buttons is-layout-flex wp-block-buttons-is-layout-flex\">\n<div class=\"wp-block-button has-custom-width wp-block-button__width-50\"><a class=\"wp-block-button__link has-cinza-claro-color has-verde-background-color has-text-color has-background wp-element-button\">Servi\u00e7os<\/a><\/div>\n<\/div>\n\n\n\n<ul class=\"wp-block-list\">\n<li>Solicita\u00e7\u00e3o de pesquisa em bases de dados<\/li>\n\n\n\n<li>Orienta\u00e7\u00e3o sobre normaliza\u00e7\u00e3o de trabalhos<\/li>\n\n\n\n<li>Normaliza\u00e7\u00e3o de trabalhos acad\u00eamicos<\/li>\n\n\n\n<li>Treinamento Portal Capes<\/li>\n\n\n\n<li>Treinamento de normaliza\u00e7\u00e3o de trabalhos<\/li>\n\n\n\n<li>Integra\u00e7\u00e3o de usu\u00e1rios<\/li>\n\n\n\n<li>Solicita\u00e7\u00e3o de artigos &#8211; pelo e-mail: refere@uel.br<\/li>\n\n\n\n<li>Solicita\u00e7\u00e3o de cataloga\u00e7\u00e3o na publica\u00e7\u00e3o  pelo e-mail: protec@uel.br<\/li>\n<\/ul>\n\n\n\n<div class=\"wp-block-buttons is-layout-flex wp-block-buttons-is-layout-flex\">\n<div class=\"wp-block-button has-custom-width wp-block-button__width-50\"><a class=\"wp-block-button__link has-cinza-claro-color has-verde-background-color has-text-color has-background wp-element-button\">Empr\u00e9stimo Domiciliar<\/a><\/div>\n<\/div>\n\n\n\n<figure class=\"wp-block-image size-full\"><img loading=\"lazy\" decoding=\"async\" width=\"734\" height=\"345\" src=\"https:\/\/sites.uel.br\/bibliotecas\/wp-content\/uploads\/2022\/06\/image-5.png\" alt=\"\" class=\"wp-image-487\" srcset=\"https:\/\/sites.uel.br\/bibliotecas\/wp-content\/uploads\/2022\/06\/image-5.png 734w, https:\/\/sites.uel.br\/bibliotecas\/wp-content\/uploads\/2022\/06\/image-5-300x141.png 300w\" sizes=\"auto, (max-width: 734px) 100vw, 734px\" \/><\/figure>\n\n\n\n<div class=\"wp-block-buttons is-layout-flex wp-block-buttons-is-layout-flex\">\n<div class=\"wp-block-button has-custom-width wp-block-button__width-50\"><a class=\"wp-block-button__link has-cinza-claro-color has-verde-background-color has-text-color has-background wp-element-button\">Fale Conosco<\/a><\/div>\n<\/div>\n\n\n\n<p>Telefone: (43) 3371 &#8211; 4864         E-mail: bibliotecach@uel.br<\/p>\n\n\n\n<div class=\"wp-block-buttons is-layout-flex wp-block-buttons-is-layout-flex\">\n<div class=\"wp-block-button has-custom-width wp-block-button__width-50\"><a class=\"wp-block-button__link has-cinza-claro-color has-verde-background-color has-text-color has-background wp-element-button\">Respons\u00e1vel<\/a><\/div>\n<\/div>\n\n\n\n<p>Bibliotec\u00e1ria Solange Gara Portello       E-mail: solangeportello@uel.br<\/p>\n","protected":false},"excerpt":{"rendered":"<p>Comunicamos que a Biblioteca esta aberta ao p\u00fablico Nosso hor\u00e1rio de atendimento \u00e9 de Segunda a Sexta-feira das 8h \u00e0s 22h Renova\u00e7\u00e3o de Livros (43) 3371 -4864 das 8h \u00e0s 21h30 Telefone: (43) 3371 &#8211; 4864 E-mail: bibliotecach@uel.br Bibliotec\u00e1ria Solange Gara Portello E-mail: solangeportello@uel.br<\/p>\n","protected":false},"author":6,"featured_media":0,"parent":0,"menu_order":0,"comment_status":"closed","ping_status":"closed","template":"","meta":{"footnotes":""},"class_list":["post-271","page","type-page","status-publish","hentry"],"acf":[],"_links":{"self":[{"href":"https:\/\/sites.uel.br\/bibliotecas\/wp-json\/wp\/v2\/pages\/271","targetHints":{"allow":["GET"]}}],"collection":[{"href":"https:\/\/sites.uel.br\/bibliotecas\/wp-json\/wp\/v2\/pages"}],"about":[{"href":"https:\/\/sites.uel.br\/bibliotecas\/wp-json\/wp\/v2\/types\/page"}],"author":[{"embeddable":true,"href":"https:\/\/sites.uel.br\/bibliotecas\/wp-json\/wp\/v2\/users\/6"}],"replies":[{"embeddable":true,"href":"https:\/\/sites.uel.br\/bibliotecas\/wp-json\/wp\/v2\/comments?post=271"}],"version-history":[{"count":10,"href":"https:\/\/sites.uel.br\/bibliotecas\/wp-json\/wp\/v2\/pages\/271\/revisions"}],"predecessor-version":[{"id":1011,"href":"https:\/\/sites.uel.br\/bibliotecas\/wp-json\/wp\/v2\/pages\/271\/revisions\/1011"}],"wp:attachment":[{"href":"https:\/\/sites.uel.br\/bibliotecas\/wp-json\/wp\/v2\/media?parent=271"}],"curies":[{"name":"wp","href":"https:\/\/api.w.org\/{rel}","templated":true}]}}