{"id":270,"date":"2022-05-16T18:41:12","date_gmt":"2022-05-16T21:41:12","guid":{"rendered":"https:\/\/sites.uel.br\/bibliotecas\/?page_id=270"},"modified":"2022-06-02T21:10:50","modified_gmt":"2022-06-03T00:10:50","slug":"servicos-2","status":"publish","type":"page","link":"https:\/\/sites.uel.br\/bibliotecas\/servicos-2\/","title":{"rendered":"Cataloga\u00e7\u00e3o na Publica\u00e7\u00e3o"},"content":{"rendered":"\n<p class=\"has-medium-font-size\">A cataloga\u00e7\u00e3o na publica\u00e7\u00e3o consiste na cataloga\u00e7\u00e3o de teses, disserta\u00e7\u00f5es, livros e peri\u00f3dicos antes de sua publica\u00e7\u00e3o, quando eles ainda se encontram em fase de elabora\u00e7\u00e3o do material, de maneira a permitir a impress\u00e3o de informa\u00e7\u00f5es bibliogr\u00e1ficas no pr\u00f3prio documento. <\/p>\n\n\n\n<p class=\"has-medium-font-size\">Este trabalho \u00e9 realizado tendo como suporte as normas estabelecidas no C\u00f3digo de Cataloga\u00e7\u00e3o Anglo-Americano (AACR-2) para realizar a representa\u00e7\u00e3o descritiva, no Sistema de Classifica\u00e7\u00e3o Decimal Universal (CDU) para efetuar a representa\u00e7\u00e3o tem\u00e1tica do material de informa\u00e7\u00e3o, e na Tabela Cutter para a nota\u00e7\u00e3o de autor.<\/p>\n\n\n\n<p class=\"has-medium-font-size\">Este servi\u00e7o est\u00e1 dispon\u00edvel \u00e0 comunidade em geral. Para maiores informa\u00e7\u00f5es entre em contato com a Divis\u00e3o de Processos T\u00e9cnicos na Biblioteca Central pelo telefone (43) 3371-4829 ou e-mail:&nbsp;proctec@uel.br ou com qualquer uma das Bibliotecas do Sistema UEL.<\/p>\n\n\n\n<ul class=\"has-medium-font-size wp-block-list\"><li>Deve ser solicitado antes da encaderna\u00e7\u00e3o\/publica\u00e7\u00e3o do documento; <\/li><li>O&nbsp;<strong>prazo<\/strong>&nbsp;de entrega da ficha catalogr\u00e1fica \u00e9 de&nbsp;<strong>cinco dias \u00fateis&nbsp;<\/strong>a partir da data de recebimento da solicita\u00e7\u00e3o;<\/li><li>A Biblioteca n\u00e3o se responsabiliza por altera\u00e7\u00f5es posteriores \u00e0 entrega da ficha ao solicitante;<\/li><li>Para elabora\u00e7\u00e3o da ficha deve ser entregue uma c\u00f3pia do material em formato digital.<\/li><\/ul>\n\n\n\n<p><strong>Taxa de Servi\u00e7o<\/strong><\/p>\n\n\n\n<figure class=\"wp-block-table is-style-regular\"><table class=\"has-cinza-escuro-color has-text-color has-background\" style=\"background:linear-gradient(90deg,rgb(122,220,180) 0%,rgb(0,208,130) 100%)\"><tbody><tr><td class=\"has-text-align-center\" data-align=\"center\"><strong>Usu\u00e1rio<\/strong><\/td><td class=\"has-text-align-center\" data-align=\"center\"><strong>Valor<\/strong> <strong>por Ficha<\/strong><\/td><\/tr><tr><td class=\"has-text-align-center\" data-align=\"center\">Comunidade Uel<\/td><td class=\"has-text-align-center\" data-align=\"center\">R$ 20,00<\/td><\/tr><tr><td class=\"has-text-align-center\" data-align=\"center\">Comunidade Externa<\/td><td class=\"has-text-align-center\" data-align=\"center\">R$ 40,00<\/td><\/tr><\/tbody><\/table><\/figure>\n\n\n\n<div class=\"wp-block-group\"><div class=\"wp-block-group__inner-container is-layout-flow wp-block-group-is-layout-flow\"><\/div><\/div>\n\n\n\n<p><\/p>\n","protected":false},"excerpt":{"rendered":"<p>A cataloga\u00e7\u00e3o na publica\u00e7\u00e3o consiste na cataloga\u00e7\u00e3o de teses, disserta\u00e7\u00f5es, livros e peri\u00f3dicos antes de sua publica\u00e7\u00e3o, quando eles ainda se encontram em fase de elabora\u00e7\u00e3o do material, de maneira a permitir a impress\u00e3o de informa\u00e7\u00f5es bibliogr\u00e1ficas no pr\u00f3prio documento. Este trabalho \u00e9 realizado tendo como suporte as normas estabelecidas no C\u00f3digo de Cataloga\u00e7\u00e3o Anglo-Americano [&hellip;]<\/p>\n","protected":false},"author":6,"featured_media":0,"parent":0,"menu_order":0,"comment_status":"closed","ping_status":"closed","template":"","meta":{"footnotes":""},"class_list":["post-270","page","type-page","status-publish","hentry"],"acf":[],"_links":{"self":[{"href":"https:\/\/sites.uel.br\/bibliotecas\/wp-json\/wp\/v2\/pages\/270","targetHints":{"allow":["GET"]}}],"collection":[{"href":"https:\/\/sites.uel.br\/bibliotecas\/wp-json\/wp\/v2\/pages"}],"about":[{"href":"https:\/\/sites.uel.br\/bibliotecas\/wp-json\/wp\/v2\/types\/page"}],"author":[{"embeddable":true,"href":"https:\/\/sites.uel.br\/bibliotecas\/wp-json\/wp\/v2\/users\/6"}],"replies":[{"embeddable":true,"href":"https:\/\/sites.uel.br\/bibliotecas\/wp-json\/wp\/v2\/comments?post=270"}],"version-history":[{"count":3,"href":"https:\/\/sites.uel.br\/bibliotecas\/wp-json\/wp\/v2\/pages\/270\/revisions"}],"predecessor-version":[{"id":385,"href":"https:\/\/sites.uel.br\/bibliotecas\/wp-json\/wp\/v2\/pages\/270\/revisions\/385"}],"wp:attachment":[{"href":"https:\/\/sites.uel.br\/bibliotecas\/wp-json\/wp\/v2\/media?parent=270"}],"curies":[{"name":"wp","href":"https:\/\/api.w.org\/{rel}","templated":true}]}}