{"id":140,"date":"2022-03-09T16:23:57","date_gmt":"2022-03-09T19:23:57","guid":{"rendered":"https:\/\/sites.uel.br\/bibliotecas\/?page_id=140"},"modified":"2022-05-16T20:33:13","modified_gmt":"2022-05-16T23:33:13","slug":"normas-de-apresentacao-de-trabalho","status":"publish","type":"page","link":"https:\/\/sites.uel.br\/bibliotecas\/normas-de-apresentacao-de-trabalho\/","title":{"rendered":"Conhe\u00e7a outras normas"},"content":{"rendered":"\n<p><a href=\"http:\/\/www.icmje.org\/\"><strong>Normas de Vancouver<\/strong><\/a><br>As Normas de Vancouver seguem as conven\u00e7\u00f5es estabelecidas pelo Committee of Medical Journal Editors. S\u00e3o usadas para normaliza\u00e7\u00e3o de refer\u00eancias bibliogr\u00e1ficas nas \u00e1reas de Medicina, Ci\u00eancias da Sa\u00fade e Ci\u00eancias Exatas.<br><br><a href=\"http:\/\/www.apastyle.org\/\"><strong>Normas da APA<\/strong><\/a><br>As Normas da APA seguem as conven\u00e7\u00f5es estabelecidas pela American Psychological Association, no livro Publication Manual of the American of Psychological Association. S\u00e3o usadas para normaliza\u00e7\u00e3o de refer\u00eancias na \u00e1rea de Ci\u00eancias Sociais.<br><br><a href=\"http:\/\/www.chicagomanualofstyle.org\/tools_citationguide.html\"><strong>Estilo Chicago<\/strong><\/a><br>\u00c9 o estilo mais usado internacionalmente (tamb\u00e9m conhecido por Turabian Style). Permite utilizar dois tipos diferentes de refer\u00eancias: 1) Sistema nota de rodap\u00e9 (estilo Chicago 15th A Style); 2) Sistema autor-data (estilo Chicago 15th B Style). As cita\u00e7\u00f5es em nota de rodap\u00e9 s\u00e3o mais utilizadas na \u00e1rea de humanidades (literatura, hist\u00f3ria e artes), ao passo que o sistema autor-data \u00e9 mais utilizado pelas ci\u00eancias sociais e naturais.<br><br><a href=\"http:\/\/www.mla.org\/style\"><strong>Norma MLA<\/strong><\/a><br>A Norma MLA \u00e9 usada para fazer cita\u00e7\u00f5es e refer\u00eancias nas \u00e1reas das artes e das humanidades. O estilo segue o m\u00e9todo de cita\u00e7\u00e3o autor-p\u00e1gina, e podem ser visualizados exemplos e formatos deste estilo em dois manuais: MLA Handbook for Withers of Research Papers e MLA Style Manual and Guide to Scholarly Publishing.<br><br><a href=\"http:\/\/www.acm.org\/\"><strong>Norma ACM<\/strong><\/a><br>A Norma ACM (Association for Computing Machinery) \u00e9 um sistema de cita\u00e7\u00e3o nas \u00e1reas da computa\u00e7\u00e3o, programa\u00e7\u00e3o, computa\u00e7\u00e3o aplicada, design web, tecnologias da informa\u00e7\u00e3o e da educa\u00e7\u00e3o, gest\u00e3o da informa\u00e7\u00e3o, gest\u00e3o de dados, multim\u00e9dia e engenharia de software).<br><br><a href=\"http:\/\/pubs.acs.org\/page\/books\/style\/index.html\"><strong>Norma ACS<\/strong><\/a><br>A Norma ACS (American Chemical Society) \u00e9 um sistema de cita\u00e7\u00e3o num\u00e9rico aplicado nas \u00e1reas da qu\u00edmica, f\u00edsica, engenharia dos materiais e engenharias aplicadas.<br><br><a href=\"http:\/\/www.asce.org\/\"><strong>Norma ASCE<\/strong><\/a><br>A Norma ASCE (American Society of Civil Engineers) \u00e9 um sistema de cita\u00e7\u00e3o autor-data nas \u00e1reas da engenharia civil, dos materiais e energias sustent\u00e1veis.<\/p>\n\n\n\n<p><a href=\"http:\/\/www.ieee.org\/index.html\"><strong>Norma IEEE<\/strong><\/a><\/p>\n\n\n\n<p>A Norma IEEE (Institute of Electrical and Eletronics Engineers) \u00e9 um sistema de cita\u00e7\u00e3o num\u00e9rico aplicado nas \u00e1reas da eletr\u00f4nica, tecnologias, computa\u00e7\u00e3o, energias sustent\u00e1veis, comunica\u00e7\u00e3o, rob\u00f3tica, engenharias e tecnologias aplicadas (sa\u00fade).<\/p>\n","protected":false},"excerpt":{"rendered":"<p>Normas de VancouverAs Normas de Vancouver seguem as conven\u00e7\u00f5es estabelecidas pelo Committee of Medical Journal Editors. S\u00e3o usadas para normaliza\u00e7\u00e3o de refer\u00eancias bibliogr\u00e1ficas nas \u00e1reas de Medicina, Ci\u00eancias da Sa\u00fade e Ci\u00eancias Exatas. Normas da APAAs Normas da APA seguem as conven\u00e7\u00f5es estabelecidas pela American Psychological Association, no livro Publication Manual of the American of [&hellip;]<\/p>\n","protected":false},"author":4,"featured_media":0,"parent":0,"menu_order":0,"comment_status":"closed","ping_status":"closed","template":"","meta":{"footnotes":""},"class_list":["post-140","page","type-page","status-publish","hentry"],"acf":[],"_links":{"self":[{"href":"https:\/\/sites.uel.br\/bibliotecas\/wp-json\/wp\/v2\/pages\/140","targetHints":{"allow":["GET"]}}],"collection":[{"href":"https:\/\/sites.uel.br\/bibliotecas\/wp-json\/wp\/v2\/pages"}],"about":[{"href":"https:\/\/sites.uel.br\/bibliotecas\/wp-json\/wp\/v2\/types\/page"}],"author":[{"embeddable":true,"href":"https:\/\/sites.uel.br\/bibliotecas\/wp-json\/wp\/v2\/users\/4"}],"replies":[{"embeddable":true,"href":"https:\/\/sites.uel.br\/bibliotecas\/wp-json\/wp\/v2\/comments?post=140"}],"version-history":[{"count":3,"href":"https:\/\/sites.uel.br\/bibliotecas\/wp-json\/wp\/v2\/pages\/140\/revisions"}],"predecessor-version":[{"id":304,"href":"https:\/\/sites.uel.br\/bibliotecas\/wp-json\/wp\/v2\/pages\/140\/revisions\/304"}],"wp:attachment":[{"href":"https:\/\/sites.uel.br\/bibliotecas\/wp-json\/wp\/v2\/media?parent=140"}],"curies":[{"name":"wp","href":"https:\/\/api.w.org\/{rel}","templated":true}]}}