{"id":1031,"date":"2024-05-03T09:56:20","date_gmt":"2024-05-03T12:56:20","guid":{"rendered":"https:\/\/sites.uel.br\/bibliotecas\/?page_id=1031"},"modified":"2026-04-10T16:48:57","modified_gmt":"2026-04-10T19:48:57","slug":"repositorio-institucional-da-uel","status":"publish","type":"page","link":"https:\/\/sites.uel.br\/bibliotecas\/repositorio-institucional-da-uel\/","title":{"rendered":"Reposit\u00f3rio Institucional da UEL"},"content":{"rendered":"<div class=\"wp-block-image is-style-default\">\n<figure class=\"aligncenter size-full is-resized\"><img loading=\"lazy\" decoding=\"async\" width=\"732\" height=\"243\" src=\"https:\/\/sites.uel.br\/bibliotecas\/wp-content\/uploads\/2024\/05\/logo_repositorio-removebg-preview.png\" alt=\"\" class=\"wp-image-1032\" style=\"width:530px;height:auto\" srcset=\"https:\/\/sites.uel.br\/bibliotecas\/wp-content\/uploads\/2024\/05\/logo_repositorio-removebg-preview.png 732w, https:\/\/sites.uel.br\/bibliotecas\/wp-content\/uploads\/2024\/05\/logo_repositorio-removebg-preview-300x100.png 300w\" sizes=\"auto, (max-width: 732px) 100vw, 732px\" \/><\/figure>\n<\/div>\n\n\n<div class=\"wp-block-buttons is-layout-flex wp-block-buttons-is-layout-flex\"><\/div>\n\n\n\n<p><\/p>\n\n\n\n<p><\/p>\n\n\n\n<div class=\"wp-block-buttons is-layout-flex wp-block-buttons-is-layout-flex\">\n<div class=\"wp-block-button has-custom-width wp-block-button__width-50\"><a class=\"wp-block-button__link has-cinza-claro-color has-text-color has-background has-link-color wp-element-button\" href=\"https:\/\/repositorio.uel.br\" style=\"background-color:#179986\">Acesse<\/a><\/div>\n\n\n\n<div class=\"wp-block-button has-custom-width wp-block-button__width-50\"><a class=\"wp-block-button__link has-cinza-claro-color has-text-color has-background has-link-color wp-element-button\" href=\"https:\/\/forms.gle\/vUifMs4Uzmuy1Ymy9\" style=\"background-color:#179986\">Termo de autoriza\u00e7\u00e3o<\/a><\/div>\n<\/div>\n\n\n\n<div class=\"wp-block-buttons is-content-justification-center is-layout-flex wp-container-core-buttons-is-layout-16018d1d wp-block-buttons-is-layout-flex\"><\/div>\n\n\n\n<p><\/p>\n\n\n\n<div class=\"wp-block-buttons is-layout-flex wp-block-buttons-is-layout-flex\">\n<div class=\"wp-block-button\"><a class=\"wp-block-button__link has-cinza-claro-color has-text-color has-background has-link-color wp-element-button\" href=\"https:\/\/sites.uel.br\/bibliotecas\/wp-content\/uploads\/2024\/09\/Resolucao-Repositorio-A_11_21.pdf\" style=\"background-color:#179986\">Regimento do RIUEL<\/a><\/div>\n\n\n\n<div class=\"wp-block-button\"><a class=\"wp-block-button__link has-cinza-claro-color has-text-color has-background has-link-color wp-element-button\" href=\"https:\/\/sites.uel.br\/bibliotecas\/wp-content\/uploads\/2025\/09\/Tutorial_RIUEL_autoarquivamento_2025_09_24.pdf\" style=\"background-color:#179986\">Tutorial para autoarquivamento<\/a><\/div>\n\n\n\n<div class=\"wp-block-button\"><a class=\"wp-block-button__link has-cinza-claro-color has-text-color has-background has-link-color wp-element-button\" href=\"https:\/\/sites.uel.br\/bibliotecas\/apostilas-para-normalizacao\/\" style=\"background-color:#179986\">Normas para trabalho<\/a><\/div>\n\n\n\n<div class=\"wp-block-button\"><a class=\"wp-block-button__link has-cinza-claro-color has-text-color has-background has-link-color wp-element-button\" href=\"https:\/\/sites.uel.br\/bibliotecas\/geracao-automatica-de-ficha-catalografica\/\" style=\"background-color:#179986\">Gera\u00e7\u00e3o autom\u00e1tica de ficha catalogr\u00e1fica<\/a><\/div>\n<\/div>\n\n\n\n<p><\/p>\n\n\n\n<div class=\"wp-block-buttons is-content-justification-center is-layout-flex wp-container-core-buttons-is-layout-16018d1d wp-block-buttons-is-layout-flex\">\n<div class=\"wp-block-button\"><a class=\"wp-block-button__link has-cinza-claro-color has-verde-background-color has-text-color has-background has-link-color wp-element-button\">O que \u00e9 RIUEL<\/a><\/div>\n<\/div>\n\n\n\n<p>O <strong>Reposit\u00f3rio Institucional da Universidade Estadual de Londrina \u2013 RIUEL<\/strong> foi desenvolvido para levar \u00e0 toda a sociedade o acesso \u00e0 produ\u00e7\u00e3o cient\u00edfica, tecnol\u00f3gica, art\u00edstica e cultural gerada pela Comunidade Acad\u00eamica da UEL, que tenha seus resultados divulgados em forma de disserta\u00e7\u00f5es, teses, monografias, trabalhos de conclus\u00e3o de curso, livros e artigos, entre outros, e que sejam de acesso livre e aberto.<\/p>\n\n\n\n<p>O RIUEL foi implementado em 2024 com a <strong>miss\u00e3o<\/strong> de reunir em um \u00fanico ambiente digital, confi\u00e1vel e permanente, a produ\u00e7\u00e3o acad\u00eamica e cient\u00edfica da UEL por meio da utiliza\u00e7\u00e3o do <em>software<\/em> aberto DSpace. Em sua implanta\u00e7\u00e3o, absorveu o acervo de teses e disserta\u00e7\u00f5es da Biblioteca Digital da UEL, em atividade desde 2005.<\/p>\n\n\n\n<p>A implanta\u00e7\u00e3o do RIUEL \u00e9 parte de um processo de democratiza\u00e7\u00e3o da produ\u00e7\u00e3o acad\u00eamica, inserido no movimento mundial de acesso aberto, que proporciona maior visibilidade \u00e0 produ\u00e7\u00e3o intelectual da Universidade, disponibilizando para a sociedade o resultado de suas atividades de pesquisa, cria\u00e7\u00e3o e inova\u00e7\u00e3o.<\/p>\n\n\n\n<div class=\"wp-block-buttons is-content-justification-center is-layout-flex wp-container-core-buttons-is-layout-16018d1d wp-block-buttons-is-layout-flex\">\n<div class=\"wp-block-button\"><a class=\"wp-block-button__link has-cinza-claro-color has-verde-background-color has-text-color has-background has-link-color has-text-align-center wp-element-button\">Fun\u00e7\u00f5es<\/a><\/div>\n<\/div>\n\n\n\n<p>Suas fun\u00e7\u00f5es principais s\u00e3o o armazenamento e preserva\u00e7\u00e3o da mem\u00f3ria intelectual da institui\u00e7\u00e3o, bem como a disponibiliza\u00e7\u00e3o de conte\u00fado e a f\u00e1cil recupera\u00e7\u00e3o dos documentos em formato digital, por meio dos mecanismos de busca e refinamento que o sistema oferece.<\/p>\n\n\n\n<p>Possui tamb\u00e9m mecanismos que facilitam o auto dep\u00f3sito para os membros da Comunidade UEL, ou seja, que o autor da produ\u00e7\u00e3o inclua no reposit\u00f3rio as informa\u00e7\u00f5es e os respectivos arquivos, que ser\u00e3o disponibilizados, por meio de livre acesso.<\/p>\n\n\n\n<div class=\"wp-block-buttons is-content-justification-center is-layout-flex wp-container-core-buttons-is-layout-16018d1d wp-block-buttons-is-layout-flex\">\n<div class=\"wp-block-button\"><a class=\"wp-block-button__link has-cinza-claro-color has-verde-background-color has-text-color has-background has-link-color wp-element-button\">Objetivo<\/a><\/div>\n<\/div>\n\n\n\n<p>Armazenar, preservar, organizar e disseminar amplamente a produ\u00e7\u00e3o acad\u00eamica desenvolvida em n\u00edvel de gradua\u00e7\u00e3o e p\u00f3s-gradua\u00e7\u00e3o <em>Lato sensu<\/em> e <em>Stricto sensu<\/em> da UEL, incluindo as resid\u00eancias.<\/p>\n\n\n\n<p>Aumentar a visibilidade, acessibilidade de conte\u00fados digitais dos resultados das atividades acad\u00eamicas e de pesquisa da Universidade por meio da coleta, organiza\u00e7\u00e3o, registro e preserva\u00e7\u00e3o de sua mem\u00f3ria institucional.<\/p>\n\n\n\n<div class=\"wp-block-buttons is-content-justification-center is-layout-flex wp-container-core-buttons-is-layout-16018d1d wp-block-buttons-is-layout-flex\">\n<div class=\"wp-block-button\"><a class=\"wp-block-button__link has-cinza-claro-color has-verde-background-color has-text-color has-background has-link-color wp-element-button\">Organiza\u00e7\u00e3o do RIUEL<\/a><\/div>\n<\/div>\n\n\n\n<p>O gerenciamento e a curadoria do Reposit\u00f3rio s\u00e3o realizados pela equipe da Biblioteca Central da UEL.<\/p>\n\n\n\n<p>O RIUEL est\u00e1 organizado em <em>Comunidades<\/em> e <em>Cole\u00e7\u00f5es<\/em>. As <em>Comunidades<\/em> s\u00e3o formadas pelos Centros de Estudos e Unidades Administrativas da UEL, e as <em>Cole\u00e7\u00f5es<\/em> s\u00e3o formadas pelos cursos de Gradua\u00e7\u00e3o e P\u00f3s-Gradua\u00e7\u00e3o. Essa estrutura foi adotada pensando em tornar a explora\u00e7\u00e3o mais intuitiva, mas tamb\u00e9m \u00e9 poss\u00edvel explorar as cole\u00e7\u00f5es por facetas, como autoria, palavras-chave, tipo de documento, Curso e Programa de P\u00f3s-Gradua\u00e7\u00e3o.<\/p>\n\n\n\n<div class=\"wp-block-buttons is-content-justification-center is-layout-flex wp-container-core-buttons-is-layout-16018d1d wp-block-buttons-is-layout-flex\">\n<div class=\"wp-block-button\"><a class=\"wp-block-button__link has-cinza-claro-color has-verde-background-color has-text-color has-background has-link-color wp-element-button\">Identidade visual<\/a><\/div>\n<\/div>\n\n\n\n<p>A identidade visual do Reposit\u00f3rio Institucional da UEL &#8211; RIUEL \u00e9 resultado da redefini\u00e7\u00e3o da identidade anterior da Biblioteca Digital de Tese e Disserta\u00e7\u00f5es. A logo conta com a ideia de representa\u00e7\u00e3o de um livro contendo tr\u00eas faixas que representam os tr\u00eas pilares da Universidade (presentes na logo da marca-m\u00e3e, UEL), e o s\u00edmbolo do cursor de mouse, que remete ao ambiente digital. Tamb\u00e9m foi utilizada a cor turquesa e suas variantes na identidade visual.<br>Por Giovana Rezende e Maria Gabriela Paskakulis<\/p>\n\n\n\n<div class=\"wp-block-buttons is-layout-flex wp-block-buttons-is-layout-flex\"><\/div>\n\n\n\n<h5 class=\"wp-block-heading\"><\/h5>\n\n\n\n<p class=\"has-text-align-center\"><strong>CONTATO<\/strong><\/p>\n\n\n\n<p class=\"has-text-align-center\">Contatos: e-mail:\u00a0<a href=\"mailto:riuel@uel.br\">riuel@uel.br<\/a>\u00a0| fone: 43 3371-4409<\/p>\n\n\n\n<p><\/p>\n","protected":false},"excerpt":{"rendered":"<p>O Reposit\u00f3rio Institucional da Universidade Estadual de Londrina \u2013 RIUEL foi desenvolvido para levar \u00e0 toda a sociedade o acesso \u00e0 produ\u00e7\u00e3o cient\u00edfica, tecnol\u00f3gica, art\u00edstica e cultural gerada pela Comunidade Acad\u00eamica da UEL, que tenha seus resultados divulgados em forma de disserta\u00e7\u00f5es, teses, monografias, trabalhos de conclus\u00e3o de curso, livros e artigos, entre outros, e [&hellip;]<\/p>\n","protected":false},"author":6,"featured_media":0,"parent":0,"menu_order":0,"comment_status":"closed","ping_status":"closed","template":"","meta":{"footnotes":""},"class_list":["post-1031","page","type-page","status-publish","hentry"],"acf":[],"_links":{"self":[{"href":"https:\/\/sites.uel.br\/bibliotecas\/wp-json\/wp\/v2\/pages\/1031","targetHints":{"allow":["GET"]}}],"collection":[{"href":"https:\/\/sites.uel.br\/bibliotecas\/wp-json\/wp\/v2\/pages"}],"about":[{"href":"https:\/\/sites.uel.br\/bibliotecas\/wp-json\/wp\/v2\/types\/page"}],"author":[{"embeddable":true,"href":"https:\/\/sites.uel.br\/bibliotecas\/wp-json\/wp\/v2\/users\/6"}],"replies":[{"embeddable":true,"href":"https:\/\/sites.uel.br\/bibliotecas\/wp-json\/wp\/v2\/comments?post=1031"}],"version-history":[{"count":22,"href":"https:\/\/sites.uel.br\/bibliotecas\/wp-json\/wp\/v2\/pages\/1031\/revisions"}],"predecessor-version":[{"id":1216,"href":"https:\/\/sites.uel.br\/bibliotecas\/wp-json\/wp\/v2\/pages\/1031\/revisions\/1216"}],"wp:attachment":[{"href":"https:\/\/sites.uel.br\/bibliotecas\/wp-json\/wp\/v2\/media?parent=1031"}],"curies":[{"name":"wp","href":"https:\/\/api.w.org\/{rel}","templated":true}]}}