{"id":1012,"date":"2024-04-24T17:32:04","date_gmt":"2024-04-24T20:32:04","guid":{"rendered":"https:\/\/sites.uel.br\/bibliotecas\/?page_id=1012"},"modified":"2025-06-16T16:39:49","modified_gmt":"2025-06-16T19:39:49","slug":"biblioteca-virtual-pearson","status":"publish","type":"page","link":"https:\/\/sites.uel.br\/bibliotecas\/biblioteca-virtual-pearson\/","title":{"rendered":"Biblioteca Virtual Pearson"},"content":{"rendered":"<div class=\"wp-block-image\">\n<figure class=\"aligncenter size-full is-resized\"><img loading=\"lazy\" decoding=\"async\" width=\"590\" height=\"186\" src=\"https:\/\/sites.uel.br\/bibliotecas\/wp-content\/uploads\/2024\/04\/bv-digital.png\" alt=\"\" class=\"wp-image-1019\" style=\"width:266px;height:auto\" srcset=\"https:\/\/sites.uel.br\/bibliotecas\/wp-content\/uploads\/2024\/04\/bv-digital.png 590w, https:\/\/sites.uel.br\/bibliotecas\/wp-content\/uploads\/2024\/04\/bv-digital-300x95.png 300w\" sizes=\"auto, (max-width: 590px) 100vw, 590px\" \/><\/figure>\n<\/div>\n\n\n<p><\/p>\n\n\n\n<p>A Biblioteca Virtual Pearson possui um acervo com mais de 15 mil t\u00edtulos de e-books em portugu\u00eas que abrangem todas as \u00e1reas do conhecimento. <\/p>\n\n\n\n<p>Para acessar, clique no link abaixo e registre-se utilizando seu e-mail institucional. Se ficar com d\u00favida de como se registrar acesse o tutorial.<\/p>\n\n\n\n<div class=\"wp-block-buttons is-layout-flex wp-block-buttons-is-layout-flex\">\n<div class=\"wp-block-button has-custom-width wp-block-button__width-50\"><a class=\"wp-block-button__link has-cinza-claro-color has-verde-background-color has-text-color has-background has-link-color wp-element-button\" href=\"https:\/\/plataforma.bvirtual.com.br\/acesso\/uel\">Clique aqui para acessar<\/a><\/div>\n\n\n\n<div class=\"wp-block-button has-custom-width wp-block-button__width-50\"><a class=\"wp-block-button__link has-cinza-claro-color has-verde-background-color has-text-color has-background has-link-color has-text-align-center wp-element-button\" href=\"https:\/\/youtu.be\/iwklR-zOrCs\">Como se registrar &#8211; tutorial<\/a><\/div>\n<\/div>\n\n\n\n<p><\/p>\n\n\n\n<div class=\"wp-block-buttons is-layout-flex wp-block-buttons-is-layout-flex\">\n<div class=\"wp-block-button has-custom-width wp-block-button__width-50\"><a class=\"wp-block-button__link has-cinza-claro-color has-verde-background-color has-text-color has-background has-link-color wp-element-button\" href=\"https:\/\/www.youtube.com\/playlist?list=PL9D77SRA6m1typs_2HaQJRDh6n0gIY_ZW\">Acesse Tutoriais <\/a><\/div>\n<\/div>\n\n\n\n<p><\/p>\n","protected":false},"excerpt":{"rendered":"<p>A Biblioteca Virtual Pearson possui um acervo com mais de 15 mil t\u00edtulos de e-books em portugu\u00eas que abrangem todas as \u00e1reas do conhecimento. Para acessar, clique no link abaixo e registre-se utilizando seu e-mail institucional. Se ficar com d\u00favida de como se registrar acesse o tutorial.<\/p>\n","protected":false},"author":6,"featured_media":0,"parent":0,"menu_order":0,"comment_status":"closed","ping_status":"closed","template":"","meta":{"footnotes":""},"class_list":["post-1012","page","type-page","status-publish","hentry"],"acf":[],"_links":{"self":[{"href":"https:\/\/sites.uel.br\/bibliotecas\/wp-json\/wp\/v2\/pages\/1012","targetHints":{"allow":["GET"]}}],"collection":[{"href":"https:\/\/sites.uel.br\/bibliotecas\/wp-json\/wp\/v2\/pages"}],"about":[{"href":"https:\/\/sites.uel.br\/bibliotecas\/wp-json\/wp\/v2\/types\/page"}],"author":[{"embeddable":true,"href":"https:\/\/sites.uel.br\/bibliotecas\/wp-json\/wp\/v2\/users\/6"}],"replies":[{"embeddable":true,"href":"https:\/\/sites.uel.br\/bibliotecas\/wp-json\/wp\/v2\/comments?post=1012"}],"version-history":[{"count":10,"href":"https:\/\/sites.uel.br\/bibliotecas\/wp-json\/wp\/v2\/pages\/1012\/revisions"}],"predecessor-version":[{"id":1171,"href":"https:\/\/sites.uel.br\/bibliotecas\/wp-json\/wp\/v2\/pages\/1012\/revisions\/1171"}],"wp:attachment":[{"href":"https:\/\/sites.uel.br\/bibliotecas\/wp-json\/wp\/v2\/media?parent=1012"}],"curies":[{"name":"wp","href":"https:\/\/api.w.org\/{rel}","templated":true}]}}